{"id":618,"date":"2022-03-07T14:37:24","date_gmt":"2022-03-07T12:37:24","guid":{"rendered":"https:\/\/www.rauhalahtiroadrunners.com\/kallavesj\/?page_id=618"},"modified":"2026-02-05T18:50:55","modified_gmt":"2026-02-05T16:50:55","slug":"ilmoittaudu","status":"publish","type":"page","link":"https:\/\/www.rauhalahtiroadrunners.com\/kallavesj\/?page_id=618","title":{"rendered":"Ilmoittaudu"},"content":{"rendered":"\n<p>T\u00e4ll\u00e4 lomakkeella ilmoittaudut\u00a0<strong>Kallavesj-Kymppi<\/strong>\u00a0-juoksuun. Maksa ensin osanottomaksu <strong>20 \u20ac (JK 18 \u20ac) 7.5.2026 menness\u00e4, 8.-14.5.2026 v\u00e4lill\u00e4 30 \u20ac <\/strong>\u00a0tilille: IBAN:\u00a0<strong>FI20 5482 5420 0055 76<\/strong>, saaja Rauhalahti Road Runners. T\u00e4yt\u00e4 kaikki kent\u00e4t (minimi *-merkityt) ja paina sivun lopussa olevaa \u201d<strong>L\u00e4het\u00e4<\/strong>\u201d -nappulaa. Jos l\u00e4hetys onnistui, saat s\u00e4hk\u00f6postiisi hetken kuluttua vahvistuksen. Jos kohtaat ongelmia lomakkeen l\u00e4hett\u00e4misess\u00e4, niin voit l\u00e4hett\u00e4\u00e4 lomakkeessa pyydetyt tiedot my\u00f6s s\u00e4hk\u00f6postilla osoitteeseen <strong>kallavesj@rauhalahtiroadrunners.com<\/strong><\/p>\n\n\n\n<p><\/p>\n\n\n\n<div class=\"wp-block-contact-form-7-contact-form-selector\">\n<div class=\"wpcf7 no-js\" id=\"wpcf7-f552-o1\" lang=\"fi\" dir=\"ltr\" data-wpcf7-id=\"552\">\n<div class=\"screen-reader-response\"><p role=\"status\" aria-live=\"polite\" aria-atomic=\"true\"><\/p> <ul><\/ul><\/div>\n<form action=\"\/kallavesj\/index.php?rest_route=%2Fwp%2Fv2%2Fpages%2F618#wpcf7-f552-o1\" method=\"post\" class=\"wpcf7-form init\" aria-label=\"Yhteydenottolomake\" novalidate=\"novalidate\" data-status=\"init\">\n<fieldset class=\"hidden-fields-container\"><input type=\"hidden\" name=\"_wpcf7\" value=\"552\" \/><input type=\"hidden\" name=\"_wpcf7_version\" value=\"6.1.5\" \/><input type=\"hidden\" name=\"_wpcf7_locale\" value=\"fi\" \/><input type=\"hidden\" name=\"_wpcf7_unit_tag\" value=\"wpcf7-f552-o1\" \/><input type=\"hidden\" name=\"_wpcf7_container_post\" value=\"0\" \/><input type=\"hidden\" name=\"_wpcf7_posted_data_hash\" value=\"\" \/><input type=\"hidden\" name=\"_wpcf7_recaptcha_response\" value=\"\" \/>\n<\/fieldset>\n<p>HENKIL\u00d6TIEDOT:<br \/>\n(*) tarkoittaa pakollista tietoa<br \/>\n<label> Nimi (*)<br \/>\n<span class=\"wpcf7-form-control-wrap\" data-name=\"your-name\"><input size=\"40\" maxlength=\"400\" class=\"wpcf7-form-control wpcf7-text wpcf7-validates-as-required\" aria-required=\"true\" aria-invalid=\"false\" value=\"\" type=\"text\" name=\"your-name\" \/><\/span> <\/label>\n<\/p>\n<p><label> S\u00e4hk\u00f6postiosoite (*)<br \/>\n<span class=\"wpcf7-form-control-wrap\" data-name=\"your-email\"><input size=\"40\" maxlength=\"400\" class=\"wpcf7-form-control wpcf7-email wpcf7-validates-as-required wpcf7-text wpcf7-validates-as-email\" aria-required=\"true\" aria-invalid=\"false\" value=\"\" type=\"email\" name=\"your-email\" \/><\/span> <\/label>\n<\/p>\n<p><label> Puhelin (*)<br \/>\n<span class=\"wpcf7-form-control-wrap\" data-name=\"your-phone\"><input size=\"40\" maxlength=\"400\" class=\"wpcf7-form-control wpcf7-text wpcf7-validates-as-required\" aria-required=\"true\" aria-invalid=\"false\" value=\"\" type=\"text\" name=\"your-phone\" \/><\/span> <\/label>\n<\/p>\n<p><label> Katuosoite<br \/>\n<span class=\"wpcf7-form-control-wrap\" data-name=\"your-address\"><input size=\"40\" maxlength=\"400\" class=\"wpcf7-form-control wpcf7-text\" aria-invalid=\"false\" value=\"\" type=\"text\" name=\"your-address\" \/><\/span> <\/label>\n<\/p>\n<p><label> Postinumero<br \/>\n<span class=\"wpcf7-form-control-wrap\" data-name=\"your-postcode\"><input size=\"40\" maxlength=\"400\" class=\"wpcf7-form-control wpcf7-text\" aria-invalid=\"false\" value=\"\" type=\"text\" name=\"your-postcode\" \/><\/span> <\/label>\n<\/p>\n<p><label> Postitoimipaikka<br \/>\n<span class=\"wpcf7-form-control-wrap\" data-name=\"your-post\"><input size=\"40\" maxlength=\"400\" class=\"wpcf7-form-control wpcf7-text\" aria-invalid=\"false\" value=\"\" type=\"text\" name=\"your-post\" \/><\/span> <\/label>\n<\/p>\n<p><label> Seura\/paikkakunta<br \/>\n<span class=\"wpcf7-form-control-wrap\" data-name=\"your-club\"><input size=\"40\" maxlength=\"400\" class=\"wpcf7-form-control wpcf7-text\" aria-invalid=\"false\" value=\"\" type=\"text\" name=\"your-club\" \/><\/span> <\/label>\n<\/p>\n<p><label> Juoksijakortti<br \/>\n<span class=\"wpcf7-form-control-wrap\" data-name=\"your-card\"><input size=\"40\" maxlength=\"400\" class=\"wpcf7-form-control wpcf7-text\" aria-invalid=\"false\" value=\"\" type=\"text\" name=\"your-card\" \/><\/span> <\/label>\n<\/p>\n<p><label> Ik\u00e4si (*) (ik\u00e4hyvitetty\u00e4 tulosta varten)<br \/>\n<span class=\"wpcf7-form-control-wrap\" data-name=\"your-year\"><input size=\"40\" maxlength=\"400\" class=\"wpcf7-form-control wpcf7-text wpcf7-validates-as-required\" aria-required=\"true\" aria-invalid=\"false\" value=\"\" type=\"text\" name=\"your-year\" \/><\/span> <\/label>\n<\/p>\n<p>OSANOTTOTIEDOT:\n<\/p>\n<p><label> Sarja (*)<br \/>\n<span class=\"wpcf7-form-control-wrap\" data-name=\"Sarja\"><select class=\"wpcf7-form-control wpcf7-select wpcf7-validates-as-required\" aria-required=\"true\" aria-invalid=\"false\" name=\"Sarja\"><option value=\"M\">M<\/option><option value=\"N\">N<\/option><option value=\"M50\">M50<\/option><option value=\"N50\">N50<\/option><option value=\"Naatiskelijat\">Naatiskelijat<\/option><\/select><\/span> <\/label>\n<\/p>\n<p><label> Osanottomaksu (\u20ac)<br \/>\n<span class=\"wpcf7-form-control-wrap\" data-name=\"your-payment\"><input size=\"40\" maxlength=\"400\" class=\"wpcf7-form-control wpcf7-text\" aria-invalid=\"false\" value=\"\" type=\"text\" name=\"your-payment\" \/><\/span> <\/label>\n<\/p>\n<p><label> Maksup\u00e4iv\u00e4<br \/>\n<span class=\"wpcf7-form-control-wrap\" data-name=\"Maksupaiva\"><input size=\"40\" maxlength=\"400\" class=\"wpcf7-form-control wpcf7-text\" aria-invalid=\"false\" value=\"\" type=\"text\" name=\"Maksupaiva\" \/><\/span> <\/label>\n<\/p>\n<p><label> Lis\u00e4tietoa<br \/>\n<span class=\"wpcf7-form-control-wrap\" data-name=\"lisatietoa\"><textarea cols=\"40\" rows=\"10\" maxlength=\"2000\" class=\"wpcf7-form-control wpcf7-textarea\" aria-invalid=\"false\" name=\"lisatietoa\"><\/textarea><\/span> <\/label>\n<\/p>\n<p><input class=\"wpcf7-form-control wpcf7-submit has-spinner\" type=\"submit\" value=\"L\u00e4het\u00e4\" \/>\n<\/p><div class=\"wpcf7-response-output\" aria-hidden=\"true\"><\/div>\n<\/form>\n<\/div>\n<\/div>\n\n\n\n<pre class=\"wp-block-code\"><code><a href=\"https:\/\/www.rauhalahtiroadrunners.com\/kallavesj\/?page_id=564\" data-type=\"page\" data-id=\"564\">Tietosuojaseloste<\/a><\/code><\/pre>\n\n\n","protected":false},"excerpt":{"rendered":"<p>T\u00e4ll\u00e4 lomakkeella ilmoittaudut\u00a0Kallavesj-Kymppi\u00a0-juoksuun. Maksa ensin osanottomaksu 20 \u20ac (JK 18 \u20ac) 7.5.2026 menness\u00e4, 8.-14.5.2026 v\u00e4lill\u00e4 30 \u20ac \u00a0tilille: IBAN:\u00a0FI20 5482 5420 0055 76, saaja Rauhalahti Road Runners. T\u00e4yt\u00e4 kaikki kent\u00e4t (minimi *-merkityt) ja paina sivun lopussa olevaa \u201dL\u00e4het\u00e4\u201d -nappulaa. Jos l\u00e4hetys onnistui, saat s\u00e4hk\u00f6postiisi hetken kuluttua vahvistuksen. Jos kohtaat ongelmia lomakkeen l\u00e4hett\u00e4misess\u00e4, niin voit l\u00e4hett\u00e4\u00e4 [&hellip;]<\/p>\n","protected":false},"author":2,"featured_media":0,"parent":0,"menu_order":0,"comment_status":"closed","ping_status":"closed","template":"","meta":{"footnotes":""},"class_list":["post-618","page","type-page","status-publish","hentry"],"_links":{"self":[{"href":"https:\/\/www.rauhalahtiroadrunners.com\/kallavesj\/index.php?rest_route=\/wp\/v2\/pages\/618","targetHints":{"allow":["GET"]}}],"collection":[{"href":"https:\/\/www.rauhalahtiroadrunners.com\/kallavesj\/index.php?rest_route=\/wp\/v2\/pages"}],"about":[{"href":"https:\/\/www.rauhalahtiroadrunners.com\/kallavesj\/index.php?rest_route=\/wp\/v2\/types\/page"}],"author":[{"embeddable":true,"href":"https:\/\/www.rauhalahtiroadrunners.com\/kallavesj\/index.php?rest_route=\/wp\/v2\/users\/2"}],"replies":[{"embeddable":true,"href":"https:\/\/www.rauhalahtiroadrunners.com\/kallavesj\/index.php?rest_route=%2Fwp%2Fv2%2Fcomments&post=618"}],"version-history":[{"count":9,"href":"https:\/\/www.rauhalahtiroadrunners.com\/kallavesj\/index.php?rest_route=\/wp\/v2\/pages\/618\/revisions"}],"predecessor-version":[{"id":826,"href":"https:\/\/www.rauhalahtiroadrunners.com\/kallavesj\/index.php?rest_route=\/wp\/v2\/pages\/618\/revisions\/826"}],"wp:attachment":[{"href":"https:\/\/www.rauhalahtiroadrunners.com\/kallavesj\/index.php?rest_route=%2Fwp%2Fv2%2Fmedia&parent=618"}],"curies":[{"name":"wp","href":"https:\/\/api.w.org\/{rel}","templated":true}]}}