{"id":4,"date":"2012-10-06T12:06:48","date_gmt":"2012-10-06T09:06:48","guid":{"rendered":"http:\/\/www.rauhalahtiroadrunners.com\/kallavesjholkka\/wordpress\/?page_id=4"},"modified":"2026-02-04T19:50:59","modified_gmt":"2026-02-04T17:50:59","slug":"perustiedot","status":"publish","type":"page","link":"https:\/\/www.rauhalahtiroadrunners.com\/kallavesj\/","title":{"rendered":"Perustiedot"},"content":{"rendered":"<p><strong>Ajankohta: <\/strong>helatorstai 14.5.2026<br \/>\n<strong>Kilpailukeskus<\/strong>: Kylpyl\u00e4hotelli Rauhalahti, Katiskaniementie 8, 70700 KUOPIO<br \/>\n<strong>Matka<\/strong>: 10 km, juostaan kahtena 5 km lenkkin\u00e4<br \/>\n<strong>Reitti<\/strong>: koko matka asfalttia, katso <a href=\"http:\/\/www.rauhalahtiroadrunners.com\/kallavesj\/?page_id=308\">reittikartta<\/a><br \/>\n<strong>Huolto<\/strong>: juomatarjoilu puoliv\u00e4liss\u00e4 ja maalissa<br \/>\n<strong>Sarjat<\/strong>: M\/N,\u00a0 M50\/N50, naatiskelijat. Naatiskelijat-sarjassa ei ajanottoa<br \/>\n<strong>Ajanotto<\/strong>: K\u00e4siajanotto<br \/>\n<strong>Startti<\/strong>: klo <strong>13:00<\/strong><br \/>\n<strong>Palkintojen jako<\/strong>: klo 14:15<\/p>\n<p><strong>Hinnat:<\/strong><br \/>\nEnnakkoon 7.5.2026 menness\u00e4 ilmoittauduttaessa <strong>20\u00a0\u20ac<\/strong> (Juoksija-kortilla <strong>18<\/strong> \u20ac) . V\u00e4lill\u00e4 8.-14.5.2026 hinta on <strong>30\u00a0\u20ac<\/strong> (ei alennuksia). Paikanp\u00e4\u00e4ll\u00e4 ilmoittautuessa k\u00e4y vain <strong>k\u00e4teinen<\/strong>.<\/p>\n<p><strong>Palkinnot<\/strong>:\u00a0 Kolme parasta palkitaan\u00a0sarjoittain, arvontapalkintoja.<br \/>\nParhaan ik\u00e4- ja sukupuolihyvitetyn ajan juossut palkitaan &#8221;<strong>Kallaveen Kymppi<\/strong>&#8221; -kiertopalkinnolla.<\/p>\n<p><strong>Vakuutukset<\/strong>: RRR on vakuuttanut vain talkooporukan, jokainen juoksija juoksee omalla vastuullaan.<\/p>\n<p><strong>Lis\u00e4tietoja<\/strong>: Marjatta R\u00e4s\u00e4nen, puh. 040 355 6260<\/p>\n<p><strong>Huom<\/strong>. Tapahtumaj\u00e4rjest\u00e4j\u00e4ll\u00e4 on oikeus valokuvata osallistujia ja kuvamateriaalia voidaan k\u00e4ytt\u00e4\u00e4 Rauhalahti Road Runnersin markkinoinnissa.<\/p>\n<p><strong>HUOM!\u00a0<\/strong>Jos katselet n\u00e4it\u00e4 sivuja mobiiliselaimella, niin k\u00e4\u00e4nn\u00e4 puhelimesi <strong>vaaka-asentoon<\/strong>, n\u00e4in sivut n\u00e4kyv\u00e4t ja toimivat paremmin.<\/p>\n","protected":false},"excerpt":{"rendered":"<p>Ajankohta: helatorstai 14.5.2026 Kilpailukeskus: Kylpyl\u00e4hotelli Rauhalahti, Katiskaniementie 8, 70700 KUOPIO Matka: 10 km, juostaan kahtena 5 km lenkkin\u00e4 Reitti: koko matka asfalttia, katso reittikartta Huolto: juomatarjoilu puoliv\u00e4liss\u00e4 ja maalissa Sarjat: M\/N,\u00a0 M50\/N50, naatiskelijat. Naatiskelijat-sarjassa ei ajanottoa Ajanotto: K\u00e4siajanotto Startti: klo 13:00 Palkintojen jako: klo 14:15 Hinnat: Ennakkoon 7.5.2026 menness\u00e4 ilmoittauduttaessa 20\u00a0\u20ac (Juoksija-kortilla 18 \u20ac) . [&hellip;]<\/p>\n","protected":false},"author":4,"featured_media":0,"parent":0,"menu_order":0,"comment_status":"closed","ping_status":"closed","template":"","meta":{"footnotes":""},"class_list":["post-4","page","type-page","status-publish","hentry"],"_links":{"self":[{"href":"https:\/\/www.rauhalahtiroadrunners.com\/kallavesj\/index.php?rest_route=\/wp\/v2\/pages\/4","targetHints":{"allow":["GET"]}}],"collection":[{"href":"https:\/\/www.rauhalahtiroadrunners.com\/kallavesj\/index.php?rest_route=\/wp\/v2\/pages"}],"about":[{"href":"https:\/\/www.rauhalahtiroadrunners.com\/kallavesj\/index.php?rest_route=\/wp\/v2\/types\/page"}],"author":[{"embeddable":true,"href":"https:\/\/www.rauhalahtiroadrunners.com\/kallavesj\/index.php?rest_route=\/wp\/v2\/users\/4"}],"replies":[{"embeddable":true,"href":"https:\/\/www.rauhalahtiroadrunners.com\/kallavesj\/index.php?rest_route=%2Fwp%2Fv2%2Fcomments&post=4"}],"version-history":[{"count":90,"href":"https:\/\/www.rauhalahtiroadrunners.com\/kallavesj\/index.php?rest_route=\/wp\/v2\/pages\/4\/revisions"}],"predecessor-version":[{"id":818,"href":"https:\/\/www.rauhalahtiroadrunners.com\/kallavesj\/index.php?rest_route=\/wp\/v2\/pages\/4\/revisions\/818"}],"wp:attachment":[{"href":"https:\/\/www.rauhalahtiroadrunners.com\/kallavesj\/index.php?rest_route=%2Fwp%2Fv2%2Fmedia&parent=4"}],"curies":[{"name":"wp","href":"https:\/\/api.w.org\/{rel}","templated":true}]}}