{"id":198,"date":"2013-10-13T09:06:13","date_gmt":"2013-10-13T06:06:13","guid":{"rendered":"http:\/\/www.rauhalahtiroadrunners.com\/kallavesj\/?page_id=198"},"modified":"2013-10-13T09:06:13","modified_gmt":"2013-10-13T06:06:13","slug":"tulokset-2013","status":"publish","type":"page","link":"https:\/\/www.rauhalahtiroadrunners.com\/kallavesj\/?page_id=198","title":{"rendered":"Tulokset 2013"},"content":{"rendered":"<p>Tulokset PDF-tiedostona l\u00f6ytyv\u00e4t <a title=\"Vuoden 2013 tulokset\" href=\"http:\/\/www.rauhalahtiroadrunners.com\/kallavesj\/tulokset\/tulokset_2013.pdf\">t\u00e4st\u00e4<\/a>.<\/p>\n<pre><strong>Kallavesj-h\u00f6lkk\u00e4 2013 - 1,6 km\r\n\r\nSarja P10\u00a0\u00a0\u00a0\u00a0\u00a0\u00a0\u00a0\u00a0\u00a0\u00a0\u00a0\u00a0\u00a0\u00a0\u00a0\u00a0\u00a0\u00a0\u00a0\u00a0\u00a0\u00a0\u00a0\u00a0\u00a0\u00a0\u00a0\u00a0\u00a0\u00a0\u00a0\u00a0\u00a0\u00a0\u00a0\u00a0\u00a0\u00a0\u00a0\u00a0\u00a0\u00a0\u00a0\u00a0\u00a0\u00a0\u00a0\u00a0\u00a0\u00a0\u00a0\u00a0\u00a0\u00a0\u00a0\u00a0\u00a0\u00a0\u00a0\u00a0\u00a0\u00a0\u00a0\u00a0\u00a0\u00a0\u00a0\u00a0\u00a0 \u00a0\r\n\r\n<\/strong>1.\u00a0 Heikkinen Arttu\u00a0\u00a0\u00a0\u00a0\u00a0\u00a0\u00a0 Puijon hiihtoseura\u00a0\u00a0\u00a0\u00a0\u00a0\u00a0\u00a0\u00a0\u00a0\u00a0\u00a0\u00a0\u00a0\u00a0\u00a0  6.52<strong>\r\n\r\nKallavesj-h\u00f6lkk\u00e4 2013 - 10 km\r\n\r\nSarja T16\u00a0\u00a0<\/strong>\u00a0\u00a0\u00a0\u00a0\u00a0\u00a0\u00a0\u00a0\u00a0\u00a0\u00a0\u00a0\u00a0\u00a0\u00a0\u00a0\u00a0\u00a0\u00a0\u00a0\u00a0\u00a0\u00a0\u00a0\u00a0\u00a0\u00a0\u00a0\u00a0\u00a0\u00a0\u00a0\u00a0\u00a0\u00a0\u00a0\u00a0\u00a0\u00a0\u00a0\u00a0\u00a0\u00a0\u00a0\u00a0\u00a0\u00a0\u00a0\u00a0\u00a0\u00a0\u00a0\u00a0\u00a0\u00a0\u00a0\u00a0\u00a0\u00a0\u00a0\u00a0\u00a0\u00a0\u00a0\u00a0\u00a0\u00a0 \u00a0\r\n\r\n1.\u00a0 G\u00e4rdstr\u00f6m Piia\u00a0\u00a0\u00a0\u00a0\u00a0\u00a0\u00a0\u00a0 Mikkelin hiiht\u00e4j\u00e4t\u00a0\u00a0\u00a0\u00a0\u00a0\u00a0\u00a0\u00a0\u00a0\u00a0\u00a0\u00a0\u00a0\u00a0\u00a0 55.47 \r\n\r\n<strong>Sarja Miehet Yleinen<\/strong>\u00a0\u00a0\u00a0\u00a0\u00a0\u00a0\u00a0\u00a0\u00a0\u00a0\u00a0\u00a0\u00a0\u00a0\u00a0\u00a0\u00a0\u00a0\u00a0\u00a0\u00a0\u00a0\u00a0\u00a0\u00a0\u00a0\u00a0\u00a0\u00a0\u00a0\u00a0\u00a0\u00a0\u00a0\u00a0\u00a0\u00a0\u00a0\u00a0\u00a0\u00a0\u00a0\u00a0\u00a0\u00a0\u00a0\u00a0\u00a0\u00a0\u00a0\u00a0\u00a0\u00a0\u00a0\u00a0\u00a0\u00a0\u00a0 \u00a0\r\n\r\n1.\u00a0 Sellami Gharbi\u00a0\u00a0\u00a0\u00a0\u00a0\u00a0\u00a0\u00a0 Kuopio\u00a0\u00a0\u00a0\u00a0\u00a0\u00a0\u00a0\u00a0\u00a0\u00a0\u00a0\u00a0\u00a0\u00a0\u00a0\u00a0\u00a0\u00a0\u00a0\u00a0\u00a0\u00a0\u00a0\u00a0\u00a0\u00a0\u00a0 34.27\u00a0\u00a0\u00a0\u00a0\u00a0\u00a0\u00a0\u00a0\u00a0\u00a0\u00a0\u00a0 \u00a0\r\n2.\u00a0 Tirkkonen Jami\u00a0\u00a0\u00a0\u00a0\u00a0\u00a0\u00a0\u00a0 TTAquaTerra\u00a0\u00a0\u00a0\u00a0\u00a0\u00a0\u00a0\u00a0\u00a0\u00a0\u00a0\u00a0\u00a0\u00a0\u00a0\u00a0\u00a0\u00a0\u00a0\u00a0\u00a0\u00a0 35.10\u00a0\u00a0\u00a0\u00a0\u00a0\u00a0\u00a0\u00a0\u00a0 +43 \r\n3.\u00a0 J\u00e4\u00e4skel\u00e4inen Antti\u00a0\u00a0\u00a0\u00a0 Pieks\u00e4m\u00e4en lukio\u00a0\u00a0\u00a0\u00a0\u00a0\u00a0\u00a0\u00a0\u00a0\u00a0\u00a0\u00a0\u00a0\u00a0\u00a0\u00a0\u00a0 35.17\u00a0\u00a0\u00a0\u00a0\u00a0\u00a0\u00a0\u00a0\u00a0 +50 \r\n4.\u00a0 Leinonen Mika\u00a0\u00a0\u00a0\u00a0\u00a0\u00a0\u00a0\u00a0\u00a0 Kuopion Hiiht\u00e4j\u00e4t\u00a0\u00a0\u00a0\u00a0\u00a0\u00a0\u00a0\u00a0\u00a0\u00a0\u00a0\u00a0\u00a0\u00a0\u00a0\u00a0 37.01\u00a0\u00a0\u00a0\u00a0\u00a0\u00a0\u00a0 +2.34 \r\n5.\u00a0 H\u00e4m\u00e4l\u00e4inen Sami\u00a0\u00a0\u00a0\u00a0\u00a0\u00a0\u00a0 Puijon Hiihtoseura\u00a0\u00a0\u00a0\u00a0\u00a0\u00a0\u00a0\u00a0\u00a0\u00a0\u00a0\u00a0\u00a0\u00a0\u00a0 37.36\u00a0\u00a0\u00a0\u00a0\u00a0\u00a0\u00a0 +3.09 \r\n6.\u00a0 Nissinen Samuli\u00a0\u00a0\u00a0\u00a0\u00a0\u00a0\u00a0 KPSH\u00a0\u00a0\u00a0\u00a0\u00a0\u00a0\u00a0\u00a0\u00a0\u00a0\u00a0\u00a0\u00a0\u00a0\u00a0\u00a0\u00a0\u00a0\u00a0\u00a0\u00a0\u00a0\u00a0\u00a0\u00a0\u00a0\u00a0\u00a0\u00a0 38.07\u00a0\u00a0\u00a0\u00a0\u00a0\u00a0\u00a0 +3.40 \r\n7.\u00a0 Laitinen Ismo\u00a0\u00a0\u00a0\u00a0\u00a0\u00a0\u00a0\u00a0\u00a0 Pieks\u00e4m\u00e4ki\u00a0\u00a0\u00a0\u00a0\u00a0\u00a0\u00a0\u00a0\u00a0\u00a0\u00a0\u00a0\u00a0\u00a0\u00a0\u00a0\u00a0\u00a0\u00a0\u00a0\u00a0\u00a0\u00a0 40.32\u00a0\u00a0\u00a0\u00a0\u00a0\u00a0\u00a0 +6.05 \r\n8.\u00a0 Huttunen Tomi\u00a0\u00a0\u00a0\u00a0\u00a0\u00a0\u00a0\u00a0\u00a0\u00a0\u00a0\u00a0\u00a0\u00a0\u00a0\u00a0\u00a0\u00a0\u00a0\u00a0\u00a0\u00a0\u00a0\u00a0\u00a0\u00a0\u00a0\u00a0\u00a0\u00a0\u00a0\u00a0\u00a0\u00a0\u00a0\u00a0\u00a0\u00a0\u00a0\u00a0\u00a0\u00a0\u00a0 41.08\u00a0\u00a0\u00a0\u00a0\u00a0\u00a0\u00a0 +6.41 \r\n9.\u00a0 Korkalainen Pauli\u00a0\u00a0\u00a0\u00a0\u00a0 Rauhalahti Road Runners\u00a0\u00a0\u00a0\u00a0\u00a0\u00a0\u00a0\u00a0\u00a0\u00a0 42.00\u00a0\u00a0\u00a0\u00a0\u00a0\u00a0\u00a0 +7.33 \r\n10. Anttonen Kimmo\u00a0\u00a0\u00a0\u00a0\u00a0\u00a0\u00a0\u00a0 Kurkim\u00e4en Kisa\u00a0\u00a0\u00a0\u00a0\u00a0\u00a0\u00a0\u00a0\u00a0\u00a0\u00a0\u00a0\u00a0\u00a0\u00a0\u00a0\u00a0\u00a0\u00a0 43.44\u00a0\u00a0\u00a0\u00a0\u00a0\u00a0\u00a0 +9.17 \r\n11. Laukkanen Janne\u00a0\u00a0\u00a0\u00a0\u00a0\u00a0\u00a0 KerabitPro Oy\u00a0\u00a0\u00a0\u00a0\u00a0\u00a0\u00a0\u00a0\u00a0\u00a0\u00a0\u00a0\u00a0\u00a0\u00a0\u00a0\u00a0\u00a0\u00a0\u00a0 58.21\u00a0\u00a0\u00a0\u00a0\u00a0\u00a0 +23.54 \r\n\r\n<strong>Sarja Naiset Yleinen<\/strong>\u00a0\u00a0\u00a0\u00a0\u00a0\u00a0\u00a0\u00a0\u00a0\u00a0\u00a0\u00a0\u00a0\u00a0\u00a0\u00a0\u00a0\u00a0\u00a0\u00a0\u00a0\u00a0\u00a0\u00a0\u00a0\u00a0\u00a0\u00a0\u00a0\u00a0\u00a0\u00a0\u00a0\u00a0\u00a0\u00a0\u00a0\u00a0\u00a0\u00a0\u00a0\u00a0\u00a0\u00a0\u00a0\u00a0\u00a0\u00a0\u00a0\u00a0\u00a0\u00a0\u00a0\u00a0\u00a0\u00a0\u00a0\u00a0 \u00a0\r\n\r\n1.\u00a0 Pirkonen Kaisa\u00a0\u00a0\u00a0\u00a0\u00a0\u00a0\u00a0\u00a0 KuoSu\u00a0\u00a0\u00a0\u00a0\u00a0\u00a0\u00a0\u00a0\u00a0\u00a0\u00a0\u00a0\u00a0\u00a0\u00a0\u00a0\u00a0\u00a0\u00a0\u00a0\u00a0\u00a0\u00a0\u00a0\u00a0\u00a0\u00a0\u00a0 38.12\u00a0\u00a0\u00a0\u00a0\u00a0\u00a0\u00a0\u00a0\u00a0\u00a0\u00a0\u00a0 \u00a0\r\n2.\u00a0 Eeva Jonna\u00a0\u00a0\u00a0\u00a0\u00a0\u00a0\u00a0\u00a0\u00a0\u00a0\u00a0\u00a0 Kuopion Suunnistajat\u00a0\u00a0\u00a0\u00a0\u00a0\u00a0\u00a0\u00a0\u00a0\u00a0\u00a0\u00a0\u00a0 40.57\u00a0\u00a0\u00a0\u00a0\u00a0\u00a0\u00a0 +2.45 \r\n3.\u00a0 Mustonen Leena\u00a0\u00a0\u00a0\u00a0\u00a0\u00a0\u00a0\u00a0 Siilin Rasti\u00a0\u00a0\u00a0\u00a0\u00a0\u00a0\u00a0\u00a0\u00a0\u00a0\u00a0\u00a0\u00a0\u00a0\u00a0\u00a0\u00a0\u00a0\u00a0\u00a0\u00a0 44.41\u00a0\u00a0\u00a0\u00a0\u00a0\u00a0\u00a0 +6.29 \r\n4.\u00a0 Yrj\u00f6l\u00e4 Sari\u00a0\u00a0\u00a0\u00a0\u00a0\u00a0\u00a0\u00a0\u00a0\u00a0\u00a0 H\u00e4meenlinnan Tarmo\u00a0\u00a0\u00a0\u00a0\u00a0\u00a0\u00a0\u00a0\u00a0\u00a0\u00a0\u00a0\u00a0\u00a0\u00a0 45.03\u00a0\u00a0\u00a0\u00a0\u00a0\u00a0\u00a0 +6.51 \r\n5.\u00a0 Puomilahti Kati\u00a0\u00a0\u00a0\u00a0\u00a0\u00a0\u00a0 Rauhalahti Road Runners\u00a0\u00a0\u00a0\u00a0\u00a0\u00a0\u00a0\u00a0\u00a0\u00a0 49.03\u00a0\u00a0\u00a0\u00a0\u00a0\u00a0 +10.51 \r\n6.\u00a0 Puustinen Piia\u00a0\u00a0\u00a0\u00a0\u00a0\u00a0\u00a0\u00a0 Kuopio\u00a0\u00a0\u00a0\u00a0\u00a0\u00a0\u00a0\u00a0\u00a0\u00a0\u00a0\u00a0\u00a0\u00a0\u00a0\u00a0\u00a0\u00a0\u00a0\u00a0\u00a0\u00a0\u00a0\u00a0\u00a0\u00a0\u00a0 49.20\u00a0\u00a0\u00a0\u00a0\u00a0\u00a0 +11.08 \r\n7.\u00a0 Kellokumpu Sonja\u00a0\u00a0\u00a0\u00a0\u00a0\u00a0 Kajaanin Suunnistajat\u00a0\u00a0\u00a0\u00a0\u00a0\u00a0\u00a0\u00a0\u00a0\u00a0\u00a0\u00a0 49.54\u00a0\u00a0\u00a0\u00a0\u00a0\u00a0 +11.42 \r\n8.\u00a0 Mykk\u00e4nen Kirsi\u00a0\u00a0\u00a0\u00a0\u00a0\u00a0\u00a0\u00a0 Kuopio\u00a0\u00a0\u00a0\u00a0\u00a0\u00a0\u00a0\u00a0\u00a0\u00a0\u00a0\u00a0\u00a0\u00a0\u00a0\u00a0\u00a0\u00a0\u00a0\u00a0\u00a0\u00a0\u00a0\u00a0\u00a0\u00a0\u00a0 52.41\u00a0\u00a0\u00a0\u00a0\u00a0\u00a0 +14.29 \r\n9.\u00a0 G\u00e4rdstr\u00f6m Eveliina\u00a0\u00a0\u00a0\u00a0 Mynttil\u00e4n s\u00e4de\u00a0\u00a0\u00a0\u00a0\u00a0\u00a0\u00a0\u00a0\u00a0\u00a0\u00a0\u00a0\u00a0\u00a0\u00a0\u00a0\u00a0\u00a0\u00a0 54.30\u00a0\u00a0\u00a0\u00a0\u00a0\u00a0 +16.18 \r\n10. Kortelainen Lotta\u00a0\u00a0\u00a0\u00a0\u00a0 Kuopio\u00a0\u00a0\u00a0\u00a0\u00a0\u00a0\u00a0\u00a0\u00a0\u00a0\u00a0\u00a0\u00a0\u00a0\u00a0\u00a0\u00a0\u00a0\u00a0\u00a0\u00a0\u00a0\u00a0\u00a0\u00a0\u00a0\u00a0 56.14\u00a0\u00a0\u00a0\u00a0\u00a0\u00a0 +18.02 \r\n11. Lahtinen Annika\u00a0\u00a0\u00a0\u00a0\u00a0\u00a0\u00a0 Oravikoski\u00a0\u00a0\u00a0\u00a0\u00a0\u00a0\u00a0\u00a0\u00a0\u00a0\u00a0\u00a0\u00a0\u00a0\u00a0\u00a0\u00a0\u00a0\u00a0\u00a0\u00a0\u00a0\u00a0 56.37\u00a0\u00a0\u00a0\u00a0\u00a0\u00a0 +18.25 \r\n11. Kolehmainen Heidi\u00a0\u00a0\u00a0\u00a0\u00a0 Lepp\u00e4virta\u00a0\u00a0\u00a0\u00a0\u00a0\u00a0\u00a0\u00a0\u00a0\u00a0\u00a0\u00a0\u00a0\u00a0\u00a0\u00a0\u00a0\u00a0\u00a0\u00a0\u00a0\u00a0\u00a0 56.37\u00a0\u00a0\u00a0\u00a0\u00a0\u00a0 +18.25 \r\n13. Ikonen Mari\u00a0\u00a0\u00a0\u00a0\u00a0\u00a0\u00a0\u00a0\u00a0\u00a0\u00a0 Iisalmi\u00a0\u00a0\u00a0\u00a0\u00a0\u00a0\u00a0\u00a0\u00a0\u00a0\u00a0\u00a0\u00a0\u00a0\u00a0\u00a0\u00a0\u00a0\u00a0\u00a0\u00a0\u00a0\u00a0\u00a0\u00a0\u00a0 58.36\u00a0\u00a0\u00a0\u00a0\u00a0\u00a0 +20.24 \r\n\r\n<strong>Sarja M40<\/strong>\u00a0\u00a0\u00a0\u00a0\u00a0\u00a0\u00a0\u00a0\u00a0\u00a0\u00a0\u00a0\u00a0\u00a0\u00a0\u00a0\u00a0\u00a0\u00a0\u00a0\u00a0\u00a0\u00a0\u00a0\u00a0\u00a0\u00a0\u00a0\u00a0\u00a0\u00a0\u00a0\u00a0\u00a0\u00a0\u00a0\u00a0\u00a0\u00a0\u00a0\u00a0\u00a0\u00a0\u00a0\u00a0\u00a0\u00a0\u00a0\u00a0\u00a0\u00a0\u00a0\u00a0\u00a0\u00a0\u00a0\u00a0\u00a0\u00a0\u00a0\u00a0\u00a0\u00a0\u00a0\u00a0\u00a0\u00a0\u00a0\u00a0 \u00a0\r\n\r\n1.\u00a0 Savonen Kai\u00a0\u00a0\u00a0\u00a0\u00a0\u00a0\u00a0\u00a0\u00a0\u00a0\u00a0 Kuopio\u00a0\u00a0\u00a0\u00a0\u00a0\u00a0\u00a0\u00a0\u00a0\u00a0\u00a0\u00a0\u00a0\u00a0\u00a0\u00a0\u00a0\u00a0\u00a0\u00a0\u00a0\u00a0\u00a0\u00a0\u00a0\u00a0\u00a0 36.38\u00a0\u00a0\u00a0\u00a0\u00a0\u00a0\u00a0\u00a0\u00a0\u00a0\u00a0\u00a0 \u00a0\r\n2.\u00a0 Kek\u00e4l\u00e4inen Janne\u00a0\u00a0\u00a0\u00a0\u00a0\u00a0 Keiteleen Kunto\u00a0\u00a0\u00a0\u00a0\u00a0\u00a0\u00a0\u00a0\u00a0\u00a0\u00a0\u00a0\u00a0\u00a0\u00a0\u00a0\u00a0\u00a0 37.51\u00a0\u00a0\u00a0\u00a0\u00a0\u00a0\u00a0 +1.13 \r\n3.\u00a0 Kellokumpu Seppo\u00a0\u00a0\u00a0\u00a0\u00a0\u00a0 Kajaanin Suunnistajat\u00a0\u00a0\u00a0\u00a0\u00a0\u00a0\u00a0\u00a0\u00a0\u00a0\u00a0\u00a0 38.38\u00a0\u00a0\u00a0\u00a0\u00a0\u00a0\u00a0 +2.00 \r\n4.\u00a0 Kokkonen Timo\u00a0\u00a0\u00a0\u00a0\u00a0\u00a0\u00a0\u00a0\u00a0 Koidulan Veto\u00a0\u00a0\u00a0\u00a0\u00a0\u00a0\u00a0\u00a0\u00a0\u00a0\u00a0\u00a0\u00a0\u00a0\u00a0\u00a0\u00a0\u00a0\u00a0\u00a0 39.00\u00a0\u00a0\u00a0\u00a0\u00a0\u00a0\u00a0 +2.22 \r\n5.\u00a0 Puurtinen Heikki\u00a0\u00a0\u00a0\u00a0\u00a0\u00a0 Savonlinnan Jyry\u00a0\u00a0\u00a0\u00a0\u00a0\u00a0\u00a0\u00a0\u00a0\u00a0\u00a0\u00a0\u00a0\u00a0\u00a0\u00a0\u00a0 40.13\u00a0\u00a0\u00a0\u00a0\u00a0\u00a0\u00a0 +3.35 \r\n6.\u00a0 Lintunen Petteri\u00a0\u00a0\u00a0\u00a0\u00a0\u00a0 Rauhalahti Road Runners\u00a0\u00a0\u00a0\u00a0\u00a0\u00a0\u00a0\u00a0\u00a0\u00a0 41.11\u00a0\u00a0\u00a0\u00a0\u00a0\u00a0\u00a0 +4.33 \r\n7.\u00a0 Ruotsalainen Eero\u00a0\u00a0\u00a0\u00a0\u00a0 Rauhalahti Road Runners\u00a0\u00a0\u00a0\u00a0\u00a0\u00a0\u00a0\u00a0\u00a0\u00a0 43.55\u00a0\u00a0\u00a0\u00a0\u00a0\u00a0\u00a0 +7.17 \r\n\r\n<strong>Sarja N40<\/strong>\u00a0\u00a0\u00a0\u00a0\u00a0\u00a0\u00a0\u00a0\u00a0\u00a0\u00a0\u00a0\u00a0\u00a0\u00a0\u00a0\u00a0\u00a0\u00a0\u00a0\u00a0\u00a0\u00a0\u00a0\u00a0\u00a0\u00a0\u00a0\u00a0\u00a0\u00a0\u00a0\u00a0\u00a0\u00a0\u00a0\u00a0\u00a0\u00a0\u00a0\u00a0\u00a0\u00a0\u00a0\u00a0\u00a0\u00a0\u00a0\u00a0\u00a0\u00a0\u00a0\u00a0\u00a0\u00a0\u00a0\u00a0\u00a0\u00a0\u00a0\u00a0\u00a0\u00a0\u00a0\u00a0\u00a0\u00a0\u00a0\u00a0 \u00a0\r\n\r\n1.\u00a0 Halonen Niina\u00a0\u00a0\u00a0\u00a0\u00a0\u00a0\u00a0\u00a0\u00a0 M\u00e4ntylahden Veto\u00a0\u00a0\u00a0\u00a0\u00a0\u00a0\u00a0\u00a0\u00a0\u00a0\u00a0\u00a0\u00a0\u00a0\u00a0\u00a0\u00a0 40.40\u00a0\u00a0\u00a0\u00a0\u00a0\u00a0\u00a0\u00a0\u00a0\u00a0\u00a0\u00a0 \u00a0\r\n2.\u00a0 Nerg Anne-Marja\u00a0\u00a0\u00a0\u00a0\u00a0\u00a0\u00a0 Kuopion Reipas\u00a0\u00a0\u00a0\u00a0\u00a0\u00a0\u00a0\u00a0\u00a0\u00a0\u00a0\u00a0\u00a0\u00a0\u00a0\u00a0\u00a0\u00a0\u00a0 47.32\u00a0\u00a0\u00a0\u00a0\u00a0\u00a0\u00a0 +6.52 \r\n\r\n<strong>Sarja M50<\/strong>\u00a0\u00a0\u00a0\u00a0\u00a0\u00a0\u00a0\u00a0\u00a0\u00a0\u00a0\u00a0\u00a0\u00a0\u00a0\u00a0\u00a0\u00a0\u00a0\u00a0\u00a0\u00a0\u00a0\u00a0\u00a0\u00a0\u00a0\u00a0\u00a0\u00a0\u00a0\u00a0\u00a0\u00a0\u00a0\u00a0\u00a0\u00a0\u00a0\u00a0\u00a0\u00a0\u00a0\u00a0\u00a0\u00a0\u00a0\u00a0\u00a0\u00a0\u00a0\u00a0\u00a0\u00a0\u00a0\u00a0\u00a0\u00a0\u00a0\u00a0\u00a0\u00a0\u00a0\u00a0\u00a0\u00a0\u00a0\u00a0\u00a0 \u00a0\r\n\r\n1.\u00a0 Kauppinen Hannu\u00a0\u00a0\u00a0\u00a0\u00a0\u00a0\u00a0 Rauhalahti Road Runnners\u00a0\u00a0\u00a0\u00a0\u00a0\u00a0\u00a0\u00a0\u00a0 38.22\u00a0\u00a0\u00a0\u00a0\u00a0\u00a0\u00a0\u00a0\u00a0\u00a0\u00a0\u00a0 \u00a0\r\n2.\u00a0 Jylh\u00e4 Antti\u00a0\u00a0\u00a0\u00a0\u00a0\u00a0\u00a0\u00a0\u00a0\u00a0\u00a0 Rauhalahti Road Runners\u00a0\u00a0\u00a0\u00a0\u00a0\u00a0\u00a0\u00a0\u00a0\u00a0 40.25\u00a0\u00a0\u00a0\u00a0\u00a0\u00a0\u00a0 +2.03 \r\n3.\u00a0 Manninen Ossi\u00a0\u00a0\u00a0\u00a0\u00a0\u00a0\u00a0\u00a0\u00a0 M\u00e4ntylahden Veto\u00a0\u00a0\u00a0\u00a0\u00a0\u00a0\u00a0\u00a0\u00a0\u00a0\u00a0\u00a0\u00a0\u00a0\u00a0\u00a0\u00a0 40.39\u00a0\u00a0\u00a0\u00a0\u00a0\u00a0\u00a0 +2.17 \r\n4.\u00a0 Hiltunen Markku\u00a0\u00a0\u00a0\u00a0\u00a0\u00a0\u00a0 Ter\u00e4ssiilit\u00a0\u00a0\u00a0\u00a0\u00a0\u00a0\u00a0\u00a0\u00a0\u00a0\u00a0\u00a0\u00a0\u00a0\u00a0\u00a0\u00a0\u00a0\u00a0\u00a0\u00a0\u00a0 41.32\u00a0\u00a0\u00a0\u00a0\u00a0\u00a0\u00a0 +3.10 \r\n5.\u00a0 K\u00e4rkk\u00e4inen Juhani\u00a0\u00a0\u00a0\u00a0\u00a0 Polvij\u00e4rven Vauhti\u00a0\u00a0\u00a0\u00a0\u00a0\u00a0\u00a0\u00a0\u00a0\u00a0\u00a0\u00a0\u00a0\u00a0\u00a0 41.41\u00a0\u00a0\u00a0\u00a0\u00a0\u00a0\u00a0 +3.19 \r\n6.\u00a0 Laitinen Matti\u00a0\u00a0\u00a0\u00a0\u00a0\u00a0\u00a0\u00a0 Rauhalahti Road Runners\u00a0\u00a0\u00a0\u00a0\u00a0\u00a0\u00a0\u00a0\u00a0\u00a0 42.40\u00a0\u00a0\u00a0\u00a0\u00a0\u00a0\u00a0 +4.18 \r\n7.\u00a0 Honkanen Reijo\u00a0\u00a0\u00a0\u00a0\u00a0\u00a0\u00a0\u00a0 Korson Kengurut\u00a0\u00a0\u00a0\u00a0\u00a0\u00a0\u00a0\u00a0\u00a0\u00a0\u00a0\u00a0\u00a0\u00a0\u00a0\u00a0\u00a0\u00a0 43.19\u00a0\u00a0\u00a0\u00a0\u00a0\u00a0\u00a0 +4.57 \r\n8.\u00a0 Kr\u00e4kin Kai\u00a0\u00a0\u00a0\u00a0\u00a0\u00a0\u00a0\u00a0\u00a0\u00a0\u00a0\u00a0 Varkaus\u00a0\u00a0\u00a0\u00a0\u00a0\u00a0\u00a0\u00a0\u00a0\u00a0\u00a0\u00a0\u00a0\u00a0\u00a0\u00a0\u00a0\u00a0\u00a0\u00a0\u00a0\u00a0\u00a0\u00a0\u00a0\u00a0 43.26\u00a0\u00a0\u00a0\u00a0\u00a0\u00a0\u00a0 +5.04 \r\n\r\n<strong>Sarja N50<\/strong>\u00a0\u00a0\u00a0\u00a0\u00a0\u00a0\u00a0\u00a0\u00a0\u00a0\u00a0\u00a0\u00a0\u00a0\u00a0\u00a0\u00a0\u00a0\u00a0\u00a0\u00a0\u00a0\u00a0\u00a0\u00a0\u00a0\u00a0\u00a0\u00a0\u00a0\u00a0\u00a0\u00a0\u00a0\u00a0\u00a0\u00a0\u00a0\u00a0\u00a0\u00a0\u00a0\u00a0\u00a0\u00a0\u00a0\u00a0\u00a0\u00a0\u00a0\u00a0\u00a0\u00a0\u00a0\u00a0\u00a0\u00a0\u00a0\u00a0\u00a0\u00a0\u00a0\u00a0\u00a0\u00a0\u00a0\u00a0\u00a0\u00a0 \u00a0\r\n\r\n1.\u00a0 Lilja Kaarina\u00a0\u00a0\u00a0\u00a0\u00a0\u00a0\u00a0\u00a0\u00a0 Rauhalahti Road Runners\u00a0\u00a0\u00a0\u00a0\u00a0\u00a0\u00a0\u00a0\u00a0\u00a0 44.09\u00a0\u00a0\u00a0\u00a0\u00a0\u00a0\u00a0\u00a0\u00a0\u00a0\u00a0\u00a0 \u00a0\r\n2.\u00a0 Yrj\u00f6l\u00e4 Tuula\u00a0\u00a0\u00a0\u00a0\u00a0\u00a0\u00a0\u00a0\u00a0\u00a0 H\u00e4meenlinnan Tarmo\u00a0\u00a0\u00a0\u00a0\u00a0\u00a0\u00a0\u00a0\u00a0\u00a0\u00a0\u00a0\u00a0\u00a0\u00a0 44.54\u00a0\u00a0\u00a0\u00a0\u00a0\u00a0\u00a0\u00a0\u00a0 +45 \r\n3.\u00a0 Aronen Helena\u00a0\u00a0\u00a0\u00a0\u00a0\u00a0\u00a0\u00a0\u00a0 Rauhalahti Road Runners\u00a0\u00a0\u00a0\u00a0\u00a0\u00a0\u00a0\u00a0\u00a0\u00a0 51.14\u00a0\u00a0\u00a0\u00a0\u00a0\u00a0\u00a0 +7.05 \r\n4.\u00a0 Salo Heli\u00a0\u00a0\u00a0\u00a0\u00a0\u00a0\u00a0\u00a0\u00a0\u00a0\u00a0\u00a0\u00a0 Kalajoki\u00a0\u00a0\u00a0\u00a0\u00a0\u00a0\u00a0\u00a0\u00a0\u00a0\u00a0\u00a0\u00a0\u00a0\u00a0\u00a0\u00a0\u00a0\u00a0\u00a0\u00a0\u00a0\u00a0\u00a0\u00a0 56.51\u00a0\u00a0\u00a0\u00a0\u00a0\u00a0 +12.42 \r\n\r\n<strong>Sarja M60<\/strong>\u00a0\u00a0\u00a0\u00a0\u00a0\u00a0\u00a0\u00a0\u00a0\u00a0\u00a0\u00a0\u00a0\u00a0\u00a0\u00a0\u00a0\u00a0\u00a0\u00a0\u00a0\u00a0\u00a0\u00a0\u00a0\u00a0\u00a0\u00a0\u00a0\u00a0\u00a0\u00a0\u00a0\u00a0\u00a0\u00a0\u00a0\u00a0\u00a0\u00a0\u00a0\u00a0\u00a0\u00a0\u00a0\u00a0\u00a0\u00a0\u00a0\u00a0\u00a0\u00a0\u00a0\u00a0\u00a0\u00a0\u00a0\u00a0\u00a0\u00a0\u00a0\u00a0\u00a0\u00a0\u00a0\u00a0\u00a0\u00a0\u00a0 \u00a0\r\n\r\n1.\u00a0 Paukkonen Markku\u00a0\u00a0\u00a0\u00a0\u00a0\u00a0 LepPp\u00e4virran Urheilijat\u00a0\u00a0\u00a0\u00a0\u00a0\u00a0\u00a0\u00a0\u00a0\u00a0 38.35\u00a0\u00a0\u00a0\u00a0\u00a0\u00a0\u00a0\u00a0\u00a0\u00a0\u00a0\u00a0 \u00a0\r\n2.\u00a0 Hulkkonen Ari\u00a0\u00a0\u00a0\u00a0\u00a0\u00a0\u00a0\u00a0\u00a0 Lepp\u00e4virran Urheilijat\u00a0\u00a0\u00a0\u00a0\u00a0\u00a0\u00a0\u00a0\u00a0\u00a0\u00a0 44.07\u00a0\u00a0\u00a0\u00a0\u00a0\u00a0\u00a0 +5.32 \r\n3.\u00a0 R\u00f6nkk\u00f6 Veijo\u00a0\u00a0\u00a0\u00a0\u00a0\u00a0\u00a0\u00a0\u00a0\u00a0 M\u00e4ntylahden Veto\u00a0\u00a0\u00a0\u00a0\u00a0\u00a0\u00a0\u00a0\u00a0\u00a0\u00a0\u00a0\u00a0\u00a0\u00a0\u00a0\u00a0 45.26\u00a0\u00a0\u00a0\u00a0\u00a0\u00a0\u00a0 +6.51 \r\n4.\u00a0 Suihkonen Matti\u00a0\u00a0\u00a0\u00a0\u00a0\u00a0\u00a0 Rauhalahti Road Runnners\u00a0\u00a0\u00a0\u00a0\u00a0\u00a0\u00a0\u00a0\u00a0 47.01\u00a0\u00a0\u00a0\u00a0\u00a0\u00a0\u00a0 +8.26 \r\n5.\u00a0 H\u00e4iv\u00e4l\u00e4inen Mikko\u00a0\u00a0\u00a0\u00a0\u00a0 Maaningan Mahti\u00a0\u00a0\u00a0\u00a0\u00a0\u00a0\u00a0\u00a0\u00a0\u00a0\u00a0\u00a0\u00a0\u00a0\u00a0\u00a0\u00a0\u00a0 50.51\u00a0\u00a0\u00a0\u00a0\u00a0\u00a0 +12.16 \r\n\r\n<strong>Sarja M70<\/strong>\u00a0\u00a0\u00a0\u00a0\u00a0\u00a0\u00a0\u00a0\u00a0\u00a0\u00a0\u00a0\u00a0\u00a0\u00a0\u00a0\u00a0\u00a0\u00a0\u00a0\u00a0\u00a0\u00a0\u00a0\u00a0\u00a0\u00a0\u00a0\u00a0\u00a0\u00a0\u00a0\u00a0\u00a0\u00a0\u00a0\u00a0\u00a0\u00a0\u00a0\u00a0\u00a0\u00a0\u00a0\u00a0\u00a0\u00a0\u00a0\u00a0\u00a0\u00a0\u00a0\u00a0\u00a0\u00a0\u00a0\u00a0\u00a0\u00a0\u00a0\u00a0\u00a0\u00a0\u00a0\u00a0\u00a0\u00a0\u00a0\u00a0 \u00a0\r\n\r\n1.\u00a0 Korhonen Niilo\u00a0\u00a0\u00a0\u00a0\u00a0\u00a0\u00a0\u00a0 Suonenjoen Vasama\u00a0\u00a0\u00a0\u00a0\u00a0\u00a0\u00a0\u00a0\u00a0\u00a0\u00a0\u00a0\u00a0\u00a0\u00a0\u00a0 57.33\u00a0\u00a0\u00a0\u00a0\u00a0\u00a0\u00a0\u00a0\u00a0\u00a0\u00a0\u00a0 \u00a0\r\n\r\n<strong>Sarja Miehet Kunto<\/strong>\u00a0\u00a0\u00a0\u00a0\u00a0\u00a0\u00a0\u00a0\u00a0\u00a0\u00a0\u00a0\u00a0\u00a0\u00a0\u00a0\u00a0\u00a0\u00a0\u00a0\u00a0\u00a0\u00a0\u00a0\u00a0\u00a0\u00a0\u00a0\u00a0\u00a0\u00a0\u00a0\u00a0\u00a0\u00a0\u00a0\u00a0\u00a0\u00a0\u00a0\u00a0\u00a0\u00a0\u00a0\u00a0\u00a0\u00a0\u00a0\u00a0\u00a0\u00a0\u00a0\u00a0\u00a0\u00a0\u00a0\u00a0\u00a0\u00a0\u00a0 \u00a0\r\n\r\n1.\u00a0 S\u00e4kkinen Jarmo\u00a0\u00a0\u00a0\u00a0\u00a0\u00a0\u00a0\u00a0 Kuopio\u00a0\u00a0\u00a0\u00a0\u00a0\u00a0\u00a0\u00a0\u00a0\u00a0\u00a0\u00a0\u00a0\u00a0\u00a0\u00a0\u00a0\u00a0\u00a0\u00a0\u00a0\u00a0\u00a0\u00a0\u00a0\u00a0\u00a0 39.58\u00a0\u00a0\u00a0\u00a0\u00a0\u00a0\u00a0\u00a0\u00a0\u00a0\u00a0\u00a0 \u00a0\r\n2.\u00a0 Iskanius Sakari\u00a0\u00a0\u00a0\u00a0\u00a0\u00a0\u00a0 RRR\u00a0\u00a0\u00a0\u00a0\u00a0\u00a0\u00a0\u00a0\u00a0\u00a0\u00a0\u00a0\u00a0\u00a0\u00a0\u00a0\u00a0\u00a0\u00a0\u00a0\u00a0\u00a0\u00a0\u00a0\u00a0\u00a0\u00a0\u00a0\u00a0\u00a0 44.45\u00a0\u00a0\u00a0\u00a0\u00a0\u00a0\u00a0 +4.47 \r\n3.\u00a0 Yrj\u00f6l\u00e4 Erkki\u00a0\u00a0\u00a0\u00a0\u00a0\u00a0\u00a0\u00a0\u00a0\u00a0 Parola\u00a0\u00a0\u00a0\u00a0\u00a0\u00a0\u00a0\u00a0\u00a0\u00a0\u00a0\u00a0\u00a0\u00a0\u00a0\u00a0\u00a0\u00a0\u00a0\u00a0\u00a0\u00a0\u00a0\u00a0\u00a0\u00a0\u00a0 52.41\u00a0\u00a0\u00a0\u00a0\u00a0\u00a0 +12.43 \r\n4.\u00a0 Ovaskainen Henry\u00a0\u00a0\u00a0\u00a0\u00a0\u00a0 Kuopio\u00a0\u00a0\u00a0\u00a0\u00a0\u00a0\u00a0\u00a0\u00a0\u00a0\u00a0\u00a0\u00a0\u00a0\u00a0\u00a0\u00a0\u00a0\u00a0\u00a0\u00a0\u00a0\u00a0\u00a0\u00a0 1.04.29\u00a0\u00a0\u00a0\u00a0\u00a0\u00a0 +24.31 \r\n\r\n<strong>Sarja Naiset Kunto<\/strong>\u00a0\u00a0\u00a0\u00a0\u00a0\u00a0\u00a0\u00a0\u00a0\u00a0\u00a0\u00a0\u00a0\u00a0\u00a0\u00a0\u00a0\u00a0\u00a0\u00a0\u00a0\u00a0\u00a0\u00a0\u00a0\u00a0\u00a0\u00a0\u00a0\u00a0\u00a0\u00a0\u00a0\u00a0\u00a0\u00a0\u00a0\u00a0\u00a0\u00a0\u00a0\u00a0\u00a0\u00a0\u00a0\u00a0\u00a0\u00a0\u00a0\u00a0\u00a0\u00a0\u00a0\u00a0\u00a0\u00a0\u00a0\u00a0\u00a0\u00a0 \u00a0\r\n\r\n1.\u00a0 Autio Heidi\u00a0\u00a0\u00a0\u00a0\u00a0\u00a0\u00a0\u00a0\u00a0\u00a0\u00a0\u00a0\u00a0\u00a0\u00a0\u00a0\u00a0\u00a0\u00a0\u00a0\u00a0\u00a0\u00a0\u00a0\u00a0\u00a0\u00a0\u00a0\u00a0\u00a0\u00a0\u00a0\u00a0\u00a0\u00a0\u00a0\u00a0\u00a0\u00a0\u00a0\u00a0\u00a0\u00a0\u00a0\u00a0 55.00\u00a0\u00a0\u00a0\u00a0\u00a0\u00a0\u00a0\u00a0\u00a0\u00a0\u00a0\u00a0 \u00a0\r\n2.\u00a0 H\u00e4nninen P\u00e4ivi\u00a0\u00a0\u00a0\u00a0\u00a0\u00a0\u00a0\u00a0 Kuopio\u00a0\u00a0\u00a0\u00a0\u00a0\u00a0\u00a0\u00a0\u00a0\u00a0\u00a0\u00a0\u00a0\u00a0\u00a0\u00a0\u00a0\u00a0\u00a0\u00a0\u00a0\u00a0\u00a0\u00a0\u00a0\u00a0\u00a0 58.53\u00a0\u00a0\u00a0\u00a0\u00a0\u00a0\u00a0 +3.53 \r\n3.\u00a0 Ovaskainen Niina\u00a0\u00a0\u00a0\u00a0\u00a0\u00a0 Kuopio\u00a0\u00a0\u00a0\u00a0\u00a0\u00a0\u00a0\u00a0\u00a0\u00a0\u00a0\u00a0\u00a0\u00a0\u00a0\u00a0\u00a0\u00a0\u00a0\u00a0\u00a0\u00a0\u00a0\u00a0\u00a0 1.04.29\u00a0\u00a0\u00a0\u00a0\u00a0\u00a0\u00a0 +9.29<\/pre>\n","protected":false},"excerpt":{"rendered":"<p>Tulokset PDF-tiedostona l\u00f6ytyv\u00e4t t\u00e4st\u00e4. Kallavesj-h\u00f6lkk\u00e4 2013 &#8211; 1,6 km Sarja P10\u00a0\u00a0\u00a0\u00a0\u00a0\u00a0\u00a0\u00a0\u00a0\u00a0\u00a0\u00a0\u00a0\u00a0\u00a0\u00a0\u00a0\u00a0\u00a0\u00a0\u00a0\u00a0\u00a0\u00a0\u00a0\u00a0\u00a0\u00a0\u00a0\u00a0\u00a0\u00a0\u00a0\u00a0\u00a0\u00a0\u00a0\u00a0\u00a0\u00a0\u00a0\u00a0\u00a0\u00a0\u00a0\u00a0\u00a0\u00a0\u00a0\u00a0\u00a0\u00a0\u00a0\u00a0\u00a0\u00a0\u00a0\u00a0\u00a0\u00a0\u00a0\u00a0\u00a0\u00a0\u00a0\u00a0\u00a0\u00a0\u00a0 \u00a0 1.\u00a0 Heikkinen Arttu\u00a0\u00a0\u00a0\u00a0\u00a0\u00a0\u00a0 Puijon hiihtoseura\u00a0\u00a0\u00a0\u00a0\u00a0\u00a0\u00a0\u00a0\u00a0\u00a0\u00a0\u00a0\u00a0\u00a0\u00a0 6.52 Kallavesj-h\u00f6lkk\u00e4 2013 &#8211; 10 km Sarja T16\u00a0\u00a0\u00a0\u00a0\u00a0\u00a0\u00a0\u00a0\u00a0\u00a0\u00a0\u00a0\u00a0\u00a0\u00a0\u00a0\u00a0\u00a0\u00a0\u00a0\u00a0\u00a0\u00a0\u00a0\u00a0\u00a0\u00a0\u00a0\u00a0\u00a0\u00a0\u00a0\u00a0\u00a0\u00a0\u00a0\u00a0\u00a0\u00a0\u00a0\u00a0\u00a0\u00a0\u00a0\u00a0\u00a0\u00a0\u00a0\u00a0\u00a0\u00a0\u00a0\u00a0\u00a0\u00a0\u00a0\u00a0\u00a0\u00a0\u00a0\u00a0\u00a0\u00a0\u00a0\u00a0\u00a0\u00a0\u00a0\u00a0 \u00a0 1.\u00a0 G\u00e4rdstr\u00f6m Piia\u00a0\u00a0\u00a0\u00a0\u00a0\u00a0\u00a0\u00a0 Mikkelin hiiht\u00e4j\u00e4t\u00a0\u00a0\u00a0\u00a0\u00a0\u00a0\u00a0\u00a0\u00a0\u00a0\u00a0\u00a0\u00a0\u00a0\u00a0 55.47 Sarja Miehet Yleinen\u00a0\u00a0\u00a0\u00a0\u00a0\u00a0\u00a0\u00a0\u00a0\u00a0\u00a0\u00a0\u00a0\u00a0\u00a0\u00a0\u00a0\u00a0\u00a0\u00a0\u00a0\u00a0\u00a0\u00a0\u00a0\u00a0\u00a0\u00a0\u00a0\u00a0\u00a0\u00a0\u00a0\u00a0\u00a0\u00a0\u00a0\u00a0\u00a0\u00a0\u00a0\u00a0\u00a0\u00a0\u00a0\u00a0\u00a0\u00a0\u00a0\u00a0\u00a0\u00a0\u00a0\u00a0\u00a0\u00a0\u00a0\u00a0 \u00a0 1.\u00a0 Sellami Gharbi\u00a0\u00a0\u00a0\u00a0\u00a0\u00a0\u00a0\u00a0 Kuopio\u00a0\u00a0\u00a0\u00a0\u00a0\u00a0\u00a0\u00a0\u00a0\u00a0\u00a0\u00a0\u00a0\u00a0\u00a0\u00a0\u00a0\u00a0\u00a0\u00a0\u00a0\u00a0\u00a0\u00a0\u00a0\u00a0\u00a0 34.27\u00a0\u00a0\u00a0\u00a0\u00a0\u00a0\u00a0\u00a0\u00a0\u00a0\u00a0\u00a0 \u00a0 2.\u00a0 Tirkkonen Jami\u00a0\u00a0\u00a0\u00a0\u00a0\u00a0\u00a0\u00a0 TTAquaTerra\u00a0\u00a0\u00a0\u00a0\u00a0\u00a0\u00a0\u00a0\u00a0\u00a0\u00a0\u00a0\u00a0\u00a0\u00a0\u00a0\u00a0\u00a0\u00a0\u00a0\u00a0\u00a0 35.10\u00a0\u00a0\u00a0\u00a0\u00a0\u00a0\u00a0\u00a0\u00a0 +43 3.\u00a0 J\u00e4\u00e4skel\u00e4inen Antti\u00a0\u00a0\u00a0\u00a0 Pieks\u00e4m\u00e4en lukio\u00a0\u00a0\u00a0\u00a0\u00a0\u00a0\u00a0\u00a0\u00a0\u00a0\u00a0\u00a0\u00a0\u00a0\u00a0\u00a0\u00a0 35.17\u00a0\u00a0\u00a0\u00a0\u00a0\u00a0\u00a0\u00a0\u00a0 +50 [&hellip;]<\/p>\n","protected":false},"author":4,"featured_media":0,"parent":0,"menu_order":0,"comment_status":"closed","ping_status":"open","template":"","meta":{"footnotes":""},"class_list":["post-198","page","type-page","status-publish","hentry"],"_links":{"self":[{"href":"https:\/\/www.rauhalahtiroadrunners.com\/kallavesj\/index.php?rest_route=\/wp\/v2\/pages\/198","targetHints":{"allow":["GET"]}}],"collection":[{"href":"https:\/\/www.rauhalahtiroadrunners.com\/kallavesj\/index.php?rest_route=\/wp\/v2\/pages"}],"about":[{"href":"https:\/\/www.rauhalahtiroadrunners.com\/kallavesj\/index.php?rest_route=\/wp\/v2\/types\/page"}],"author":[{"embeddable":true,"href":"https:\/\/www.rauhalahtiroadrunners.com\/kallavesj\/index.php?rest_route=\/wp\/v2\/users\/4"}],"replies":[{"embeddable":true,"href":"https:\/\/www.rauhalahtiroadrunners.com\/kallavesj\/index.php?rest_route=%2Fwp%2Fv2%2Fcomments&post=198"}],"version-history":[{"count":1,"href":"https:\/\/www.rauhalahtiroadrunners.com\/kallavesj\/index.php?rest_route=\/wp\/v2\/pages\/198\/revisions"}],"predecessor-version":[{"id":199,"href":"https:\/\/www.rauhalahtiroadrunners.com\/kallavesj\/index.php?rest_route=\/wp\/v2\/pages\/198\/revisions\/199"}],"wp:attachment":[{"href":"https:\/\/www.rauhalahtiroadrunners.com\/kallavesj\/index.php?rest_route=%2Fwp%2Fv2%2Fmedia&parent=198"}],"curies":[{"name":"wp","href":"https:\/\/api.w.org\/{rel}","templated":true}]}}