{"id":987,"date":"2012-12-25T16:45:29","date_gmt":"2012-12-25T14:45:29","guid":{"rendered":"http:\/\/www.rauhalahtiroadrunners.com\/?page_id=987"},"modified":"2023-02-07T13:16:39","modified_gmt":"2023-02-07T11:16:39","slug":"sporttipassin-verkkomaksu","status":"publish","type":"page","link":"https:\/\/www.rauhalahtiroadrunners.com\/?page_id=987","title":{"rendered":"Maksaminen ty\u00f6suhde-etujen avulla"},"content":{"rendered":"<h2>ePassi<\/h2>\r\n<p>ePassilla voit maksaa ty\u00f6nantajasi tarjoamat liikunta- ja kulttuuriedut Rauhalahti Road Runnersin tapahtumiin. Voit maksaa henkil\u00f6kohtaisen harjoitusmaksusi ePassin <span style=\"text-decoration: underline;\">verkkomaksulla<\/span> seuraavasti.<\/p>\r\n<ol>\r\n<li>Kirjaudu sis\u00e4\u00e4n omilla tunnuksillasi <a href=\"https:\/\/services.epassi.fi\/\" target=\"_blank\" rel=\"noopener noreferrer\">ePassin verkkosivuilla<\/a>.<\/li>\r\n<li>Valitse sivuvalikosta \u201dVerkkomaksut\u201d.<\/li>\r\n<li>Kirjoita palveluntarjoajan nimi \u201dValitse palveluntarjoaja\u201d -kentt\u00e4\u00e4n ja valitse palveluntarjoajan nimi.<\/li>\r\n<li>T\u00e4yt\u00e4 vaaditut kent\u00e4t ja paina \u201dMaksa\u201d -painiketta, joka ilmestyy, kun kaikki tiedot on t\u00e4ytetty. Maksu veloitetaan saldostasi saman tien. Voit k\u00e4ytt\u00e4\u00e4 maksamiseen etusaldosi lis\u00e4ksi my\u00f6s lataamaasi OmaRaha-saldoa.<\/li>\r\n<li>Saat s\u00e4hk\u00f6postiisi tositteen maksusta, jonka voit tarvittaessa n\u00e4ytt\u00e4\u00e4 palveluntarjoajalle.<\/li>\r\n<\/ol>\r\n<p>S\u00e4ilyt\u00e4 saamasi tekstiviesti kuittina.<\/p>\r\n\r\n<h2 class=\"wp-block-heading\">Edenred<\/h2>\r\n\r\n\r\n\r\n<p>Maksaminen onnistuu my\u00f6s Edenred virike-etu seteleiden avulla. Katso ohjeet t\u00e4\u00e4lt\u00e4: <a href=\"https:\/\/edenred.fi\/fi\/\">https:\/\/edenred.fi\/fi\/<\/a><\/p>\r\n","protected":false},"excerpt":{"rendered":"<p>ePassi ePassilla voit maksaa ty\u00f6nantajasi tarjoamat liikunta- ja kulttuuriedut Rauhalahti Road Runnersin tapahtumiin. Voit maksaa henkil\u00f6kohtaisen harjoitusmaksusi ePassin verkkomaksulla seuraavasti. Kirjaudu sis\u00e4\u00e4n omilla tunnuksillasi ePassin verkkosivuilla. Valitse sivuvalikosta \u201dVerkkomaksut\u201d. Kirjoita palveluntarjoajan nimi \u201dValitse palveluntarjoaja\u201d -kentt\u00e4\u00e4n ja valitse palveluntarjoajan nimi. T\u00e4yt\u00e4 vaaditut kent\u00e4t ja paina \u201dMaksa\u201d -painiketta, joka ilmestyy, kun kaikki tiedot on t\u00e4ytetty. Maksu veloitetaan &#8230; <a title=\"Maksaminen ty\u00f6suhde-etujen avulla\" class=\"read-more\" href=\"https:\/\/www.rauhalahtiroadrunners.com\/?page_id=987\" aria-label=\"Lue lis\u00e4\u00e4 aiheesta Maksaminen ty\u00f6suhde-etujen avulla\">Lue lis\u00e4\u00e4<\/a><\/p>\n","protected":false},"author":3,"featured_media":0,"parent":0,"menu_order":0,"comment_status":"closed","ping_status":"open","template":"","meta":{"footnotes":""},"class_list":["post-987","page","type-page","status-publish"],"_links":{"self":[{"href":"https:\/\/www.rauhalahtiroadrunners.com\/index.php?rest_route=\/wp\/v2\/pages\/987","targetHints":{"allow":["GET"]}}],"collection":[{"href":"https:\/\/www.rauhalahtiroadrunners.com\/index.php?rest_route=\/wp\/v2\/pages"}],"about":[{"href":"https:\/\/www.rauhalahtiroadrunners.com\/index.php?rest_route=\/wp\/v2\/types\/page"}],"author":[{"embeddable":true,"href":"https:\/\/www.rauhalahtiroadrunners.com\/index.php?rest_route=\/wp\/v2\/users\/3"}],"replies":[{"embeddable":true,"href":"https:\/\/www.rauhalahtiroadrunners.com\/index.php?rest_route=%2Fwp%2Fv2%2Fcomments&post=987"}],"version-history":[{"count":5,"href":"https:\/\/www.rauhalahtiroadrunners.com\/index.php?rest_route=\/wp\/v2\/pages\/987\/revisions"}],"predecessor-version":[{"id":6313,"href":"https:\/\/www.rauhalahtiroadrunners.com\/index.php?rest_route=\/wp\/v2\/pages\/987\/revisions\/6313"}],"wp:attachment":[{"href":"https:\/\/www.rauhalahtiroadrunners.com\/index.php?rest_route=%2Fwp%2Fv2%2Fmedia&parent=987"}],"curies":[{"name":"wp","href":"https:\/\/api.w.org\/{rel}","templated":true}]}}