{"id":934,"date":"2012-09-11T12:49:57","date_gmt":"2012-09-11T09:49:57","guid":{"rendered":"http:\/\/www.rauhalahtiroadrunners.com\/?page_id=934"},"modified":"2012-09-11T12:53:41","modified_gmt":"2012-09-11T09:53:41","slug":"tallinnan-maratonmatka-2012","status":"publish","type":"page","link":"https:\/\/www.rauhalahtiroadrunners.com\/?page_id=934","title":{"rendered":"Tallinnan maratonmatka 2012"},"content":{"rendered":"<p>RRR j\u00e4rjesti pitk\u00e4st\u00e4 aikaa yhteisen bussimatkan ulkomaille ja kohteena oli nyt Tallinna. Mukana oli kolmisenkymment\u00e4 juoksijaa ja kannustajaa. Matka-aikataulu oli tiukka eik\u00e4 vapaa-aikaa juuri j\u00e4\u00e4nyt, mutta silti voinemme todeta matkan onnistuneeksi ja voimme suositella kohdetta muillekin.<\/p>\n<p>Keli oli juoksup\u00e4iv\u00e4n\u00e4 (su 9.9.2012) varsin hyv\u00e4: aurinko paistoi, l\u00e4mp\u00f6tila maratonin startin aikaan klo 09:00 n. 10 astetta, iltap\u00e4iv\u00e4ll\u00e4 jo n. 15 astetta, ajoittain ja paikoittain tuuli navakasti Suomenlahdelta. Reitti oli l\u00e4hes tasainen, lukuunottamatta pient\u00e4 nousua vanhaan kaupunkiin tullessa, miss\u00e4 oli my\u00f6s muutama sata metri\u00e4 mukulakivireitti\u00e4.<\/p>\n<p>Kovia tuloksia tehtiin sek\u00e4 maratonilla ett\u00e4 puolikkaalla, monella enn\u00e4tykset paukkuivat. T\u00e4ss\u00e4 tuloksia RRR-l\u00e4isitt\u00e4in:<\/p>\n<p>&#8211; <a title=\"Tallinnan maraton tuloksia\" href=\"http:\/\/www.rauhalahtiroadrunners.com\/2012_Tallinna_maraton_tulokset.htm\" target=\"_blank\">maraton<\/a><\/p>\n<p>&#8211; <a title=\"Tallinnan puolikas tuloksia\" href=\"http:\/\/www.rauhalahtiroadrunners.com\/2012_Tallinna_puolikas_tulokset.htm\" target=\"_blank\">puolikas<\/a><\/p>\n<p>\u00a0<br \/>\nMatkakuvitusta Juhan, Marken ja Markun kameroista:<\/p>\n<table style=\"width: 194px;\">\n<tbody>\n<tr>\n<td style=\"height: 194px; background: url('https:\/\/picasaweb.google.com\/s\/c\/transparent_album_background.gif') no-repeat left;\" align=\"center\"><a href=\"https:\/\/picasaweb.google.com\/110862520886183653495\/TallinnanMaratonmatka2012?authuser=0&amp;authkey=Gv1sRgCJ-gkMThioPxUg&amp;feat=embedwebsite\"><img loading=\"lazy\" decoding=\"async\" style=\"margin: 1px 0 0 4px;\" src=\"https:\/\/lh3.googleusercontent.com\/-67-ChNy8TwE\/UE7-Pso7DhE\/AAAAAAAAB4c\/B25zEbzzElI\/s160-c\/TallinnanMaratonmatka2012.jpg\" alt=\"\" width=\"160\" height=\"160\" \/><\/a><\/td>\n<\/tr>\n<tr>\n<td style=\"text-align: center; font-family: arial,sans-serif; font-size: 11px;\"><a style=\"color: #4d4d4d; font-weight: bold; text-decoration: none;\" href=\"https:\/\/picasaweb.google.com\/110862520886183653495\/TallinnanMaratonmatka2012?authuser=0&amp;authkey=Gv1sRgCJ-gkMThioPxUg&amp;feat=embedwebsite\">Tallinnan maratonmatka 2012<\/a><\/td>\n<\/tr>\n<\/tbody>\n<\/table>\n","protected":false},"excerpt":{"rendered":"<p>RRR j\u00e4rjesti pitk\u00e4st\u00e4 aikaa yhteisen bussimatkan ulkomaille ja kohteena oli nyt Tallinna. Mukana oli kolmisenkymment\u00e4 juoksijaa ja kannustajaa. Matka-aikataulu oli tiukka eik\u00e4 vapaa-aikaa juuri j\u00e4\u00e4nyt, mutta silti voinemme todeta matkan onnistuneeksi ja voimme suositella kohdetta muillekin. Keli oli juoksup\u00e4iv\u00e4n\u00e4 (su 9.9.2012) varsin hyv\u00e4: aurinko paistoi, l\u00e4mp\u00f6tila maratonin startin aikaan klo 09:00 n. 10 astetta, iltap\u00e4iv\u00e4ll\u00e4 &#8230; <a title=\"Tallinnan maratonmatka 2012\" class=\"read-more\" href=\"https:\/\/www.rauhalahtiroadrunners.com\/?page_id=934\" aria-label=\"Lue lis\u00e4\u00e4 aiheesta Tallinnan maratonmatka 2012\">Lue lis\u00e4\u00e4<\/a><\/p>\n","protected":false},"author":3,"featured_media":0,"parent":0,"menu_order":0,"comment_status":"closed","ping_status":"open","template":"","meta":{"footnotes":""},"class_list":["post-934","page","type-page","status-publish"],"_links":{"self":[{"href":"https:\/\/www.rauhalahtiroadrunners.com\/index.php?rest_route=\/wp\/v2\/pages\/934","targetHints":{"allow":["GET"]}}],"collection":[{"href":"https:\/\/www.rauhalahtiroadrunners.com\/index.php?rest_route=\/wp\/v2\/pages"}],"about":[{"href":"https:\/\/www.rauhalahtiroadrunners.com\/index.php?rest_route=\/wp\/v2\/types\/page"}],"author":[{"embeddable":true,"href":"https:\/\/www.rauhalahtiroadrunners.com\/index.php?rest_route=\/wp\/v2\/users\/3"}],"replies":[{"embeddable":true,"href":"https:\/\/www.rauhalahtiroadrunners.com\/index.php?rest_route=%2Fwp%2Fv2%2Fcomments&post=934"}],"version-history":[{"count":1,"href":"https:\/\/www.rauhalahtiroadrunners.com\/index.php?rest_route=\/wp\/v2\/pages\/934\/revisions"}],"predecessor-version":[{"id":935,"href":"https:\/\/www.rauhalahtiroadrunners.com\/index.php?rest_route=\/wp\/v2\/pages\/934\/revisions\/935"}],"wp:attachment":[{"href":"https:\/\/www.rauhalahtiroadrunners.com\/index.php?rest_route=%2Fwp%2Fv2%2Fmedia&parent=934"}],"curies":[{"name":"wp","href":"https:\/\/api.w.org\/{rel}","templated":true}]}}