{"id":915,"date":"2012-09-02T21:23:31","date_gmt":"2012-09-02T18:23:31","guid":{"rendered":"http:\/\/www.rauhalahtiroadrunners.com\/?page_id=915"},"modified":"2012-09-05T23:50:36","modified_gmt":"2012-09-05T20:50:36","slug":"kuopio-maraton-1-9-2012","status":"publish","type":"page","link":"https:\/\/www.rauhalahtiroadrunners.com\/?page_id=915","title":{"rendered":"Kuopio maraton 1.9.2012"},"content":{"rendered":"<p><strong><a title=\"Kuopio maraton\" href=\"http:\/\/www.kuopiomaraton.com\/\" target=\"_blank\">KUOPIO MARATON <\/a>2012<\/strong><\/p>\n<p>Kuopio maraton juostiin lauantaina 1.9.2012 l\u00e4hes optimaalisessa keliss\u00e4: l\u00e4mp\u00f6tila oli hieman toistakymment\u00e4 astetta, pilvipoutaa eik\u00e4 tuulikaan juuri h\u00e4irinnyt kuin ehk\u00e4 hieman rantaosuuksilla.<\/p>\n<p>Tulokset l\u00f6ytyv\u00e4t <a title=\"Kuopio maraton 2012 tulokset\" href=\"http:\/\/www.pohjois-savonliikunta.fi\/kuopio-maraton\/tulokset2\/\" target=\"_blank\">t\u00e4\u00e4lt\u00e4<\/a>.<\/p>\n<p>Alla linkki kuva-albumiin, jossa 194 kuvaa l\u00e4hd\u00f6st\u00e4, 11.8 km kohdalta satamasta ja maalialueelta. My\u00f6s puolimaratonin palkintojenjaosta on muutama kuva. Kuvat \u00a9Markku Rantama (188) ja \u00a9Marjatta R\u00e4s\u00e4nen (6). Klikkaa alla olevaa pikkukuvaa avataksesi albumin.<\/p>\n<p>&nbsp;<\/p>\n<table style=\"width: 194px;\">\n<tbody>\n<tr>\n<td style=\"height: 194px; background: url('https:\/\/picasaweb.google.com\/s\/c\/transparent_album_background.gif') no-repeat left;\" align=\"center\"><a href=\"https:\/\/picasaweb.google.com\/110862520886183653495\/KuopioMaraton192012?authuser=0&amp;authkey=Gv1sRgCNS7lID_0OWzxgE&amp;feat=embedwebsite\"><img loading=\"lazy\" decoding=\"async\" style=\"margin: 1px 0 0 4px;\" src=\"https:\/\/lh4.googleusercontent.com\/-uOJBdZpXptM\/UEObriQ7llE\/AAAAAAAABl0\/ZR9H-sfKjNQ\/s160-c\/KuopioMaraton192012.jpg\" alt=\"\" width=\"160\" height=\"160\" \/><\/a><\/td>\n<\/tr>\n<tr>\n<td style=\"text-align: center; font-family: arial,sans-serif; font-size: 11px;\"><a style=\"color: #4d4d4d; font-weight: bold; text-decoration: none;\" href=\"https:\/\/picasaweb.google.com\/110862520886183653495\/KuopioMaraton192012?authuser=0&amp;authkey=Gv1sRgCNS7lID_0OWzxgE&amp;feat=embedwebsite\">Kuopio maraton 1.9.2012<\/a><\/td>\n<\/tr>\n<\/tbody>\n<\/table>\n","protected":false},"excerpt":{"rendered":"<p>KUOPIO MARATON 2012 Kuopio maraton juostiin lauantaina 1.9.2012 l\u00e4hes optimaalisessa keliss\u00e4: l\u00e4mp\u00f6tila oli hieman toistakymment\u00e4 astetta, pilvipoutaa eik\u00e4 tuulikaan juuri h\u00e4irinnyt kuin ehk\u00e4 hieman rantaosuuksilla. Tulokset l\u00f6ytyv\u00e4t t\u00e4\u00e4lt\u00e4. Alla linkki kuva-albumiin, jossa 194 kuvaa l\u00e4hd\u00f6st\u00e4, 11.8 km kohdalta satamasta ja maalialueelta. My\u00f6s puolimaratonin palkintojenjaosta on muutama kuva. Kuvat \u00a9Markku Rantama (188) ja \u00a9Marjatta R\u00e4s\u00e4nen (6). &#8230; <a title=\"Kuopio maraton 1.9.2012\" class=\"read-more\" href=\"https:\/\/www.rauhalahtiroadrunners.com\/?page_id=915\" aria-label=\"Lue lis\u00e4\u00e4 aiheesta Kuopio maraton 1.9.2012\">Lue lis\u00e4\u00e4<\/a><\/p>\n","protected":false},"author":3,"featured_media":0,"parent":0,"menu_order":0,"comment_status":"closed","ping_status":"open","template":"","meta":{"footnotes":""},"class_list":["post-915","page","type-page","status-publish"],"_links":{"self":[{"href":"https:\/\/www.rauhalahtiroadrunners.com\/index.php?rest_route=\/wp\/v2\/pages\/915","targetHints":{"allow":["GET"]}}],"collection":[{"href":"https:\/\/www.rauhalahtiroadrunners.com\/index.php?rest_route=\/wp\/v2\/pages"}],"about":[{"href":"https:\/\/www.rauhalahtiroadrunners.com\/index.php?rest_route=\/wp\/v2\/types\/page"}],"author":[{"embeddable":true,"href":"https:\/\/www.rauhalahtiroadrunners.com\/index.php?rest_route=\/wp\/v2\/users\/3"}],"replies":[{"embeddable":true,"href":"https:\/\/www.rauhalahtiroadrunners.com\/index.php?rest_route=%2Fwp%2Fv2%2Fcomments&post=915"}],"version-history":[{"count":1,"href":"https:\/\/www.rauhalahtiroadrunners.com\/index.php?rest_route=\/wp\/v2\/pages\/915\/revisions"}],"predecessor-version":[{"id":918,"href":"https:\/\/www.rauhalahtiroadrunners.com\/index.php?rest_route=\/wp\/v2\/pages\/915\/revisions\/918"}],"wp:attachment":[{"href":"https:\/\/www.rauhalahtiroadrunners.com\/index.php?rest_route=%2Fwp%2Fv2%2Fmedia&parent=915"}],"curies":[{"name":"wp","href":"https:\/\/api.w.org\/{rel}","templated":true}]}}