{"id":899,"date":"2012-08-13T13:48:56","date_gmt":"2012-08-13T10:48:56","guid":{"rendered":"http:\/\/www.rauhalahtiroadrunners.com\/?page_id=899"},"modified":"2012-08-13T13:58:43","modified_gmt":"2012-08-13T10:58:43","slug":"kustaan-kymppi-11-8-2012","status":"publish","type":"page","link":"https:\/\/www.rauhalahtiroadrunners.com\/?page_id=899","title":{"rendered":"Kustaan Kymppi 11.8.2012"},"content":{"rendered":"<p><span style=\"font-size: 14px;\">Kustaan Kymppi juostiin Janakkalassa la 11.8.2012. Mukana oli my\u00f6s pari RRR-l\u00e4ist\u00e4. Ohessa kuvat ja tulokset\u00a0 kuvien alla.<\/span><\/p>\n<p><img loading=\"lazy\" decoding=\"async\" title=\"Anu ja Tuula\" src=\"http:\/\/www.rauhalahtiroadrunners.com\/kuvat\/2012\/2012_Kustaan_Kymppi1.jpg\" alt=\"Anu ja Tuula\" width=\"640\" height=\"480\" \/><\/p>\n<p><img loading=\"lazy\" decoding=\"async\" title=\"Anu\" src=\"http:\/\/www.rauhalahtiroadrunners.com\/kuvat\/2012\/2012_Kustaan_Kymppi2.jpg\" alt=\"Anu\" width=\"640\" height=\"480\" \/><\/p>\n<p>&nbsp;<\/p>\n<p><span style=\"font-size: 14px;\"><strong>Tulokset:<\/strong><\/span><\/p>\n<p align=\"LEFT\">MYL\/10.8 km<\/p>\n<p align=\"LEFT\">1) Alexey Smirnov Joken Talli 36.58, 2) Samuli Rantala JanJa 39.50, 3) Jussi Aronen Valkeakoski<\/p>\n<p align=\"LEFT\">40.39, 4) Mikko Aronen Valkeakoski 41.10, 5) Taamu Paananen Asikkalan Raikas 41.34, 6) Samu<\/p>\n<p align=\"LEFT\">Sippola HML :n HS 42.49, 7) Paavo Ranta Hyvink\u00e4\u00e4n HS 43.48, 8) H\u00e5kan Cederlund HOKKU FF<\/p>\n<p align=\"LEFT\">54.40, 9) Iikka Lankinen HML:n Suunnistajat 56.06,<\/p>\n<p align=\"LEFT\">M40\/10.8 km<\/p>\n<p align=\"LEFT\">1) Juha Hietanen Endurance 38.48, 2) Kari Virtanen H\u00e4mTa 38.59, 3) Pertti Koskela TurSa 39.18, 4)<\/p>\n<p align=\"LEFT\">Hannu Korkalainen Rautavaaran Isku 39.34, 5) Janne Tuhkalainen Hollola 40.37, 6) Seppo Laaksonen<\/p>\n<p align=\"LEFT\">Veho 42.07, 7) Jarkko Salmelin Oy Ekocoil 43.55, 8) Jarmo Havula HTH 44.05, 9) Kimmo Lev\u00e4<\/p>\n<p align=\"LEFT\">H\u00e4mTa 44.11, 10) Vesa Kokkonen 47.36, 11) Erkki Itkonen HML 49.47,<\/p>\n<p align=\"LEFT\">M50\/10.8 km<\/p>\n<p align=\"LEFT\">1) Kari Suominen Joken Talli 38.00, 2) Viljo Kirjavainen Hauhon Sisu 40.01, 3) Eero Lehtinen Joken<\/p>\n<p align=\"LEFT\">Talli 40.08, 4) Silvo Ketonen JanJa 44.58, 5) Leo Kallio H\u00e4mTa 45.44, 6) Voitto Mattila Tampereen<\/p>\n<p align=\"LEFT\">HS 50.24, 7) Ulf Heimberg Skogby IK 52.57,<\/p>\n<p align=\"LEFT\">M60\/10.8 km<\/p>\n<p align=\"LEFT\">1) Lauri Koivuranta Joken Talli 43.19, 2) Auvo Kouvo Kuusankoski 45.32, 3) Janne Ylitalo Renko<\/p>\n<p align=\"LEFT\">46.15, 4) Pekka Kiviharju H\u00e4mTa 49.50, 5) Rauno Nyk\u00e4nen Lemp\u00e4\u00e4l\u00e4 50.00, 6) Eero Peltola Joken<\/p>\n<p align=\"LEFT\">Talli 50.41, 7) Esko V\u00e4h\u00e4kainu RK-V 53.43, 8) Pekka M\u00e4kinen RK-V 78.00,<\/p>\n<p align=\"LEFT\">NYL\/10.8 km<\/p>\n<p align=\"LEFT\">1) Katja J\u00e4rvel\u00e4 Jyv\u00e4skyl\u00e4n Kentt\u00e4urheilijat 42.29, 2) Jenita Kokkonen HML 52.12, 3) Sanni Rantala<\/p>\n<p align=\"LEFT\">JanJa 52.24,<\/p>\n<p align=\"LEFT\">N40\/10.8 km<\/p>\n<p align=\"LEFT\">1) Leena Pyssysalo Keski-Uudenmaan yleisurheilu 45.57, 2) Anu Ojanen Rauhalahti Road Runners<\/p>\n<p align=\"LEFT\">49.56, 3) Sari Ketonen JanJa 51.02,<\/p>\n<p align=\"LEFT\">N50\/10.8 km<\/p>\n<p align=\"LEFT\">1) Tuula Yrj\u00f6l\u00e4 H\u00e4mTa 49.07, 2) Tuula Pyykk\u00f6nen Hollola 54.03, 3) Riitta Rasimus RK-V 54.44, 4)<\/p>\n<p align=\"LEFT\">Sirkka Laakso H\u00e4mTa 57.10, 5) Merja Kokkonen HML 58.57, 6) Louise Andersin-Lintum\u00e4ki Equus<\/p>\n<p align=\"LEFT\">64.23,<\/p>\n<p align=\"LEFT\">MH\/10.8 km<\/p>\n<p align=\"LEFT\">1) Vesa Ylis-Junttila HLS 44.48, 2) Ville Pienr\u00e4ih\u00e4 TTT 45.44, 3) Joakim Pyttynen H\u00e4mTa 46.50, 4)<\/p>\n<p align=\"LEFT\">Tom Karppinen Renko 47.43, 5) Jere Raatikainen Ri Kisko 48.10, 6) Niko Raatikainen Ri Kisko 48.46,<\/p>\n<p align=\"LEFT\">7) Pasi Salmi St. Laurentius 49.15, 8) Kai Samelin H\u00e4meenlinnan HS 49.27, 9) Tom ja Lotta Lindqvist<\/p>\n<p align=\"LEFT\">Tervassa juoksijat 50.20, 10) Simo Nurminen SC Urbans 50.27, 11) Teemu Arkkila SC Urbans 50.27,<\/p>\n<p align=\"LEFT\">12) Ilkka L\u00f6yttyniemi Turenki 51.49, 13) Olli Jaakonsaari JanJa 51.54, 14) Joonas Arkkila SC Urbans<\/p>\n<p align=\"LEFT\">52.53, 15) Ismo Salonen Jokimaan Er\u00e4miehet ry 53.27, 16) Aulis Laakso St. Laurentius 53.58, 17)<\/p>\n<p align=\"LEFT\">Eero Kaukola St. Laurentius 54.27, 18) Vili Ketonen JanJa 54.49, 19) Markku M\u00e4kel\u00e4 Tuulos 56.09,<\/p>\n<p align=\"LEFT\">20) Jarno Lahti Kuljetusliike Veijo Lahti 56.33, 21) Jukka Nummikoski SC TOP 57.10, 22) Juha-<\/p>\n<p align=\"LEFT\">Pekka Arkkila St. Laurentius 58.57, 23) Tapani T\u00f6rnqvist Kerava 59.08, 24) Kalevi Ilmarinen Turenki<\/p>\n<p align=\"LEFT\">64.04, 25) Jaakko Nummikoski SC Top 68.37, 26) Yrj\u00f6 Kurkela 70.53, 27) Pekka Niittym\u00e4ki PN<\/p>\n<p align=\"LEFT\">S\u00e4hk\u00f6huolto 72.37, 28) Hans Falck Bromarf 81.03, 29) Eemeli Ollila 93.02,<\/p>\n<p align=\"LEFT\">NH\/10.8 km<\/p>\n<p align=\"LEFT\">1) Johanna Niittym\u00e4ki 50.25, 2) Erika Pyssysalo Tuusulan Voima-Veikot 55.15, 3) Maria Svetloff<\/p>\n<p align=\"LEFT\">56.18, 4) Marjut H\u00e4nninen 61.10, 5) Pirjo Vuorinen Suuntavaisto SK 68.13, 6) Maritta Aronen<\/p>\n<p align=\"LEFT\">Valkeakoski 68.36, 7) Marjo Mattila Tervassa juoksijat 68.36, 8) Riitta Lehtonen TurSa 70.22, 9) Paula<\/p>\n<p align=\"LEFT\">Rantanen 74.43, 10) Netta Rantanen 74.43, 11) Inka-Maaria N\u00e4kk\u00e4l\u00e4j\u00e4rvi 93.04,<\/p>\n<p align=\"LEFT\">P14\/3.0 km<\/p>\n<p align=\"LEFT\">1) Sulo Aalto JanJa 14.14, 2) Ville-Matias Jylh\u00e4 JanJa 14.15, 3) Tom Kuitunen 16.10, 4) Teemu<\/p>\n<p align=\"LEFT\">Ketonen JanJa 16.52, 5) Aaro Salmelin H\u00e4mTa 17.05,<\/p>\n<p align=\"LEFT\">P16\/3.0 km<\/p>\n<p align=\"LEFT\">1) Lassi Sippola TL Sippola Oy 13.30,<\/p>\n<p align=\"LEFT\">T14\/3.0 km<\/p>\n<p align=\"LEFT\">1) Anni Salmelin HML:n Uimaseura 19.31,<\/p>\n<p align=\"LEFT\">SAU\/6.0 km<\/p>\n<p align=\"LEFT\">1) Veikko Karttunen KuSVu 36.07, 2) Tuula Karttunen Turun Valpas 37.10, 3) Liisa Arbelius Vantaa<\/p>\n<p align=\"LEFT\">45.31, 4) Pauli Arbelius Vantaa 45.31, 5) Juhani Nurmi Riihim\u00e4en Kisko 45.33, 6) Kaisa Lehtinen<\/p>\n<p align=\"LEFT\">J\u00e4rvenp\u00e4\u00e4 45.34, 7) Usko Lind Nurmij\u00e4rvi 45.37, 8) Leena M\u00e4kel\u00e4 46.43, 9) Jarmo Harju Turun<\/p>\n<p align=\"LEFT\">Valpas 47.12, 10) Pertti M\u00e4kel\u00e4 Jan reservil\u00e4iset 49.48, 11) Pekka Koskinen Jan reservil\u00e4iset 49.53,<\/p>\n<p align=\"LEFT\">12) Anki Hindren 52.19,<\/p>\n<p align=\"LEFT\">KUN\/10.8 km<\/p>\n<p align=\"LEFT\">1) Petteri Aalto JanJa 20.55, 2) Jere Kuitunen 22.55, 3) Tommi Ansio 24.14, 4) P\u00e4ivi M\u00e4kinen 28.53,<\/p>\n<p align=\"LEFT\">5) Sanna Rantanen HML:n Hitaat 29.18, 6) Pertti Rantanen HML:n Hitaat 29.19, 7) Rauno Nivalainen<\/p>\n<p align=\"LEFT\">Janakkalan reservil\u00e4iset 33.32, 8) Sampo Hartikainen Janakkala reservil\u00e4iset\/JanJa 33.32, 9) Suvi<\/p>\n<p align=\"LEFT\">Isokallio 45.32, 10) Minna Isokallio 45.35, 11) Osmo Isokallio 45.38, 12) Reijo Hietanen L\u00f6yttym\u00e4ki<\/p>\n<p>49.51.<\/p>\n","protected":false},"excerpt":{"rendered":"<p>Kustaan Kymppi juostiin Janakkalassa la 11.8.2012. Mukana oli my\u00f6s pari RRR-l\u00e4ist\u00e4. Ohessa kuvat ja tulokset\u00a0 kuvien alla. &nbsp; Tulokset: MYL\/10.8 km 1) Alexey Smirnov Joken Talli 36.58, 2) Samuli Rantala JanJa 39.50, 3) Jussi Aronen Valkeakoski 40.39, 4) Mikko Aronen Valkeakoski 41.10, 5) Taamu Paananen Asikkalan Raikas 41.34, 6) Samu Sippola HML :n HS 42.49, &#8230; <a title=\"Kustaan Kymppi 11.8.2012\" class=\"read-more\" href=\"https:\/\/www.rauhalahtiroadrunners.com\/?page_id=899\" aria-label=\"Lue lis\u00e4\u00e4 aiheesta Kustaan Kymppi 11.8.2012\">Lue lis\u00e4\u00e4<\/a><\/p>\n","protected":false},"author":3,"featured_media":0,"parent":0,"menu_order":0,"comment_status":"closed","ping_status":"open","template":"","meta":{"footnotes":""},"class_list":["post-899","page","type-page","status-publish"],"_links":{"self":[{"href":"https:\/\/www.rauhalahtiroadrunners.com\/index.php?rest_route=\/wp\/v2\/pages\/899","targetHints":{"allow":["GET"]}}],"collection":[{"href":"https:\/\/www.rauhalahtiroadrunners.com\/index.php?rest_route=\/wp\/v2\/pages"}],"about":[{"href":"https:\/\/www.rauhalahtiroadrunners.com\/index.php?rest_route=\/wp\/v2\/types\/page"}],"author":[{"embeddable":true,"href":"https:\/\/www.rauhalahtiroadrunners.com\/index.php?rest_route=\/wp\/v2\/users\/3"}],"replies":[{"embeddable":true,"href":"https:\/\/www.rauhalahtiroadrunners.com\/index.php?rest_route=%2Fwp%2Fv2%2Fcomments&post=899"}],"version-history":[{"count":1,"href":"https:\/\/www.rauhalahtiroadrunners.com\/index.php?rest_route=\/wp\/v2\/pages\/899\/revisions"}],"predecessor-version":[{"id":900,"href":"https:\/\/www.rauhalahtiroadrunners.com\/index.php?rest_route=\/wp\/v2\/pages\/899\/revisions\/900"}],"wp:attachment":[{"href":"https:\/\/www.rauhalahtiroadrunners.com\/index.php?rest_route=%2Fwp%2Fv2%2Fmedia&parent=899"}],"curies":[{"name":"wp","href":"https:\/\/api.w.org\/{rel}","templated":true}]}}