{"id":887,"date":"2012-08-06T23:07:38","date_gmt":"2012-08-06T20:07:38","guid":{"rendered":"http:\/\/www.rauhalahtiroadrunners.com\/?page_id=887"},"modified":"2012-08-22T19:12:39","modified_gmt":"2012-08-22T16:12:39","slug":"kuusaan-maraton-2012","status":"publish","type":"page","link":"https:\/\/www.rauhalahtiroadrunners.com\/?page_id=887","title":{"rendered":"Kuusaan maraton 2012"},"content":{"rendered":"<p><a title=\"Kuusaan maraton\" href=\"http:\/\/www.kuusaa.com\/kuusaan-maraton\" target=\"_blank\"><span style=\"font-size: 16px;\"><strong>Kuusaan maraton 2012<\/strong><\/span><br \/>\n<\/a><span style=\"font-size: 16px;\"><strong>Haapaj\u00e4rvi 4.8.2012<\/strong><\/span><\/p>\n<p>T\u00e4ss\u00e4 Juha Vallan kisaraportti:<\/p>\n<p><em>Haapaj\u00e4rven Kuusaan kyl\u00e4ll\u00e4 j\u00e4rjestettiin\u00a0 lauantaina 4.8.12 mukava pikkuinen \u201dmaaseutuhenkinen\u201d juoksutapahtuma. Osallistujia eri juoksumatkoilla oli 116,\u00a0 joista t\u00e4ydell\u00e4 30 ja puolikkaalla 54 juoksijaa. Vett\u00e4 saatiin niskaan tasaisen tappavaan tahtiin ja ukkosen jyrin\u00e4 sek\u00e4 salamointi loi omaa tunnelmaansa happirikkaalla reitill\u00e4.\u00a0 Muutoin s\u00e4\u00e4 oli l\u00e4hes tuuleton l\u00e4mp\u00f6mittarin n\u00e4ytt\u00e4ess\u00e4 +16 C ja ilman suhteellisen kosteuden ollessa 80-90 %. T\u00e4ydell\u00e4 maratonilla olleet\u00a0 kiersiv\u00e4t Kuusaanj\u00e4rven ymp\u00e4ri kolme kertaa. Reitti oli melko tasainen ja juoksumatkalle osui oikeastaan vain yksi pitk\u00e4 loivahko nousu joka juostiin yl\u00f6s siis kolmesti.<\/em><\/p>\n<p><a title=\"Kuusaan maraton 2012 tulokset\" href=\"http:\/\/www.rauhalahtiroadrunners.com\/?page_id=886\">Tulokset<\/a><\/p>\n<p>Juhan kuvia (klikkaa suuremmaksi):<\/p>\n<div id='gallery-1' class='gallery galleryid-887 gallery-columns-3 gallery-size-thumbnail'><figure class='gallery-item'>\n\t\t\t<div class='gallery-icon portrait'>\n\t\t\t\t<a href='https:\/\/www.rauhalahtiroadrunners.com\/wordpress_rrr\/wp-content\/uploads\/2012\/08\/2012_Kuusaa_0006.jpg'><img loading=\"lazy\" decoding=\"async\" width=\"150\" height=\"150\" src=\"https:\/\/www.rauhalahtiroadrunners.com\/wordpress_rrr\/wp-content\/uploads\/2012\/08\/2012_Kuusaa_0006-150x150.jpg\" class=\"attachment-thumbnail size-thumbnail\" alt=\"\" srcset=\"https:\/\/www.rauhalahtiroadrunners.com\/wordpress_rrr\/wp-content\/uploads\/2012\/08\/2012_Kuusaa_0006-150x150.jpg 150w, https:\/\/www.rauhalahtiroadrunners.com\/wordpress_rrr\/wp-content\/uploads\/2012\/08\/2012_Kuusaa_0006-96x96.jpg 96w, https:\/\/www.rauhalahtiroadrunners.com\/wordpress_rrr\/wp-content\/uploads\/2012\/08\/2012_Kuusaa_0006-24x24.jpg 24w, https:\/\/www.rauhalahtiroadrunners.com\/wordpress_rrr\/wp-content\/uploads\/2012\/08\/2012_Kuusaa_0006-36x36.jpg 36w, https:\/\/www.rauhalahtiroadrunners.com\/wordpress_rrr\/wp-content\/uploads\/2012\/08\/2012_Kuusaa_0006-48x48.jpg 48w, https:\/\/www.rauhalahtiroadrunners.com\/wordpress_rrr\/wp-content\/uploads\/2012\/08\/2012_Kuusaa_0006-64x64.jpg 64w\" sizes=\"auto, (max-width: 150px) 100vw, 150px\" \/><\/a>\n\t\t\t<\/div><\/figure><figure class='gallery-item'>\n\t\t\t<div class='gallery-icon portrait'>\n\t\t\t\t<a href='https:\/\/www.rauhalahtiroadrunners.com\/wordpress_rrr\/wp-content\/uploads\/2012\/08\/2012_Kuusaa_0005.jpg'><img loading=\"lazy\" decoding=\"async\" width=\"150\" height=\"150\" src=\"https:\/\/www.rauhalahtiroadrunners.com\/wordpress_rrr\/wp-content\/uploads\/2012\/08\/2012_Kuusaa_0005-150x150.jpg\" class=\"attachment-thumbnail size-thumbnail\" alt=\"\" srcset=\"https:\/\/www.rauhalahtiroadrunners.com\/wordpress_rrr\/wp-content\/uploads\/2012\/08\/2012_Kuusaa_0005-150x150.jpg 150w, https:\/\/www.rauhalahtiroadrunners.com\/wordpress_rrr\/wp-content\/uploads\/2012\/08\/2012_Kuusaa_0005-96x96.jpg 96w, https:\/\/www.rauhalahtiroadrunners.com\/wordpress_rrr\/wp-content\/uploads\/2012\/08\/2012_Kuusaa_0005-24x24.jpg 24w, https:\/\/www.rauhalahtiroadrunners.com\/wordpress_rrr\/wp-content\/uploads\/2012\/08\/2012_Kuusaa_0005-36x36.jpg 36w, https:\/\/www.rauhalahtiroadrunners.com\/wordpress_rrr\/wp-content\/uploads\/2012\/08\/2012_Kuusaa_0005-48x48.jpg 48w, https:\/\/www.rauhalahtiroadrunners.com\/wordpress_rrr\/wp-content\/uploads\/2012\/08\/2012_Kuusaa_0005-64x64.jpg 64w\" sizes=\"auto, (max-width: 150px) 100vw, 150px\" \/><\/a>\n\t\t\t<\/div><\/figure><figure class='gallery-item'>\n\t\t\t<div class='gallery-icon landscape'>\n\t\t\t\t<a href='https:\/\/www.rauhalahtiroadrunners.com\/wordpress_rrr\/wp-content\/uploads\/2012\/08\/2012_Kuusaa_0004.jpg'><img loading=\"lazy\" decoding=\"async\" width=\"150\" height=\"150\" src=\"https:\/\/www.rauhalahtiroadrunners.com\/wordpress_rrr\/wp-content\/uploads\/2012\/08\/2012_Kuusaa_0004-150x150.jpg\" class=\"attachment-thumbnail size-thumbnail\" alt=\"\" srcset=\"https:\/\/www.rauhalahtiroadrunners.com\/wordpress_rrr\/wp-content\/uploads\/2012\/08\/2012_Kuusaa_0004-150x150.jpg 150w, https:\/\/www.rauhalahtiroadrunners.com\/wordpress_rrr\/wp-content\/uploads\/2012\/08\/2012_Kuusaa_0004-96x96.jpg 96w, https:\/\/www.rauhalahtiroadrunners.com\/wordpress_rrr\/wp-content\/uploads\/2012\/08\/2012_Kuusaa_0004-24x24.jpg 24w, https:\/\/www.rauhalahtiroadrunners.com\/wordpress_rrr\/wp-content\/uploads\/2012\/08\/2012_Kuusaa_0004-36x36.jpg 36w, https:\/\/www.rauhalahtiroadrunners.com\/wordpress_rrr\/wp-content\/uploads\/2012\/08\/2012_Kuusaa_0004-48x48.jpg 48w, https:\/\/www.rauhalahtiroadrunners.com\/wordpress_rrr\/wp-content\/uploads\/2012\/08\/2012_Kuusaa_0004-64x64.jpg 64w\" sizes=\"auto, (max-width: 150px) 100vw, 150px\" \/><\/a>\n\t\t\t<\/div><\/figure><figure class='gallery-item'>\n\t\t\t<div class='gallery-icon portrait'>\n\t\t\t\t<a href='https:\/\/www.rauhalahtiroadrunners.com\/wordpress_rrr\/wp-content\/uploads\/2012\/08\/2012_Kuusaa_0003.jpg'><img loading=\"lazy\" decoding=\"async\" width=\"150\" height=\"150\" src=\"https:\/\/www.rauhalahtiroadrunners.com\/wordpress_rrr\/wp-content\/uploads\/2012\/08\/2012_Kuusaa_0003-150x150.jpg\" class=\"attachment-thumbnail size-thumbnail\" alt=\"\" srcset=\"https:\/\/www.rauhalahtiroadrunners.com\/wordpress_rrr\/wp-content\/uploads\/2012\/08\/2012_Kuusaa_0003-150x150.jpg 150w, https:\/\/www.rauhalahtiroadrunners.com\/wordpress_rrr\/wp-content\/uploads\/2012\/08\/2012_Kuusaa_0003-96x96.jpg 96w, https:\/\/www.rauhalahtiroadrunners.com\/wordpress_rrr\/wp-content\/uploads\/2012\/08\/2012_Kuusaa_0003-24x24.jpg 24w, https:\/\/www.rauhalahtiroadrunners.com\/wordpress_rrr\/wp-content\/uploads\/2012\/08\/2012_Kuusaa_0003-36x36.jpg 36w, https:\/\/www.rauhalahtiroadrunners.com\/wordpress_rrr\/wp-content\/uploads\/2012\/08\/2012_Kuusaa_0003-48x48.jpg 48w, https:\/\/www.rauhalahtiroadrunners.com\/wordpress_rrr\/wp-content\/uploads\/2012\/08\/2012_Kuusaa_0003-64x64.jpg 64w\" sizes=\"auto, (max-width: 150px) 100vw, 150px\" \/><\/a>\n\t\t\t<\/div><\/figure><figure class='gallery-item'>\n\t\t\t<div class='gallery-icon landscape'>\n\t\t\t\t<a href='https:\/\/www.rauhalahtiroadrunners.com\/wordpress_rrr\/wp-content\/uploads\/2012\/08\/2012_Kuusaa_0002.jpg'><img loading=\"lazy\" decoding=\"async\" width=\"150\" height=\"150\" src=\"https:\/\/www.rauhalahtiroadrunners.com\/wordpress_rrr\/wp-content\/uploads\/2012\/08\/2012_Kuusaa_0002-150x150.jpg\" class=\"attachment-thumbnail size-thumbnail\" alt=\"\" srcset=\"https:\/\/www.rauhalahtiroadrunners.com\/wordpress_rrr\/wp-content\/uploads\/2012\/08\/2012_Kuusaa_0002-150x150.jpg 150w, https:\/\/www.rauhalahtiroadrunners.com\/wordpress_rrr\/wp-content\/uploads\/2012\/08\/2012_Kuusaa_0002-96x96.jpg 96w, https:\/\/www.rauhalahtiroadrunners.com\/wordpress_rrr\/wp-content\/uploads\/2012\/08\/2012_Kuusaa_0002-24x24.jpg 24w, https:\/\/www.rauhalahtiroadrunners.com\/wordpress_rrr\/wp-content\/uploads\/2012\/08\/2012_Kuusaa_0002-36x36.jpg 36w, https:\/\/www.rauhalahtiroadrunners.com\/wordpress_rrr\/wp-content\/uploads\/2012\/08\/2012_Kuusaa_0002-48x48.jpg 48w, https:\/\/www.rauhalahtiroadrunners.com\/wordpress_rrr\/wp-content\/uploads\/2012\/08\/2012_Kuusaa_0002-64x64.jpg 64w\" sizes=\"auto, (max-width: 150px) 100vw, 150px\" \/><\/a>\n\t\t\t<\/div><\/figure><figure class='gallery-item'>\n\t\t\t<div class='gallery-icon landscape'>\n\t\t\t\t<a href='https:\/\/www.rauhalahtiroadrunners.com\/wordpress_rrr\/wp-content\/uploads\/2012\/08\/2012_Kuusaa_0001.jpg'><img loading=\"lazy\" decoding=\"async\" width=\"150\" height=\"150\" src=\"https:\/\/www.rauhalahtiroadrunners.com\/wordpress_rrr\/wp-content\/uploads\/2012\/08\/2012_Kuusaa_0001-150x150.jpg\" class=\"attachment-thumbnail size-thumbnail\" alt=\"\" srcset=\"https:\/\/www.rauhalahtiroadrunners.com\/wordpress_rrr\/wp-content\/uploads\/2012\/08\/2012_Kuusaa_0001-150x150.jpg 150w, https:\/\/www.rauhalahtiroadrunners.com\/wordpress_rrr\/wp-content\/uploads\/2012\/08\/2012_Kuusaa_0001-96x96.jpg 96w, https:\/\/www.rauhalahtiroadrunners.com\/wordpress_rrr\/wp-content\/uploads\/2012\/08\/2012_Kuusaa_0001-24x24.jpg 24w, https:\/\/www.rauhalahtiroadrunners.com\/wordpress_rrr\/wp-content\/uploads\/2012\/08\/2012_Kuusaa_0001-36x36.jpg 36w, https:\/\/www.rauhalahtiroadrunners.com\/wordpress_rrr\/wp-content\/uploads\/2012\/08\/2012_Kuusaa_0001-48x48.jpg 48w, https:\/\/www.rauhalahtiroadrunners.com\/wordpress_rrr\/wp-content\/uploads\/2012\/08\/2012_Kuusaa_0001-64x64.jpg 64w\" sizes=\"auto, (max-width: 150px) 100vw, 150px\" \/><\/a>\n\t\t\t<\/div><\/figure>\n\t\t<\/div>\n\n","protected":false},"excerpt":{"rendered":"<p>Kuusaan maraton 2012 Haapaj\u00e4rvi 4.8.2012 T\u00e4ss\u00e4 Juha Vallan kisaraportti: Haapaj\u00e4rven Kuusaan kyl\u00e4ll\u00e4 j\u00e4rjestettiin\u00a0 lauantaina 4.8.12 mukava pikkuinen \u201dmaaseutuhenkinen\u201d juoksutapahtuma. Osallistujia eri juoksumatkoilla oli 116,\u00a0 joista t\u00e4ydell\u00e4 30 ja puolikkaalla 54 juoksijaa. Vett\u00e4 saatiin niskaan tasaisen tappavaan tahtiin ja ukkosen jyrin\u00e4 sek\u00e4 salamointi loi omaa tunnelmaansa happirikkaalla reitill\u00e4.\u00a0 Muutoin s\u00e4\u00e4 oli l\u00e4hes tuuleton l\u00e4mp\u00f6mittarin n\u00e4ytt\u00e4ess\u00e4 +16 &#8230; <a title=\"Kuusaan maraton 2012\" class=\"read-more\" href=\"https:\/\/www.rauhalahtiroadrunners.com\/?page_id=887\" aria-label=\"Lue lis\u00e4\u00e4 aiheesta Kuusaan maraton 2012\">Lue lis\u00e4\u00e4<\/a><\/p>\n","protected":false},"author":3,"featured_media":0,"parent":0,"menu_order":0,"comment_status":"closed","ping_status":"open","template":"","meta":{"footnotes":""},"class_list":["post-887","page","type-page","status-publish"],"_links":{"self":[{"href":"https:\/\/www.rauhalahtiroadrunners.com\/index.php?rest_route=\/wp\/v2\/pages\/887","targetHints":{"allow":["GET"]}}],"collection":[{"href":"https:\/\/www.rauhalahtiroadrunners.com\/index.php?rest_route=\/wp\/v2\/pages"}],"about":[{"href":"https:\/\/www.rauhalahtiroadrunners.com\/index.php?rest_route=\/wp\/v2\/types\/page"}],"author":[{"embeddable":true,"href":"https:\/\/www.rauhalahtiroadrunners.com\/index.php?rest_route=\/wp\/v2\/users\/3"}],"replies":[{"embeddable":true,"href":"https:\/\/www.rauhalahtiroadrunners.com\/index.php?rest_route=%2Fwp%2Fv2%2Fcomments&post=887"}],"version-history":[{"count":1,"href":"https:\/\/www.rauhalahtiroadrunners.com\/index.php?rest_route=\/wp\/v2\/pages\/887\/revisions"}],"predecessor-version":[{"id":894,"href":"https:\/\/www.rauhalahtiroadrunners.com\/index.php?rest_route=\/wp\/v2\/pages\/887\/revisions\/894"}],"wp:attachment":[{"href":"https:\/\/www.rauhalahtiroadrunners.com\/index.php?rest_route=%2Fwp%2Fv2%2Fmedia&parent=887"}],"curies":[{"name":"wp","href":"https:\/\/api.w.org\/{rel}","templated":true}]}}