{"id":886,"date":"2012-08-06T22:49:10","date_gmt":"2012-08-06T19:49:10","guid":{"rendered":"http:\/\/www.rauhalahtiroadrunners.com\/?page_id=886"},"modified":"2012-08-07T00:06:12","modified_gmt":"2012-08-06T21:06:12","slug":"kuusaan-maraton-2012-tulokset","status":"publish","type":"page","link":"https:\/\/www.rauhalahtiroadrunners.com\/?page_id=886","title":{"rendered":"Kuusaan maraton 2012 tulokset"},"content":{"rendered":"<h2>Kuusaan Maraton 2012<\/h2>\n<h2>Kuusaa 4.8.2012 (Haapaj\u00e4rvi)<\/h2>\n<p><strong>TULOKSET<\/strong><\/p>\n<p>M Maraton<\/p>\n<p>1. Tomi Tuominiemi\u00a0 TuntTaist\u00a0 3.23.08<\/p>\n<p>2. Alpo Vornanen M\u00e4nVe 4.24.26<\/p>\n<p>3. Reijo Parkkila Ylivieska 4.37.57<\/p>\n<p>4. Vesa-Matti Lumimets\u00e4 LakKi 5.34.13<\/p>\n<p>5. Alf Granvik IFNykn 5.38.05<\/p>\n<p>&nbsp;<\/p>\n<p>M40 Maraton<\/p>\n<p>1. Juha Valta RauhalahtiRR 3.19.44<\/p>\n<p>2. Timo Tollola Earthpac Oy 3.32.58<\/p>\n<p>3. Jouni Teppo Lieto 3.38.15<\/p>\n<p>4. Timo Repo Mikkeli 4.48.05<\/p>\n<p>&nbsp;<\/p>\n<p>M50 Maraton<\/p>\n<p>1. Antti Jylh\u00e4 RauhalRR 3.25.12<\/p>\n<p>2. Tarmo Immonen KajKuo 4.02.47<\/p>\n<p>3. Harri Toivonen SaarPu 4.03.02<\/p>\n<p>4. Tenho Tulppo AMC Rovaniemi 4.18.27<\/p>\n<p>5. Heikki Kivel\u00e4 K\u00e4lvTa 4.27.35<\/p>\n<p>&nbsp;<\/p>\n<p>M60 Maraton<\/p>\n<p>1. Matti Teirikko MaratonklKemp 3.41.31<\/p>\n<p>2. Pekka Rutanen EndurIittala 3.43.00<\/p>\n<p>3. Paavo Pajunen Mikkeli 3.55.36<\/p>\n<p>4. Raimo M\u00e4ntym\u00e4ki AaatLa 4.35.30<\/p>\n<p>5. Leo Ryypp\u00f6 Tampere 5.25.28<\/p>\n<p>6. Terho Pekkinen ToholU 7.00.13<\/p>\n<p>7. Seppo Laukkanen PielSa\u00a0 DNF (kesk)<\/p>\n<p>&nbsp;<\/p>\n<p>M70 Maraton<\/p>\n<p>1. Mauri JV \u00d6ljym\u00e4ki H\u00e4jyt Vaasa 5.38.05<\/p>\n<p>&nbsp;<\/p>\n<p>N Maraton<\/p>\n<p>1. Elli \u00d6versti Kaljoki 3.50.40<\/p>\n<p>2. Riikka Burke Nilsi\u00e4 3.51.00<\/p>\n<p>3. Vuokko Roivainen Varpaisj\u00e4rvi 4.01.05<\/p>\n<p>4. Sirpa Partinen Kouvola 4.14.14<\/p>\n<p>5. Sari Kopola Haapaj\u00e4rvi 4.29.40<\/p>\n<p>6.Teija Junninen RauhalRR DNF (kesk.)<\/p>\n<p>&nbsp;<\/p>\n<p>N50 Maraton<\/p>\n<p>1. Eeva Tulppo RovanAMC 4.08.30<\/p>\n<p>2. Heli Salo Kalajoki 5.20.30<\/p>\n<p>&nbsp;<\/p>\n<p>M Puolimaraton<\/p>\n<p>1. Arttu K\u00e4rki\u00f6 KeitKu 1.17.20<\/p>\n<p>2. Jussi Nurmi Rosenlew RKW\u00a0 1.18.04<\/p>\n<p>3. Timo Salonen ToholU 1.30.33<\/p>\n<p>4. Ismo Harmaala Kellokoski 1.38.39<\/p>\n<p>5. Arto Huhtanen Ylivieska 1.38.56<\/p>\n<p>6. Juhani Tikkanen Ylivieska 1.42.43<\/p>\n<p>7. Perttu Hintsala Haapaj\u00e4rvi 1.53.50<\/p>\n<p>8. Ville Pulli Haapaj\u00e4rvi 1.56.51<\/p>\n<p>9. Veli-Matti Leip\u00e4l\u00e4 HaapajKi 2.00.45<\/p>\n<p>10. Kari Siiri Jyv\u00e4skyl\u00e4 2.07.49<\/p>\n<p>11. Antti Salonen Haapavesi 2.17.50<\/p>\n<p>12. Miika J\u00e4rvel\u00e4 UllKi 2.19.00<\/p>\n<p>Jukka Rahkonen PolvijU DNF (kesk)<\/p>\n<p>Aki Siiri Jyv\u00e4skyl\u00e4 DNF (kesk.)<br \/>\nM40 Puolimaraton<\/p>\n<p>1. Matti Lehtonen VaajKu 1.19.08<\/p>\n<p>2. Mika Rantala VaajKuo 1.23.51<\/p>\n<p>3. Ilkka Pekkarinen JuuanJ\u00e4 1.28.37<\/p>\n<p>4. Markku Auvinen KajKuo 1.33.16<\/p>\n<p>5. Jari Kaattari HaapKi 1.37.26<\/p>\n<p>5. Martti M\u00e4kel\u00e4\u00a0 MuurMu 1.37.26<\/p>\n<p>7. Juha Immonen KajKuo 1.39.35<\/p>\n<p>8. Kari Perkki\u00f6 HavU 1.46.26<\/p>\n<p>9. Jussi Ruism\u00e4ki Kuortane 1.46.47<\/p>\n<p>10. Jouni Laajala Haapaj\u00e4rvi 1.48.18<\/p>\n<p>11. Teijo Parttimaa Edsev\u00f6 1.55.14<\/p>\n<p>&nbsp;<\/p>\n<p>M50 Puolimaraton<\/p>\n<p>1. Pertti Hiltunen Ylivieska 1.31.50<\/p>\n<p>2. Veli Suhonen LaKi 1.34.52<\/p>\n<p>3. Jari \u00d6ljym\u00e4ki Vaasa 1.35.03<\/p>\n<p>4. Jukka Kitinprami Vihanti 1.36.21<\/p>\n<p>5. Juha Uusivirta\u00a0 Haapaj\u00e4rvi 1.53.54<\/p>\n<p>&nbsp;<\/p>\n<p>M60 Puolimaraton<\/p>\n<p>1. Markku Jylkk\u00e4 YlivKu 1.40.42<\/p>\n<p>2. Ari Heikkil\u00e4 AlavVi 1.44.21<\/p>\n<p>3. Eero Kainu Vetelin Yritys 1.49.39<\/p>\n<p>4. Veikko Saapunki H\u00e4jyt 1.55.35<\/p>\n<p>5. Urpo Nykyri RonkanKou 1.56.08<\/p>\n<p>6. Sauli J\u00e4rvel\u00e4 Vetelin Yritys 2.19.00<\/p>\n<p>7. Markus Karlsson HOP-HAB-Team 3.47.30<br \/>\nN Puolimaraton<\/p>\n<p>1. Paula Nurmi NakkVire 1.32.14<\/p>\n<p>2. P\u00e4ivi Saartoala\u00a0 Rovaniemi 1.56.08<\/p>\n<p>3. Katri Hautakangas HaapKi 1.56.20<\/p>\n<p>4. Marjo Salolahti Haapaj\u00e4rvi 1.59.18<\/p>\n<p>5. Kaisu Niinikoski Tampere 1.59.19<\/p>\n<p>6. Eeva L\u00e4tti okkola 2.01.21<\/p>\n<p>6. Elisa Luokkanen Lohtaja 2.01.21<\/p>\n<p>8. Milla Salo Leps\u00e4m\u00e4 2.11.54<\/p>\n<p>9. Mirva Salonen Haapavesi 2.26.28<\/p>\n<p>10. Jenni Nurkkala Haapaj\u00e4rvi 2.39.30<\/p>\n<p>&nbsp;<\/p>\n<p>N40 Puolimaraton<\/p>\n<p>1. Leila Kopola LakKi 2.04.59<\/p>\n<p>2. Eija Salo Motala, Ruotsi 2.08.52<\/p>\n<p>3. Leila Nybacka Haapaj\u00e4rvi 2.21.27<\/p>\n<p>4. Maija Marin Oulu 2.23.39<\/p>\n<p>5. Pirjo Borro Kuopio 2.32.05<\/p>\n<p>6. Arja Korhonen Vuorelan Kunto 2.32.06<\/p>\n<p>7. Eeva-Riitta Pappila Pyh\u00e4j\u00e4rvi 2.46.53<br \/>\nM\/N Varttimaraton<\/p>\n<p>1. Markku Isokoski Ylivieska 40.45<\/p>\n<p>2. Juho Salmela HaapKi 47.54<\/p>\n<p>3. Johanna Hoffren MaanMa 48.50<\/p>\n<p>4. Tapio Leip\u00e4l\u00e4 Haapaj\u00e4rvi 52.26<\/p>\n<p>5. Mira Hemmil\u00e4 K\u00e4lvTa 52.30<\/p>\n<p>6. Ville Tuura HaapajKi 53.32<\/p>\n<p>7. Eveliina Lintula K\u00e4rsKa 53.41<\/p>\n<p>8. Veikko Hiekka Vetelin Yritys 54.50<\/p>\n<p>9. Aino Raappana HaapajKi 1.04.00<br \/>\nLasten Maraton 5-7v<\/p>\n<p>1. Valtteri Leskel\u00e4\u00a0 1.18<\/p>\n<p>2. Eetu Hoffren 1.22<\/p>\n<p>3. Sakari Tulppo 1.29<\/p>\n<p>4. Patrik Baro 1.33<\/p>\n<p>5. Juuso Tuura 1.36<\/p>\n<p>6. Marko Koistila 1.41<\/p>\n<p>7. Akseli Tervakoski 2.57<br \/>\nLasten Maraton 3-4v<\/p>\n<p>1. Arttu Hoffren 42<\/p>\n<p>2. Emmi Huhtakallio 1.43<br \/>\nLasten Maraton 8-9v<\/p>\n<p>1. Eino Nikula 3.00<\/p>\n<p>2. Milla Hoffren 3.19<\/p>\n<p>3. Jaakko Koistila 3.29<br \/>\nLasten Maraton 10-11v<\/p>\n<p>1. Jeremias Tervakoski 4.15<\/p>\n<p>2. Riina Leskel\u00e4 4.23<\/p>\n<p>&nbsp;<\/p>\n<p>M\/N Keskipisteen kierros<\/p>\n<p>1. Lotta Baro Ylivieska 1.02.50<\/p>\n<p>2. Osmo Niemi Apex Oy 1.04.16<\/p>\n<p>3. Risto Halonen PattU 1.04.20<\/p>\n<p>4. Tanja L\u00f6ytynoja Oulu 1.05.17<\/p>\n<p>5. Satu Kivioja\u00a0 NivU 1.07.56<\/p>\n<p>6. Carita Punder Haapaj\u00e4rvi 1.11.30<\/p>\n<p>7. Tiina Kivel\u00e4 K\u00e4lvTa 1.26.55<\/p>\n<p>7. Pauli Arbelius Vantaa 1.26.55<\/p>\n<p>7. Liisa Arbelius Vantaa 1.26.55<\/p>\n","protected":false},"excerpt":{"rendered":"<p>Kuusaan Maraton 2012 Kuusaa 4.8.2012 (Haapaj\u00e4rvi) TULOKSET M Maraton 1. Tomi Tuominiemi\u00a0 TuntTaist\u00a0 3.23.08 2. Alpo Vornanen M\u00e4nVe 4.24.26 3. Reijo Parkkila Ylivieska 4.37.57 4. Vesa-Matti Lumimets\u00e4 LakKi 5.34.13 5. Alf Granvik IFNykn 5.38.05 &nbsp; M40 Maraton 1. Juha Valta RauhalahtiRR 3.19.44 2. Timo Tollola Earthpac Oy 3.32.58 3. Jouni Teppo Lieto 3.38.15 4. Timo &#8230; <a title=\"Kuusaan maraton 2012 tulokset\" class=\"read-more\" href=\"https:\/\/www.rauhalahtiroadrunners.com\/?page_id=886\" aria-label=\"Lue lis\u00e4\u00e4 aiheesta Kuusaan maraton 2012 tulokset\">Lue lis\u00e4\u00e4<\/a><\/p>\n","protected":false},"author":3,"featured_media":0,"parent":0,"menu_order":0,"comment_status":"closed","ping_status":"open","template":"","meta":{"footnotes":""},"class_list":["post-886","page","type-page","status-publish"],"_links":{"self":[{"href":"https:\/\/www.rauhalahtiroadrunners.com\/index.php?rest_route=\/wp\/v2\/pages\/886","targetHints":{"allow":["GET"]}}],"collection":[{"href":"https:\/\/www.rauhalahtiroadrunners.com\/index.php?rest_route=\/wp\/v2\/pages"}],"about":[{"href":"https:\/\/www.rauhalahtiroadrunners.com\/index.php?rest_route=\/wp\/v2\/types\/page"}],"author":[{"embeddable":true,"href":"https:\/\/www.rauhalahtiroadrunners.com\/index.php?rest_route=\/wp\/v2\/users\/3"}],"replies":[{"embeddable":true,"href":"https:\/\/www.rauhalahtiroadrunners.com\/index.php?rest_route=%2Fwp%2Fv2%2Fcomments&post=886"}],"version-history":[{"count":1,"href":"https:\/\/www.rauhalahtiroadrunners.com\/index.php?rest_route=\/wp\/v2\/pages\/886\/revisions"}],"predecessor-version":[{"id":897,"href":"https:\/\/www.rauhalahtiroadrunners.com\/index.php?rest_route=\/wp\/v2\/pages\/886\/revisions\/897"}],"wp:attachment":[{"href":"https:\/\/www.rauhalahtiroadrunners.com\/index.php?rest_route=%2Fwp%2Fv2%2Fmedia&parent=886"}],"curies":[{"name":"wp","href":"https:\/\/api.w.org\/{rel}","templated":true}]}}