{"id":865,"date":"2012-07-22T21:30:18","date_gmt":"2012-07-22T18:30:18","guid":{"rendered":"http:\/\/www.rauhalahtiroadrunners.com\/?page_id=865"},"modified":"2012-07-25T14:50:55","modified_gmt":"2012-07-25T11:50:55","slug":"pyhan-olavin-maraton-2012","status":"publish","type":"page","link":"https:\/\/www.rauhalahtiroadrunners.com\/?page_id=865","title":{"rendered":"Pyh\u00e4n Olavin maraton 2012"},"content":{"rendered":"<p>Savonlinnassa juostiin <a title=\"Pyh\u00e4n Olavin maraton\" href=\"http:\/\/www.savonlinnanseudunliikunta.fi\/pyhan-olavin-maraton\/pyhan-olavin-maraton\/juoksu-kavely\/\" target=\"_blank\">Pyh\u00e4n Olavin maraton<\/a> nyt toista kertaa sunnuntaina 22.7.2012. Matkoina olivat 10.7 km, puolimaraton ja maraton.<\/p>\n<p>T\u00e4ss\u00e4 <a title=\"Pyh\u00e4n Olavin maratonin tulokset\" href=\"http:\/\/www.rauhalahtiroadrunners.com\/2012_pyha_olavi_tulokset.htm\" target=\"_blank\">tulokset<\/a>.<\/p>\n<p>Alla Markun kuvasatoa tapahtumasta:<\/p>\n<table style=\"width: 194px;\">\n<tbody>\n<tr>\n<td style=\"height: 194px; background: url('https:\/\/picasaweb.google.com\/s\/c\/transparent_album_background.gif') no-repeat left;\" align=\"center\"><a href=\"https:\/\/picasaweb.google.com\/110862520886183653495\/PyhanOlavinMaraton2272012?authuser=0&amp;authkey=Gv1sRgCIvKyqrav4-3zQE&amp;feat=embedwebsite\" target=\"_blank\"><img loading=\"lazy\" decoding=\"async\" style=\"margin: 1px 0px 0px 4px;\" src=\"https:\/\/lh3.googleusercontent.com\/-efMZzHlwu9k\/UAw7lkz9QME\/AAAAAAAAAyw\/uyLb2jUWHmA\/s160-c\/PyhanOlavinMaraton2272012.jpg\" alt=\"\" width=\"160\" height=\"160\" \/><\/a><\/td>\n<\/tr>\n<tr>\n<td style=\"text-align: center; font-family: arial,sans-serif; font-size: 11px;\"><a style=\"color: #4d4d4d; font-weight: bold; text-decoration: none;\" href=\"https:\/\/picasaweb.google.com\/110862520886183653495\/PyhanOlavinMaraton2272012?authuser=0&amp;authkey=Gv1sRgCIvKyqrav4-3zQE&amp;feat=embedwebsite\">Pyh\u00e4n Olavin maraton 22.7.2012<\/a><\/td>\n<\/tr>\n<\/tbody>\n<\/table>\n<p>&nbsp;<\/p>\n","protected":false},"excerpt":{"rendered":"<p>Savonlinnassa juostiin Pyh\u00e4n Olavin maraton nyt toista kertaa sunnuntaina 22.7.2012. Matkoina olivat 10.7 km, puolimaraton ja maraton. T\u00e4ss\u00e4 tulokset. Alla Markun kuvasatoa tapahtumasta: Pyh\u00e4n Olavin maraton 22.7.2012 &nbsp;<\/p>\n","protected":false},"author":3,"featured_media":0,"parent":0,"menu_order":0,"comment_status":"closed","ping_status":"open","template":"","meta":{"footnotes":""},"class_list":["post-865","page","type-page","status-publish"],"_links":{"self":[{"href":"https:\/\/www.rauhalahtiroadrunners.com\/index.php?rest_route=\/wp\/v2\/pages\/865","targetHints":{"allow":["GET"]}}],"collection":[{"href":"https:\/\/www.rauhalahtiroadrunners.com\/index.php?rest_route=\/wp\/v2\/pages"}],"about":[{"href":"https:\/\/www.rauhalahtiroadrunners.com\/index.php?rest_route=\/wp\/v2\/types\/page"}],"author":[{"embeddable":true,"href":"https:\/\/www.rauhalahtiroadrunners.com\/index.php?rest_route=\/wp\/v2\/users\/3"}],"replies":[{"embeddable":true,"href":"https:\/\/www.rauhalahtiroadrunners.com\/index.php?rest_route=%2Fwp%2Fv2%2Fcomments&post=865"}],"version-history":[{"count":1,"href":"https:\/\/www.rauhalahtiroadrunners.com\/index.php?rest_route=\/wp\/v2\/pages\/865\/revisions"}],"predecessor-version":[{"id":868,"href":"https:\/\/www.rauhalahtiroadrunners.com\/index.php?rest_route=\/wp\/v2\/pages\/865\/revisions\/868"}],"wp:attachment":[{"href":"https:\/\/www.rauhalahtiroadrunners.com\/index.php?rest_route=%2Fwp%2Fv2%2Fmedia&parent=865"}],"curies":[{"name":"wp","href":"https:\/\/api.w.org\/{rel}","templated":true}]}}