{"id":863,"date":"2012-07-17T14:04:05","date_gmt":"2012-07-17T11:04:05","guid":{"rendered":"http:\/\/www.rauhalahtiroadrunners.com\/?page_id=863"},"modified":"2012-07-25T18:11:25","modified_gmt":"2012-07-25T15:11:25","slug":"kivennavan-kierto-13-7-2012","status":"publish","type":"page","link":"https:\/\/www.rauhalahtiroadrunners.com\/?page_id=863","title":{"rendered":"Kivennavan kierto 13.7.2012"},"content":{"rendered":"<p><span style=\"font-size: 14px;\"><strong>Kivennavan kierto (9 km) 13.7.2012 Muuruvesi<\/strong><\/span><\/p>\n<p>Ilpon kuvia:<\/p>\n<table style=\"width: 194px;\">\n<tbody>\n<tr>\n<td style=\"height: 194px; background: url('https:\/\/picasaweb.google.com\/s\/c\/transparent_album_background.gif') no-repeat left;\" align=\"center\"><a href=\"https:\/\/picasaweb.google.com\/110862520886183653495\/KivennavanKierto1372012?authuser=0&amp;authkey=Gv1sRgCJu5tfKYpPvZ6wE&amp;feat=embedwebsite\"><img loading=\"lazy\" decoding=\"async\" style=\"margin: 1px 0 0 4px;\" src=\"https:\/\/lh4.googleusercontent.com\/-_zjGz3k7V9k\/UA_8ksljuSE\/AAAAAAAAA5Y\/K7dICWZM99U\/s160-c\/KivennavanKierto1372012.jpg\" alt=\"\" width=\"160\" height=\"160\" \/><\/a><\/td>\n<\/tr>\n<tr>\n<td style=\"text-align: center; font-family: arial,sans-serif; font-size: 11px;\"><a style=\"color: #4d4d4d; font-weight: bold; text-decoration: none;\" href=\"https:\/\/picasaweb.google.com\/110862520886183653495\/KivennavanKierto1372012?authuser=0&amp;authkey=Gv1sRgCJu5tfKYpPvZ6wE&amp;feat=embedwebsite\">Kivennavan kierto 13.7.2012<\/a><\/td>\n<\/tr>\n<\/tbody>\n<\/table>\n<p>&nbsp;<\/p>\n<p><span style=\"font-size: 14px;\"><strong>Tulokset:<\/strong><\/span><\/p>\n<p>M:<br \/>\n1. Jami Tirkkonen TT Aquaterra 30.50,<br \/>\n2. Markus R\u00e4s\u00e4nen KuoSu 34.00,<br \/>\n3. Jussi Laitinen PHS 35.51,<br \/>\n4. Tauno Meril\u00e4inen RRR 36.35,<br \/>\n5. Sampsa Lintunen Raja-Karjalan Suunnistajat 37.04,<br \/>\n6. Juuso Nieminen JuKu 37.16,<br \/>\n7. Toni Auvinen TuuRa 41.48,<br \/>\n8. Eetu Korhonen Pirkkala 42.00,<br \/>\n9. Heikki Koskinen Kuopio 43.45.<\/p>\n<p>M40:<br \/>\n1. Juha Pennanen PHS 33.26,<br \/>\n2. Jussi Kallioniemi Lupus Extreme 34.25,<br \/>\n3. Timo Kokkonen Koitulan Veto 35.21,<br \/>\n4. Hannu Immonen P\u00f6lj\u00e4 Run 35.47,<br \/>\n5. Heikki Puurtinen SavJy 36.02,<br \/>\n6. Petteri Lintunen RRR 36.56,<br \/>\n7. Arto Pulkkinen Team Otraharju 38.47,<br \/>\n8. Marko M\u00f6nkk\u00f6nen Kuopio 41.34,<br \/>\n9. Pasi Niskanen NilsNu 41.43.<\/p>\n<p>M50:<br \/>\n1. Hannu Kauppinen RRR 34.33,<br \/>\n2. Markku Hiltunen Ter\u00e4ssiilit 37.54,<br \/>\n3. Matti Laitinen RRR 38.15,<br \/>\n4. Veijo Karhunen Ter\u00e4ssiilit 40.13,<br \/>\n5. Peter Kyburz Helsinki 42.16,<br \/>\n6. Hannu Suomalainen Varkaus 48.17.<\/p>\n<p>M60:<br \/>\n1. Risto Komulainen M\u00e4nVe 35.30,<br \/>\n2. Jouko Paldanius M\u00e4nVe 42.56,<br \/>\n3. Risto Kytt\u00e4 RRR 46.18,<br \/>\n4. Olavi Kortelainen Siilinj\u00e4rvi 46.23.<\/p>\n<p>M65:<br \/>\n1. Martti K\u00e4h\u00f6nen RRR 39.51,<br \/>\n2. Eero Ronkainen SonPa 40.28,<br \/>\n3. Matti Suihkonen RRR 41.50,<br \/>\n4. Kalevi Miettinen TuuRa 42.42,<br \/>\n5. Matti Siltanen RRR 42.58,<br \/>\n6. Tenho Isola RRR 44.35.<\/p>\n<p>M70:<br \/>\n1. Veijo Kemppainen Sporttiveteraanit 45.06,<br \/>\n2. Tauno Tolmunen M\u00e4nVe 46.18,<br \/>\n3. Niilo Korhonen SuoVa 50.39,<br \/>\n4. Kaarlo Pasanen Kuntopirkat 50.43,<br \/>\n5. Pekka Heikkinen M\u00e4nVe 50.53.<\/p>\n<p>N:<br \/>\n1. Aiki Salum\u00e4e Untamon Urheilu 38.02,<br \/>\n2. Jenni Vapaaoksa Lepp\u00e4vSisu 40.21,<br \/>\n3. Leena Mustonen Siilinrasti 40.38,<br \/>\n4. Johanna R\u00e4s\u00e4nen KuoSu 41.34,<br \/>\n5. Anni Hartikainen Kuopio 48.17,<br \/>\n6. Sari Mielonen Kuopio 49.41,<br \/>\n7. Sirkka Kumpulainen RiistU 50.49,<br \/>\n8. Jenna Niskanen NilsNu ja Saija Taattola NilsNu 59.38.<\/p>\n<p>N40:<br \/>\n1. \u00a0Anne J\u00e4\u00e4skel\u00e4inen M\u00e4nVe 35.40,<br \/>\n2. Sari Miettinen KarttU 40.56,<br \/>\n3. Marja R\u00e4s\u00e4nen NilsNu 42.41,<br \/>\n4. Elina Laitinen RRR 42.14.<\/p>\n<p>N50:<br \/>\n1. Ritva Ylitervo RRR 42.20,<br \/>\n2. Ulla Soininen Tuusniemi 49.00,<br \/>\n3. P\u00e4ivi Hiltunen Siilinj\u00e4rvi 51.09,<br \/>\n4. Eila Peltokangas-Lommi RRR 51.45,<br \/>\n5. Erja Luostarinen Tuusniemi 51.56,<br \/>\n6. Marjaana Hassinen TuuRa 57.27.<\/p>\n<p>N60:<br \/>\n1. Sirkka Piipponen Kaavi 45.46,<br \/>\n2. Seija R\u00e4s\u00e4nen Tuusniemi 51.57.<\/p>\n<p>&nbsp;<\/p>\n","protected":false},"excerpt":{"rendered":"<p>Kivennavan kierto (9 km) 13.7.2012 Muuruvesi Ilpon kuvia: Kivennavan kierto 13.7.2012 &nbsp; Tulokset: M: 1. Jami Tirkkonen TT Aquaterra 30.50, 2. Markus R\u00e4s\u00e4nen KuoSu 34.00, 3. Jussi Laitinen PHS 35.51, 4. Tauno Meril\u00e4inen RRR 36.35, 5. Sampsa Lintunen Raja-Karjalan Suunnistajat 37.04, 6. Juuso Nieminen JuKu 37.16, 7. Toni Auvinen TuuRa 41.48, 8. Eetu Korhonen Pirkkala &#8230; <a title=\"Kivennavan kierto 13.7.2012\" class=\"read-more\" href=\"https:\/\/www.rauhalahtiroadrunners.com\/?page_id=863\" aria-label=\"Lue lis\u00e4\u00e4 aiheesta Kivennavan kierto 13.7.2012\">Lue lis\u00e4\u00e4<\/a><\/p>\n","protected":false},"author":3,"featured_media":0,"parent":0,"menu_order":0,"comment_status":"closed","ping_status":"open","template":"","meta":{"footnotes":""},"class_list":["post-863","page","type-page","status-publish"],"_links":{"self":[{"href":"https:\/\/www.rauhalahtiroadrunners.com\/index.php?rest_route=\/wp\/v2\/pages\/863","targetHints":{"allow":["GET"]}}],"collection":[{"href":"https:\/\/www.rauhalahtiroadrunners.com\/index.php?rest_route=\/wp\/v2\/pages"}],"about":[{"href":"https:\/\/www.rauhalahtiroadrunners.com\/index.php?rest_route=\/wp\/v2\/types\/page"}],"author":[{"embeddable":true,"href":"https:\/\/www.rauhalahtiroadrunners.com\/index.php?rest_route=\/wp\/v2\/users\/3"}],"replies":[{"embeddable":true,"href":"https:\/\/www.rauhalahtiroadrunners.com\/index.php?rest_route=%2Fwp%2Fv2%2Fcomments&post=863"}],"version-history":[{"count":1,"href":"https:\/\/www.rauhalahtiroadrunners.com\/index.php?rest_route=\/wp\/v2\/pages\/863\/revisions"}],"predecessor-version":[{"id":871,"href":"https:\/\/www.rauhalahtiroadrunners.com\/index.php?rest_route=\/wp\/v2\/pages\/863\/revisions\/871"}],"wp:attachment":[{"href":"https:\/\/www.rauhalahtiroadrunners.com\/index.php?rest_route=%2Fwp%2Fv2%2Fmedia&parent=863"}],"curies":[{"name":"wp","href":"https:\/\/api.w.org\/{rel}","templated":true}]}}