{"id":860,"date":"2012-07-16T23:44:12","date_gmt":"2012-07-16T20:44:12","guid":{"rendered":"http:\/\/www.rauhalahtiroadrunners.com\/?page_id=860"},"modified":"2012-07-19T18:44:12","modified_gmt":"2012-07-19T15:44:12","slug":"tukholman-jubilee-maraton-14-7-2012","status":"publish","type":"page","link":"https:\/\/www.rauhalahtiroadrunners.com\/?page_id=860","title":{"rendered":"Tukholman Jubilee-maraton 14.7.2012"},"content":{"rendered":"<p>Tukholman vuoden 1912 olympialaisten\u00a0maratonin\u00a0100-vuotismuistoksi j\u00e4rjstetty Jubilee-maraton juostiin lauantaina 14.7.2012. Mukana oli my\u00f6s toistakymment\u00e4 RRR-l\u00e4ist\u00e4.<\/p>\n<p>Lis\u00e4tietoa tapahtumasta ja tuloshaku l\u00f6ytyv\u00e4t osoitteesta <a href=\"http:\/\/www.jubileemarathon.se\/Start\/index.cfm?Lan_ID=3\" target=\"_blank\">http:\/\/www.jubileemarathon.se\/Start\/index.cfm?Lan_ID=3<\/a><\/p>\n<p>Alla oleva kuvaa klikkaamalla p\u00e4\u00e4set kuva-albumiin, jossa on Juha Poutasen ja Kristiina Halosen kuvasatoa tapahtumasta ja matkan varrelta.<\/p>\n<table style=\"width: 194px;\">\n<tbody>\n<tr>\n<td style=\"height: 194px; background: url('https:\/\/picasaweb.google.com\/s\/c\/transparent_album_background.gif') no-repeat left;\" align=\"center\"><a href=\"https:\/\/picasaweb.google.com\/110862520886183653495\/TukholmanJubileeMaratonmatka131572012?authuser=0&amp;authkey=Gv1sRgCMmS5_yV3KbFQw&amp;feat=embedwebsite\" target=\"_blank\"><img loading=\"lazy\" decoding=\"async\" style=\"margin: 1px 0px 0px 4px;\" src=\"https:\/\/lh5.googleusercontent.com\/-HG0Sm9jWLx0\/UARyl8UC8ZE\/AAAAAAAAAjY\/OeeSXzKyYv4\/s160-c\/TukholmanJubileeMaratonmatka131572012.jpg\" alt=\"\" width=\"160\" height=\"160\" \/><\/a><\/td>\n<\/tr>\n<tr>\n<td style=\"text-align: center; font-family: arial,sans-serif; font-size: 11px;\"><a style=\"color: #4d4d4d; font-weight: bold; text-decoration: none;\" href=\"https:\/\/picasaweb.google.com\/110862520886183653495\/TukholmanJubileeMaratonmatka131572012?authuser=0&amp;authkey=Gv1sRgCMmS5_yV3KbFQw&amp;feat=embedwebsite\">Tukholman Jubilee-maratonmatka 13.-15.7.2012<\/a><\/td>\n<\/tr>\n<\/tbody>\n<\/table>\n<p>&nbsp;<\/p>\n","protected":false},"excerpt":{"rendered":"<p>Tukholman vuoden 1912 olympialaisten\u00a0maratonin\u00a0100-vuotismuistoksi j\u00e4rjstetty Jubilee-maraton juostiin lauantaina 14.7.2012. Mukana oli my\u00f6s toistakymment\u00e4 RRR-l\u00e4ist\u00e4. Lis\u00e4tietoa tapahtumasta ja tuloshaku l\u00f6ytyv\u00e4t osoitteesta http:\/\/www.jubileemarathon.se\/Start\/index.cfm?Lan_ID=3 Alla oleva kuvaa klikkaamalla p\u00e4\u00e4set kuva-albumiin, jossa on Juha Poutasen ja Kristiina Halosen kuvasatoa tapahtumasta ja matkan varrelta. Tukholman Jubilee-maratonmatka 13.-15.7.2012 &nbsp;<\/p>\n","protected":false},"author":3,"featured_media":0,"parent":0,"menu_order":0,"comment_status":"closed","ping_status":"open","template":"","meta":{"footnotes":""},"class_list":["post-860","page","type-page","status-publish"],"_links":{"self":[{"href":"https:\/\/www.rauhalahtiroadrunners.com\/index.php?rest_route=\/wp\/v2\/pages\/860","targetHints":{"allow":["GET"]}}],"collection":[{"href":"https:\/\/www.rauhalahtiroadrunners.com\/index.php?rest_route=\/wp\/v2\/pages"}],"about":[{"href":"https:\/\/www.rauhalahtiroadrunners.com\/index.php?rest_route=\/wp\/v2\/types\/page"}],"author":[{"embeddable":true,"href":"https:\/\/www.rauhalahtiroadrunners.com\/index.php?rest_route=\/wp\/v2\/users\/3"}],"replies":[{"embeddable":true,"href":"https:\/\/www.rauhalahtiroadrunners.com\/index.php?rest_route=%2Fwp%2Fv2%2Fcomments&post=860"}],"version-history":[{"count":1,"href":"https:\/\/www.rauhalahtiroadrunners.com\/index.php?rest_route=\/wp\/v2\/pages\/860\/revisions"}],"predecessor-version":[{"id":861,"href":"https:\/\/www.rauhalahtiroadrunners.com\/index.php?rest_route=\/wp\/v2\/pages\/860\/revisions\/861"}],"wp:attachment":[{"href":"https:\/\/www.rauhalahtiroadrunners.com\/index.php?rest_route=%2Fwp%2Fv2%2Fmedia&parent=860"}],"curies":[{"name":"wp","href":"https:\/\/api.w.org\/{rel}","templated":true}]}}