{"id":828,"date":"2012-05-27T18:52:07","date_gmt":"2012-05-27T15:52:07","guid":{"rendered":"http:\/\/www.rauhalahtiroadrunners.com\/?page_id=828"},"modified":"2012-06-11T11:19:34","modified_gmt":"2012-06-11T08:19:34","slug":"veteraanien-sm-maraton-26-5-2012","status":"publish","type":"page","link":"https:\/\/www.rauhalahtiroadrunners.com\/?page_id=828","title":{"rendered":"Veteraanien SM-maraton 26.5.2012"},"content":{"rendered":"<p>Valkeakosken Hakan 80v-juhlamaraton juostiin Valkeakoskella 26.5.2012. Samassa yhteydess\u00e4 juostiin my\u00f6s veteraanien SM-maraton.<\/p>\n<p>T\u00e4ss\u00e4 <a href=\"http:\/\/www.rauhalahtiroadrunners.com\/2012_V-SM-maraton_tulokset.pdf\" target=\"_blank\">henkil\u00f6kohtaiset tulokset<\/a>.<\/p>\n<p>Ja t\u00e4ss\u00e4 vihdoin <a title=\"SM-tulokset\" href=\"http:\/\/www.rauhalahtiroadrunners.com\/2012_Veteraanien_SM-maraton_tulokset.pdf\" target=\"_blank\">viralliset tulokset<\/a>, niin henkil\u00f6kohtaiset kuin joukkuetuloksetkin.<\/p>\n<p><img loading=\"lazy\" decoding=\"async\" src=\"http:\/\/www.rauhalahtiroadrunners.com\/kuvat\/2012\/2012_VSM_0001.jpg\" alt=\"\" width=\"800\" height=\"449\" \/><br \/>\n<img loading=\"lazy\" decoding=\"async\" src=\"http:\/\/www.rauhalahtiroadrunners.com\/kuvat\/2012\/2012_VSM_0002.jpg\" alt=\"\" width=\"800\" height=\"449\" \/><br \/>\n<img loading=\"lazy\" decoding=\"async\" src=\"http:\/\/www.rauhalahtiroadrunners.com\/kuvat\/2012\/2012_VSM_0003.jpg\" alt=\"\" width=\"800\" height=\"544\" \/><\/p>\n","protected":false},"excerpt":{"rendered":"<p>Valkeakosken Hakan 80v-juhlamaraton juostiin Valkeakoskella 26.5.2012. Samassa yhteydess\u00e4 juostiin my\u00f6s veteraanien SM-maraton. T\u00e4ss\u00e4 henkil\u00f6kohtaiset tulokset. Ja t\u00e4ss\u00e4 vihdoin viralliset tulokset, niin henkil\u00f6kohtaiset kuin joukkuetuloksetkin.<\/p>\n","protected":false},"author":3,"featured_media":0,"parent":0,"menu_order":0,"comment_status":"closed","ping_status":"open","template":"","meta":{"footnotes":""},"class_list":["post-828","page","type-page","status-publish"],"_links":{"self":[{"href":"https:\/\/www.rauhalahtiroadrunners.com\/index.php?rest_route=\/wp\/v2\/pages\/828","targetHints":{"allow":["GET"]}}],"collection":[{"href":"https:\/\/www.rauhalahtiroadrunners.com\/index.php?rest_route=\/wp\/v2\/pages"}],"about":[{"href":"https:\/\/www.rauhalahtiroadrunners.com\/index.php?rest_route=\/wp\/v2\/types\/page"}],"author":[{"embeddable":true,"href":"https:\/\/www.rauhalahtiroadrunners.com\/index.php?rest_route=\/wp\/v2\/users\/3"}],"replies":[{"embeddable":true,"href":"https:\/\/www.rauhalahtiroadrunners.com\/index.php?rest_route=%2Fwp%2Fv2%2Fcomments&post=828"}],"version-history":[{"count":1,"href":"https:\/\/www.rauhalahtiroadrunners.com\/index.php?rest_route=\/wp\/v2\/pages\/828\/revisions"}],"predecessor-version":[{"id":841,"href":"https:\/\/www.rauhalahtiroadrunners.com\/index.php?rest_route=\/wp\/v2\/pages\/828\/revisions\/841"}],"wp:attachment":[{"href":"https:\/\/www.rauhalahtiroadrunners.com\/index.php?rest_route=%2Fwp%2Fv2%2Fmedia&parent=828"}],"curies":[{"name":"wp","href":"https:\/\/api.w.org\/{rel}","templated":true}]}}