{"id":8089,"date":"2026-03-16T14:05:20","date_gmt":"2026-03-16T12:05:20","guid":{"rendered":"https:\/\/www.rauhalahtiroadrunners.com\/?page_id=8089"},"modified":"2026-04-08T11:58:57","modified_gmt":"2026-04-08T08:58:57","slug":"kivennavan-kierto-2026","status":"publish","type":"page","link":"https:\/\/www.rauhalahtiroadrunners.com\/?page_id=8089","title":{"rendered":"Kivennavan Kierto 2026"},"content":{"rendered":"<p><strong>Milloin<\/strong>: <span style=\"font-size: 14pt;\"><strong>su 12.7.2026 klo 16:00<\/strong><\/span><\/p>\r\n<!-- \/wp:post-content -->\r\n\r\n<!-- wp:paragraph -->\r\n<p><strong>Matka<\/strong>: 8 km<\/p>\r\n<p><strong>Reitti<\/strong>: Sorapintaista maantiet\u00e4. L\u00e4ht\u00f6 ja maali matkailukartanon pihassa.<\/p>\r\n<p><strong>Huolto<\/strong>: Juomatarjoilu matkailukartanon pihassa.<\/p>\r\n<!-- \/wp:paragraph -->\r\n\r\n<!-- wp:paragraph -->\r\n<p><strong>Sarjat<\/strong>: M\/N, M\/N50, M\/N60, M70, kuntosarja<\/p>\r\n<p><strong>Ajanotto<\/strong>: K\u00e4siajanotto<\/p>\r\n<!-- \/wp:paragraph -->\r\n\r\n<!-- wp:paragraph -->\r\n<p><strong>Miss\u00e4:<\/strong> <a href=\"http:\/\/www.kivennapa.com\">Matkailukartano Kivennapa<\/a>, Saarvontie 233, 73410 Pieks\u00e4nkoski, Kuopion Muuruvesi<\/p>\r\n<!-- \/wp:paragraph -->\r\n\r\n<!-- wp:paragraph -->\r\n<p><strong>Osanottomaksu:<\/strong> Ennakkoon <strong>13 \u20ac<\/strong>\u00a0 7.7.2026 menness\u00e4, maksu tilille <strong>FI55 5482 3720 0080 69. <\/strong>J\u00e4lki-ilmoittautuminen tuntia ennen paikan p\u00e4\u00e4ll\u00e4 hintaan <strong>15 \u20ac.<\/strong><\/p>\r\n<p><strong>Ilmoittautuminen<\/strong>: <a href=\"https:\/\/forms.gle\/1zLJDiwgwNjhcs5q8\"><strong>T\u00e4ll\u00e4 lomakkeella<\/strong><\/a> tai s\u00e4hk\u00f6postilla <strong>kivennapa@kivennapa.com<\/strong><\/p>\r\n<!-- \/wp:paragraph -->\r\n\r\n<!-- wp:paragraph -->\r\n<p><strong>Palkinnot:<\/strong> Pokaalit sarjojen 3 parhaalle, arvontapalkinnot kaikkien juoksijoiden kesken<\/p>\r\n<!-- \/wp:paragraph -->\r\n\r\n<!-- wp:paragraph -->\r\n<p><strong>Lis\u00e4tiedot<\/strong>: Savusaunassa k\u00e4ynti sis\u00e4ltyy osanottomaksuun<\/p>\r\n<!-- \/wp:paragraph -->\r\n\r\n<!-- wp:paragraph -->\r\n<p><strong>Yhteystiedot<\/strong>: Martti K\u00e4h\u00f6nen <strong>0400 765 525<\/strong><\/p>\r\n<!-- \/wp:paragraph -->\r\n\r\n<!-- wp:paragraph -->\r\n<p><strong>J\u00e4rjest\u00e4j\u00e4<\/strong>: <a href=\"http:\/\/www.kivennapa.com\" data-type=\"URL\" data-id=\"www.kivennapa.com\">Matkailukartano Kivennapa<\/a><\/p>\r\n<p><a href=\"https:\/\/www.rauhalahtiroadrunners.com\/?p=7554\">Kisaraportti vuoden 2025 kisasta<\/a>.<\/p>\r\n<p><strong>Kivennavan sijainti:<\/strong><br \/><\/p>\r\n<p>&nbsp;<\/p>","protected":false},"excerpt":{"rendered":"<p>Milloin: su 12.7.2026 klo 16:00 Matka: 8 km Reitti: Sorapintaista maantiet\u00e4. L\u00e4ht\u00f6 ja maali matkailukartanon pihassa. Huolto: Juomatarjoilu matkailukartanon pihassa. Sarjat: M\/N, M\/N50, M\/N60, M70, kuntosarja Ajanotto: K\u00e4siajanotto Miss\u00e4: Matkailukartano Kivennapa, Saarvontie 233, 73410 Pieks\u00e4nkoski, Kuopion Muuruvesi Osanottomaksu: Ennakkoon 13 \u20ac\u00a0 7.7.2026 menness\u00e4, maksu tilille FI55 5482 3720 0080 69. J\u00e4lki-ilmoittautuminen tuntia ennen paikan p\u00e4\u00e4ll\u00e4 &#8230; <a title=\"Kivennavan Kierto 2026\" class=\"read-more\" href=\"https:\/\/www.rauhalahtiroadrunners.com\/?page_id=8089\" aria-label=\"Lue lis\u00e4\u00e4 aiheesta Kivennavan Kierto 2026\">Lue lis\u00e4\u00e4<\/a><\/p>\n","protected":false},"author":3,"featured_media":0,"parent":0,"menu_order":0,"comment_status":"closed","ping_status":"closed","template":"","meta":{"footnotes":""},"class_list":["post-8089","page","type-page","status-publish"],"_links":{"self":[{"href":"https:\/\/www.rauhalahtiroadrunners.com\/index.php?rest_route=\/wp\/v2\/pages\/8089","targetHints":{"allow":["GET"]}}],"collection":[{"href":"https:\/\/www.rauhalahtiroadrunners.com\/index.php?rest_route=\/wp\/v2\/pages"}],"about":[{"href":"https:\/\/www.rauhalahtiroadrunners.com\/index.php?rest_route=\/wp\/v2\/types\/page"}],"author":[{"embeddable":true,"href":"https:\/\/www.rauhalahtiroadrunners.com\/index.php?rest_route=\/wp\/v2\/users\/3"}],"replies":[{"embeddable":true,"href":"https:\/\/www.rauhalahtiroadrunners.com\/index.php?rest_route=%2Fwp%2Fv2%2Fcomments&post=8089"}],"version-history":[{"count":14,"href":"https:\/\/www.rauhalahtiroadrunners.com\/index.php?rest_route=\/wp\/v2\/pages\/8089\/revisions"}],"predecessor-version":[{"id":8182,"href":"https:\/\/www.rauhalahtiroadrunners.com\/index.php?rest_route=\/wp\/v2\/pages\/8089\/revisions\/8182"}],"wp:attachment":[{"href":"https:\/\/www.rauhalahtiroadrunners.com\/index.php?rest_route=%2Fwp%2Fv2%2Fmedia&parent=8089"}],"curies":[{"name":"wp","href":"https:\/\/api.w.org\/{rel}","templated":true}]}}