{"id":8037,"date":"2026-02-16T18:39:57","date_gmt":"2026-02-16T16:39:57","guid":{"rendered":"https:\/\/www.rauhalahtiroadrunners.com\/?page_id=8037"},"modified":"2026-04-11T15:59:58","modified_gmt":"2026-04-11T12:59:58","slug":"kolmen-kylpylan-kirmaisu-2026","status":"publish","type":"page","link":"https:\/\/www.rauhalahtiroadrunners.com\/?page_id=8037","title":{"rendered":"Kolmen Kylpyl\u00e4n Kirmaisu 2026"},"content":{"rendered":"<p class=\"has-text-align-center has-medium-font-size\" style=\"text-align: center;\"><span style=\"font-size: 24pt;\"><strong>KOLMEN KYLPYL\u00c4N KIRMAISU<\/strong><\/span><\/p>\r\n<!-- \/wp:post-content -->\r\n\r\n<!-- wp:paragraph {\"align\":\"center\",\"fontSize\":\"medium\"} -->\r\n<p class=\"has-text-align-center has-medium-font-size\" style=\"text-align: center;\"><span style=\"font-size: 18pt;\"><strong>lauantaina 11.4.2026 klo 12:00 alkaen<\/strong><\/span><\/p>\r\n<!-- \/wp:paragraph -->\r\n\r\n<!-- wp:paragraph -->\r\n<p>Kutsumme kest\u00e4vyysjuoksun harrastajat ja h\u00f6lkk\u00e4\u00e4j\u00e4t jo <strong>17. kerran<\/strong> j\u00e4rjestett\u00e4v\u00e4\u00e4n\u00a0<strong>Kolmen Kylpyl\u00e4n Kirmaisuun (KKK)<\/strong>, joka starttaa <strong>lauantaina 11.4.2026 klo 12:00 Siilinj\u00e4rven keskustasta virkistyskylpyl\u00e4 <\/strong><a href=\"http:\/\/www.fontanella.fi\/\">Fontanellan<\/a><strong> edustalta<\/strong>.<\/p>\r\n<!-- \/wp:paragraph -->\r\n\r\n<!-- wp:paragraph -->\r\n<p><strong>Rauhalahti Road Runners<\/strong> ry:n (<strong>RRR<\/strong>) j\u00e4rjest\u00e4m\u00e4 juoksu etenee vanhan viitostien viert\u00e4 <a href=\"http:\/\/www.kunnonpaikka.com\/\">Kylpyl\u00e4hotelli Kunnonpaikan<\/a> edustalle Vuorelaan, minne matkaa kertyy n. 13 km. Sielt\u00e4 matka jatkuu huoltotauon j\u00e4lkeen viitostien laitaa P\u00e4iv\u00e4rantaan, mist\u00e4 se jatkuu Puijonsarven kautta Julkulaan ja Niuvantiet\u00e4 pitkin Savilahteen ja S\u00e4rkiniemeen ja lopulta maaliin <a href=\"http:\/\/www.rauhalahti.fi\/\">Kylpyl\u00e4hotelli Rauhalahteen<\/a>.<\/p>\r\n<!-- \/wp:paragraph -->\r\n\r\n<!-- wp:paragraph -->\r\n<p>Matkaa kertyy yhteens\u00e4 n. 30 km. Reitin voit juosta my\u00f6s vain osittain, esim. Fontanella &#8211; Kunnonpaikka tai Kunnonpaikka &#8211; Rauhalahti. Juoksun suositeltu ja zoomattava reittikartta l\u00f6ytyy <a href=\"https:\/\/www.rauhalahtiroadrunners.com\/?page_id=2005\">t\u00e4\u00e4lt\u00e4<\/a>. Tiet\u00f6iden vuoksi reitti saattaa paikoitellen poiketa suunnitellusta reitist\u00e4. \u00a0Tutustu etuk\u00e4teen reittikarttaan ja tulosta se tarvittaessa mukaasi. Reittikartta on vain suositus, voit aivan hyvin juosta muutakin reitti\u00e4, jos haluat.<\/p>\r\n<!-- \/wp:paragraph -->\r\n\r\n<!-- wp:paragraph -->\r\n<p>Kolmen Kylpyl\u00e4n Kirmaisu <strong>EI OLE KILPAILU <\/strong>eli siin\u00e4 ei oteta aikaa, ei lasketa sijoituksia eik\u00e4 jaeta mitaleita. Kyseess\u00e4 on siis leppoisa ja sosiaalinen yhteislenkki, jossa voit testata kev\u00e4ist\u00e4 juoksukuntoasi\u00a0 ja kest\u00e4vyytt\u00e4si.<\/p>\r\n<!-- \/wp:paragraph -->\r\n\r\n<!-- wp:paragraph -->\r\n<p>V\u00e4lietapissa Kunnonpaikassa ja\u00a0maalissa Rauhalahdessa on\u00a0neste- ja energiatankkaushuolto. Matkan varrella juoksijoiden huolto on\u00a0jokaisen omalla vastuulla, mutta tukena on my\u00f6s\u00a0liikkuva huoltoauto. Siten kukaan ei j\u00e4\u00e4 oman onnensa nojaan. RRR ei ole vakuuttanut juoksijoita, jokainen juoksee omalla vastuullaan.<\/p>\r\n<!-- \/wp:paragraph -->\r\n\r\n<!-- wp:paragraph -->\r\n<p>Tarjoamme el\u00e4myksellisen, kev\u00e4isen Kolmen Kylpyl\u00e4n Kirmaisun\u00a0hintaan<strong> 10 \u20ac<\/strong>,\u00a0 RRR:n j\u00e4senille osanotto on ilmainen. Suorita maksu <strong>8.4.2026 menness\u00e4<\/strong> tilille\u00a0<strong>IBAN FI20 5482 5420 0055 76<\/strong>, saaja Rauhalahti Road Runners ry. Mahdollista on tulla mukaan juoksup\u00e4iv\u00e4n\u00e4kin j\u00e4lki-ilmoittautujana klo 11:15-11:45 Fontanellassa. Juostuasi saat diplomin, jolla p\u00e4\u00e4set kerran <strong>alennettuun hintaan<\/strong> joko Fontanellan tai Rauhalahden (kaksi yhden hinnalla) tai Kunnonpaikan (13 \u20ac) kylpyl\u00e4\u00e4n. Alennukset voimassa 11.-12.4.2026.<\/p>\r\n<!-- \/wp:paragraph -->\r\n\r\n<!-- wp:paragraph \/-->\r\n\r\n<!-- wp:paragraph -->\r\n<p><strong>Ilmoittautumiset ja tiedustelut<\/strong>: <em>Merja Korhonen, p. 050 466 3553<\/em>, <a href=\"mailto:merja.korhonen17@gmail.com\">merja.korhonen17(at)gmail.com.<\/a><\/p>\r\n<!-- \/wp:paragraph -->\r\n\r\n<!-- wp:paragraph -->\r\n<p><strong>Muita y<\/strong><em><strong>hteyshenkil\u00f6it\u00e4<\/strong>:\u00a0\u00a0Antti Jylh\u00e4, p. 044 531 9894, <\/em><a href=\"mailto:antti.jylha@gmail.com\">antti.jylha(at)gmail.com<\/a>, <em>Marjatta R\u00e4s\u00e4nen, p. 040 355 6260<\/em>, <a href=\"mailto:marjatta.rasanen1@gmail.com\">marjatta.rasanen1(at)gmail.com<\/a><\/p>\r\n<!-- \/wp:paragraph -->\r\n\r\n<!-- wp:paragraph -->\r\n<p>Huom ! Korvaa yll\u00e4olevissa s\u00e4hk\u00f6postiosoitteissa (at) @-merkill\u00e4.<\/p>\r\n<!-- \/wp:paragraph -->\r\n\r\n<!-- wp:paragraph -->\r\n<p><a href=\"https:\/\/www.rauhalahtiroadrunners.com\/?p=8183\">Raportti kuvien kera<\/a> vuoden 2026 tapahtumasta.<\/p>\r\n<!-- \/wp:paragraph -->\r\n\r\n<!-- wp:paragraph -->\r\n<p>Juoksuterveisin<\/p>\r\n<!-- \/wp:paragraph -->\r\n\r\n<!-- wp:heading {\"level\":1} -->\r\n<h1><strong><em>RAUHALAHTI ROAD RUNNERS ry<\/em><\/strong><\/h1>","protected":false},"excerpt":{"rendered":"<p>KOLMEN KYLPYL\u00c4N KIRMAISU lauantaina 11.4.2026 klo 12:00 alkaen Kutsumme kest\u00e4vyysjuoksun harrastajat ja h\u00f6lkk\u00e4\u00e4j\u00e4t jo 17. kerran j\u00e4rjestett\u00e4v\u00e4\u00e4n\u00a0Kolmen Kylpyl\u00e4n Kirmaisuun (KKK), joka starttaa lauantaina 11.4.2026 klo 12:00 Siilinj\u00e4rven keskustasta virkistyskylpyl\u00e4 Fontanellan edustalta. Rauhalahti Road Runners ry:n (RRR) j\u00e4rjest\u00e4m\u00e4 juoksu etenee vanhan viitostien viert\u00e4 Kylpyl\u00e4hotelli Kunnonpaikan edustalle Vuorelaan, minne matkaa kertyy n. 13 km. Sielt\u00e4 matka jatkuu &#8230; <a title=\"Kolmen Kylpyl\u00e4n Kirmaisu 2026\" class=\"read-more\" href=\"https:\/\/www.rauhalahtiroadrunners.com\/?page_id=8037\" aria-label=\"Lue lis\u00e4\u00e4 aiheesta Kolmen Kylpyl\u00e4n Kirmaisu 2026\">Lue lis\u00e4\u00e4<\/a><\/p>\n","protected":false},"author":3,"featured_media":0,"parent":0,"menu_order":0,"comment_status":"closed","ping_status":"closed","template":"","meta":{"footnotes":""},"class_list":["post-8037","page","type-page","status-publish"],"_links":{"self":[{"href":"https:\/\/www.rauhalahtiroadrunners.com\/index.php?rest_route=\/wp\/v2\/pages\/8037","targetHints":{"allow":["GET"]}}],"collection":[{"href":"https:\/\/www.rauhalahtiroadrunners.com\/index.php?rest_route=\/wp\/v2\/pages"}],"about":[{"href":"https:\/\/www.rauhalahtiroadrunners.com\/index.php?rest_route=\/wp\/v2\/types\/page"}],"author":[{"embeddable":true,"href":"https:\/\/www.rauhalahtiroadrunners.com\/index.php?rest_route=\/wp\/v2\/users\/3"}],"replies":[{"embeddable":true,"href":"https:\/\/www.rauhalahtiroadrunners.com\/index.php?rest_route=%2Fwp%2Fv2%2Fcomments&post=8037"}],"version-history":[{"count":5,"href":"https:\/\/www.rauhalahtiroadrunners.com\/index.php?rest_route=\/wp\/v2\/pages\/8037\/revisions"}],"predecessor-version":[{"id":8188,"href":"https:\/\/www.rauhalahtiroadrunners.com\/index.php?rest_route=\/wp\/v2\/pages\/8037\/revisions\/8188"}],"wp:attachment":[{"href":"https:\/\/www.rauhalahtiroadrunners.com\/index.php?rest_route=%2Fwp%2Fv2%2Fmedia&parent=8037"}],"curies":[{"name":"wp","href":"https:\/\/api.w.org\/{rel}","templated":true}]}}