{"id":7962,"date":"2025-12-16T13:15:26","date_gmt":"2025-12-16T10:15:26","guid":{"rendered":"https:\/\/www.rauhalahtiroadrunners.com\/?page_id=7962"},"modified":"2026-05-02T16:28:02","modified_gmt":"2026-05-02T13:28:02","slug":"juoksukalenteri-2026","status":"publish","type":"page","link":"https:\/\/www.rauhalahtiroadrunners.com\/?page_id=7962","title":{"rendered":"Juoksukalenteri 2026"},"content":{"rendered":"<p><span style=\"font-size: 14pt;\"><strong><span style=\"font-size: 24pt;\">JUOKSUKALENTERI 2026<\/span><\/strong><\/span><\/p>\r\n<p>P\u00e4ivitetty 2.5.2026. <br \/>Huom! ??? = p\u00e4iv\u00e4m\u00e4\u00e4r\u00e4 ei viel\u00e4 tiedossa tai varmistettu<\/p>\r\n<!-- \/wp:post-content -->\r\n\r\n<!-- wp:paragraph -->\r\n<p><strong>TAMMIKUU<\/strong><\/p>\r\n<p>ti 13.1.2026 klo 19:00 <a href=\"https:\/\/kilpailukalenteri.fi\/?cs=16&amp;nid=38259\">Hallitonnit<\/a>, Kuopiohalli, <a href=\"https:\/\/www.rauhalahtiroadrunners.com\/?p=8008\">tulokset<\/a><br \/>la 17.1.2026 <a href=\"https:\/\/www.madeiramarathon.com\/\">Funchal Marathon<\/a>, Madeira, <a href=\"https:\/\/www.rauhalahtiroadrunners.com\/?p=8011\">tulokset<\/a><br \/>su 25.1.2026 klo 9:00 <a href=\"https:\/\/ultrafinn.fi\/juoksutapahtumat\/kotirataultra\/\" target=\"_blank\" rel=\"noreferrer noopener\" aria-label=\" (avautuu uudessa v\u00e4lilehdess\u00e4)\">Kotirataultra<\/a> (1-2 x 25 km), l\u00e4ht\u00f6 <a href=\"http:\/\/www.rauhalahti.fi\/\" target=\"_blank\" rel=\"noreferrer noopener\">Kylpyl\u00e4hotelli Rauhalahdesta<\/a>, katso <a href=\"..\/..\/2009_kotirataultrareitit.htm\" target=\"_blank\" rel=\"noreferrer noopener\">reitti<\/a> V\u00e4n\u00e4rin ja Saaristokaupungin kautta, ilmoita tuloksesi (vain 50 km) <a href=\"https:\/\/ultrafinn.fi\/juoksutapahtumat\/kotirataultra\/tulos\/\" target=\"_blank\" rel=\"noreferrer noopener\">t\u00e4nne<\/a>.<\/p>\r\n<!-- \/wp:paragraph -->\r\n\r\n<!-- wp:paragraph -->\r\n<p><strong>HELMIKUU<\/strong><\/p>\r\n<p>pe-su 20.-22.2.2026 <a href=\"https:\/\/www.hkv.fi\/saul26\">SAUL SM-hallit<\/a>, Helsinki, <a href=\"https:\/\/www.rauhalahtiroadrunners.com\/?p=8049\">tuloksia<\/a><br \/>la-su 21.-22.2.2026 <a href=\"http:\/\/endurance.fi\/e24\/\" target=\"_blank\" rel=\"noreferrer noopener\">17. ENDURANCE 24h<\/a>, Espoo, <a href=\"https:\/\/my.raceresult.com\/383578\/results\">tulokset<\/a><br \/>su 22.2.2026 klo 9:00 <a href=\"https:\/\/ultrafinn.fi\/juoksutapahtumat\/kotirataultra\/\" target=\"_blank\" rel=\"noreferrer noopener\" aria-label=\" (avautuu uudessa v\u00e4lilehdess\u00e4)\">Kotirataultra<\/a> (1-2 x 25 km), l\u00e4ht\u00f6 <a href=\"http:\/\/www.rauhalahti.fi\/\" target=\"_blank\" rel=\"noreferrer noopener\">Kylpyl\u00e4hotelli Rauhalahdesta<\/a>, sama <a href=\"..\/..\/2009_kotirataultrareitit.htm\" target=\"_blank\" rel=\"noreferrer noopener\">reitti<\/a> kuin tammikuussa, ilmoita tuloksesi (vain 50 km) <a href=\"https:\/\/ultrafinn.fi\/juoksutapahtumat\/kotirataultra\/tulos\/\" target=\"_blank\" rel=\"noreferrer noopener\">t\u00e4nne<\/a><\/p>\r\n<!-- \/wp:paragraph -->\r\n\r\n<!-- wp:paragraph \/-->\r\n\r\n<!-- wp:paragraph -->\r\n<p><strong>MAALISKUU<\/strong><\/p>\r\n<p>su 1.3.2026 <a href=\"https:\/\/www.marathon.tokyo\/en\/\">Tokion maraton<\/a>, <a href=\"https:\/\/runnet.jp\/project\/tokyo2026\/results\/\">tulokset<\/a><\/p>\r\n<!-- \/wp:paragraph -->\r\n\r\n<!-- wp:paragraph -->\r\n<p><strong>HUHTIKUU<\/strong><\/p>\r\n<!-- \/wp:paragraph -->\r\n\r\n<!-- wp:paragraph -->\r\n<p>la 11.4.2026 klo 12:00 <a href=\"https:\/\/www.rauhalahtiroadrunners.com\/?page_id=8037\" data-type=\"page\" data-id=\"5809\">Kolmen Kylpyl\u00e4n Kirmaisu<\/a>,\u00a0<a href=\"https:\/\/www.rauhalahtiroadrunners.com\/?page_id=2005\" target=\"_blank\" rel=\"noreferrer noopener\">reittikartta<\/a>, <a href=\"https:\/\/www.rauhalahtiroadrunners.com\/?p=8183\">kuvaraportti<\/a><br \/>su 12.4.2026 klo 12:00-14:40\u00a0 <a href=\"http:\/\/www.helsinkispringmarathon.net\/etusivu\">Helsinki Spring Marathon<\/a>, <a href=\"https:\/\/online4.tulospalvelu.fi\/tulokset-new\/fi\/2026_hsm\/\">tulokset<\/a><br \/>su 12.4.2026 <a href=\"https:\/\/www.zuerichmarathon.ch\/\">Zurich Marathon<\/a>, Sveitsi, <a href=\"https:\/\/www.rauhalahtiroadrunners.com\/?p=8197\">tulokset<\/a><br \/>ma 20.4.2026 <a href=\"http:\/\/www.baa.org\/\" target=\"_blank\" rel=\"noreferrer noopener\">Bostonin maraton<\/a>, <a href=\"https:\/\/www.rauhalahtiroadrunners.com\/?p=8207\">tulokset<\/a><br \/>la 25.4.2026 <a href=\"https:\/\/www.orimattilanjymy.fi\/saul-sm-puolimaraton\/\">SAUL SM-puolimaraton<\/a> Pyht\u00e4\u00e4ll\u00e4, <a href=\"https:\/\/www.rauhalahtiroadrunners.com\/?p=8210\">tulokset<\/a><br \/>la 25.4.2026 klo 12:00 <a href=\"https:\/\/kyronjokimaraton.com\/?page_id=63\" target=\"_blank\" rel=\"noreferrer noopener\">Kyr\u00f6njoki-maraton<\/a> Ylistarossa, <a href=\"https:\/\/kyronjokimaraton.com\/wp-content\/uploads\/2026\/04\/39.-Kyronjoki-maraton-tulos.pdf\">tulokset<\/a><br \/>su 26.4.2026 <a href=\"https:\/\/www.tcslondonmarathon.com\/\">Lontoon maraton<\/a>, <a href=\"https:\/\/results.tcslondonmarathon.com\/2026\/\">tulokset<\/a><\/p>\r\n<!-- \/wp:paragraph -->\r\n\r\n<!-- wp:paragraph -->\r\n<p><strong>TOUKOKUU<\/strong><\/p>\r\n<p>la 2.5.2026 klo 13:00 <a href=\"https:\/\/karttu.sporttisaitti.com\/karttulan-katujuoksu-3-5-2025\/\">Karttulan katujuoksu<\/a>, Karttula, <a href=\"https:\/\/www.rauhalahtiroadrunners.com\/?p=8231\">tulokset<\/a><br \/>la 9.5.2026 <a href=\"https:\/\/www.saul.fi\/kilpailu\/saul-kilpailukalenteri\/?tapahtuma=633\">SAUL SM-maantiekymppi<\/a>, Vantaa<br \/>la 9.5.2026 klo 9:45-11:00 <a href=\"https:\/\/varkkv.fi\/varkauspuolikas\" target=\"_blank\" rel=\"noreferrer noopener\">Varkaus Puolikas<\/a><br \/>su 10.5.2026 <a href=\"https:\/\/copenhagenmarathon.dk\/en\/\">K\u00f6\u00f6penhaminan maraton<\/a><br \/>to 14.5.2026 klo 13:00 <a href=\"http:\/\/www.rauhalahtiroadrunners.com\/kallavesj\/\" target=\"_blank\" rel=\"noreferrer noopener\">Kallavesj-Kymppi<\/a> Kylpyl\u00e4hotelli Rauhalahdessa<br \/>la 16.5.2026 klo 14:30 <a href=\"https:\/\/helsinkicityrun.fi\/helsinkicityhalf-puolimaraton\/\" target=\"_blank\" rel=\"noreferrer noopener\">Helsinki City Half<\/a><br \/>la 16.5.2026 klo 9:30 <a href=\"https:\/\/helsinkicityrun.fi\/helsinkicitymarathon\/\">Helsinki City Marathon<\/a><br \/>la 16.5.2026 <a href=\"https:\/\/www.yleisurheilu.fi\/uutinen\/kansallinen-juoksupaiva-lahestyy-kampanjainfo-seuroille-ma-16-3-klo-1600\/\">Kansallinen juoksup\u00e4iv\u00e4<\/a> <br \/>la-su 16.-17.5.2026 <a href=\"https:\/\/rimirigamarathon.com\/en\/\">Rimi Riga Marathon<\/a>, Latvia<br \/>la 23.5.2026 klo 11:00 &#8211; 13:15 <a href=\"http:\/\/www.terwamaraton.fi\/\" target=\"_blank\" rel=\"noreferrer noopener\">Terwah\u00f6lkk\u00e4 ja -maraton<\/a> Oulussa<br \/>la 23.5.2026 klo 12:00 <a href=\"https:\/\/alaluosta.yhdistysavain.fi\/tapahtumat\/humpanholkka\/?fbclid=IwdGRjcAQw4LFjbGNrBDDgD2V4dG4DYWVtAjExAHNydGMGYXBwX2lkDDM1MDY4NTUzMTcyOAABHrMntF3O9PZP0BN-FswlGk4Aec43WFJhKWwlGKSCIYH6qYw_ng2QGyC4eCFQ_aem_PfUrs_y4UCPilUQ--lpAxA\">Humpan h\u00f6lkk\u00e4<\/a> Rautavaaralla<br \/>la 30.5.2026 klo 12:00 <a href=\"https:\/\/www.stockholmmarathon.se\/\" target=\"_blank\" rel=\"noreferrer noopener\">Tukholman maraton<\/a><\/p>\r\n<!-- \/wp:paragraph -->\r\n\r\n<!-- wp:paragraph -->\r\n<p><strong>KES\u00c4KUU<\/strong><\/p>\r\n<p>la 6.6.2026 <a href=\"https:\/\/www.saul.fi\/kilpailu\/saul-kilpailukalenteri\/?tapahtuma=610\">SAUL SM-viestit<\/a>, Vantaa<br \/>la 6.6.2026 klo 08:15 <a href=\"http:\/\/www.helsinkihalfmarathon.fi\/\" target=\"_blank\" rel=\"noreferrer noopener\">Helsinki Half Marathon<\/a><br \/>la 6.6.2026 klo 11:30 <a href=\"https:\/\/savonlinnacityrun.fi\/\">Savonlinna City Run<\/a><br \/>pe 12.6.2026 <a href=\"https:\/\/varpaisjarvenvire.sporttisaitti.com\/?x254310=561924\" target=\"_blank\" rel=\"noreferrer noopener\" aria-label=\" (avautuu uudessa v\u00e4lilehdess\u00e4)\">Varpaisj\u00e4rven Y\u00f6juoksu<\/a><br \/>la 13.6.2026 klo 12:00 <a href=\"https:\/\/www.vieskamaraton.fi\/\" target=\"_blank\" rel=\"noreferrer noopener\">VieskaMaraton<\/a> Ylivieskassa<br \/>la 13.6.2026 klo 16:00 <a href=\"http:\/\/www.suvi-ilta.fi\/\" target=\"_blank\" rel=\"noreferrer noopener\">Forssan Suvi-Ilta<\/a><br \/>pe 19.6.2026 klo 12:00 <a href=\"https:\/\/www.lannevesi.fi\/lannen-lenkki\/\" target=\"_blank\" rel=\"noreferrer noopener\">Lannen Lenkki <\/a>Saarij\u00e4rven Lannevedell\u00e4<br \/>pe-su 26.-28.6.2026 <a href=\"https:\/\/www.saul.fi\/kilpailu\/saul-kilpailukalenteri\/?tapahtuma=704\">SAUL SM-yleisurheilu<\/a>, Turku<\/p>\r\n<!-- \/wp:paragraph -->\r\n\r\n<!-- wp:paragraph -->\r\n<p><strong>HEIN\u00c4KUU<\/strong><\/p>\r\n<p>la 4.7.2026 klo 12:00 <a href=\"https:\/\/www.mikkelinklassikot.fi\/mikkelijuoksu\/\" target=\"_blank\" rel=\"noreferrer noopener\">Mikkeli-Juoksu<\/a><br \/>su 12.7.2026 klo 16:00 <a href=\"https:\/\/www.rauhalahtiroadrunners.com\/?page_id=8089\">Kivennavan Kierto<\/a>, <a href=\"https:\/\/www.kivennapa.com\/\">Matkailukartano Kivennapa<\/a><br \/>pe 17.7.2026 klo 18:00 <a href=\"https:\/\/www.keuruunkisailijat.fi\/hiihto-keuruun-yomaraton\/\">Keuruun Y\u00f6maraton<\/a><br \/>la 25.7.2026 klo 13:00 <a href=\"https:\/\/kuusaa.com\/maraton\/\" target=\"_blank\" rel=\"noreferrer noopener\">Kuusaa Marathon<\/a>, Haapaj\u00e4rvi, Kuusaan kyl\u00e4talo<\/p>\r\n<!-- \/wp:paragraph -->\r\n\r\n<!-- wp:paragraph \/-->\r\n\r\n<!-- wp:paragraph -->\r\n<p><strong>ELOKUU<\/strong><\/p>\r\n<p>la 8.8.2026 klo 10:00 <a href=\"http:\/\/kempelemaraton.net\/kempele-z-maraton\/\" target=\"_blank\" rel=\"noreferrer noopener\">Kempeleen Zeppelin-maraton<\/a><br \/>la 1.8.2026 klo 10:00 alkaen <a href=\"https:\/\/sonkasport.fi\/volokkitrail\/\">VolokkiTrail<\/a> -polkujuoksukisa Sonkaj\u00e4rvell\u00e4<br \/>la 1.8.2026 klo 08:00 <a href=\"https:\/\/perakylanponnistus.fi\/\">Masokistin Unelma<\/a>, Helsinki Palohein\u00e4<br \/>la 15.8.2026 klo 11:00 alkaen <a href=\"https:\/\/endurancekainuu.fi\/raatteen-maraton\/\">Raatteen maraton<\/a> Suomussalmella<br \/>pe-la 14.-15.8.2026 klo 10:00 <a href=\"https:\/\/juoksuaika.fi\/paavo-nurmi-marathon\/\" target=\"_blank\" rel=\"noreferrer noopener\">Paavo Nurmi Marathon<\/a>, Turku<br \/>la 22.8.2026 klo 13:00 <a href=\"https:\/\/www.kilpailukalenteri.fi\/?cs=16&amp;nid=38705\">Niilon Kymppi<\/a>, Suonenjoki, urheilukentt\u00e4<br \/>la 22.8.2026 klo 09:00 <a href=\"http:\/\/www.helsinkimarathon.fi\/\">Bj\u00f6rn Borg Helsinki Marathon<\/a><br \/>la 29.8.2026\u00a0 <a href=\"http:\/\/www.kuopiomaraton.com\/\" target=\"_blank\" rel=\"noreferrer noopener\">Rauhalahti Kuopio Maraton<\/a><br \/>su 30.8.2026 <a href=\"https:\/\/www.tcssydneymarathon.com\/\">Sydneyn maraton<\/a> (7. major)<\/p>\r\n<!-- \/wp:paragraph -->\r\n\r\n<!-- wp:paragraph -->\r\n<p><strong>SYYSKUU<\/strong><\/p>\r\n<p>pe-la 11.-12.9.2026 <a href=\"http:\/\/www.finlandiamarathon.fi\/\">Finlandia Marathon<\/a> Jyv\u00e4skyl\u00e4ss\u00e4<br \/>la 12.9.2026 <a href=\"https:\/\/www.saul.fi\/kilpailu\/saul-kilpailukalenteri\/?tapahtuma=632\">SAUL SM-maraton<\/a>, Jyv\u00e4skyl\u00e4<br \/>su 13.9.2026 klo 11:00 <a href=\"https:\/\/tampereenmaratonklubi.info\/\" target=\"_blank\" rel=\"noreferrer noopener\">Tampere Maraton<\/a><br \/>pe-su 11.-13.9.2026 <a href=\"https:\/\/www.jooks.ee\/en\/tallinn-marathon\/tallinna-maraton\" target=\"_blank\" rel=\"noreferrer noopener\">Tallinnan maraton<\/a><br \/>la 12.9.2026 klo 12:00 <a href=\"http:\/\/www.ruskamaraton.com\" target=\"_blank\" rel=\"noreferrer noopener\">Ruskamaraton<\/a> Kittil\u00e4n Levill\u00e4<br \/>su 13.9.2026 klo 13:00 <a href=\"https:\/\/www.petosennallet.fi\/kutsu\/\" target=\"_blank\" rel=\"noreferrer noopener\">Petosen h\u00f6lkk\u00e4 Kuopiossa Litmasen kent\u00e4ll\u00e4<\/a><br \/>la 19.9.2026 klo 11:00 <a href=\"https:\/\/karttu.sporttisaitti.com\/maakuntaviestijuoksu-20-9-2025\/\" target=\"_blank\" rel=\"noreferrer noopener\">Pohjois-Savon maakuntaviestijuoksu <\/a>, Karttula Kirkkotie 7<br \/>la 19.9.2026 <a href=\"https:\/\/www.saul.fi\/kilpailu\/saul-kilpailukalenteri\/?tapahtuma=716\">SAUL SM-polkujuoksu<\/a>, Lahti<br \/>su 27.9.2026 <a href=\"https:\/\/www.bmw-berlin-marathon.com\/en\/\">Berliinin maraton<\/a><br \/>su 20.9.2026 klo 10:45 alkaen <a href=\"https:\/\/joutsenonkullervo.yhdistysavain.fi\/kullervomaraton\/\">Kullervo-Maraton<\/a> Joutsenossa<br \/>la 26.9.2026 klo 10:30 alkaen <a href=\"https:\/\/www.joensuurun.fi\/\">Joensuu Run<\/a><br \/>la 26.9.2026 klo 12:30 <a href=\"https:\/\/punkaharjunurheilijat.sporttisaitti.com\/punkaharjun-halkijuoksu\/\">Punkaharjun halkijuoksu<\/a><br \/>la 26.9.2026 <a href=\"https:\/\/www.lidingoloppet.se\/\">TCS Liding\u00f6loppet<\/a>, Tukholma<\/p>\r\n<!-- \/wp:paragraph -->\r\n\r\n<!-- wp:paragraph -->\r\n<p><strong>LOKAKUU<\/strong><\/p>\r\n<p>pe-la 2.-3.10.2026 <a href=\"http:\/\/www.vaarojenmaraton.fi\" target=\"_blank\" rel=\"noreferrer noopener\">Vaarojen maraton<\/a> Kolilla<br \/>la 3.10.2026 klo 11:00 <a href=\"http:\/\/www.vantaanmaraton.net\/\" target=\"_blank\" rel=\"noreferrer noopener\">Vantaan maraton<\/a>, Tikkurilan uimahalli<br \/>su 11.10.2026 <a href=\"https:\/\/www.chicagomarathon.com\/\">Chicagon maraton<\/a>, USA <br \/>??? la 18.10.2025 klo 11:00 <a href=\"https:\/\/kankaanpaanmaraton.com\/\" target=\"_blank\" rel=\"noreferrer noopener\">Kankaanp\u00e4\u00e4n maraton<\/a><\/p>\r\n<!-- \/wp:paragraph -->\r\n\r\n<!-- wp:paragraph \/-->\r\n\r\n<!-- wp:paragraph -->\r\n<p><strong>MARRASKUU<\/strong><\/p>\r\n<p>su 1.11.2026\u00a0<a href=\"http:\/\/www.tcsnycmarathon.org\/\" target=\"_blank\" rel=\"noreferrer noopener\"> TCS New York City Marathon<\/a>, USA<br \/>??? la-su 15.-16.11.2025 alkaen klo 20:00 <a href=\"http:\/\/www.joensuu12h.com\/\" target=\"_blank\" rel=\"noreferrer noopener\">Joensuu Night Run 12\/6H<\/a><\/p>\r\n<!-- \/wp:paragraph -->\r\n\r\n<!-- wp:paragraph -->\r\n<p><strong>JOULUKUU<\/strong><\/p>\r\n<!-- \/wp:paragraph -->\r\n\r\n<!-- wp:paragraph -->\r\n<p>su 6.12.2026 klo 09:00 alkaen <a href=\"https:\/\/kuopionreipas.fi\/itsenaisyysmaraton\/\" target=\"_blank\" rel=\"noreferrer noopener\">Itsen\u00e4isyysmaraton<\/a>, Kuopio V\u00e4in\u00f6l\u00e4nniemi<br \/>to 31.12.2026 klo 18:00 <a href=\"https:\/\/karttu.sporttisaitti.com\/uuden-vuoden-juoksu-31-12-2025\/\">Uudenvuodenjuoksu<\/a> (5\/2 km), Karttula<\/p>\r\n<!-- \/wp:paragraph -->\r\n\r\n<!-- wp:paragraph -->\r\n<p><strong>Muita linkkej\u00e4:<\/strong><\/p>\r\n<!-- \/wp:paragraph -->\r\n\r\n<!-- wp:paragraph -->\r\n<p>Juoksijalehden <a href=\"https:\/\/www.juoksija-lehti.fi\/juoksukalenteri\/\" target=\"_blank\" rel=\"noreferrer noopener\">juoksukalenteri<\/a> <a href=\"http:\/\/www.kilpailukalenteri.fi\/\" target=\"_blank\" rel=\"noreferrer noopener\">Kilpailukalenteri<\/a><\/p>\r\n<!-- \/wp:paragraph -->\r\n\r\n<!-- wp:paragraph \/-->\r\n\r\n<!-- wp:paragraph -->\r\n<p>Kommentit\/korjaukset s\u00e4hk\u00f6postiin <a href=\"mailto:kalenteri@rauhalahtiroadrunners.com\"><strong>kalenteri(at)rauhalahtiroadrunners.com<\/strong><\/a><\/p>","protected":false},"excerpt":{"rendered":"<p>JUOKSUKALENTERI 2026 P\u00e4ivitetty 2.5.2026. Huom! ??? = p\u00e4iv\u00e4m\u00e4\u00e4r\u00e4 ei viel\u00e4 tiedossa tai varmistettu TAMMIKUU ti 13.1.2026 klo 19:00 Hallitonnit, Kuopiohalli, tuloksetla 17.1.2026 Funchal Marathon, Madeira, tuloksetsu 25.1.2026 klo 9:00 Kotirataultra (1-2 x 25 km), l\u00e4ht\u00f6 Kylpyl\u00e4hotelli Rauhalahdesta, katso reitti V\u00e4n\u00e4rin ja Saaristokaupungin kautta, ilmoita tuloksesi (vain 50 km) t\u00e4nne. HELMIKUU pe-su 20.-22.2.2026 SAUL SM-hallit, Helsinki, &#8230; <a title=\"Juoksukalenteri 2026\" class=\"read-more\" href=\"https:\/\/www.rauhalahtiroadrunners.com\/?page_id=7962\" aria-label=\"Lue lis\u00e4\u00e4 aiheesta Juoksukalenteri 2026\">Lue lis\u00e4\u00e4<\/a><\/p>\n","protected":false},"author":3,"featured_media":0,"parent":0,"menu_order":0,"comment_status":"closed","ping_status":"closed","template":"","meta":{"footnotes":""},"class_list":["post-7962","page","type-page","status-publish"],"_links":{"self":[{"href":"https:\/\/www.rauhalahtiroadrunners.com\/index.php?rest_route=\/wp\/v2\/pages\/7962","targetHints":{"allow":["GET"]}}],"collection":[{"href":"https:\/\/www.rauhalahtiroadrunners.com\/index.php?rest_route=\/wp\/v2\/pages"}],"about":[{"href":"https:\/\/www.rauhalahtiroadrunners.com\/index.php?rest_route=\/wp\/v2\/types\/page"}],"author":[{"embeddable":true,"href":"https:\/\/www.rauhalahtiroadrunners.com\/index.php?rest_route=\/wp\/v2\/users\/3"}],"replies":[{"embeddable":true,"href":"https:\/\/www.rauhalahtiroadrunners.com\/index.php?rest_route=%2Fwp%2Fv2%2Fcomments&post=7962"}],"version-history":[{"count":79,"href":"https:\/\/www.rauhalahtiroadrunners.com\/index.php?rest_route=\/wp\/v2\/pages\/7962\/revisions"}],"predecessor-version":[{"id":8235,"href":"https:\/\/www.rauhalahtiroadrunners.com\/index.php?rest_route=\/wp\/v2\/pages\/7962\/revisions\/8235"}],"wp:attachment":[{"href":"https:\/\/www.rauhalahtiroadrunners.com\/index.php?rest_route=%2Fwp%2Fv2%2Fmedia&parent=7962"}],"curies":[{"name":"wp","href":"https:\/\/api.w.org\/{rel}","templated":true}]}}