{"id":7943,"date":"2025-12-16T12:47:53","date_gmt":"2025-12-16T09:47:53","guid":{"rendered":"https:\/\/www.rauhalahtiroadrunners.com\/?page_id=7943"},"modified":"2026-03-15T12:47:08","modified_gmt":"2026-03-15T10:47:08","slug":"hiihtokalenteri-2026","status":"publish","type":"page","link":"https:\/\/www.rauhalahtiroadrunners.com\/?page_id=7943","title":{"rendered":"Hiihtokalenteri 2026"},"content":{"rendered":"<h4><span style=\"font-size: 18pt;\"><strong>Hiihto- ja luistelutapahtumia talvella 2026<\/strong><\/span><\/h4>\r\n<h4><!-- \/wp:post-content -->\r\n\r\n<!-- wp:paragraph --><\/h4>\r\n<p>P\u00e4ivitetty 15.3.2026<br \/>??? = ei viel\u00e4 tiedossa\/vahvistettu<\/p>\r\n<h4><!-- \/wp:paragraph -->\r\n\r\n<!-- wp:paragraph --><\/h4>\r\n<p>Kuopion <a href=\"https:\/\/kuopio.fluentprogress.fi\/outdoors\">latujen hoitotilanne<\/a><\/p>\r\n<h4><!-- \/wp:paragraph -->\r\n\r\n<!-- wp:paragraph --><\/h4>\r\n<p>Ladulle.fi &#8211; <a href=\"https:\/\/ladulle.fi\/ladut\/kuopio\">Kuopion ladut<\/a> &#8211; <a href=\"https:\/\/ladulle.fi\/ladut\/siilinjarvi\">Siilinj\u00e4rven ladut<\/a><\/p>\r\n<h4><!-- \/wp:paragraph -->\r\n\r\n<!-- wp:paragraph --><\/h4>\r\n<p><a href=\"http:\/\/www.tahkonreittipooli.fi\/maastohiihto\/\" target=\"_blank\" rel=\"noreferrer noopener\">Tahkon latutilanne<\/a><\/p>\r\n<h4><!-- \/wp:paragraph -->\r\n\r\n<!-- wp:paragraph --><\/h4>\r\n<p><strong>Helmikuu<\/strong><\/p>\r\n<p>la 14.2.2026 <a href=\"https:\/\/www.mikkelinklassikot.fi\/savonia-hiihto\/\">Savonia-hiihto<\/a> Mikkeliss\u00e4<br \/>??? la-su 17.-18.2.2024 <a href=\"https:\/\/www.siilinjarvenhiihtoseura.fi\/laturetki\/ystavyyden-majan-laturetki\/\">Yst\u00e4vyyden majan laturetki<\/a>, Siilinj\u00e4rvi<br \/>pe-la 20.-21.2.2026 <a href=\"http:\/\/www.finlandicemarathon.com\/\" target=\"_blank\" rel=\"noreferrer noopener\">Finland Ice Marathon<\/a>, Kuopion satama, <a href=\"https:\/\/www.rauhalahtiroadrunners.com\/?p=8055\">tulokset<\/a><br \/>la-su 7.-8.2.2026 <a href=\"http:\/\/www.finlandiahiihto.fi\/\" target=\"_blank\" rel=\"noreferrer noopener\">Finlandia Hiihto<\/a> <br \/>??? la 22.2.2025 <a href=\"https:\/\/www.riikinvoimahiihto.com\/\">Riikinvoimahiihto<\/a> <span style=\"color: #ff0000;\">(EI J\u00c4RJESTET\u00c4 v. 2026)<\/span><br \/>la 28.2.2026 <a href=\"http:\/\/www.tervahiihto.fi\/\" target=\"_blank\" rel=\"noreferrer noopener\">Terwahiihto<\/a><br \/>la 28.2.2026 <a href=\"https:\/\/www.pirkanhiihto.fi\/\" target=\"_blank\" rel=\"noreferrer noopener\">Pirkan Hiihto<\/a><br \/>la-su 28.2.-1.3.2026 <a href=\"http:\/\/www.maisemahiihto.fi\/\" target=\"_blank\" rel=\"noreferrer noopener\">Kolin Maisemahiihto<\/a> <span style=\"color: #ff0000;\">(EI J\u00c4RJESTET\u00c4 v. 2026)<\/span><\/p>\r\n<h4><!-- \/wp:paragraph -->\r\n\r\n<!-- wp:paragraph --><\/h4>\r\n<p><strong>Maaliskuu<\/strong><\/p>\r\n<p>la-su 28.2.-1.3.2026 <a href=\"https:\/\/www.kuopio.fi\/vapaa-aika-ja-hyvinvointi\/liikkuva-kuopio\/ajankohtaiset-liikuntatapahtumat-ja-lyhytkurssit\/rasa-ukon-laturetki-28-2-1-3-2026\/\">R\u00e4s\u00e4-Ukon laturetki<\/a>, Siilinj\u00e4rvi <span style=\"color: #ff0000;\">(EI J\u00c4RJESTET\u00c4 v. 2026)<\/span><br \/>pe-la 6.-7.3.2026 <a href=\"http:\/\/www.ahmanhiihto.fi\/\" target=\"_blank\" rel=\"noreferrer noopener\">Ahmanhiihto\u00a0<\/a>Kolilla <span style=\"color: #ff0000;\">(EI J\u00c4RJESTET\u00c4 v. 2026)<\/span><br \/>??? su 8.3.2026 klo 9-15 <a href=\"https:\/\/www.lukkarilankyla.com\/\">Hemmon Er\u00e4taival<\/a>, Varpaisj\u00e4rvi (Lukkarilan Hirvisuo) <span style=\"color: #ff0000;\">(EI J\u00c4RJESTET\u00c4 v. 2026)<\/span><br \/>la 14.3.2026 <a href=\"https:\/\/endurancekainuu.fi\/vuokatti-hiihto\/\" target=\"_blank\" rel=\"noreferrer noopener\">Vuokatti Hiihto<\/a> <span style=\"color: #ff0000;\">(EI J\u00c4RJESTET\u00c4 v. 2026)<\/span> <br \/>la 14.3.2026 <a href=\"https:\/\/ilu.fi\/pogostan-hiihto\">Pogostan hiihto<\/a> Ilomantsissa <span style=\"color: #ff0000;\">(EI J\u00c4RJESTET\u00c4 v. 2026)<\/span><\/p>\r\n<h4><!-- \/wp:paragraph -->\r\n\r\n<!-- wp:paragraph --><\/h4>\r\n<p><strong>Huhtikuu<\/strong><\/p>\r\n<p>pe-la 10.-11.4.2026 <a href=\"https:\/\/yllaslevi.com\/\">Yll\u00e4s-Levi<\/a>\u00a0(70\/55 km)<\/p>\r\n<h4><!-- \/wp:paragraph -->\r\n\r\n<!-- wp:paragraph --><\/h4>\r\n<p>Lis\u00e4tietoa: <a href=\"http:\/\/www.suomenlatu.fi\/\" target=\"_blank\" rel=\"noreferrer noopener\">Suomen Latu<\/a><\/p>","protected":false},"excerpt":{"rendered":"<p>Hiihto- ja luistelutapahtumia talvella 2026 P\u00e4ivitetty 15.3.2026??? = ei viel\u00e4 tiedossa\/vahvistettu Kuopion latujen hoitotilanne Ladulle.fi &#8211; Kuopion ladut &#8211; Siilinj\u00e4rven ladut Tahkon latutilanne Helmikuu la 14.2.2026 Savonia-hiihto Mikkeliss\u00e4??? la-su 17.-18.2.2024 Yst\u00e4vyyden majan laturetki, Siilinj\u00e4rvipe-la 20.-21.2.2026 Finland Ice Marathon, Kuopion satama, tuloksetla-su 7.-8.2.2026 Finlandia Hiihto ??? la 22.2.2025 Riikinvoimahiihto (EI J\u00c4RJESTET\u00c4 v. 2026)la 28.2.2026 Terwahiihtola 28.2.2026 &#8230; <a title=\"Hiihtokalenteri 2026\" class=\"read-more\" href=\"https:\/\/www.rauhalahtiroadrunners.com\/?page_id=7943\" aria-label=\"Lue lis\u00e4\u00e4 aiheesta Hiihtokalenteri 2026\">Lue lis\u00e4\u00e4<\/a><\/p>\n","protected":false},"author":3,"featured_media":0,"parent":0,"menu_order":0,"comment_status":"closed","ping_status":"closed","template":"","meta":{"footnotes":""},"class_list":["post-7943","page","type-page","status-publish"],"_links":{"self":[{"href":"https:\/\/www.rauhalahtiroadrunners.com\/index.php?rest_route=\/wp\/v2\/pages\/7943","targetHints":{"allow":["GET"]}}],"collection":[{"href":"https:\/\/www.rauhalahtiroadrunners.com\/index.php?rest_route=\/wp\/v2\/pages"}],"about":[{"href":"https:\/\/www.rauhalahtiroadrunners.com\/index.php?rest_route=\/wp\/v2\/types\/page"}],"author":[{"embeddable":true,"href":"https:\/\/www.rauhalahtiroadrunners.com\/index.php?rest_route=\/wp\/v2\/users\/3"}],"replies":[{"embeddable":true,"href":"https:\/\/www.rauhalahtiroadrunners.com\/index.php?rest_route=%2Fwp%2Fv2%2Fcomments&post=7943"}],"version-history":[{"count":32,"href":"https:\/\/www.rauhalahtiroadrunners.com\/index.php?rest_route=\/wp\/v2\/pages\/7943\/revisions"}],"predecessor-version":[{"id":8082,"href":"https:\/\/www.rauhalahtiroadrunners.com\/index.php?rest_route=\/wp\/v2\/pages\/7943\/revisions\/8082"}],"wp:attachment":[{"href":"https:\/\/www.rauhalahtiroadrunners.com\/index.php?rest_route=%2Fwp%2Fv2%2Fmedia&parent=7943"}],"curies":[{"name":"wp","href":"https:\/\/api.w.org\/{rel}","templated":true}]}}