{"id":7666,"date":"2025-08-02T12:25:06","date_gmt":"2025-08-02T09:25:06","guid":{"rendered":"https:\/\/www.rauhalahtiroadrunners.com\/?page_id=7666"},"modified":"2025-08-02T12:25:06","modified_gmt":"2025-08-02T09:25:06","slug":"ari-jarvelaisen-muistolle","status":"publish","type":"page","link":"https:\/\/www.rauhalahtiroadrunners.com\/?page_id=7666","title":{"rendered":"Ari J\u00e4rvel\u00e4isen muistolle"},"content":{"rendered":"<p>Pohjoissavolaisen juoksun suuri puolestapuhuja Ari J\u00e4rvel\u00e4inen menehtyi kotonaan Kuopiossa 11. hein\u00e4kuuta 2025. \u00c4killinen sairauskohtaus tempaisi h\u00e4net keskuudestamme vain 62-vuotiaana.<\/p>\n<p>J\u00e4rvel\u00e4inen on syntyisin Tuusniemen Laukka-ahon kyl\u00e4lt\u00e4, josta h\u00e4n muutti Siilinj\u00e4rvelle kymmenvuotiaana. H\u00e4n k\u00e4vi Tekun, mutta insin\u00f6\u00f6rin t\u00f6it\u00e4 nuori mies ei tehnyt p\u00e4iv\u00e4\u00e4k\u00e4\u00e4n. Insin\u00f6\u00f6rin opintojen lomassa kuitenkin h\u00e4nelle syntyi innostus juoksuun, joka vei miehen menness\u00e4\u00e4n.<\/p>\n<p>Nuoruusvuosien mielilajissaan lentopallossa h\u00e4n kertoi j\u00e4\u00e4neens\u00e4 hieman muiden jalkoihin maineikkaassa P\u00f6lj\u00e4n Ponnistuksen joukkueessa.<\/p>\n<p>Juoksuharjoittelu sen sijaan sopi opiskelijalle kuin nen\u00e4 p\u00e4\u00e4h\u00e4n.<\/p>\n<p>-\u201dEn pystynyt lukemaan tenttiin tehokkaasti kuin reilun tunnin, mutta kun k\u00e4vin v\u00e4lill\u00e4 tunnin lenkin, niin sen j\u00e4lkeen jaksoin paahtaa viel\u00e4 toisen mokoman\u201d, on J\u00e4rvel\u00e4inen kertonut.<\/p>\n<p>H\u00e4n jatkoi opintojaan Teknillisess\u00e4 korkeakoulussa Otaniemess\u00e4.<\/p>\n<p>-\u201dPakkopullaa jaksoin syksyn ja palasin maitojunalla Kuopioon. Olin opiskellut alan, joka ei kiinnostanut\u201d.<\/p>\n<p>Juoksu piti J\u00e4rvel\u00e4isen kiinni el\u00e4m\u00e4ss\u00e4. Kun h\u00e4n vieraili Kuopiossa tulevan vaimonsa Elizabethin k\u00e4mp\u00e4ss\u00e4 ensimm\u00e4isen kerran, oli J\u00e4rvel\u00e4iselle maailmaa muuttavan suuri ilo n\u00e4hd\u00e4, ett\u00e4 eteisess\u00e4 olivat tulevan vaimon juoksukeng\u00e4t. Pian pariskunta oli naimisissa ja heille syntyi Henri-poika.<\/p>\n<p>Suurimman osan ty\u00f6urastaan J\u00e4rvel\u00e4inen teki Rauhalahden kylpyl\u00e4hotellissa, josta Pajulahdessa liikunnanohjaajaksi toisen ammattinsa opiskellut mies l\u00f6ysi mieleisens\u00e4 teht\u00e4v\u00e4n. Vilkkaan hotellin vieraat saivat J\u00e4rvel\u00e4iselt\u00e4 viikkokalenterin ja neuvoja. Rauhalahden ymp\u00e4rille rakentui h\u00e4nen aloitteestaan juoksuseura Rauhalahti Road Runners, juoksukouluja sek\u00e4 vuosittainen maratontapahtuma. J\u00e4rvel\u00e4inen oli kilpailun johtajana, kun Kuopiossa juostiin SM-maraton 2001. Parhaimmillaan J\u00e4rvel\u00e4isen ideoimassa tapahtumassa Kuopiossa oli muutamia tuhansia osanottajia eri matkoilla.<\/p>\n<p>J\u00e4rvel\u00e4isen esimerkin ja valmennusohjeiden my\u00f6t\u00e4 satoja savolaisia on uskaltautunut maratonille\u00a0vuosikymmenten mittaan.<\/p>\n<p>-\u201dJuokseminen on edullisin ja hy\u00f6dyllisin liikuntamuoto. Kotioven sulkemalla p\u00e4\u00e4see suoraan harjoituksiin oli s\u00e4\u00e4 millainen hyv\u00e4ns\u00e4\u201d, on h\u00e4n muistuttanut olosuhteista valittajille.<\/p>\n<p>-\u201dKilpajuoksutalleja on Suomessa ollut i\u00e4t ja ajat, mutta jonkinlaista uraa uurtavaa ty\u00f6t\u00e4\u00a0maratonkouluissamme tehtiin. Aloittelevilla oli melko v\u00e4h\u00e4n tietoa juoksemisesta. Onneksi kukaan ei havainnut, ett\u00e4 minulla oli aika v\u00e4h\u00e4n tietoa kuntoilijoiden valmentamisesta\u201d.<\/p>\n<p>-\u201dTieto sin\u00e4ns\u00e4 ei milloinkaan ratkaise urheilussa lopputulosta. Nykyisin on joka asiasta liikaakin tietoa, mik\u00e4 saattaa haitata toimeen ryhtymisess\u00e4. Maratonjuoksijan oleellisin tieto on, ett\u00e4 on juostava ja paljon. Mit\u00e4 enemm\u00e4n juoksee, sit\u00e4 paremmaksi tulee. T\u00e4ll\u00e4 tiedolla kehityst\u00e4 tapahtuu vuosia. Kun kehitys pys\u00e4htyy, on etsitt\u00e4v\u00e4 muita keinoja, mielell\u00e4\u00e4n sallittuja\u201d, kuuluivat h\u00e4nen teesins\u00e4.<\/p>\n<p>J\u00e4rvel\u00e4inen on aina kunnioittanut juoksemista, mik\u00e4 tuli esiin Road Runnersien nime\u00e4 mietitt\u00e4ess\u00e4:<\/p>\n<p>-\u201dMit\u00e4\u00e4n h\u00f6lkk\u00e4\u00e4ji\u00e4 en ryhdy ohjaamaan, vaan juoksijoita\u201d.<\/p>\n<p>N\u00e4in Englannista kotoisin olevan vaimonsa keksim\u00e4 Rauhalahti Road Runnersin nimi saatiin juoksuseuralle eik\u00e4 \u201dmillek\u00e4\u00e4n h\u00f6lkk\u00e4porukalle\u201d.<\/p>\n<p>Maratonilla jokainen rakentaa itselleen sankaritarinan. Siin\u00e4 on odotusta, nousua, laskua, ep\u00e4toivoa, taistelua ja vaikkapa periksi antamista. Milloin mitenkin, mutta vaikeuksien voittamisesta saa aina tyydytyksen, josta voi ja pit\u00e4\u00e4kin ylpeill\u00e4. Juoksu on raaka laji, koska tulos on niin selke\u00e4sti vertailtavissa.<\/p>\n<p>-\u201dSelitell\u00e4 voi, mutta tulos lopulta kertoo paikkasi ja jokaiselle se l\u00f6ytyy\u201d, muisteli J\u00e4rvel\u00e4inen, jonka enn\u00e4tykseksi tuli 2.38.22 vuonna 1994 Karttulassa ja samalla piirinmestaruuspronssi.<\/p>\n<p>-\u201dMinunkin tulokseni varmaan her\u00e4tt\u00e4v\u00e4t monissa kunnioitusta, mutta paljon on niit\u00e4, joiden mielest\u00e4 noilla ajoilla olisi parempi olla hiljaa. 70-luvulla tehtiin hein\u00e4pellolla p\u00e4iv\u00e4 t\u00f6it\u00e4, ja illalla juostiin maraton alle 2.30:n. Ja t\u00e4h\u00e4n pystyiv\u00e4t silloin kaikki terveet miehet\u201d.<\/p>\n<p>Aikaa ei kannata pys\u00e4hty\u00e4 miettim\u00e4\u00e4n, sill\u00e4 liikunnan ilo vie lopulta voiton.<\/p>\n<p>-\u201dPettymyksilt\u00e4 v\u00e4lttyy, kun asettaa tavoitteensa realistiseksi saavuttaen n\u00e4in ainakin v\u00e4lill\u00e4 tavoitteensa\u201d, on J\u00e4rvel\u00e4inen pohtinut.<\/p>\n<p>Juoksun lis\u00e4ksi J\u00e4rvel\u00e4isen perheess\u00e4 olivat ohjelmassa penkkiurheilu pes\u00e4pallon ja etenkin lentopallon parissa, sill\u00e4 usein he l\u00e4htiv\u00e4t vieraspeleihinkin koko perheen voimin. Heille oli yksi iloisimpia hetki\u00e4, kun Puijo Wolley voitti kev\u00e4\u00e4ll\u00e4 2025 Suomen mestaruuden.<\/p>\n<p>Juoksu maistui Ari J\u00e4rvel\u00e4iselle ihan viimeiseen iltaansa saakka. H\u00e4n ei en\u00e4\u00e4 haaveillut edes olympiahopeasta tai enn\u00e4tyksist\u00e4. J\u00e4rvel\u00e4inen on meille esimerkki, kuinka rakas harrastus antaa voimaa el\u00e4m\u00e4n kaikkiin askareisiin.<\/p>\n<p>&nbsp;<\/p>\n<p>Markus Karjalainen<\/p>\n<p>Kirjoittaja on J\u00e4rvel\u00e4isen ensimm\u00e4inen maratonvalmennettava vuodelta 1994.<\/p>\n","protected":false},"excerpt":{"rendered":"<p>Pohjoissavolaisen juoksun suuri puolestapuhuja Ari J\u00e4rvel\u00e4inen menehtyi kotonaan Kuopiossa 11. hein\u00e4kuuta 2025. \u00c4killinen sairauskohtaus tempaisi h\u00e4net keskuudestamme vain 62-vuotiaana. J\u00e4rvel\u00e4inen on syntyisin Tuusniemen Laukka-ahon kyl\u00e4lt\u00e4, josta h\u00e4n muutti Siilinj\u00e4rvelle kymmenvuotiaana. H\u00e4n k\u00e4vi Tekun, mutta insin\u00f6\u00f6rin t\u00f6it\u00e4 nuori mies ei tehnyt p\u00e4iv\u00e4\u00e4k\u00e4\u00e4n. Insin\u00f6\u00f6rin opintojen lomassa kuitenkin h\u00e4nelle syntyi innostus juoksuun, joka vei miehen menness\u00e4\u00e4n. Nuoruusvuosien mielilajissaan &#8230; <a title=\"Ari J\u00e4rvel\u00e4isen muistolle\" class=\"read-more\" href=\"https:\/\/www.rauhalahtiroadrunners.com\/?page_id=7666\" aria-label=\"Lue lis\u00e4\u00e4 aiheesta Ari J\u00e4rvel\u00e4isen muistolle\">Lue lis\u00e4\u00e4<\/a><\/p>\n","protected":false},"author":3,"featured_media":0,"parent":0,"menu_order":0,"comment_status":"closed","ping_status":"closed","template":"","meta":{"footnotes":""},"class_list":["post-7666","page","type-page","status-publish"],"_links":{"self":[{"href":"https:\/\/www.rauhalahtiroadrunners.com\/index.php?rest_route=\/wp\/v2\/pages\/7666","targetHints":{"allow":["GET"]}}],"collection":[{"href":"https:\/\/www.rauhalahtiroadrunners.com\/index.php?rest_route=\/wp\/v2\/pages"}],"about":[{"href":"https:\/\/www.rauhalahtiroadrunners.com\/index.php?rest_route=\/wp\/v2\/types\/page"}],"author":[{"embeddable":true,"href":"https:\/\/www.rauhalahtiroadrunners.com\/index.php?rest_route=\/wp\/v2\/users\/3"}],"replies":[{"embeddable":true,"href":"https:\/\/www.rauhalahtiroadrunners.com\/index.php?rest_route=%2Fwp%2Fv2%2Fcomments&post=7666"}],"version-history":[{"count":1,"href":"https:\/\/www.rauhalahtiroadrunners.com\/index.php?rest_route=\/wp\/v2\/pages\/7666\/revisions"}],"predecessor-version":[{"id":7667,"href":"https:\/\/www.rauhalahtiroadrunners.com\/index.php?rest_route=\/wp\/v2\/pages\/7666\/revisions\/7667"}],"wp:attachment":[{"href":"https:\/\/www.rauhalahtiroadrunners.com\/index.php?rest_route=%2Fwp%2Fv2%2Fmedia&parent=7666"}],"curies":[{"name":"wp","href":"https:\/\/api.w.org\/{rel}","templated":true}]}}