{"id":7647,"date":"2025-08-02T11:08:54","date_gmt":"2025-08-02T08:08:54","guid":{"rendered":"https:\/\/www.rauhalahtiroadrunners.com\/?page_id=7647"},"modified":"2025-08-18T15:58:54","modified_gmt":"2025-08-18T12:58:54","slug":"in-memoriam-ari-jarvelainen","status":"publish","type":"page","link":"https:\/\/www.rauhalahtiroadrunners.com\/?page_id=7647","title":{"rendered":"In memoriam Ari J\u00e4rvel\u00e4inen"},"content":{"rendered":"<figure id=\"attachment_7650\" aria-describedby=\"caption-attachment-7650\" style=\"width: 190px\" class=\"wp-caption alignright\"><a href=\"https:\/\/www.rauhalahtiroadrunners.com\/wordpress_rrr\/wp-content\/uploads\/2025\/08\/2012_Kuopiomaraton_23-scaled.jpg\"><img loading=\"lazy\" decoding=\"async\" class=\"wp-image-7650 size-medium\" src=\"https:\/\/www.rauhalahtiroadrunners.com\/wordpress_rrr\/wp-content\/uploads\/2025\/08\/2012_Kuopiomaraton_23-200x300.jpg\" alt=\"\" width=\"200\" height=\"300\" srcset=\"https:\/\/www.rauhalahtiroadrunners.com\/wordpress_rrr\/wp-content\/uploads\/2025\/08\/2012_Kuopiomaraton_23-200x300.jpg 200w, https:\/\/www.rauhalahtiroadrunners.com\/wordpress_rrr\/wp-content\/uploads\/2025\/08\/2012_Kuopiomaraton_23-683x1024.jpg 683w, https:\/\/www.rauhalahtiroadrunners.com\/wordpress_rrr\/wp-content\/uploads\/2025\/08\/2012_Kuopiomaraton_23-768x1152.jpg 768w, https:\/\/www.rauhalahtiroadrunners.com\/wordpress_rrr\/wp-content\/uploads\/2025\/08\/2012_Kuopiomaraton_23-1024x1536.jpg 1024w, https:\/\/www.rauhalahtiroadrunners.com\/wordpress_rrr\/wp-content\/uploads\/2025\/08\/2012_Kuopiomaraton_23-1365x2048.jpg 1365w, https:\/\/www.rauhalahtiroadrunners.com\/wordpress_rrr\/wp-content\/uploads\/2025\/08\/2012_Kuopiomaraton_23-scaled.jpg 1707w\" sizes=\"auto, (max-width: 200px) 100vw, 200px\" \/><\/a><figcaption id=\"caption-attachment-7650\" class=\"wp-caption-text\">Kuopio Maraton 2012<\/figcaption><\/figure>\n<p>Kest\u00e4vyysjuoksija, RRR:n perustajaj\u00e4sen, Kuopio Maratonin &#8221;is\u00e4&#8221;, Kallavesj-Kympin organisaattori, &#8230; <strong>Ari Pekka J\u00e4rvel\u00e4inen<\/strong> menehtyi sairauskohtaukseen perjantaina 11.7.2025 kotonaan Kuopiossa 62 vuoden i\u00e4ss\u00e4.<\/p>\n<p>Ari oli aktiivinen ja n\u00e4kyv\u00e4 hahmo kuopiolaisissa juoksupiireiss\u00e4 1990-luvulta l\u00e4htien. H\u00e4net tunnettiin paitsi juoksijana (maratoonAri), my\u00f6s aktiivisena juoksutapahtumien j\u00e4rjest\u00e4j\u00e4n\u00e4. Ohessa muutama kirjoitus\/linkki, jotka valottavat Arin juoksu-uran alkuvaiheita ja siihen liittyvi\u00e4 tapahtumia:<\/p>\n<ul>\n<li><a href=\"https:\/\/www.rauhalahtiroadrunners.com\/?page_id=7659\">Arin oma kirjoitus<\/a> h\u00e4nen juoksu-uransa alkuvaiheista sek\u00e4 RRR:n ja Kuopio Maratonin syntyvaiheista (julkaistu 11.12.2008)<\/li>\n<li><a href=\"https:\/\/www.rauhalahtiroadrunners.com\/?page_id=7666\">Markus Karjalaisen muistokirjoitus<\/a> Arista (julkaistu Savon Sanomissa 3.8.2025)<\/li>\n<li><a href=\"https:\/\/www.rauhalahtiroadrunners.com\/?page_id=7645\">Matti Tiilikaisen muistoruno<\/a> Arista<\/li>\n<li>Arin juttu Jukka Kaukolasta Ikiliikkuja-lehdess\u00e4 3\/2025: <a href=\"https:\/\/www.rauhalahtiroadrunners.com\/wordpress_rrr\/wp-content\/uploads\/2025\/08\/Ikiliikkuja_AriJ.pdf\">Ikiliikkuja_AriJ<\/a> (Julkaistu SAULn luvalla)<\/li>\n<\/ul>\n","protected":false},"excerpt":{"rendered":"<p>Kest\u00e4vyysjuoksija, RRR:n perustajaj\u00e4sen, Kuopio Maratonin &#8221;is\u00e4&#8221;, Kallavesj-Kympin organisaattori, &#8230; Ari Pekka J\u00e4rvel\u00e4inen menehtyi sairauskohtaukseen perjantaina 11.7.2025 kotonaan Kuopiossa 62 vuoden i\u00e4ss\u00e4. Ari oli aktiivinen ja n\u00e4kyv\u00e4 hahmo kuopiolaisissa juoksupiireiss\u00e4 1990-luvulta l\u00e4htien. H\u00e4net tunnettiin paitsi juoksijana (maratoonAri), my\u00f6s aktiivisena juoksutapahtumien j\u00e4rjest\u00e4j\u00e4n\u00e4. Ohessa muutama kirjoitus\/linkki, jotka valottavat Arin juoksu-uran alkuvaiheita ja siihen liittyvi\u00e4 tapahtumia: Arin oma kirjoitus &#8230; <a title=\"In memoriam Ari J\u00e4rvel\u00e4inen\" class=\"read-more\" href=\"https:\/\/www.rauhalahtiroadrunners.com\/?page_id=7647\" aria-label=\"Lue lis\u00e4\u00e4 aiheesta In memoriam Ari J\u00e4rvel\u00e4inen\">Lue lis\u00e4\u00e4<\/a><\/p>\n","protected":false},"author":3,"featured_media":0,"parent":0,"menu_order":0,"comment_status":"closed","ping_status":"closed","template":"","meta":{"footnotes":""},"class_list":["post-7647","page","type-page","status-publish"],"_links":{"self":[{"href":"https:\/\/www.rauhalahtiroadrunners.com\/index.php?rest_route=\/wp\/v2\/pages\/7647","targetHints":{"allow":["GET"]}}],"collection":[{"href":"https:\/\/www.rauhalahtiroadrunners.com\/index.php?rest_route=\/wp\/v2\/pages"}],"about":[{"href":"https:\/\/www.rauhalahtiroadrunners.com\/index.php?rest_route=\/wp\/v2\/types\/page"}],"author":[{"embeddable":true,"href":"https:\/\/www.rauhalahtiroadrunners.com\/index.php?rest_route=\/wp\/v2\/users\/3"}],"replies":[{"embeddable":true,"href":"https:\/\/www.rauhalahtiroadrunners.com\/index.php?rest_route=%2Fwp%2Fv2%2Fcomments&post=7647"}],"version-history":[{"count":11,"href":"https:\/\/www.rauhalahtiroadrunners.com\/index.php?rest_route=\/wp\/v2\/pages\/7647\/revisions"}],"predecessor-version":[{"id":7725,"href":"https:\/\/www.rauhalahtiroadrunners.com\/index.php?rest_route=\/wp\/v2\/pages\/7647\/revisions\/7725"}],"wp:attachment":[{"href":"https:\/\/www.rauhalahtiroadrunners.com\/index.php?rest_route=%2Fwp%2Fv2%2Fmedia&parent=7647"}],"curies":[{"name":"wp","href":"https:\/\/api.w.org\/{rel}","templated":true}]}}