{"id":7373,"date":"2025-01-12T20:28:43","date_gmt":"2025-01-12T17:28:43","guid":{"rendered":"https:\/\/www.rauhalahtiroadrunners.com\/?page_id=7373"},"modified":"2025-01-12T20:28:43","modified_gmt":"2025-01-12T17:28:43","slug":"toimintakertomus-2024","status":"publish","type":"page","link":"https:\/\/www.rauhalahtiroadrunners.com\/?page_id=7373","title":{"rendered":"Toimintakertomus 2024"},"content":{"rendered":"<p>Lue Rauhalahti Road Runners vuoden 2024 toimintakertomus t\u00e4st\u00e4:<br \/>\n<a href=\"https:\/\/www.rauhalahtiroadrunners.com\/wordpress_rrr\/wp-content\/uploads\/2025\/01\/RRRtoimintakertomus-2024-hyvaksytty-hallituksessa-11.11.2024.pdf\">RRRtoimintakertomus 2024 hyv\u00e4ksytty hallituksessa 11.11.2024<\/a><\/p>\n","protected":false},"excerpt":{"rendered":"<p>Lue Rauhalahti Road Runners vuoden 2024 toimintakertomus t\u00e4st\u00e4: RRRtoimintakertomus 2024 hyv\u00e4ksytty hallituksessa 11.11.2024<\/p>\n","protected":false},"author":5,"featured_media":0,"parent":0,"menu_order":0,"comment_status":"closed","ping_status":"closed","template":"","meta":{"footnotes":""},"class_list":["post-7373","page","type-page","status-publish"],"_links":{"self":[{"href":"https:\/\/www.rauhalahtiroadrunners.com\/index.php?rest_route=\/wp\/v2\/pages\/7373","targetHints":{"allow":["GET"]}}],"collection":[{"href":"https:\/\/www.rauhalahtiroadrunners.com\/index.php?rest_route=\/wp\/v2\/pages"}],"about":[{"href":"https:\/\/www.rauhalahtiroadrunners.com\/index.php?rest_route=\/wp\/v2\/types\/page"}],"author":[{"embeddable":true,"href":"https:\/\/www.rauhalahtiroadrunners.com\/index.php?rest_route=\/wp\/v2\/users\/5"}],"replies":[{"embeddable":true,"href":"https:\/\/www.rauhalahtiroadrunners.com\/index.php?rest_route=%2Fwp%2Fv2%2Fcomments&post=7373"}],"version-history":[{"count":2,"href":"https:\/\/www.rauhalahtiroadrunners.com\/index.php?rest_route=\/wp\/v2\/pages\/7373\/revisions"}],"predecessor-version":[{"id":7376,"href":"https:\/\/www.rauhalahtiroadrunners.com\/index.php?rest_route=\/wp\/v2\/pages\/7373\/revisions\/7376"}],"wp:attachment":[{"href":"https:\/\/www.rauhalahtiroadrunners.com\/index.php?rest_route=%2Fwp%2Fv2%2Fmedia&parent=7373"}],"curies":[{"name":"wp","href":"https:\/\/api.w.org\/{rel}","templated":true}]}}