{"id":7356,"date":"2025-01-01T22:51:32","date_gmt":"2025-01-01T19:51:32","guid":{"rendered":"https:\/\/www.rauhalahtiroadrunners.com\/?page_id=7356"},"modified":"2025-06-11T23:03:07","modified_gmt":"2025-06-11T20:03:07","slug":"kivennavan-polkaisu-2025","status":"publish","type":"page","link":"https:\/\/www.rauhalahtiroadrunners.com\/?page_id=7356","title":{"rendered":"Kivennavan polkujuoksu 2025"},"content":{"rendered":"<p><strong>Milloin<\/strong>: ke 11.6.2025 klo <strong>18:00<\/strong><\/p>\r\n<!-- \/wp:post-content -->\r\n\r\n<!-- wp:paragraph -->\r\n<p><strong>Matka<\/strong>: 6 km (3 x 2 km) maastopoluilla<\/p>\r\n<p><strong>Reitti<\/strong>: purupohjaista 2 km mets\u00e4reitti\u00e4 juostaan 3 kierrosta. L\u00e4ht\u00f6 matkailukartanon pihasta. Reitti on mitattu.<\/p>\r\n<p><strong>Huolto<\/strong>: juomatarjoilu Matkailukartanon pihassa.<\/p>\r\n<!-- \/wp:paragraph -->\r\n\r\n<!-- wp:paragraph -->\r\n<p><strong>Sarjat<\/strong>: M\/N13, M\/N16, M\/N, M\/N50, M\/N60, M70, kuntosarja<\/p>\r\n<p><strong>Ajanotto<\/strong>: k\u00e4siajanotto<\/p>\r\n<!-- \/wp:paragraph -->\r\n\r\n<!-- wp:paragraph -->\r\n<p><strong>Miss\u00e4:<\/strong> <a href=\"http:\/\/www.kivennapa.com\">Matkailukartano Kivennapa<\/a>, Saarvontie 233, 73410 Pieks\u00e4nkoski, Kuopion Muuruvesi<\/p>\r\n<!-- \/wp:paragraph -->\r\n\r\n<!-- wp:paragraph -->\r\n<p><strong>Osanottomaksu:<\/strong> Ennakkoon <strong>13 \u20ac<\/strong>\u00a0 7.6.2025 menness\u00e4, maksu tilille\u00a0<strong>FI55 5482 3720 0080 69. <\/strong>J\u00e4lki-ilmoittautuminen tuntia ennen paikan p\u00e4\u00e4ll\u00e4 hintaan <strong>15 \u20ac.<\/strong><\/p>\r\n<p><strong>Ilmoittautuminen<\/strong>: s\u00e4hk\u00f6postilla <strong>kivennapa@kivennapa.com<\/strong><\/p>\r\n<!-- \/wp:paragraph -->\r\n\r\n<!-- wp:paragraph -->\r\n<p><strong>Palkinnot:<\/strong> pokaalit sarjojen 3 parhaalle, kuntosarjassa arvontapalkinnot<\/p>\r\n<!-- \/wp:paragraph -->\r\n\r\n<!-- wp:paragraph -->\r\n<p><strong>Lis\u00e4tiedot<\/strong>: savusauna sis\u00e4ltyy osanottomaksuun<\/p>\r\n<!-- \/wp:paragraph -->\r\n\r\n<!-- wp:paragraph -->\r\n<p><strong>Yhteystiedot<\/strong>: Martti K\u00e4h\u00f6nen <strong>0400 765 525<\/strong><\/p>\r\n<!-- \/wp:paragraph -->\r\n\r\n<!-- wp:paragraph -->\r\n<p><strong>J\u00e4rjest\u00e4j\u00e4<\/strong>: <a href=\"http:\/\/www.kivennapa.com\" data-type=\"URL\" data-id=\"www.kivennapa.com\">Matkailukartano Kivennapa<\/a><\/p>\r\n<p><a href=\"https:\/\/www.rauhalahtiroadrunners.com\/?p=7554\">Kisaraportti tulosten ja kuvien kanssa<\/a>.<\/p>","protected":false},"excerpt":{"rendered":"<p>Milloin: ke 11.6.2025 klo 18:00 Matka: 6 km (3 x 2 km) maastopoluilla Reitti: purupohjaista 2 km mets\u00e4reitti\u00e4 juostaan 3 kierrosta. L\u00e4ht\u00f6 matkailukartanon pihasta. Reitti on mitattu. Huolto: juomatarjoilu Matkailukartanon pihassa. Sarjat: M\/N13, M\/N16, M\/N, M\/N50, M\/N60, M70, kuntosarja Ajanotto: k\u00e4siajanotto Miss\u00e4: Matkailukartano Kivennapa, Saarvontie 233, 73410 Pieks\u00e4nkoski, Kuopion Muuruvesi Osanottomaksu: Ennakkoon 13 \u20ac\u00a0 7.6.2025 &#8230; <a title=\"Kivennavan polkujuoksu 2025\" class=\"read-more\" href=\"https:\/\/www.rauhalahtiroadrunners.com\/?page_id=7356\" aria-label=\"Lue lis\u00e4\u00e4 aiheesta Kivennavan polkujuoksu 2025\">Lue lis\u00e4\u00e4<\/a><\/p>\n","protected":false},"author":3,"featured_media":0,"parent":0,"menu_order":0,"comment_status":"closed","ping_status":"closed","template":"","meta":{"footnotes":""},"class_list":["post-7356","page","type-page","status-publish"],"_links":{"self":[{"href":"https:\/\/www.rauhalahtiroadrunners.com\/index.php?rest_route=\/wp\/v2\/pages\/7356","targetHints":{"allow":["GET"]}}],"collection":[{"href":"https:\/\/www.rauhalahtiroadrunners.com\/index.php?rest_route=\/wp\/v2\/pages"}],"about":[{"href":"https:\/\/www.rauhalahtiroadrunners.com\/index.php?rest_route=\/wp\/v2\/types\/page"}],"author":[{"embeddable":true,"href":"https:\/\/www.rauhalahtiroadrunners.com\/index.php?rest_route=\/wp\/v2\/users\/3"}],"replies":[{"embeddable":true,"href":"https:\/\/www.rauhalahtiroadrunners.com\/index.php?rest_route=%2Fwp%2Fv2%2Fcomments&post=7356"}],"version-history":[{"count":13,"href":"https:\/\/www.rauhalahtiroadrunners.com\/index.php?rest_route=\/wp\/v2\/pages\/7356\/revisions"}],"predecessor-version":[{"id":7560,"href":"https:\/\/www.rauhalahtiroadrunners.com\/index.php?rest_route=\/wp\/v2\/pages\/7356\/revisions\/7560"}],"wp:attachment":[{"href":"https:\/\/www.rauhalahtiroadrunners.com\/index.php?rest_route=%2Fwp%2Fv2%2Fmedia&parent=7356"}],"curies":[{"name":"wp","href":"https:\/\/api.w.org\/{rel}","templated":true}]}}