{"id":731,"date":"2012-04-09T16:26:27","date_gmt":"2012-04-09T13:26:27","guid":{"rendered":"http:\/\/www.rauhalahtiroadrunners.com\/?page_id=731"},"modified":"2012-04-30T18:26:27","modified_gmt":"2012-04-30T15:26:27","slug":"kallavesj-holkka-9-4-2012","status":"publish","type":"page","link":"https:\/\/www.rauhalahtiroadrunners.com\/?page_id=731","title":{"rendered":"Kallavesj-h\u00f6lkk\u00e4 9.4.2012"},"content":{"rendered":"<p><strong>KuSVu:n KALLAVESJ -H\u00d6LKK\u00c4\u00a0 9.4.2012<\/strong><br \/>\n(matka n. 8,3 km)<\/p>\n<p>Ilpon kuvasato l\u00f6ytyy klikkaamalla alla olevaa kuvaa.<\/p>\n<table style=\"width: 194px;\">\n<tbody>\n<tr>\n<td style=\"height: 194px; background: url('https:\/\/picasaweb.google.com\/s\/c\/transparent_album_background.gif') no-repeat left;\" align=\"center\"><a href=\"https:\/\/picasaweb.google.com\/110862520886183653495\/KallavesjHolkka942012?authuser=0&amp;authkey=Gv1sRgCMX61ebyua60Xg&amp;feat=embedwebsite\"><img loading=\"lazy\" decoding=\"async\" style=\"margin: 1px 0pt 0pt 4px;\" src=\"https:\/\/lh4.googleusercontent.com\/-UgbK7FL9Aao\/T4LlqtjcCBE\/AAAAAAAAAVk\/q_1QywZEbiI\/s160-c\/KallavesjHolkka942012.jpg\" alt=\"\" width=\"160\" height=\"160\" \/><\/a><\/td>\n<\/tr>\n<tr>\n<td style=\"text-align: center; font-family: arial,sans-serif; font-size: 11px;\"><a style=\"color: #4d4d4d; font-weight: bold; text-decoration: none;\" href=\"https:\/\/picasaweb.google.com\/110862520886183653495\/KallavesjHolkka942012?authuser=0&amp;authkey=Gv1sRgCMX61ebyua60Xg&amp;feat=embedwebsite\">Kallavesj-h\u00f6lkk\u00e4 9.4.2012<\/a><\/td>\n<\/tr>\n<\/tbody>\n<\/table>\n<p><strong><\/strong><\/p>\n<p><strong>TULOKSET<\/strong><\/p>\n<p>Myl:<br \/>\n1)\u00a0Sami Rosholm KeiKu 30,54<br \/>\n2) Tuomo Karttunen KeiKu\u00a0 31,56<br \/>\n3) Jesse Miettinen KarttU\u00a0 34,20<\/p>\n<p>M55:<br \/>\n1)\u00a0Kari Uhlb\u00e4ck KuKi\u00a0 36,50<\/p>\n<p>M60:<br \/>\n1)\u00a0Pentti H\u00e4m\u00e4l\u00e4inen LeVi\u00a0 36,59<\/p>\n<p>M65:<br \/>\n1)\u00a0Martti K\u00e4h\u00f6nen RRR\u00a0 37,42<br \/>\n2) Matti Siltanen RRR 41.41<br \/>\n3) Tenho Isola\u00a0 RRR\u00a0 42,17<br \/>\n4) Niilo Korhonen SuoVa\u00a0 49,32<\/p>\n<p>Nyl:<br \/>\n1)\u00a0Sari Miettinen KarttU 40,11<\/p>\n<p>N40:<br \/>\n1) Elina Laitinen RRR\u00a0 43,09<\/p>\n<p>N50:<br \/>\n1) Ritva Ylitervo RRR\u00a0 41,06<br \/>\n2) Merja Korhonen RRR 64,20<\/p>\n","protected":false},"excerpt":{"rendered":"<p>KuSVu:n KALLAVESJ -H\u00d6LKK\u00c4\u00a0 9.4.2012 (matka n. 8,3 km) Ilpon kuvasato l\u00f6ytyy klikkaamalla alla olevaa kuvaa. Kallavesj-h\u00f6lkk\u00e4 9.4.2012 TULOKSET Myl: 1)\u00a0Sami Rosholm KeiKu 30,54 2) Tuomo Karttunen KeiKu\u00a0 31,56 3) Jesse Miettinen KarttU\u00a0 34,20 M55: 1)\u00a0Kari Uhlb\u00e4ck KuKi\u00a0 36,50 M60: 1)\u00a0Pentti H\u00e4m\u00e4l\u00e4inen LeVi\u00a0 36,59 M65: 1)\u00a0Martti K\u00e4h\u00f6nen RRR\u00a0 37,42 2) Matti Siltanen RRR 41.41 3) Tenho &#8230; <a title=\"Kallavesj-h\u00f6lkk\u00e4 9.4.2012\" class=\"read-more\" href=\"https:\/\/www.rauhalahtiroadrunners.com\/?page_id=731\" aria-label=\"Lue lis\u00e4\u00e4 aiheesta Kallavesj-h\u00f6lkk\u00e4 9.4.2012\">Lue lis\u00e4\u00e4<\/a><\/p>\n","protected":false},"author":3,"featured_media":0,"parent":0,"menu_order":0,"comment_status":"closed","ping_status":"open","template":"","meta":{"footnotes":""},"class_list":["post-731","page","type-page","status-publish"],"_links":{"self":[{"href":"https:\/\/www.rauhalahtiroadrunners.com\/index.php?rest_route=\/wp\/v2\/pages\/731","targetHints":{"allow":["GET"]}}],"collection":[{"href":"https:\/\/www.rauhalahtiroadrunners.com\/index.php?rest_route=\/wp\/v2\/pages"}],"about":[{"href":"https:\/\/www.rauhalahtiroadrunners.com\/index.php?rest_route=\/wp\/v2\/types\/page"}],"author":[{"embeddable":true,"href":"https:\/\/www.rauhalahtiroadrunners.com\/index.php?rest_route=\/wp\/v2\/users\/3"}],"replies":[{"embeddable":true,"href":"https:\/\/www.rauhalahtiroadrunners.com\/index.php?rest_route=%2Fwp%2Fv2%2Fcomments&post=731"}],"version-history":[{"count":1,"href":"https:\/\/www.rauhalahtiroadrunners.com\/index.php?rest_route=\/wp\/v2\/pages\/731\/revisions"}],"predecessor-version":[{"id":732,"href":"https:\/\/www.rauhalahtiroadrunners.com\/index.php?rest_route=\/wp\/v2\/pages\/731\/revisions\/732"}],"wp:attachment":[{"href":"https:\/\/www.rauhalahtiroadrunners.com\/index.php?rest_route=%2Fwp%2Fv2%2Fmedia&parent=731"}],"curies":[{"name":"wp","href":"https:\/\/api.w.org\/{rel}","templated":true}]}}