{"id":7279,"date":"2024-12-09T11:35:47","date_gmt":"2024-12-09T08:35:47","guid":{"rendered":"https:\/\/www.rauhalahtiroadrunners.com\/?page_id=7279"},"modified":"2025-03-18T10:37:14","modified_gmt":"2025-03-18T07:37:14","slug":"hiihtokalenteri-2025","status":"publish","type":"page","link":"https:\/\/www.rauhalahtiroadrunners.com\/?page_id=7279","title":{"rendered":"Hiihtokalenteri 2025"},"content":{"rendered":"<h4><span style=\"font-size: 18pt;\"><strong>Hiihto- ja luistelutapahtumia talvella 2025<\/strong><\/span><\/h4>\r\n<h4><!-- \/wp:post-content -->\r\n\r\n<!-- wp:paragraph --><\/h4>\r\n<p>P\u00e4ivitetty 18.3.2025<br \/>??? = ei viel\u00e4 tiedossa\/vahvistettu<\/p>\r\n<h4><!-- \/wp:paragraph -->\r\n\r\n<!-- wp:paragraph --><\/h4>\r\n<p>Kuopion <a href=\"https:\/\/kuopio.fluentprogress.fi\/outdoors\">latujen hoitotilanne<\/a><\/p>\r\n<h4><!-- \/wp:paragraph -->\r\n\r\n<!-- wp:paragraph --><\/h4>\r\n<p>Ladulle.fi &#8211; <a href=\"https:\/\/ladulle.fi\/ladut\/kuopio\">Kuopion ladut<\/a> &#8211; <a href=\"https:\/\/ladulle.fi\/ladut\/siilinjarvi\">Siilinj\u00e4rven ladut<\/a><\/p>\r\n<h4><!-- \/wp:paragraph -->\r\n\r\n<!-- wp:paragraph --><\/h4>\r\n<p><a href=\"http:\/\/www.tahkonreittipooli.fi\/maastohiihto\/\" target=\"_blank\" rel=\"noreferrer noopener\">Tahkon latutilanne<\/a><\/p>\r\n<h4><!-- \/wp:paragraph -->\r\n\r\n<!-- wp:paragraph --><\/h4>\r\n<p><strong>Helmikuu<\/strong><\/p>\r\n<p>la 8.2.2025 <a href=\"https:\/\/endurancekainuu.fi\/vuokatti-hiihto\/\" target=\"_blank\" rel=\"noreferrer noopener\">Vuokatti Hiihto<\/a><br \/>la-su 15.-16.2.2025 <a href=\"https:\/\/www.mikkelinklassikot.fi\/savonia-hiihto\/\">Savonia-hiihto<\/a> Mikkeliss\u00e4 (<span style=\"color: #ff0000;\">peruttu lumitilanteen vuoksi<\/span>)<br \/>??? la-su 17.-18.2.2024 <a href=\"https:\/\/www.siilinjarvenhiihtoseura.fi\/laturetki\/ystavyyden-majan-laturetki\/\">Yst\u00e4vyyden majan laturetki<\/a>, Siilinj\u00e4rvi (<span style=\"color: #ff0000;\">ei j\u00e4rjestet\u00e4 v. 2025<\/span>)<br \/>pe-la 21.-22.2.2025 <a href=\"http:\/\/www.finlandicemarathon.com\/\" target=\"_blank\" rel=\"noreferrer noopener\">Finland Ice Marathon<\/a>, Kuopion satama <br \/>la-su 22.-23.2.2025 <a href=\"http:\/\/www.finlandiahiihto.fi\/\" target=\"_blank\" rel=\"noreferrer noopener\">Finlandia Hiihto<\/a><br \/>la 22.2.2025 <a href=\"https:\/\/www.riikinvoimahiihto.com\/\">Riikinvoimahiihto<\/a> (<span style=\"color: #ff0000;\">peruttu lumitilanteen vuoksi<\/span>)<br \/>su 23.2.2025 klo 9-15 <a href=\"https:\/\/www.facebook.com\/profile.php?id=100064570606626\">Hemmon Er\u00e4taival<\/a>, Varpaisj\u00e4rvi (Lukkarilan Hirvisuo)<\/p>\r\n<h4><!-- \/wp:paragraph -->\r\n\r\n<!-- wp:paragraph --><\/h4>\r\n<p><strong>Maaliskuu<\/strong><\/p>\r\n<p>la-su 1.-2.3.2025 <a href=\"http:\/\/www.maisemahiihto.fi\/\" target=\"_blank\" rel=\"noreferrer noopener\">Kolin Maisemahiihto<\/a><br \/>la-su 1.-2.3.2025 <a href=\"https:\/\/www.kuopio.fi\/vapaa-aika-ja-hyvinvointi\/liikkuva-kuopio\/ajankohtaiset-liikuntatapahtumat\/rasa-ukon-laturetki-2-3-3-2024\/\">R\u00e4s\u00e4-Ukon laturetki<\/a>, Siilinj\u00e4rvi (<span style=\"color: #ff0000;\">peruttu lumitilanteen vuoksi<\/span>)<br \/>la 1.3.2025 <a href=\"http:\/\/www.tervahiihto.fi\/\" target=\"_blank\" rel=\"noreferrer noopener\">Terwahiihto<\/a> (<span style=\"color: #ff0000;\">peruttu<\/span>)<br \/>su 2.3.2025 <a href=\"https:\/\/www.pirkankierros.fi\/pirkan-hiihto\/\" target=\"_blank\" rel=\"noreferrer noopener\">Pirkan Hiihto<\/a> (<span style=\"color: #ff0000;\">peruttu<\/span>) <br \/>pe-la 7.-8.3.2025 <a href=\"http:\/\/www.ahmanhiihto.fi\/\" target=\"_blank\" rel=\"noreferrer noopener\">Ahmanhiihto\u00a0<\/a>Kolilla<br \/>la 15.3.2025 <a href=\"https:\/\/ilu.fi\/pogostan-hiihto\">Pogostan hiihto<\/a> Ilomantsissa (<span style=\"color: #ff0000;\">peruttu<\/span>)<\/p>\r\n<h4><!-- \/wp:paragraph -->\r\n\r\n<!-- wp:paragraph --><\/h4>\r\n<p><strong>Huhtikuu<\/strong><\/p>\r\n<p>pe-la 4.-5.4.2025 <a href=\"https:\/\/yllaslevi.com\/\">Yll\u00e4s-Levi<\/a>\u00a0(70\/55 km)<\/p>\r\n<h4><!-- \/wp:paragraph -->\r\n\r\n<!-- wp:paragraph --><\/h4>\r\n<p>Lis\u00e4tietoa: <a href=\"http:\/\/www.suomenlatu.fi\/\" target=\"_blank\" rel=\"noreferrer noopener\">Suomen Latu<\/a><\/p>","protected":false},"excerpt":{"rendered":"<p>Hiihto- ja luistelutapahtumia talvella 2025 P\u00e4ivitetty 18.3.2025??? = ei viel\u00e4 tiedossa\/vahvistettu Kuopion latujen hoitotilanne Ladulle.fi &#8211; Kuopion ladut &#8211; Siilinj\u00e4rven ladut Tahkon latutilanne Helmikuu la 8.2.2025 Vuokatti Hiihtola-su 15.-16.2.2025 Savonia-hiihto Mikkeliss\u00e4 (peruttu lumitilanteen vuoksi)??? la-su 17.-18.2.2024 Yst\u00e4vyyden majan laturetki, Siilinj\u00e4rvi (ei j\u00e4rjestet\u00e4 v. 2025)pe-la 21.-22.2.2025 Finland Ice Marathon, Kuopion satama la-su 22.-23.2.2025 Finlandia Hiihtola 22.2.2025 &#8230; <a title=\"Hiihtokalenteri 2025\" class=\"read-more\" href=\"https:\/\/www.rauhalahtiroadrunners.com\/?page_id=7279\" aria-label=\"Lue lis\u00e4\u00e4 aiheesta Hiihtokalenteri 2025\">Lue lis\u00e4\u00e4<\/a><\/p>\n","protected":false},"author":3,"featured_media":0,"parent":0,"menu_order":0,"comment_status":"closed","ping_status":"closed","template":"","meta":{"footnotes":""},"class_list":["post-7279","page","type-page","status-publish"],"_links":{"self":[{"href":"https:\/\/www.rauhalahtiroadrunners.com\/index.php?rest_route=\/wp\/v2\/pages\/7279","targetHints":{"allow":["GET"]}}],"collection":[{"href":"https:\/\/www.rauhalahtiroadrunners.com\/index.php?rest_route=\/wp\/v2\/pages"}],"about":[{"href":"https:\/\/www.rauhalahtiroadrunners.com\/index.php?rest_route=\/wp\/v2\/types\/page"}],"author":[{"embeddable":true,"href":"https:\/\/www.rauhalahtiroadrunners.com\/index.php?rest_route=\/wp\/v2\/users\/3"}],"replies":[{"embeddable":true,"href":"https:\/\/www.rauhalahtiroadrunners.com\/index.php?rest_route=%2Fwp%2Fv2%2Fcomments&post=7279"}],"version-history":[{"count":22,"href":"https:\/\/www.rauhalahtiroadrunners.com\/index.php?rest_route=\/wp\/v2\/pages\/7279\/revisions"}],"predecessor-version":[{"id":7422,"href":"https:\/\/www.rauhalahtiroadrunners.com\/index.php?rest_route=\/wp\/v2\/pages\/7279\/revisions\/7422"}],"wp:attachment":[{"href":"https:\/\/www.rauhalahtiroadrunners.com\/index.php?rest_route=%2Fwp%2Fv2%2Fmedia&parent=7279"}],"curies":[{"name":"wp","href":"https:\/\/api.w.org\/{rel}","templated":true}]}}