{"id":726,"date":"2012-04-06T00:48:36","date_gmt":"2012-04-05T21:48:36","guid":{"rendered":"http:\/\/www.rauhalahtiroadrunners.com\/?page_id=726"},"modified":"2012-04-06T00:48:36","modified_gmt":"2012-04-05T21:48:36","slug":"kolmen-kylpylan-kirmaisu-2012","status":"publish","type":"page","link":"https:\/\/www.rauhalahtiroadrunners.com\/?page_id=726","title":{"rendered":"Kolmen Kylpyl\u00e4n Kirmaisu 2012"},"content":{"rendered":"<p>T\u00e4ss\u00e4 Ilpon kuvakavalkadi\u00a0 vuoden 2012 Kolmen Kylpyl\u00e4n Kirmaisusta. Klikkaa alla olevaa kuvaa, niin albumi aukeaa.<\/p>\n<table style=\"width: 194px;\">\n<tbody>\n<tr>\n<td style=\"height: 194px; background: url('https:\/\/picasaweb.google.com\/s\/c\/transparent_album_background.gif') no-repeat left;\" align=\"center\"><a href=\"https:\/\/picasaweb.google.com\/110862520886183653495\/KKK3132012?authuser=0&amp;authkey=Gv1sRgCN_Bh_Sj5qG5tQE&amp;feat=embedwebsite\"><img loading=\"lazy\" decoding=\"async\" style=\"margin: 1px 0 0 4px;\" src=\"https:\/\/lh5.googleusercontent.com\/-4z5L2AgZx84\/T34MAwSw7XE\/AAAAAAAAATI\/LH7LpXgXuHs\/s160-c\/KKK3132012.jpg\" alt=\"\" width=\"160\" height=\"160\" \/><\/a><\/td>\n<\/tr>\n<tr>\n<td style=\"text-align: center; font-family: arial,sans-serif; font-size: 11px;\"><a style=\"color: #4d4d4d; font-weight: bold; text-decoration: none;\" href=\"https:\/\/picasaweb.google.com\/110862520886183653495\/KKK3132012?authuser=0&amp;authkey=Gv1sRgCN_Bh_Sj5qG5tQE&amp;feat=embedwebsite\">KKK 31.3.2012<\/a><\/td>\n<\/tr>\n<\/tbody>\n<\/table>\n","protected":false},"excerpt":{"rendered":"<p>T\u00e4ss\u00e4 Ilpon kuvakavalkadi\u00a0 vuoden 2012 Kolmen Kylpyl\u00e4n Kirmaisusta. Klikkaa alla olevaa kuvaa, niin albumi aukeaa. KKK 31.3.2012<\/p>\n","protected":false},"author":3,"featured_media":0,"parent":0,"menu_order":0,"comment_status":"closed","ping_status":"open","template":"","meta":{"footnotes":""},"class_list":["post-726","page","type-page","status-publish"],"_links":{"self":[{"href":"https:\/\/www.rauhalahtiroadrunners.com\/index.php?rest_route=\/wp\/v2\/pages\/726","targetHints":{"allow":["GET"]}}],"collection":[{"href":"https:\/\/www.rauhalahtiroadrunners.com\/index.php?rest_route=\/wp\/v2\/pages"}],"about":[{"href":"https:\/\/www.rauhalahtiroadrunners.com\/index.php?rest_route=\/wp\/v2\/types\/page"}],"author":[{"embeddable":true,"href":"https:\/\/www.rauhalahtiroadrunners.com\/index.php?rest_route=\/wp\/v2\/users\/3"}],"replies":[{"embeddable":true,"href":"https:\/\/www.rauhalahtiroadrunners.com\/index.php?rest_route=%2Fwp%2Fv2%2Fcomments&post=726"}],"version-history":[{"count":1,"href":"https:\/\/www.rauhalahtiroadrunners.com\/index.php?rest_route=\/wp\/v2\/pages\/726\/revisions"}],"predecessor-version":[{"id":729,"href":"https:\/\/www.rauhalahtiroadrunners.com\/index.php?rest_route=\/wp\/v2\/pages\/726\/revisions\/729"}],"wp:attachment":[{"href":"https:\/\/www.rauhalahtiroadrunners.com\/index.php?rest_route=%2Fwp%2Fv2%2Fmedia&parent=726"}],"curies":[{"name":"wp","href":"https:\/\/api.w.org\/{rel}","templated":true}]}}