{"id":6712,"date":"2023-11-12T15:42:58","date_gmt":"2023-11-12T12:42:58","guid":{"rendered":"https:\/\/www.rauhalahtiroadrunners.com\/?page_id=6712"},"modified":"2024-02-24T18:58:07","modified_gmt":"2024-02-24T16:58:07","slug":"hiihtokalenteri-2024","status":"publish","type":"page","link":"https:\/\/www.rauhalahtiroadrunners.com\/?page_id=6712","title":{"rendered":"Hiihtokalenteri 2024"},"content":{"rendered":"<h4><strong>Hiihto- ja luistelutapahtumia talvella 2024<\/strong><\/h4>\r\n<h4><!-- \/wp:post-content -->\r\n\r\n<!-- wp:paragraph --><\/h4>\r\n<p>P\u00e4ivitetty 24.2.2024<\/p>\r\n<h4><!-- \/wp:paragraph -->\r\n\r\n<!-- wp:paragraph --><\/h4>\r\n<p>Kuopion <a href=\"https:\/\/kuopio.fluentprogress.fi\/outdoors\">latujen hoitotilanne<\/a><\/p>\r\n<h4><!-- \/wp:paragraph -->\r\n\r\n<!-- wp:paragraph --><\/h4>\r\n<p>Ladulle.fi &#8211; <a href=\"https:\/\/ladulle.fi\/ladut\/kuopio\">Kuopion ladut<\/a> &#8211; <a href=\"https:\/\/ladulle.fi\/ladut\/siilinjarvi\">Siilinj\u00e4rven ladut<\/a><\/p>\r\n<h4><!-- \/wp:paragraph -->\r\n\r\n<!-- wp:paragraph --><\/h4>\r\n<p><a href=\"http:\/\/www.tahkonreittipooli.fi\/maastohiihto\/\" target=\"_blank\" rel=\"noreferrer noopener\">Tahkon latutilanne<\/a><\/p>\r\n<h4><!-- \/wp:paragraph -->\r\n\r\n<!-- wp:paragraph --><\/h4>\r\n<p><strong>Helmikuu<\/strong><\/p>\r\n<p>la 10.2.2024 <a href=\"https:\/\/www.mikkelinklassikot.fi\/savonia-hiihto\/\">Savonia-hiihto<\/a>\u00a0Mikkeliss\u00e4<br \/>la-su 17.-18.2.2024 <a href=\"https:\/\/www.siilinjarvenhiihtoseura.fi\/laturetki\/ystavyyden-majan-laturetki-2024\/\">Yst\u00e4vyyden majan laturetki<\/a>, Siilinj\u00e4rvi <br \/>la-su 24.-25.2.2024 <a href=\"http:\/\/www.finlandiahiihto.fi\/\" target=\"_blank\" rel=\"noreferrer noopener\">Finlandia Hiihto<\/a> <br \/>la-su 24.-25.2.2024 <a href=\"http:\/\/www.maisemahiihto.fi\/\" target=\"_blank\" rel=\"noreferrer noopener\">Kolin Maisemahiihto<\/a> <br \/>pe-su 23.-25.2.2024 <a href=\"http:\/\/www.finlandicemarathon.com\/\" target=\"_blank\" rel=\"noreferrer noopener\">Finland Ice Marathon<\/a>, Kuopion satama<br \/>la 24.2.2024 <a href=\"https:\/\/www.riikinvoimahiihto.fi\/\">Riikinvoimahiihto<\/a> <br \/>su 25.2.2024 klo 9-15 <a href=\"https:\/\/www.kuopiotahko.fi\/tapahtuma\/hemmon-erataival-laturetki\/\">Hemmon Er\u00e4taival<\/a>, Varpaisj\u00e4rvi (Lukkarilan Hirvisuo)<\/p>\r\n<h4><!-- \/wp:paragraph -->\r\n\r\n<!-- wp:paragraph --><\/h4>\r\n<p><strong>Maaliskuu<\/strong><\/p>\r\n<p>la-su 2.-3.3.2024 <a href=\"https:\/\/www.kuopiotahko.fi\/tapahtuma\/rasa-ukon-laturetki\/\">R\u00e4s\u00e4-Ukon laturetki<\/a>, Siilinj\u00e4rvi<br \/>la 2.3.2024 <a href=\"http:\/\/www.tervahiihto.fi\/\" target=\"_blank\" rel=\"noreferrer noopener\">Terwahiihto<\/a><br \/>su 3.3.2024 <a href=\"https:\/\/www.pirkankierros.fi\/pirkan-hiihto\/\" target=\"_blank\" rel=\"noreferrer noopener\">Pirkan Hiihto<\/a><br \/>pe-la 8.-9.3.2024 <a href=\"http:\/\/www.ahmanhiihto.fi\/\" target=\"_blank\" rel=\"noreferrer noopener\">Ahmanhiihto\u00a0<\/a>Kolilla<br \/>la 16.3.2024 <a href=\"http:\/\/vuokattihiihto.endurancekainuu.fi\/fi\/\" target=\"_blank\" rel=\"noreferrer noopener\">Vuokatti Hiihto<\/a> <br \/>la 23.3.2024 <a href=\"https:\/\/ilu.fi\/pogostan-hiihto\">Pogostan hiihto<\/a> Ilomantsissa<\/p>\r\n<h4><!-- \/wp:paragraph -->\r\n\r\n<!-- wp:paragraph --><\/h4>\r\n<p><strong>Huhtikuu<\/strong><\/p>\r\n<p>la 6.4.2024 <a href=\"https:\/\/yllaslevi.com\/\">Yll\u00e4s-Levi<\/a>\u00a0(70\/55 km)<\/p>\r\n<h4><!-- \/wp:paragraph -->\r\n\r\n<!-- wp:paragraph --><\/h4>\r\n<p>Lis\u00e4tietoa: <a href=\"http:\/\/www.suomenlatu.fi\/\" target=\"_blank\" rel=\"noreferrer noopener\">Suomen Latu<\/a><\/p>","protected":false},"excerpt":{"rendered":"<p>Hiihto- ja luistelutapahtumia talvella 2024 P\u00e4ivitetty 24.2.2024 Kuopion latujen hoitotilanne Ladulle.fi &#8211; Kuopion ladut &#8211; Siilinj\u00e4rven ladut Tahkon latutilanne Helmikuu la 10.2.2024 Savonia-hiihto\u00a0Mikkeliss\u00e4la-su 17.-18.2.2024 Yst\u00e4vyyden majan laturetki, Siilinj\u00e4rvi la-su 24.-25.2.2024 Finlandia Hiihto la-su 24.-25.2.2024 Kolin Maisemahiihto pe-su 23.-25.2.2024 Finland Ice Marathon, Kuopion satamala 24.2.2024 Riikinvoimahiihto su 25.2.2024 klo 9-15 Hemmon Er\u00e4taival, Varpaisj\u00e4rvi (Lukkarilan Hirvisuo) Maaliskuu &#8230; <a title=\"Hiihtokalenteri 2024\" class=\"read-more\" href=\"https:\/\/www.rauhalahtiroadrunners.com\/?page_id=6712\" aria-label=\"Lue lis\u00e4\u00e4 aiheesta Hiihtokalenteri 2024\">Lue lis\u00e4\u00e4<\/a><\/p>\n","protected":false},"author":3,"featured_media":0,"parent":0,"menu_order":0,"comment_status":"closed","ping_status":"closed","template":"","meta":{"footnotes":""},"class_list":["post-6712","page","type-page","status-publish"],"_links":{"self":[{"href":"https:\/\/www.rauhalahtiroadrunners.com\/index.php?rest_route=\/wp\/v2\/pages\/6712","targetHints":{"allow":["GET"]}}],"collection":[{"href":"https:\/\/www.rauhalahtiroadrunners.com\/index.php?rest_route=\/wp\/v2\/pages"}],"about":[{"href":"https:\/\/www.rauhalahtiroadrunners.com\/index.php?rest_route=\/wp\/v2\/types\/page"}],"author":[{"embeddable":true,"href":"https:\/\/www.rauhalahtiroadrunners.com\/index.php?rest_route=\/wp\/v2\/users\/3"}],"replies":[{"embeddable":true,"href":"https:\/\/www.rauhalahtiroadrunners.com\/index.php?rest_route=%2Fwp%2Fv2%2Fcomments&post=6712"}],"version-history":[{"count":19,"href":"https:\/\/www.rauhalahtiroadrunners.com\/index.php?rest_route=\/wp\/v2\/pages\/6712\/revisions"}],"predecessor-version":[{"id":6912,"href":"https:\/\/www.rauhalahtiroadrunners.com\/index.php?rest_route=\/wp\/v2\/pages\/6712\/revisions\/6912"}],"wp:attachment":[{"href":"https:\/\/www.rauhalahtiroadrunners.com\/index.php?rest_route=%2Fwp%2Fv2%2Fmedia&parent=6712"}],"curies":[{"name":"wp","href":"https:\/\/api.w.org\/{rel}","templated":true}]}}