{"id":641,"date":"2012-03-18T15:06:09","date_gmt":"2012-03-18T13:06:09","guid":{"rendered":"http:\/\/www.rauhalahtiroadrunners.com\/?page_id=641"},"modified":"2012-03-18T15:37:06","modified_gmt":"2012-03-18T13:37:06","slug":"jasenten-esittelyja-ja-muitakin-juttuja","status":"publish","type":"page","link":"https:\/\/www.rauhalahtiroadrunners.com\/?page_id=641","title":{"rendered":"J\u00e4senten esittelyj\u00e4 ja muitakin juttuja"},"content":{"rendered":"<p>T\u00e4ll\u00e4 sivulla on linkkej\u00e4 RRR:n j\u00e4senten esittelyjuttuihin ja muihinkin kertomuksiin, joiden arvellaan kiinnostavan j\u00e4senkuntaamme. Jos haluat kertoa itsest\u00e4si, harrastuksistasi tai jostain muusta kiinnostavasta asiasta, niin otapa yhteytt\u00e4 ja l\u00e4het\u00e4 juttusi webmasterille, <a href=\"mailto:webmaster@rauhalahtiroadrunners.com\">webmaster(at)rauhalahtiroadrunners.com<\/a>. Sarjan aloittaa Markus Karjalainen.<\/p>\n<p><a title=\"Markus Karjalainen\" href=\"http:\/\/www.rauhalahtiroadrunners.com\/?page_id=637\">Markus Karjalainen<\/a> 18.3.2012<\/p>\n","protected":false},"excerpt":{"rendered":"<p>T\u00e4ll\u00e4 sivulla on linkkej\u00e4 RRR:n j\u00e4senten esittelyjuttuihin ja muihinkin kertomuksiin, joiden arvellaan kiinnostavan j\u00e4senkuntaamme. Jos haluat kertoa itsest\u00e4si, harrastuksistasi tai jostain muusta kiinnostavasta asiasta, niin otapa yhteytt\u00e4 ja l\u00e4het\u00e4 juttusi webmasterille, webmaster(at)rauhalahtiroadrunners.com. Sarjan aloittaa Markus Karjalainen. Markus Karjalainen 18.3.2012<\/p>\n","protected":false},"author":3,"featured_media":0,"parent":6,"menu_order":0,"comment_status":"closed","ping_status":"open","template":"","meta":{"footnotes":""},"class_list":["post-641","page","type-page","status-publish"],"_links":{"self":[{"href":"https:\/\/www.rauhalahtiroadrunners.com\/index.php?rest_route=\/wp\/v2\/pages\/641","targetHints":{"allow":["GET"]}}],"collection":[{"href":"https:\/\/www.rauhalahtiroadrunners.com\/index.php?rest_route=\/wp\/v2\/pages"}],"about":[{"href":"https:\/\/www.rauhalahtiroadrunners.com\/index.php?rest_route=\/wp\/v2\/types\/page"}],"author":[{"embeddable":true,"href":"https:\/\/www.rauhalahtiroadrunners.com\/index.php?rest_route=\/wp\/v2\/users\/3"}],"replies":[{"embeddable":true,"href":"https:\/\/www.rauhalahtiroadrunners.com\/index.php?rest_route=%2Fwp%2Fv2%2Fcomments&post=641"}],"version-history":[{"count":2,"href":"https:\/\/www.rauhalahtiroadrunners.com\/index.php?rest_route=\/wp\/v2\/pages\/641\/revisions"}],"predecessor-version":[{"id":645,"href":"https:\/\/www.rauhalahtiroadrunners.com\/index.php?rest_route=\/wp\/v2\/pages\/641\/revisions\/645"}],"up":[{"embeddable":true,"href":"https:\/\/www.rauhalahtiroadrunners.com\/index.php?rest_route=\/wp\/v2\/pages\/6"}],"wp:attachment":[{"href":"https:\/\/www.rauhalahtiroadrunners.com\/index.php?rest_route=%2Fwp%2Fv2%2Fmedia&parent=641"}],"curies":[{"name":"wp","href":"https:\/\/api.w.org\/{rel}","templated":true}]}}