{"id":6348,"date":"2023-03-12T12:28:01","date_gmt":"2023-03-12T10:28:01","guid":{"rendered":"https:\/\/www.rauhalahtiroadrunners.com\/?page_id=6348"},"modified":"2023-03-12T12:28:01","modified_gmt":"2023-03-12T10:28:01","slug":"toimintaohjeet-jos-koet-hairintaa-tai-epaasiallista-kohtelua","status":"publish","type":"page","link":"https:\/\/www.rauhalahtiroadrunners.com\/?page_id=6348","title":{"rendered":"Toimintaohjeet, jos koet h\u00e4irint\u00e4\u00e4 tai ep\u00e4asiallista kohtelua"},"content":{"rendered":"<div class=\"page\" title=\"Page 1\">\n<div class=\"layoutArea\">\n<div class=\"column\">\n<p>Rauhalahti Road Runners ry:ll\u00e4 j\u00e4senten ja urheilijoiden hyvinvointi, kannustava ilmapiiri ja harrastuksen tuoma ilo ovat ensiarvoisen t\u00e4rkeit\u00e4 asioita. Kannustamme harrastajia kertomaan ep\u00e4kohdista avoimesti, sill\u00e4 vain siten voimme puuttua asioihin ja luoda entist\u00e4 turvallisempaa harrastusymp\u00e4rist\u00f6\u00e4.<\/p>\n<p>Se mik\u00e4 koetaan h\u00e4irinn\u00e4ksi, riippuu aina yksil\u00f6st\u00e4, tilanteesta, vuorovaikutuksesta ja aiemmista kokemuksista. Ratkaisevaa on, miten uhri kokee tilanteen.<\/p>\n<p>Katso seuran toimintaohjeet h\u00e4irint\u00e4tilanteessa t\u00e4st\u00e4: <a href=\"https:\/\/www.rauhalahtiroadrunners.com\/wordpress_rrr\/wp-content\/uploads\/2023\/03\/Toimintaohje-hairintatilanteissa.pdf\">Toimintaohje h\u00e4irint\u00e4tilanteissa<\/a><\/p>\n<p>&nbsp;<\/p>\n<\/div>\n<\/div>\n<\/div>\n","protected":false},"excerpt":{"rendered":"<p>Rauhalahti Road Runners ry:ll\u00e4 j\u00e4senten ja urheilijoiden hyvinvointi, kannustava ilmapiiri ja harrastuksen tuoma ilo ovat ensiarvoisen t\u00e4rkeit\u00e4 asioita. Kannustamme harrastajia kertomaan ep\u00e4kohdista avoimesti, sill\u00e4 vain siten voimme puuttua asioihin ja luoda entist\u00e4 turvallisempaa harrastusymp\u00e4rist\u00f6\u00e4. Se mik\u00e4 koetaan h\u00e4irinn\u00e4ksi, riippuu aina yksil\u00f6st\u00e4, tilanteesta, vuorovaikutuksesta ja aiemmista kokemuksista. Ratkaisevaa on, miten uhri kokee tilanteen. Katso seuran toimintaohjeet &#8230; <a title=\"Toimintaohjeet, jos koet h\u00e4irint\u00e4\u00e4 tai ep\u00e4asiallista kohtelua\" class=\"read-more\" href=\"https:\/\/www.rauhalahtiroadrunners.com\/?page_id=6348\" aria-label=\"Lue lis\u00e4\u00e4 aiheesta Toimintaohjeet, jos koet h\u00e4irint\u00e4\u00e4 tai ep\u00e4asiallista kohtelua\">Lue lis\u00e4\u00e4<\/a><\/p>\n","protected":false},"author":5,"featured_media":0,"parent":0,"menu_order":0,"comment_status":"closed","ping_status":"closed","template":"","meta":{"footnotes":""},"class_list":["post-6348","page","type-page","status-publish"],"_links":{"self":[{"href":"https:\/\/www.rauhalahtiroadrunners.com\/index.php?rest_route=\/wp\/v2\/pages\/6348","targetHints":{"allow":["GET"]}}],"collection":[{"href":"https:\/\/www.rauhalahtiroadrunners.com\/index.php?rest_route=\/wp\/v2\/pages"}],"about":[{"href":"https:\/\/www.rauhalahtiroadrunners.com\/index.php?rest_route=\/wp\/v2\/types\/page"}],"author":[{"embeddable":true,"href":"https:\/\/www.rauhalahtiroadrunners.com\/index.php?rest_route=\/wp\/v2\/users\/5"}],"replies":[{"embeddable":true,"href":"https:\/\/www.rauhalahtiroadrunners.com\/index.php?rest_route=%2Fwp%2Fv2%2Fcomments&post=6348"}],"version-history":[{"count":3,"href":"https:\/\/www.rauhalahtiroadrunners.com\/index.php?rest_route=\/wp\/v2\/pages\/6348\/revisions"}],"predecessor-version":[{"id":6352,"href":"https:\/\/www.rauhalahtiroadrunners.com\/index.php?rest_route=\/wp\/v2\/pages\/6348\/revisions\/6352"}],"wp:attachment":[{"href":"https:\/\/www.rauhalahtiroadrunners.com\/index.php?rest_route=%2Fwp%2Fv2%2Fmedia&parent=6348"}],"curies":[{"name":"wp","href":"https:\/\/api.w.org\/{rel}","templated":true}]}}