{"id":5442,"date":"2021-03-09T13:41:25","date_gmt":"2021-03-09T11:41:25","guid":{"rendered":"https:\/\/www.rauhalahtiroadrunners.com\/?page_id=5442"},"modified":"2021-03-09T13:55:08","modified_gmt":"2021-03-09T11:55:08","slug":"rrr_saannot","status":"publish","type":"page","link":"https:\/\/www.rauhalahtiroadrunners.com\/?page_id=5442","title":{"rendered":"RRR_s\u00e4\u00e4nn\u00f6t"},"content":{"rendered":"\n<p>Rauhalahti Road Runners ry<\/p>\n\n\n\n<p><strong>TOIMINTAS\u00c4\u00c4NN\u00d6T<\/strong><\/p>\n\n\n\n<p><strong>1 \u00a7&nbsp;&nbsp;&nbsp;&nbsp;&nbsp;&nbsp;&nbsp;&nbsp; Nimi, kotipaikka, perustamisaika ja kieli<\/strong><\/p>\n\n\n\n<p>Yhdistyksen nimi on Rauhalahti Road Runners ry. Yhdistyksen kotipaikka on\u00a0 Kuopion kaupunki It\u00e4-Suomen l\u00e4\u00e4niss\u00e4. Yhdistys on perustettu helmikuun\u00a0\u00a0 18. p\u00e4iv\u00e4n\u00e4 vuonna 2009 ja siit\u00e4 k\u00e4ytet\u00e4\u00e4n n\u00e4iss\u00e4 s\u00e4\u00e4nn\u00f6iss\u00e4 nimityst\u00e4 seura.<\/p>\n\n\n\n<p>Seuran kieli on suomi. Seuran toiminta-alueena on koko Suomi.<\/p>\n\n\n\n<p><strong>2 \u00a7&nbsp;&nbsp;&nbsp;&nbsp;&nbsp;&nbsp;&nbsp;&nbsp; Seuran tarkoitus<\/strong><\/p>\n\n\n\n<p>Seuran tarkoituksena on edist\u00e4\u00e4 kest\u00e4vyysjuoksuharrastusta seuran toiminta-alueella siten, ett\u00e4 mahdollisimman moni harrastaa kunto-, kilpa- ja huippu-urheilua edellytystens\u00e4 ja tarpeidensa mukaisesti.\u00a0\u00a0\u00a0\u00a0\u00a0\u00a0\u00a0\u00a0\u00a0<\/p>\n\n\n\n<p><strong>3 \u00a7&nbsp;&nbsp;&nbsp;&nbsp;&nbsp;&nbsp;&nbsp;&nbsp; Tarkoituksen toteuttaminen<\/strong><\/p>\n\n\n\n<p><strong>Tarkoitustaan seura toteuttaa:<\/strong><\/p>\n\n\n\n<p>1&nbsp; Tarjoamalla j\u00e4senilleen:<\/p>\n\n\n\n<p>&#8211;\u00a0\u00a0\u00a0\u00a0\u00a0kuntoliikuntaa<br>&#8211;\u00a0\u00a0\u00a0\u00a0\u00a0kilpailutoimintaa<br>&#8211;\u00a0\u00a0\u00a0\u00a0\u00a0harjoitus- ja valmennustoimintaa<br>&#8211;\u00a0\u00a0\u00a0\u00a0\u00a0ohjaustoimintaa<br>&#8211;\u00a0\u00a0\u00a0\u00a0\u00a0koulutustoimintaa<br>&#8211;\u00a0\u00a0\u00a0\u00a0\u00a0tiedotus- ja suhdetoimintaa<br>&#8211;\u00a0\u00a0\u00a0\u00a0\u00a0muuta vastaava toimintaa tavoitteenaan edist\u00e4\u00e4 kansalaisten fyysist\u00e4 ja henkist\u00e4 toimintakykyisyytt\u00e4 ja hyvinvointia<\/p>\n\n\n\n<p>2 &nbsp;&nbsp;&nbsp;&nbsp;&nbsp;Kiinnitt\u00e4m\u00e4ll\u00e4 ehdotuksilla, anomuksilla ja aloitteilla viran\u00adomaisten ja muiden yhteis\u00f6jen huomiota liikuntakysymyksiin sek\u00e4 pyrkim\u00e4ll\u00e4 omatoimisesti lii\u00adkun\u00adnan kehitt\u00e4miseen ja tarpeellisten harjoituspaikkojen ja -v\u00e4lineiden hank\u00adki\u00admi\u00adseen ja hoitamiseen.<\/p>\n\n\n\n<p>3\u00a0\u00a0\u00a0\u00a0\u00a0Harjoittamalla julkaisutoimintaa<\/p>\n\n\n\n<p>4&nbsp; &nbsp;&nbsp; J\u00e4rjest\u00e4m\u00e4ll\u00e4 urheilu- ja huvitapahtumia<\/p>\n\n\n\n<p><strong>\u00a0Toimintansa tukemiseksi seura voi<\/strong><\/p>\n\n\n\n<p>&#8211;\u00a0\u00a0\u00a0\u00a0\u00a0\u00a0ottaa vastaan lahjoituksia ja testamentteja, omistaa toimintaansa varten tar\u00adpeel\u00adlisia kiinteist\u00f6j\u00e4 sek\u00e4<\/p>\n\n\n\n<p>&#8211;\u00a0\u00a0\u00a0\u00a0\u00a0\u00a0hankkia varoja j\u00e4rjest\u00e4en huvi- ja tanssitilaisuuksia, ker\u00e4yksi\u00e4 ja arpajaisia, omis\u00ad\u00adta\u00aden ja yll\u00e4pit\u00e4en urheilulaitoksia, harjoittaen kustannus- ja monis\u00adtus\u00adtoi\u00admin\u00adtaa, tarjota majoitusta, ruoka- ja ateriapalveluja ja bingotoimintaa sek\u00e4 v\u00e4litt\u00e4en j\u00e4senilleen voittoa tavoittelematta urheiluv\u00e4lineit\u00e4 ja -asusteita.<\/p>\n\n\n\n<p><strong>4 \u00a7&nbsp;&nbsp;&nbsp;&nbsp;&nbsp;&nbsp;&nbsp;&nbsp; Seuran j\u00e4senyys<\/strong><\/p>\n\n\n\n<p>\u00a0Seura noudattaa niiden liikuntaj\u00e4rjest\u00f6jen s\u00e4\u00e4nt\u00f6j\u00e4, joiden j\u00e4senen\u00e4 se on.<\/p>\n\n\n\n<p><strong>5 \u00a7&nbsp;&nbsp;&nbsp;&nbsp;&nbsp;&nbsp;&nbsp;&nbsp; Seuran j\u00e4senet<\/strong><\/p>\n\n\n\n<p>Seuran varsinaiseksi j\u00e4seneksi voi hallitus hyv\u00e4ksy\u00e4 henkil\u00f6n, joka sitoutuu nou\u00addat\u00adtamaan seuran s\u00e4\u00e4nt\u00f6j\u00e4 ja p\u00e4\u00e4t\u00f6ksi\u00e4.<\/p>\n\n\n\n<p>\u00a0Kunniaj\u00e4seneksi voi seuran kokous kut\u00adsua hallituksen p\u00e4\u00e4t\u00f6ksell\u00e4 henkil\u00f6n, joka on eritt\u00e4in merkitt\u00e4v\u00e4sti edist\u00e4nyt seuran toimintaa. Kun\u00adniaj\u00e4\u00adse\u00adnen arvo on elinik\u00e4inen.<\/p>\n\n\n\n<p>\u00a0Kunniapuheenjohtajaksi voi seuran kokous kutsua seuran pu\u00adheen\u00adjohtajana ansiokkaasti toimineen henkil\u00f6n. Kunniapuheenjohtajan arvo on elin\u00adik\u00e4i\u00adnen.<\/p>\n\n\n\n<p>\u00a0Kannattajaj\u00e4seneksi voi seuran hallitus hyv\u00e4ksy\u00e4 yksityisen henkil\u00f6n tai oikeus\u00adkelpoisen yhteis\u00f6n, joka tukee seuran toimintaa suorittamalla vuotuisen tai ker\u00adtakaikkisen kannattajaj\u00e4senmaksun. Kannattajaj\u00e4senell\u00e4 on puhe- mutta ei \u00e4\u00e4ni\u00adoikeutta seuran kokouksissa.<\/p>\n\n\n\n<p><strong>6 \u00a7&nbsp;&nbsp;&nbsp;&nbsp;&nbsp;&nbsp;&nbsp;&nbsp; Seurasta eroaminen<\/strong><\/p>\n\n\n\n<p>J\u00e4senell\u00e4 on oikeus erota seurasta ilmoittamalla siit\u00e4 kirjallisesti hallitukselle tai sen puheenjohtajalle taikka ilmoittamalla erosta seuran kokouksessa p\u00f6yt\u00e4kirjaan mer\u00adkit\u00adsemist\u00e4 varten. Ero katsotaan tapahtuneeksi heti, kun ilmoitus on tehty, mut\u00adta eroava j\u00e4sen on velvollinen suorittamaan maksunsa sek\u00e4 muut n\u00e4iden s\u00e4\u00e4nt\u00f6jen edel\u00adlyt\u00adt\u00e4\u00adm\u00e4t velvoitteet kuluvan kalenterivuoden loppuun asti.<\/p>\n\n\n\n<p><strong>7 \u00a7&nbsp;&nbsp;&nbsp;&nbsp;&nbsp;&nbsp;&nbsp;&nbsp; J\u00e4senen eronneeksi katsominen<\/strong><\/p>\n\n\n\n<p>Hallitus voi katsoa j\u00e4senen eronneeksi seurasta, jos j\u00e4sen on j\u00e4tt\u00e4nyt kuusi kuukautta sitten er\u00e4\u00e4ntyneen j\u00e4senmaksun maksamatta.<\/p>\n\n\n\n<p><strong>8 \u00a7&nbsp;&nbsp;&nbsp;&nbsp;&nbsp;&nbsp;&nbsp;&nbsp; J\u00e4senen erottaminen ja muut kurinpitotoimet<\/strong><\/p>\n\n\n\n<p>Hallitus voi erottaa j\u00e4senen, jos t\u00e4m\u00e4 on j\u00e4tt\u00e4nyt er\u00e4\u00e4ntyneen j\u00e4senmaksunsa maksamatta, muuten ei t\u00e4yt\u00e4 n\u00e4iden s\u00e4\u00e4nt\u00f6jen mukaisia velvollisuuksiaan, toi\u00admii vastoin seuran tarkoitusta tai toimii t\u00f6rke\u00e4sti vastoin urheilun eettisi\u00e4 periaatteita tai syyllistyy ep\u00e4urheilijamaiseen toimintaan.<\/p>\n\n\n\n<p>Seuran j\u00e4sen sitoutuu noudattamaan kulloinkin voimassa olevaa Suomen Antidopingtoimikunta ADT ry:n vahvistamaa antidopings\u00e4\u00e4nn\u00f6st\u00f6\u00e4 ja Kansainv\u00e4lisen lajiliiton antidopings\u00e4\u00e4nn\u00f6st\u00f6j\u00e4 sek\u00e4 Kansainv\u00e4lisen Olympiakomitean antidopings\u00e4\u00e4nn\u00f6st\u00f6j\u00e4.<\/p>\n\n\n\n<p>Dopingrikkomukset ja seuran j\u00e4senelle niist\u00e4 m\u00e4\u00e4r\u00e4tt\u00e4v\u00e4t seuraamukset on m\u00e4\u00e4r\u00e4tty edell\u00e4 mainituissa antidopings\u00e4\u00e4nn\u00f6st\u00f6iss\u00e4.<\/p>\n\n\n\n<p>Dopingrikkomuksia ovat:<\/p>\n\n\n\n<ul class=\"wp-block-list\"><li>Kielletty aine tai n\u00e4ytt\u00f6 kielletyn menetelm\u00e4n k\u00e4yt\u00f6st\u00e4 urheilijan elimist\u00f6st\u00e4 otetussa n\u00e4ytteess\u00e4<\/li><li>Kielletyn aineen tai menetelm\u00e4n k\u00e4ytt\u00f6 tai k\u00e4yt\u00f6n yritys<\/li><li>Kielt\u00e4ytyminen dopingtestist\u00e4<\/li><li>Dopingvalvonnan v\u00e4lttely ja ilmoitusvelvollisuuden laiminly\u00f6nti<\/li><li>Dopingtestin manipulointi<\/li><li>Dopingaineiden hallussapito<\/li><li>Dopingaineiden ja \u2013menetelmien levitt\u00e4minen<\/li><li>Dopingin edist\u00e4minen<\/li><\/ul>\n\n\n\n<p>Dopingrikkomuksesta voidaan m\u00e4\u00e4r\u00e4t\u00e4 seuraamuksena:<\/p>\n\n\n\n<ul class=\"wp-block-list\"><li>Kilpailutuloksen mit\u00e4t\u00f6inti<\/li><li>Urheilutapahtuman tulosten hylk\u00e4\u00e4minen<\/li><li>Urheilun toimintakielto<\/li><li>Kirjallinen varoitus<\/li><\/ul>\n\n\n\n<p>Seuran j\u00e4sen voi joutua korvaamaan dopingrikkomuksella aiheuttamansa vahingon seuralle ja kansalliselle lajiliitolle sek\u00e4 kansainv\u00e4liselle lajiliitolle.<\/p>\n\n\n\n<p>Urheilun eettisten periaatteiden vastaista toimintaa on:<\/p>\n\n\n\n<ul class=\"wp-block-list\"><li>Urheilulle vieraiden aineiden k\u00e4ytt\u00f6<\/li><li> Huumeiden ja dopingaineiden k\u00e4ytt\u00f6 tai k\u00e4yt\u00f6n edist\u00e4minen<\/li><li> Julkinen h\u00e4iritsev\u00e4 esiintyminen alkoholin vaikutuksen alaisena<\/li><li> Tupakan ja tupakkatuotteiden k\u00e4yt\u00f6n yhdist\u00e4minen urheilutilanteisiin<\/li><li>Ep\u00e4asiallinen k\u00e4ytt\u00e4ytyminen kilpailu- ja harjoitustilanteessa<\/li><li> V\u00e4kivalta, t\u00f6rke\u00e4 kielenk\u00e4ytt\u00f6 ja ep\u00e4asiallinen arvostelu, tuomarin harhautus ja muu s\u00e4\u00e4nt\u00f6kikkailu<\/li><li>Urheiluhuijaus<\/li><li>Kilpailutilan tai -v\u00e4lineiden manipulointi<\/li><li>Tuloksista etuk\u00e4teen sopiminen<\/li><li>Vedonly\u00f6nti<\/li><li>Vedonly\u00f6nti omasta kilpailusta<\/li><li>Lahjonta<\/li><li>Tuomareiden, kilpakumppaneiden, valmentajien tai toimitsijoiden lahjominen tai sen yritys tuloksen manipuloimiseksi<\/li><\/ul>\n\n\n\n<h1 class=\"wp-block-heading\">Sukupuolinen h\u00e4irint\u00e4<\/h1>\n\n\n\n<p>Urheilun eettisten periaatteiden vastaisesta toiminnasta on seuraamuksena lajiliiton m\u00e4\u00e4r\u00e4\u00e4m\u00e4 rangaistus sen mukaan kuin liiton s\u00e4\u00e4nn\u00f6iss\u00e4 tai kilpailus\u00e4\u00e4nn\u00f6iss\u00e4 m\u00e4\u00e4r\u00e4t\u00e4\u00e4n, kuitenkin enint\u00e4\u00e4n kahden vuoden toimintakielto.<\/p>\n\n\n\n<p>Hallitus p\u00e4\u00e4tt\u00e4\u00e4 my\u00f6s muista kurinpitotoimista ja niiden yhteydess\u00e4 an\u00adnet\u00adta\u00advis\u00adta rangaistuksista, jolloin noudatetaan asianomaisen lajin kansallisen liiton s\u00e4\u00e4n\u00adt\u00f6\u00adj\u00e4 ja m\u00e4\u00e4r\u00e4yksi\u00e4.<\/p>\n\n\n\n<p>Kansallinen lajiliitto, tai sen asemesta, tai sen lis\u00e4ksi Kansainv\u00e4linen lajiliitto voi p\u00e4\u00e4tt\u00e4\u00e4 seuran j\u00e4senelle dopingrikkomuksesta m\u00e4\u00e4r\u00e4tt\u00e4v\u00e4st\u00e4 seuraamuksesta ja muista kurinpitotoimista edell\u00e4 mainituissa antidopings\u00e4\u00e4nn\u00f6st\u00f6iss\u00e4, s\u00e4\u00e4nn\u00f6iss\u00e4 ja s\u00e4\u00e4nt\u00f6j\u00e4 alemmanasteisissa m\u00e4\u00e4r\u00e4yksiss\u00e4 vahvistetulla tavalla.<\/p>\n\n\n\n<p>P\u00e4\u00e4t\u00f6s tulee voimaan heti ja sen katsotaan tulleen asianomaisen tietoon viisi p\u00e4iv\u00e4\u00e4 sen j\u00e4lkeen, kun p\u00e4\u00e4t\u00f6s on l\u00e4hetetty sille kirjatussa kirjeess\u00e4.<\/p>\n\n\n\n<p>\u00a0Erotetulla ei ole oikeutta vaatia takaisin seuralle suorittamiaan maksuja.<\/p>\n\n\n\n<p><strong>9 \u00a7&nbsp;&nbsp;&nbsp;&nbsp;&nbsp;&nbsp;&nbsp;&nbsp; Liittymis- ja j\u00e4senmaksut<\/strong><\/p>\n\n\n\n<p>Varsinaisilta j\u00e4senilt\u00e4 kannettavien liittymis- ja j\u00e4senmaksujen sek\u00e4 kan\u00adnat\u00adtaja-\u00adj\u00e4\u00adsen\u00admak\u00adsujen suuruudesta p\u00e4\u00e4tt\u00e4\u00e4 vuosittain seuran vuosikokous. Kunnia-j\u00e4senilt\u00e4 ja kunniapuheenjohtajalta ei perit\u00e4 maksuja.<\/p>\n\n\n\n<p>Hallituksella on oikeus vapauttaa j\u00e4sen j\u00e4senmaksujen suorittamisesta sek\u00e4 nimet\u00e4 j\u00e4sen ainaisj\u00e4seneksi, jos j\u00e4sen on tehnyt seuralle huomattavia urheilullisia, taloudellisia tai muita pal\u00adve\u00adluksia.<\/p>\n\n\n\n<p>Ainaisj\u00e4sen on vapaa j\u00e4senmaksuvelvollisuuksista.<\/p>\n\n\n\n<p><strong>10 \u00a7&nbsp;&nbsp;&nbsp;&nbsp;&nbsp;&nbsp; Seuran varsinaiset ja ylim\u00e4\u00e4r\u00e4iset kokoukset<\/strong><\/p>\n\n\n\n<p>Seura pit\u00e4\u00e4 vuosittain yhden varsinaisen kokouksen marras-tammikuussa. Kokouksen paikan ja tarkemman ajan m\u00e4\u00e4r\u00e4\u00e4 hallitus.<\/p>\n\n\n\n<p>Kutsu varsinaiseen ja ylim\u00e4\u00e4r\u00e4iseen seuran kokoukseen on julkaistava v\u00e4hint\u00e4\u00e4n 14 p\u00e4iv\u00e4\u00e4 ennen kokousta kirjallisena ilmoituksena j\u00e4senille tai seuran viralliseen ilmoitustauluun kiinnitetyll\u00e4 ilmoituksella.<\/p>\n\n\n\n<p><strong>11 \u00a7 &nbsp;&nbsp;&nbsp;&nbsp;&nbsp; Vuosikokous<\/strong><\/p>\n\n\n\n<p>1&nbsp;&nbsp;&nbsp;&nbsp;&nbsp;&nbsp; Avataan kokous<\/p>\n\n\n\n<p>2&nbsp;&nbsp;&nbsp;&nbsp;&nbsp;&nbsp; Valitaan kokoukselle<\/p>\n\n\n\n<p>a)&nbsp;&nbsp;&nbsp;&nbsp;&nbsp; puheenjohtaja<\/p>\n\n\n\n<p>b)&nbsp;&nbsp;&nbsp;&nbsp;&nbsp; sihteeri<\/p>\n\n\n\n<p>c)&nbsp;&nbsp;&nbsp;&nbsp;&nbsp; kaksi p\u00f6yt\u00e4kirjan tarkastajaa<\/p>\n\n\n\n<p>d)&nbsp;&nbsp;&nbsp;&nbsp;&nbsp; \u00e4\u00e4ntenlaskijat<\/p>\n\n\n\n<p>3&nbsp;&nbsp;&nbsp;&nbsp;&nbsp;&nbsp; Todetaan l\u00e4sn\u00e4olevat \u00e4\u00e4nioikeutetut j\u00e4senet<\/p>\n\n\n\n<p>4&nbsp;&nbsp;&nbsp;&nbsp;&nbsp;&nbsp; Todetaan kokouksen laillisuus ja p\u00e4\u00e4t\u00f6svaltaisuus<\/p>\n\n\n\n<p>5&nbsp;&nbsp;&nbsp;&nbsp;&nbsp;&nbsp; Esitet\u00e4\u00e4n hallituksen laatima vuosikertomus ja tilinp\u00e4\u00e4t\u00f6s sek\u00e4 tilin\u00adtar\u00adkas\u00adta\u00adji\u00aden antama lausunto<\/p>\n\n\n\n<p>6&nbsp;&nbsp;&nbsp;&nbsp;&nbsp;&nbsp;&nbsp;&nbsp;P\u00e4\u00e4tet\u00e4\u00e4n tilinp\u00e4\u00e4t\u00f6ksen vahvistamisesta ja vastuuvapauden my\u00f6nt\u00e4misest\u00e4 hallitukselle ja muille vastuuvelvollisille<\/p>\n\n\n\n<p>7&nbsp;&nbsp;&nbsp;&nbsp;&nbsp;&nbsp;&nbsp;&nbsp;P\u00e4\u00e4tet\u00e4\u00e4n, mitk\u00e4 liikunta- ja urheilulajit ovat seuran ohjelmassa tulevana toimikautena<\/p>\n\n\n\n<p>8&nbsp;&nbsp;&nbsp;&nbsp;&nbsp;&nbsp;&nbsp;&nbsp;P\u00e4\u00e4tet\u00e4\u00e4n j\u00e4senyyksist\u00e4 muissa j\u00e4rjest\u00f6iss\u00e4 ja yhteis\u00f6iss\u00e4<\/p>\n\n\n\n<p>9&nbsp;&nbsp;&nbsp;&nbsp;&nbsp;&nbsp;&nbsp;&nbsp;Vahvistetaan liittymis-, j\u00e4sen- ja kannattajaj\u00e4senmaksujen suuruus<\/p>\n\n\n\n<p>10&nbsp;&nbsp;&nbsp;Vahvistetaan toimintasuunnitelma ja talousarvio<\/p>\n\n\n\n<p>11&nbsp;&nbsp;&nbsp;Valitaan t\u00e4ysi-ik\u00e4isten j\u00e4senten keskuudesta hallituksen puheenjohtaja joka toinen vuosi<\/p>\n\n\n\n<p>12&nbsp;&nbsp;&nbsp;Valitaan t\u00e4ysi-ik\u00e4isten j\u00e4senten keskuudesta hallituksen muut j\u00e4senet (2-4 hl\u00f6) erovuoroisten tilalle<\/p>\n\n\n\n<p>13&nbsp;&nbsp;&nbsp;Valitaan kaksi tilintarkastajaa ja heille varatilintarkastajat<\/p>\n\n\n\n<p>14&nbsp;&nbsp;&nbsp;P\u00e4\u00e4tet\u00e4\u00e4n seuran edustajista niihin j\u00e4rjest\u00f6ihin ja yhteis\u00f6ihin, joissa seura on j\u00e4senen\u00e4<\/p>\n\n\n\n<p>15&nbsp;&nbsp;&nbsp;&nbsp; K\u00e4sitell\u00e4\u00e4n muut kokouskutsussa mainitut asiat&nbsp;&nbsp;&nbsp;<\/p>\n\n\n\n<p>16&nbsp;&nbsp;&nbsp;&nbsp; P\u00e4\u00e4tet\u00e4\u00e4n kokous<\/p>\n\n\n\n<p>Asioista, joita seuran j\u00e4senet haluavat vuosikokouksen k\u00e4sitelt\u00e4viksi, on teht\u00e4v\u00e4 hallitukselle kirjallinen esitys viimeist\u00e4\u00e4n 30 p\u00e4iv\u00e4\u00e4 ennen kokousta.<\/p>\n\n\n\n<p><strong>12 \u00a7&nbsp;&nbsp;&nbsp;&nbsp;&nbsp;&nbsp; Seuran ylim\u00e4\u00e4r\u00e4inen kokous<\/strong><\/p>\n\n\n\n<p>Seuran ylim\u00e4\u00e4r\u00e4inen kokous pidet\u00e4\u00e4n silloin, kun hallitus katsoo sen tar\u00adpeel\u00adli\u00adsek\u00adsi, seuran kokous niin p\u00e4\u00e4tt\u00e4\u00e4 tai kun v\u00e4hint\u00e4\u00e4n yksi kymmenesosa seuran \u00e4\u00e4ni\u00adoikeutetuista j\u00e4senist\u00e4 on jonkin m\u00e4\u00e4r\u00e4tyn asian takia tehnyt siit\u00e4 hallitukselle kirjallisen esityksen. Ylim\u00e4\u00e4r\u00e4isen ko\u00adkouk\u00adsen kutsussa on mainittava asia, jonka vuoksi kokous on koolle kutsuttu.<\/p>\n\n\n\n<p>Ylim\u00e4\u00e4r\u00e4inen kokous on pidett\u00e4v\u00e4 v\u00e4hint\u00e4\u00e4n kahden kuukauden kuluessa siit\u00e4, kun j\u00e4senet ovat tehneet siit\u00e4 edell\u00e4 mainitulla tavalla esityksen.<\/p>\n\n\n\n<p><strong>13 \u00a7&nbsp;&nbsp;&nbsp;&nbsp;&nbsp;&nbsp; P\u00f6yt\u00e4kirja<\/strong><\/p>\n\n\n\n<p>Seuran, sen hallituksen, jaostojen ja valiokuntien kokouksissa on pidett\u00e4v\u00e4 p\u00f6y\u00adt\u00e4\u00adkirjaa. Seuran kokousten p\u00f6yt\u00e4kirjat ovat kokousten puheenjohtajan ja sihteerin allekirjoitettava sek\u00e4 valittujen tarkastajien tarkastettava.<\/p>\n\n\n\n<p>Hallituksen, jaostojen ja valiokuntien p\u00f6yt\u00e4kirjat tarkistetaan heti tai seu\u00adraa\u00ad\u00advas\u00adsa kokouksessa.<\/p>\n\n\n\n<p><strong>14 \u00a7&nbsp;&nbsp;&nbsp;&nbsp;&nbsp;&nbsp; \u00c4\u00e4nestys<\/strong><\/p>\n\n\n\n<p>Kokouksen p\u00e4\u00e4t\u00f6kseksi tulee se mielipide, jota on kannattanut yli puolet annetuista \u00e4\u00e4\u00adnis\u00adt\u00e4. Henkil\u00f6asiat ratkaistaan siten, ett\u00e4 eniten \u00e4\u00e4ni\u00e4 saaneet valitaan. Hen\u00adki\u00adl\u00f6\u00advaa\u00adleis\u00adsa \u00e4\u00e4nten menness\u00e4 tasan vaali ratkaistaan arvalla. Muissa asioissa se mie\u00adlipide voit\u00adtaa, johon kokouksen puheenjohtaja on yhtynyt. Kaikissa kokouk\u00ad\u00adsis\u00ad\u00adsa suo\u00adri\u00adte\u00adtaan vaadittaessa \u00e4\u00e4nestys suljettuja lippuja k\u00e4ytt\u00e4m\u00e4ll\u00e4.<\/p>\n\n\n\n<p>Jokaisella liittymismaksunsa ja kokoukseen menness\u00e4 j\u00e4senmaksunsa mak\u00adsa\u00adneel\u00adla viisitoista vuotta t\u00e4ytt\u00e4neell\u00e4 varsinaisella j\u00e4senell\u00e4, kunniaj\u00e4senell\u00e4 ja kun\u00ad\u00adnia\u00adpu\u00adheen\u00adjohtajalla sek\u00e4 ainaisj\u00e4senell\u00e4, kannattajaj\u00e4seni\u00e4 lukuun ottamatta, on yksi \u00e4\u00e4ni. Valtakirjalla ei saa \u00e4\u00e4nest\u00e4\u00e4.<\/p>\n\n\n\n<p><strong>15 \u00a7&nbsp;&nbsp;&nbsp;&nbsp;&nbsp;&nbsp; Seuran hallinto<\/strong><\/p>\n\n\n\n<p>Seuran toimintaa ja taloutta hoitaa hallitus, johon kuuluu kahdeksi toi\u00admin\u00adta\u00advuo\u00addek\u00adsi valittu puheenjohtaja, ja kahdeksi toimintavuodeksi valitut 4-8 j\u00e4sent\u00e4 varaj\u00e4seni\u00e4 ei valita. Hallituksen j\u00e4senist\u00e4 puolet on erovuorossa vuosittain. Ensim\u00adm\u00e4isell\u00e4 kerralla eroaa puolet arvan perusteella.<\/p>\n\n\n\n<p>Hallitus valitsee keskuudestaan varapuheenjohtajan. Hallitus valitsee lis\u00e4k\u00adsi sihteerin, taloudenhoitajan ja muut tarvittavat toimihenkil\u00f6t, jotka voidaan valita my\u00f6s hallituksen ulkopuolelta.<\/p>\n\n\n\n<p>Hallitus kokoontuu puheenjohtajan tai h\u00e4nen ollessaan estynyt vara\u00adpu\u00adheen\u00adjoh\u00adtajan kutsusta, kun he katsovat sen tarpeelliseksi tai kun puolet hallituksen j\u00e4senist\u00e4 kirjallisesti sit\u00e4 vaatii.<\/p>\n\n\n\n<p>Hallitus on p\u00e4\u00e4t\u00f6svaltainen, kun puheenjohtaja tai h\u00e4nen estyneen\u00e4 ollessaan varapuheenjohtaja ja h\u00e4nen lis\u00e4kseen v\u00e4hint\u00e4\u00e4n puolet sen j\u00e4senist\u00e4 on saa\u00adpu\u00advil\u00adla.<\/p>\n\n\n\n<p><strong>&nbsp;&nbsp;&nbsp;&nbsp;&nbsp;&nbsp;&nbsp;&nbsp;&nbsp;&nbsp;&nbsp;&nbsp;&nbsp; Hallituksen teht\u00e4v\u00e4n\u00e4 on erityisesti<\/strong><\/p>\n\n\n\n<p>1&nbsp;&nbsp;&nbsp;&nbsp;&nbsp;&nbsp; Toteuttaa seuran kokouksen p\u00e4\u00e4t\u00f6kset<\/p>\n\n\n\n<p>2&nbsp;&nbsp;&nbsp;&nbsp;&nbsp;&nbsp; Johtaa ja kehitt\u00e4\u00e4 seuran toimintaa<\/p>\n\n\n\n<p>3&nbsp;&nbsp;&nbsp;&nbsp;&nbsp;&nbsp; Valita tarvittavat jaostot, valiokunnat ja ty\u00f6ryhm\u00e4t sek\u00e4 niiden puheenjohtajat<\/p>\n\n\n\n<p>4&nbsp;&nbsp;&nbsp;&nbsp;&nbsp;&nbsp; Vastata seuran taloudesta<\/p>\n\n\n\n<p>5&nbsp;&nbsp;&nbsp;&nbsp;&nbsp;&nbsp; Pit\u00e4\u00e4 j\u00e4senluetteloa<\/p>\n\n\n\n<p>6&nbsp;&nbsp;&nbsp;&nbsp;&nbsp;&nbsp; Tehd\u00e4 seuran toimintakertomus ja tilinp\u00e4\u00e4t\u00f6s<\/p>\n\n\n\n<p>7&nbsp;&nbsp;&nbsp;&nbsp;&nbsp;&nbsp; Tehd\u00e4 toiminta- ja taloussuunnitelma seuraavaa toimintavuotta varten<\/p>\n\n\n\n<p>8&nbsp;&nbsp;&nbsp;&nbsp;&nbsp;&nbsp; Hoitaa seuran tiedotustoimintaa<\/p>\n\n\n\n<p>9&nbsp;&nbsp;&nbsp;&nbsp;&nbsp;&nbsp; Hyv\u00e4ksy\u00e4 ja erottaa j\u00e4senet sek\u00e4 p\u00e4\u00e4tt\u00e4\u00e4 j\u00e4seni\u00e4 koskevista kurin\u00adpi\u00adto\u00adtoi\u00admis\u00adta<\/p>\n\n\n\n<p>10&nbsp;&nbsp;&nbsp;&nbsp; Valita ja erottaa seuran palkatut toimihenkil\u00f6t sek\u00e4 sopia heid\u00e4n eduis\u00adtaan<\/p>\n\n\n\n<p>11&nbsp;&nbsp;&nbsp;&nbsp; P\u00e4\u00e4tt\u00e4\u00e4 seuran ansiomerkkien my\u00f6nt\u00e4misest\u00e4 ja muiden kunnia- ja ansio\u00admerk\u00adki\u00aden esitt\u00e4misest\u00e4<\/p>\n\n\n\n<p>12&nbsp;&nbsp;&nbsp;&nbsp; Ryhty\u00e4 muihin toimenpiteisiin, joita seuran etu vaatii<\/p>\n\n\n\n<p>13&nbsp;&nbsp;&nbsp;&nbsp; Luovuttaa tilit tilintarkastajille tarkastettavaksi v\u00e4hint\u00e4\u00e4n kolme viikkoa ennen vuosikokousta.<\/p>\n\n\n\n<p><strong>16 \u00a7&nbsp;&nbsp;&nbsp;&nbsp;&nbsp;&nbsp; Tilivuosi<\/strong><\/p>\n\n\n\n<p>Seuran toiminta- ja tilivuosi on 1.11.-30.10.<\/p>\n\n\n\n<p><strong>17 \u00a7&nbsp;&nbsp;&nbsp;&nbsp;&nbsp;&nbsp; Nimenkirjoittajat<\/strong><\/p>\n\n\n\n<p>\u00a0Seuran nimen kirjoittavat puheenjohtaja tai varapuheenjohtaja jompikumpi yh\u00addes\u00ads\u00e4 sih\u00adteerin tai jonkun muun hallituksen m\u00e4\u00e4r\u00e4\u00e4m\u00e4n hallituksen j\u00e4senen tai toi\u00admi\u00adhen\u00adkil\u00f6n kanssa. Nimenkirjoittajien on oltava t\u00e4ysi-ik\u00e4isi\u00e4.<\/p>\n\n\n\n<p><strong>18 \u00a7&nbsp;&nbsp;&nbsp;&nbsp;&nbsp;&nbsp; Jaostot<\/strong><\/p>\n\n\n\n<p>Jaostot\u00a0 voivat p\u00e4\u00e4tt\u00e4\u00e4 sis\u00e4isest\u00e4 toiminnastaan kuitenkin siten, ett\u00e4 seuran hallitus vahvistaa jaoston tekem\u00e4t oikeustoimet.<\/p>\n\n\n\n<p><strong>19 \u00a7&nbsp;&nbsp;&nbsp;&nbsp;&nbsp;&nbsp; S\u00e4\u00e4nt\u00f6jen muuttaminen<\/strong><\/p>\n\n\n\n<p>N\u00e4iden s\u00e4\u00e4nt\u00f6jen muuttamisesta p\u00e4\u00e4tt\u00e4\u00e4 seuran kokous v\u00e4hint\u00e4\u00e4n kolmen nelj\u00e4s\u00adosan enemmist\u00f6ll\u00e4 annetuista \u00e4\u00e4nist\u00e4. Kokouskutsussa on mainittava s\u00e4\u00e4nt\u00f6jen muut\u00adtamisesta.<\/p>\n\n\n\n<p><strong>20 \u00a7&nbsp;&nbsp;&nbsp;&nbsp;&nbsp;&nbsp; Seuran purkaminen<\/strong><\/p>\n\n\n\n<p>Seuran purkamisesta p\u00e4\u00e4tt\u00e4\u00e4 seuran kokous v\u00e4hint\u00e4\u00e4n kolmen nelj\u00e4s\u00adosan enem\u00admis\u00adt\u00f6ll\u00e4 annetuista \u00e4\u00e4nist\u00e4. Kokouskutsussa on mainittava erik\u00adseen seuran pur\u00adka\u00admi\u00adsesta.<\/p>\n\n\n\n<p><strong>21 \u00a7&nbsp;&nbsp;&nbsp;&nbsp;&nbsp;&nbsp; Seuran varojen luovuttaminen<\/strong><\/p>\n\n\n\n<p>Jos seura on p\u00e4\u00e4tetty purkaa, sen varat on luovutettava johonkin seuran toiminta-alu\u00adeen liikuntakasvatusta edist\u00e4v\u00e4\u00e4n tarkoitukseen purkamisesta p\u00e4\u00e4tt\u00e4neen ko\u00adkouksen p\u00e4\u00e4t\u00f6ksen mukaisesti. Pes\u00e4nselvitysmiehin\u00e4 toimivat kokouksen valit\u00adse\u00admat henkil\u00f6t.<\/p>\n\n\n\n<p>Seuran purkamisesta on ilmoitettava yhdistysrekisteriin.<\/p>\n","protected":false},"excerpt":{"rendered":"<p>Rauhalahti Road Runners ry TOIMINTAS\u00c4\u00c4NN\u00d6T 1 \u00a7&nbsp;&nbsp;&nbsp;&nbsp;&nbsp;&nbsp;&nbsp;&nbsp; Nimi, kotipaikka, perustamisaika ja kieli Yhdistyksen nimi on Rauhalahti Road Runners ry. Yhdistyksen kotipaikka on\u00a0 Kuopion kaupunki It\u00e4-Suomen l\u00e4\u00e4niss\u00e4. Yhdistys on perustettu helmikuun\u00a0\u00a0 18. p\u00e4iv\u00e4n\u00e4 vuonna 2009 ja siit\u00e4 k\u00e4ytet\u00e4\u00e4n n\u00e4iss\u00e4 s\u00e4\u00e4nn\u00f6iss\u00e4 nimityst\u00e4 seura. Seuran kieli on suomi. Seuran toiminta-alueena on koko Suomi. 2 \u00a7&nbsp;&nbsp;&nbsp;&nbsp;&nbsp;&nbsp;&nbsp;&nbsp; Seuran tarkoitus Seuran &#8230; <a title=\"RRR_s\u00e4\u00e4nn\u00f6t\" class=\"read-more\" href=\"https:\/\/www.rauhalahtiroadrunners.com\/?page_id=5442\" aria-label=\"Lue lis\u00e4\u00e4 aiheesta RRR_s\u00e4\u00e4nn\u00f6t\">Lue lis\u00e4\u00e4<\/a><\/p>\n","protected":false},"author":3,"featured_media":0,"parent":0,"menu_order":0,"comment_status":"closed","ping_status":"closed","template":"","meta":{"footnotes":""},"class_list":["post-5442","page","type-page","status-publish"],"_links":{"self":[{"href":"https:\/\/www.rauhalahtiroadrunners.com\/index.php?rest_route=\/wp\/v2\/pages\/5442","targetHints":{"allow":["GET"]}}],"collection":[{"href":"https:\/\/www.rauhalahtiroadrunners.com\/index.php?rest_route=\/wp\/v2\/pages"}],"about":[{"href":"https:\/\/www.rauhalahtiroadrunners.com\/index.php?rest_route=\/wp\/v2\/types\/page"}],"author":[{"embeddable":true,"href":"https:\/\/www.rauhalahtiroadrunners.com\/index.php?rest_route=\/wp\/v2\/users\/3"}],"replies":[{"embeddable":true,"href":"https:\/\/www.rauhalahtiroadrunners.com\/index.php?rest_route=%2Fwp%2Fv2%2Fcomments&post=5442"}],"version-history":[{"count":2,"href":"https:\/\/www.rauhalahtiroadrunners.com\/index.php?rest_route=\/wp\/v2\/pages\/5442\/revisions"}],"predecessor-version":[{"id":5445,"href":"https:\/\/www.rauhalahtiroadrunners.com\/index.php?rest_route=\/wp\/v2\/pages\/5442\/revisions\/5445"}],"wp:attachment":[{"href":"https:\/\/www.rauhalahtiroadrunners.com\/index.php?rest_route=%2Fwp%2Fv2%2Fmedia&parent=5442"}],"curies":[{"name":"wp","href":"https:\/\/api.w.org\/{rel}","templated":true}]}}