{"id":531,"date":"2012-02-26T23:01:47","date_gmt":"2012-02-26T21:01:47","guid":{"rendered":"http:\/\/www.rauhalahtiroadrunners.com\/?page_id=531"},"modified":"2013-02-04T00:12:26","modified_gmt":"2013-02-03T22:12:26","slug":"valokuvat-2012","status":"publish","type":"page","link":"https:\/\/www.rauhalahtiroadrunners.com\/?page_id=531","title":{"rendered":"Valokuvat 2012"},"content":{"rendered":"<p>21.2.2012 \u00a0<a title=\"Testikymppi Kuopiohallissa 21.2.2012\" href=\"http:\/\/www.rauhalahtiroadrunners.com\/?page_id=535\" target=\"_blank\">Testikymppi<\/a> Kuopiohallissa<br \/>\n26.2.2012 \u00a0<a title=\"Kotirataultra 26.2.2012\" href=\"http:\/\/www.rauhalahtiroadrunners.com\/?page_id=586\" target=\"_blank\">Kotirataultra<\/a> Rauhalahdesta l\u00e4htien<\/p>\n<p>4.3.2012\u00a0\u00a0 \u00a0<a title=\"R\u00e4s\u00e4-Ukon laturetki 4.3.2012\" href=\"http:\/\/www.rauhalahtiroadrunners.com\/?page_id=592\" target=\"_blank\">R\u00e4s\u00e4-Ukon laturetki <\/a>Siilinj\u00e4rvelt\u00e4 Maaningalle<br \/>\n7.3.2012\u00a0\u00a0\u00a0 <a title=\"Kuutamohiihto 7.3.2012\" href=\"http:\/\/www.rauhalahtiroadrunners.com\/?page_id=601\" target=\"_blank\">Kuutamohiihto<\/a><br \/>\n18.3.2012 \u00a0<a title=\"Perinnelenkki 18.3.2012\" href=\"http:\/\/www.rauhalahtiroadrunners.com\/?page_id=625\">Perinnelenkki<\/a><br \/>\n31.3.2012 \u00a0<a title=\"Kolmen Kylpyl\u00e4n Kirmaisu 2012\" href=\"http:\/\/www.rauhalahtiroadrunners.com\/?page_id=726\">Kolmen Kylpyl\u00e4n Kirmaisu<\/a><\/p>\n<p>9.4.2012\u00a0\u00a0 \u00a0<a title=\"Kallavesj-h\u00f6lkk\u00e4 9.4.2012\" href=\"http:\/\/www.rauhalahtiroadrunners.com\/?page_id=731\">Kallavesj-h\u00f6lkk\u00e4<\/a><br \/>\n28.4.2012\u00a0 <a title=\"Varkaus Puolikas 28.4.2012\" href=\"http:\/\/www.rauhalahtiroadrunners.com\/?page_id=817\" target=\"_blank\">Varkaus Puolikas<\/a><br \/>\n29.4.2012 <a title=\"Hampurin maraton 2012\" href=\"http:\/\/www.rauhalahtiroadrunners.com\/?page_id=776\" target=\"_blank\">Hampurin maraton<\/a><\/p>\n<p>5.5.2012 <a title=\"Helsinki City Run 5.5.2012\" href=\"http:\/\/www.rauhalahtiroadrunners.com\/?page_id=818\" target=\"_blank\">Helsinki City Run<\/a><br \/>\n12.5.2012 <a href=\"https:\/\/picasaweb.google.com\/115957741549233819545\/Ystavyysultra\" target=\"_blank\">Seppo Leinonen 60 &#8211; 6h Run<\/a>\u00a0Lohjalla<br \/>\n22.5.2012 <a title=\"Savusaunalenkki 22.5.2012\" href=\"http:\/\/www.rauhalahtiroadrunners.com\/?page_id=819\" target=\"_blank\">Savusaunalenkki<\/a><br \/>\n26.5.2012 <a title=\"Veteraanien SM-maraton 26.5.2012\" href=\"http:\/\/www.rauhalahtiroadrunners.com\/?page_id=828\" target=\"_blank\">Veteraanien SM-maraton Valkeakoskella<\/a><\/p>\n<p>2.6.2012 <a title=\"Tukholman maraton 2012\" href=\"http:\/\/www.rauhalahtiroadrunners.com\/2012_Tukholma.htm\" target=\"_blank\">Tukholman maraton<\/a><br \/>\n7.6.2012 <a title=\"Kes\u00e4idus 2012\" href=\"https:\/\/picasaweb.google.com\/110862520886183653495\/RRRNKesaidus762012YstavyydenMajalla?authuser=0&amp;authkey=Gv1sRgCLe60JL6xZDMAg&amp;feat=directlink\" target=\"_blank\">RRR:n kes\u00e4idus <\/a>Yst\u00e4vyyden majalla Siilinj\u00e4rvell\u00e4<br \/>\n9.6.2012 <a title=\"Navitas Maraton 9.6.2012\" href=\"http:\/\/www.rauhalahtiroadrunners.com\/?page_id=835\">Navitas Maraton<\/a> Varkaudessa<br \/>\n9.-10.6.2012 Suomi-juoksu, <a title=\"Suomi-juoksu 2012\" href=\"https:\/\/picasaweb.google.com\/107969966964616079921\/SuomiJuoksu910062012?authkey=Gv1sRgCMPbmP-F6eK2sgE\" target=\"_blank\">Jari Tompon kuva-albumi<\/a><\/p>\n<p>13.7.2012 <a title=\"Kivennavan kierto 2012\" href=\"https:\/\/picasaweb.google.com\/110862520886183653495\/KivennavanKierto1372012?authuser=0&amp;authkey=Gv1sRgCJu5tfKYpPvZ6wE&amp;feat=directlink\" target=\"_blank\">Kivennavan kierto<\/a><br \/>\n14.7.2012 <a title=\"Tukholman Jubilee-maraton 14.7.2012\" href=\"http:\/\/www.rauhalahtiroadrunners.com\/?page_id=860\">Tukholman Jubilee-maraton<\/a><br \/>\n22.7.2012 <a title=\"Pyh\u00e4n Olavin maraton 2012\" href=\"http:\/\/www.rauhalahtiroadrunners.com\/?page_id=865\" target=\"_blank\">Pyh\u00e4n Olavin maraton<\/a><br \/>\n29.7.2012 <a title=\"Kalevin Kirmasu 2012\" href=\"http:\/\/www.rauhalahtiroadrunners.com\/2012_Kalevin_Kirmasu.htm\" target=\"_blank\">Kalevin Kirmasu <\/a>Viitasaarella<\/p>\n<p>4.8.2012 <a title=\"Valio Maitojuoksu\" href=\"http:\/\/www.rauhalahtiroadrunners.com\/?p=884\">Valio Maitojuoksu<\/a><br \/>\n4.8.2012 <a title=\"Kuusaan maraton 2012\" href=\"http:\/\/www.rauhalahtiroadrunners.com\/?page_id=887\">Kuusaan maraton<\/a><br \/>\n18.8.2012 <a title=\"HCM 18.8.2012\" href=\"http:\/\/www.rauhalahtiroadrunners.com\/?page_id=903\" target=\"_blank\">Helsinki City Marathon<\/a><\/p>\n<p>1.9.2012 <a title=\"Kuopio maraton 1.9.2012\" href=\"http:\/\/www.rauhalahtiroadrunners.com\/?page_id=915\">Kuopio maraton<\/a><br \/>\n8.9.2012 <a title=\"Finlandia Marathon 2012\" href=\"http:\/\/www.rauhalahtiroadrunners.com\/?page_id=920\">Finlandia Marathon<\/a><br \/>\n9.9.2012 <a title=\"Tallinnan maratonmatka 2012\" href=\"http:\/\/www.rauhalahtiroadrunners.com\/?page_id=934\" target=\"_blank\">Tallinnan maraton<\/a><br \/>\n16.9.2012 <a title=\"Petosen h\u00f6lkk\u00e4 2012\" href=\"http:\/\/www.rauhalahtiroadrunners.com\/?p=943\" target=\"_blank\">Petosen h\u00f6lkk\u00e4<\/a><br \/>\n22.9.2012 <a title=\"Kuopio Cross 2012\" href=\"http:\/\/www.rauhalahtiroadrunners.com\/?p=950\">Kuopio Cross<\/a><br \/>\n23.9.2012 <a title=\"Kansa k\u00e4velee 2012\" href=\"http:\/\/www.rauhalahtiroadrunners.com\/?p=952\">Kansa k\u00e4velee ja h\u00f6lkk\u00e4\u00e4<\/a><br \/>\n30.9.2012 <a title=\"Berliinin maraton 2012\" href=\"http:\/\/www.rauhalahtiroadrunners.com\/?p=957\" target=\"_blank\">Berliinin maraton<\/a><\/p>\n<p>6.10.2012 <a title=\"Maakuntaviestijuoksu 2012\" href=\"http:\/\/www.rauhalahtiroadrunners.com\/?p=955\" target=\"_blank\">Pohjois-Savon maakuntaviestijuoksu<\/a><br \/>\n7.10.2012 <a title=\"Osmon superh\u00f6lkk\u00e4 2012\" href=\"http:\/\/www.rauhalahtiroadrunners.com\/?p=959\" target=\"_blank\">Osmon superh\u00f6lkk\u00e4 ja maraton<\/a><\/p>\n<p>11.11.2012 <a title=\"Istanbulin maraton 2012\" href=\"http:\/\/www.rauhalahtiroadrunners.com\/?page_id=967\">Istanbulin maraton<\/a><\/p>\n<p>6.12.2012 <a title=\"Itsen\u00e4isyysmaraton 2012\" href=\"http:\/\/www.rauhalahtiroadrunners.com\/?p=978\" target=\"_blank\">Itsen\u00e4isyysmaraton<\/a><br \/>\n8.12.2012 <a title=\"Pikkujoulu 2012\" href=\"https:\/\/picasaweb.google.com\/110862520886183653495\/RRRPikkujoulu2012?authuser=0&amp;authkey=Gv1sRgCLjz4PPQuOOWywE&amp;feat=directlink\" target=\"_blank\">RRR:n pikkujoulu<\/a><br \/>\n24.12.2012 <a title=\"Aaton lenkki\" href=\"https:\/\/picasaweb.google.com\/110862520886183653495\/RRRAattoholkka2012?authuser=0&amp;authkey=Gv1sRgCJzuk9KHzpGPgwE&amp;feat=directlink\" target=\"_blank\">Aaton lenkki<\/a><br \/>\n31.12.2012 <a title=\"Uudenvuoden juoksu 2012\" href=\"http:\/\/www.rauhalahtiroadrunners.com\/?p=995\" target=\"_blank\">Maaningan Uudenvuoden juoksu<\/a><\/p>\n","protected":false},"excerpt":{"rendered":"<p>21.2.2012 \u00a0Testikymppi Kuopiohallissa 26.2.2012 \u00a0Kotirataultra Rauhalahdesta l\u00e4htien 4.3.2012\u00a0\u00a0 \u00a0R\u00e4s\u00e4-Ukon laturetki Siilinj\u00e4rvelt\u00e4 Maaningalle 7.3.2012\u00a0\u00a0\u00a0 Kuutamohiihto 18.3.2012 \u00a0Perinnelenkki 31.3.2012 \u00a0Kolmen Kylpyl\u00e4n Kirmaisu 9.4.2012\u00a0\u00a0 \u00a0Kallavesj-h\u00f6lkk\u00e4 28.4.2012\u00a0 Varkaus Puolikas 29.4.2012 Hampurin maraton 5.5.2012 Helsinki City Run 12.5.2012 Seppo Leinonen 60 &#8211; 6h Run\u00a0Lohjalla 22.5.2012 Savusaunalenkki 26.5.2012 Veteraanien SM-maraton Valkeakoskella 2.6.2012 Tukholman maraton 7.6.2012 RRR:n kes\u00e4idus Yst\u00e4vyyden majalla Siilinj\u00e4rvell\u00e4 9.6.2012 &#8230; <a title=\"Valokuvat 2012\" class=\"read-more\" href=\"https:\/\/www.rauhalahtiroadrunners.com\/?page_id=531\" aria-label=\"Lue lis\u00e4\u00e4 aiheesta Valokuvat 2012\">Lue lis\u00e4\u00e4<\/a><\/p>\n","protected":false},"author":3,"featured_media":0,"parent":21,"menu_order":0,"comment_status":"closed","ping_status":"open","template":"","meta":{"footnotes":""},"class_list":["post-531","page","type-page","status-publish"],"_links":{"self":[{"href":"https:\/\/www.rauhalahtiroadrunners.com\/index.php?rest_route=\/wp\/v2\/pages\/531","targetHints":{"allow":["GET"]}}],"collection":[{"href":"https:\/\/www.rauhalahtiroadrunners.com\/index.php?rest_route=\/wp\/v2\/pages"}],"about":[{"href":"https:\/\/www.rauhalahtiroadrunners.com\/index.php?rest_route=\/wp\/v2\/types\/page"}],"author":[{"embeddable":true,"href":"https:\/\/www.rauhalahtiroadrunners.com\/index.php?rest_route=\/wp\/v2\/users\/3"}],"replies":[{"embeddable":true,"href":"https:\/\/www.rauhalahtiroadrunners.com\/index.php?rest_route=%2Fwp%2Fv2%2Fcomments&post=531"}],"version-history":[{"count":7,"href":"https:\/\/www.rauhalahtiroadrunners.com\/index.php?rest_route=\/wp\/v2\/pages\/531\/revisions"}],"predecessor-version":[{"id":533,"href":"https:\/\/www.rauhalahtiroadrunners.com\/index.php?rest_route=\/wp\/v2\/pages\/531\/revisions\/533"}],"up":[{"embeddable":true,"href":"https:\/\/www.rauhalahtiroadrunners.com\/index.php?rest_route=\/wp\/v2\/pages\/21"}],"wp:attachment":[{"href":"https:\/\/www.rauhalahtiroadrunners.com\/index.php?rest_route=%2Fwp%2Fv2%2Fmedia&parent=531"}],"curies":[{"name":"wp","href":"https:\/\/api.w.org\/{rel}","templated":true}]}}