{"id":5270,"date":"2020-12-16T11:35:19","date_gmt":"2020-12-16T09:35:19","guid":{"rendered":"https:\/\/www.rauhalahtiroadrunners.com\/?page_id=5270"},"modified":"2021-03-27T19:38:57","modified_gmt":"2021-03-27T17:38:57","slug":"hiihtokalenteri-2021","status":"publish","type":"page","link":"https:\/\/www.rauhalahtiroadrunners.com\/?page_id=5270","title":{"rendered":"Hiihtokalenteri 2021"},"content":{"rendered":"\n<h4 class=\"wp-block-heading\"><strong>Hiihto- ja luistelutapahtumia talvella 2021<\/strong><\/h4>\n\n\n\n<p>P\u00e4ivitetty 27.3.2021<\/p>\n\n\n\n<p><a href=\"https:\/\/kunto.fluentprogress.fi\/LATUKUOPIO\/\">Kuopion latujen kunnostustilanne<\/a><\/p>\n\n\n\n<p><a href=\"http:\/\/www.tahkonreittipooli.fi\/maastohiihto\/\" target=\"_blank\" rel=\"noreferrer noopener\">Tahkon latutilanne<\/a><\/p>\n\n\n\n<p>Ladulle.fi<br>&#8211; <a href=\"https:\/\/ladulle.fi\/ladut\/kuopio\">Kuopion ladut<\/a><br>&#8211; <a href=\"https:\/\/ladulle.fi\/ladut\/siilinjarvi\">Siilinj\u00e4rven ladut<\/a><\/p>\n\n\n\n<p><strong>Helmikuu<\/strong><br>la 13.2.2021&nbsp;<a href=\"https:\/\/www.mikkelinklassikot.fi\/savonia-hiihto\/\">Savonia-hiihto<\/a>&nbsp;Mikkeliss\u00e4 (<strong>peruttu<\/strong>)<br>pe-la 26.-27.2.2021&nbsp;<a rel=\"noreferrer noopener\" href=\"http:\/\/www.finlandicemarathon.com\/\" target=\"_blank\">Finland Ice Marathon<\/a>, Kuopion satama (<strong>virtuaalinen<\/strong>)<br>pe-su 26.-28.2.2021&nbsp;<a rel=\"noreferrer noopener\" href=\"http:\/\/www.maisemahiihto.fi\/\" target=\"_blank\">Kolin Maisemahiihto<\/a> (<strong>peruttu<\/strong>)<br>la-su 27.-28.2.2021&nbsp;<a rel=\"noreferrer noopener\" href=\"http:\/\/www.finlandiahiihto.fi\/\" target=\"_blank\">Finlandia Hiihto<\/a> (<strong>virtuaalinen<\/strong>)<\/p>\n\n\n\n<p><strong>Maaliskuu<\/strong><br>la 6.3.2021\u00a0<a href=\"https:\/\/www.riikinvoimahiihto.fi\/\">Riikinvoimahiihto<\/a> (<strong>peruttu<\/strong>)<br>la 6.3.2021\u00a0<a rel=\"noreferrer noopener\" href=\"http:\/\/www.pogostanhiihto.fi\/\" target=\"_blank\">Pogostan Hiihto Ilomantsissa<\/a> (<strong>peruttu<\/strong>)<br>la 6.3.2021\u00a0<a rel=\"noreferrer noopener\" href=\"http:\/\/www.tervahiihto.fi\/\" target=\"_blank\">Terwahiihto<\/a> (<strong>peruttu<\/strong>)<br>su 7.3.2021\u00a0<a rel=\"noreferrer noopener\" href=\"https:\/\/www.pirkankierros.fi\/pirkan-hiihto\/\" target=\"_blank\">Pirkan Hiihto<\/a> (<strong>peruttu<\/strong>)<br>pe-la 12.-13.3.2021\u00a0<a rel=\"noreferrer noopener\" href=\"http:\/\/www.ahmanhiihto.fi\/\" target=\"_blank\">Ahmanhiihto\u00a0<\/a>Kolilla (<strong>peruttu<\/strong>)<br>la-su 13.-14.3.2021 <a href=\"https:\/\/www.siilinjarvenhiihtoseura.fi\/tapahtumat\/ystavyyden-majan-laturetki-2021\/\">Yst\u00e4vyyden majan laturetki<\/a>, Siilinj\u00e4rvi (<strong>peruttu<\/strong>)<br>la 20.3.2021\u00a0<a rel=\"noreferrer noopener\" href=\"http:\/\/vuokattihiihto.endurancekainuu.fi\/fi\/\" target=\"_blank\">Vuokatti Hiihto<\/a> (<strong>peruttu<\/strong>)<\/p>\n\n\n\n<p><strong>Huhtikuu<br><\/strong>17.4.2021 <a href=\"https:\/\/yllaslevi.com\/\">Yll\u00e4s-Levi<\/a>\u00a0(70\/55 km) (<strong>peruttu<\/strong>)<\/p>\n\n\n\n<p>Lis\u00e4tietoa:<br><a rel=\"noreferrer noopener\" href=\"http:\/\/www.suomenlatu.fi\/\" target=\"_blank\">Suomen Latu<\/a><\/p>\n","protected":false},"excerpt":{"rendered":"<p>Hiihto- ja luistelutapahtumia talvella 2021 P\u00e4ivitetty 27.3.2021 Kuopion latujen kunnostustilanne Tahkon latutilanne Ladulle.fi&#8211; Kuopion ladut&#8211; Siilinj\u00e4rven ladut Helmikuula 13.2.2021&nbsp;Savonia-hiihto&nbsp;Mikkeliss\u00e4 (peruttu)pe-la 26.-27.2.2021&nbsp;Finland Ice Marathon, Kuopion satama (virtuaalinen)pe-su 26.-28.2.2021&nbsp;Kolin Maisemahiihto (peruttu)la-su 27.-28.2.2021&nbsp;Finlandia Hiihto (virtuaalinen) Maaliskuula 6.3.2021\u00a0Riikinvoimahiihto (peruttu)la 6.3.2021\u00a0Pogostan Hiihto Ilomantsissa (peruttu)la 6.3.2021\u00a0Terwahiihto (peruttu)su 7.3.2021\u00a0Pirkan Hiihto (peruttu)pe-la 12.-13.3.2021\u00a0Ahmanhiihto\u00a0Kolilla (peruttu)la-su 13.-14.3.2021 Yst\u00e4vyyden majan laturetki, Siilinj\u00e4rvi (peruttu)la 20.3.2021\u00a0Vuokatti Hiihto (peruttu) &#8230; <a title=\"Hiihtokalenteri 2021\" class=\"read-more\" href=\"https:\/\/www.rauhalahtiroadrunners.com\/?page_id=5270\" aria-label=\"Lue lis\u00e4\u00e4 aiheesta Hiihtokalenteri 2021\">Lue lis\u00e4\u00e4<\/a><\/p>\n","protected":false},"author":3,"featured_media":0,"parent":0,"menu_order":0,"comment_status":"closed","ping_status":"closed","template":"","meta":{"footnotes":""},"class_list":["post-5270","page","type-page","status-publish"],"_links":{"self":[{"href":"https:\/\/www.rauhalahtiroadrunners.com\/index.php?rest_route=\/wp\/v2\/pages\/5270","targetHints":{"allow":["GET"]}}],"collection":[{"href":"https:\/\/www.rauhalahtiroadrunners.com\/index.php?rest_route=\/wp\/v2\/pages"}],"about":[{"href":"https:\/\/www.rauhalahtiroadrunners.com\/index.php?rest_route=\/wp\/v2\/types\/page"}],"author":[{"embeddable":true,"href":"https:\/\/www.rauhalahtiroadrunners.com\/index.php?rest_route=\/wp\/v2\/users\/3"}],"replies":[{"embeddable":true,"href":"https:\/\/www.rauhalahtiroadrunners.com\/index.php?rest_route=%2Fwp%2Fv2%2Fcomments&post=5270"}],"version-history":[{"count":17,"href":"https:\/\/www.rauhalahtiroadrunners.com\/index.php?rest_route=\/wp\/v2\/pages\/5270\/revisions"}],"predecessor-version":[{"id":5483,"href":"https:\/\/www.rauhalahtiroadrunners.com\/index.php?rest_route=\/wp\/v2\/pages\/5270\/revisions\/5483"}],"wp:attachment":[{"href":"https:\/\/www.rauhalahtiroadrunners.com\/index.php?rest_route=%2Fwp%2Fv2%2Fmedia&parent=5270"}],"curies":[{"name":"wp","href":"https:\/\/api.w.org\/{rel}","templated":true}]}}