{"id":4897,"date":"2020-02-27T19:09:04","date_gmt":"2020-02-27T17:09:04","guid":{"rendered":"http:\/\/www.rauhalahtiroadrunners.com\/?page_id=4897"},"modified":"2024-01-17T08:56:29","modified_gmt":"2024-01-17T06:56:29","slug":"toiminta-yhteismaraton-matkat","status":"publish","type":"page","link":"https:\/\/www.rauhalahtiroadrunners.com\/?page_id=4897","title":{"rendered":"Toiminta- Yhteismaraton matkat"},"content":{"rendered":"\r\n\r\n\r\n<p>Rauhalahti Road Runners suuntaa vuosittain yhteisille maratonmatkoille. Vuoden 2024 matkoja:<br \/><br \/><\/p>\r\n<ul>\r\n<li>Liding\u00f6loppet matka 28.9..2024<\/li>\r\n<\/ul>\r\n\r\n\r\n\r\n<p><strong>Kysy lis\u00e4\u00e4<\/strong> Marjatta R\u00e4s\u00e4selt\u00e4 marjatta.rasanen1(at)gmail.com tai 0403556260<\/p>\r\n","protected":false},"excerpt":{"rendered":"<p>Rauhalahti Road Runners suuntaa vuosittain yhteisille maratonmatkoille. Vuoden 2024 matkoja: Liding\u00f6loppet matka 28.9..2024 Kysy lis\u00e4\u00e4 Marjatta R\u00e4s\u00e4selt\u00e4 marjatta.rasanen1(at)gmail.com tai 0403556260<\/p>\n","protected":false},"author":5,"featured_media":0,"parent":0,"menu_order":0,"comment_status":"closed","ping_status":"closed","template":"","meta":{"footnotes":""},"class_list":["post-4897","page","type-page","status-publish"],"_links":{"self":[{"href":"https:\/\/www.rauhalahtiroadrunners.com\/index.php?rest_route=\/wp\/v2\/pages\/4897","targetHints":{"allow":["GET"]}}],"collection":[{"href":"https:\/\/www.rauhalahtiroadrunners.com\/index.php?rest_route=\/wp\/v2\/pages"}],"about":[{"href":"https:\/\/www.rauhalahtiroadrunners.com\/index.php?rest_route=\/wp\/v2\/types\/page"}],"author":[{"embeddable":true,"href":"https:\/\/www.rauhalahtiroadrunners.com\/index.php?rest_route=\/wp\/v2\/users\/5"}],"replies":[{"embeddable":true,"href":"https:\/\/www.rauhalahtiroadrunners.com\/index.php?rest_route=%2Fwp%2Fv2%2Fcomments&post=4897"}],"version-history":[{"count":6,"href":"https:\/\/www.rauhalahtiroadrunners.com\/index.php?rest_route=\/wp\/v2\/pages\/4897\/revisions"}],"predecessor-version":[{"id":6854,"href":"https:\/\/www.rauhalahtiroadrunners.com\/index.php?rest_route=\/wp\/v2\/pages\/4897\/revisions\/6854"}],"wp:attachment":[{"href":"https:\/\/www.rauhalahtiroadrunners.com\/index.php?rest_route=%2Fwp%2Fv2%2Fmedia&parent=4897"}],"curies":[{"name":"wp","href":"https:\/\/api.w.org\/{rel}","templated":true}]}}