{"id":4654,"date":"2020-02-21T20:02:33","date_gmt":"2020-02-21T18:02:33","guid":{"rendered":"http:\/\/www.rauhalahtiroadrunners.com\/?page_id=4654"},"modified":"2024-01-17T08:57:45","modified_gmt":"2024-01-17T06:57:45","slug":"yhteislenkit","status":"publish","type":"page","link":"https:\/\/www.rauhalahtiroadrunners.com\/?page_id=4654","title":{"rendered":"Toiminta-Yhteislenkit"},"content":{"rendered":"\r\n<div class=\"wp-block-image\">\r\n<figure class=\"aligncenter size-large\"><img loading=\"lazy\" decoding=\"async\" width=\"1024\" height=\"442\" class=\"wp-image-4682\" src=\"http:\/\/www.rauhalahtiroadrunners.com\/wordpress_rrr\/wp-content\/uploads\/2020\/02\/Kopio_-Lis\u00e4tietoja-ja-ilmoittautuminen_-antti.jylha@kunnonpaikka.fi-6-1-1024x442.png\" alt=\"\" srcset=\"https:\/\/www.rauhalahtiroadrunners.com\/wordpress_rrr\/wp-content\/uploads\/2020\/02\/Kopio_-Lis\u00e4tietoja-ja-ilmoittautuminen_-antti.jylha@kunnonpaikka.fi-6-1-1024x442.png 1024w, https:\/\/www.rauhalahtiroadrunners.com\/wordpress_rrr\/wp-content\/uploads\/2020\/02\/Kopio_-Lis\u00e4tietoja-ja-ilmoittautuminen_-antti.jylha@kunnonpaikka.fi-6-1-300x130.png 300w, https:\/\/www.rauhalahtiroadrunners.com\/wordpress_rrr\/wp-content\/uploads\/2020\/02\/Kopio_-Lis\u00e4tietoja-ja-ilmoittautuminen_-antti.jylha@kunnonpaikka.fi-6-1-768x332.png 768w, https:\/\/www.rauhalahtiroadrunners.com\/wordpress_rrr\/wp-content\/uploads\/2020\/02\/Kopio_-Lis\u00e4tietoja-ja-ilmoittautuminen_-antti.jylha@kunnonpaikka.fi-6-1-1536x664.png 1536w, https:\/\/www.rauhalahtiroadrunners.com\/wordpress_rrr\/wp-content\/uploads\/2020\/02\/Kopio_-Lis\u00e4tietoja-ja-ilmoittautuminen_-antti.jylha@kunnonpaikka.fi-6-1-2048x885.png 2048w\" sizes=\"auto, (max-width: 1024px) 100vw, 1024px\" \/><\/figure>\r\n<\/div>\r\n\r\n\r\n\r\n<p>Ep\u00e4virallisia yhteislenkkej\u00e4 voi ehdottaa RRR -j\u00e4senten Facebook-ryhm\u00e4ss\u00e4 kuka vain. Ryhm\u00e4n j\u00e4senyytt\u00e4 voit hakea <a href=\"https:\/\/www.facebook.com\/groups\/rauhalahtiroadrunners\/?ref=bookmarks\">t\u00e4st\u00e4.<\/a> Perinteisesti yhteislenkit ovat olleet sunnuntaisin ja lenkin vauhti ja pituus on valittu l\u00e4htij\u00f6iden mukaan. Ehdota rohkeasti yhteislenkki\u00e4 omien toiveiden mukaan!<\/p>\r\n<p>Kotirataultra p\u00e4ivin\u00e4 28.1. ja 25.2 j\u00e4rjestet\u00e4\u00e4n yhteislenkit. L\u00e4ht\u00f6 Rauhalahden kylpyl\u00e4hotellin edest\u00e4 klo 9.00.<\/p>\r\n","protected":false},"excerpt":{"rendered":"<p>Ep\u00e4virallisia yhteislenkkej\u00e4 voi ehdottaa RRR -j\u00e4senten Facebook-ryhm\u00e4ss\u00e4 kuka vain. Ryhm\u00e4n j\u00e4senyytt\u00e4 voit hakea t\u00e4st\u00e4. Perinteisesti yhteislenkit ovat olleet sunnuntaisin ja lenkin vauhti ja pituus on valittu l\u00e4htij\u00f6iden mukaan. Ehdota rohkeasti yhteislenkki\u00e4 omien toiveiden mukaan! Kotirataultra p\u00e4ivin\u00e4 28.1. ja 25.2 j\u00e4rjestet\u00e4\u00e4n yhteislenkit. L\u00e4ht\u00f6 Rauhalahden kylpyl\u00e4hotellin edest\u00e4 klo 9.00.<\/p>\n","protected":false},"author":5,"featured_media":0,"parent":0,"menu_order":0,"comment_status":"closed","ping_status":"closed","template":"","meta":{"footnotes":""},"class_list":["post-4654","page","type-page","status-publish"],"_links":{"self":[{"href":"https:\/\/www.rauhalahtiroadrunners.com\/index.php?rest_route=\/wp\/v2\/pages\/4654","targetHints":{"allow":["GET"]}}],"collection":[{"href":"https:\/\/www.rauhalahtiroadrunners.com\/index.php?rest_route=\/wp\/v2\/pages"}],"about":[{"href":"https:\/\/www.rauhalahtiroadrunners.com\/index.php?rest_route=\/wp\/v2\/types\/page"}],"author":[{"embeddable":true,"href":"https:\/\/www.rauhalahtiroadrunners.com\/index.php?rest_route=\/wp\/v2\/users\/5"}],"replies":[{"embeddable":true,"href":"https:\/\/www.rauhalahtiroadrunners.com\/index.php?rest_route=%2Fwp%2Fv2%2Fcomments&post=4654"}],"version-history":[{"count":9,"href":"https:\/\/www.rauhalahtiroadrunners.com\/index.php?rest_route=\/wp\/v2\/pages\/4654\/revisions"}],"predecessor-version":[{"id":6855,"href":"https:\/\/www.rauhalahtiroadrunners.com\/index.php?rest_route=\/wp\/v2\/pages\/4654\/revisions\/6855"}],"wp:attachment":[{"href":"https:\/\/www.rauhalahtiroadrunners.com\/index.php?rest_route=%2Fwp%2Fv2%2Fmedia&parent=4654"}],"curies":[{"name":"wp","href":"https:\/\/api.w.org\/{rel}","templated":true}]}}