{"id":4646,"date":"2020-02-21T19:47:16","date_gmt":"2020-02-21T17:47:16","guid":{"rendered":"http:\/\/www.rauhalahtiroadrunners.com\/?page_id=4646"},"modified":"2024-01-17T08:53:40","modified_gmt":"2024-01-17T06:53:40","slug":"toiminta-yhteistreenit","status":"publish","type":"page","link":"https:\/\/www.rauhalahtiroadrunners.com\/?page_id=4646","title":{"rendered":"Toiminta-Yhteistreenit"},"content":{"rendered":"\r\n<div class=\"wp-block-image\">\r\n<figure class=\"aligncenter\"><a href=\"http:\/\/www.rauhalahtiroadrunners.com\/wordpress_rrr\/wp-content\/uploads\/2020\/02\/2.png\"><img loading=\"lazy\" decoding=\"async\" width=\"2500\" height=\"1080\" class=\"wp-image-4621\" src=\"http:\/\/www.rauhalahtiroadrunners.com\/wordpress_rrr\/wp-content\/uploads\/2020\/02\/2-1024x442.png\" alt=\"\" srcset=\"https:\/\/www.rauhalahtiroadrunners.com\/wordpress_rrr\/wp-content\/uploads\/2020\/02\/2-1024x442.png 1024w, https:\/\/www.rauhalahtiroadrunners.com\/wordpress_rrr\/wp-content\/uploads\/2020\/02\/2-300x130.png 300w, https:\/\/www.rauhalahtiroadrunners.com\/wordpress_rrr\/wp-content\/uploads\/2020\/02\/2-768x332.png 768w, https:\/\/www.rauhalahtiroadrunners.com\/wordpress_rrr\/wp-content\/uploads\/2020\/02\/2-1536x664.png 1536w, https:\/\/www.rauhalahtiroadrunners.com\/wordpress_rrr\/wp-content\/uploads\/2020\/02\/2-2048x885.png 2048w\" sizes=\"auto, (max-width: 2500px) 100vw, 2500px\" \/><\/a><\/figure>\r\n<\/div>\r\n\r\n\r\n\r\n<p><strong><br \/>Kes\u00e4ajan yhteistreenit!<\/strong><\/p>\r\n\r\n\r\n\r\n<p>Kes\u00e4ll\u00e4 yhteistreenit j\u00e4rjestet\u00e4\u00e4n V\u00e4in\u00f6l\u00e4nniemen stadionilla ja sen l\u00e4hiymp\u00e4rist\u00f6ss\u00e4 klo 18.00 alkaen. Tapaaminen V\u00e4in\u00f6l\u00e4nniemen katsomon takana klo 18.00. Katso ajankohtainen ohjelma ja mahdolliset muutokset etusivun kalenterista.<\/p>\r\n\r\n\r\n\r\n<p>&nbsp;<\/p>\r\n<p><strong>Hallikauden yhteistreenit<\/strong><\/p>\r\n<p><br \/>Tiistain yhteistreenit Kuopio-Hallissa klo 19.00 Rauhalahti Road Runnersin j\u00e4senille. Hallille kannattaa saapua hieman ajoissa itsen\u00e4isen l\u00e4mmittelyn merkeiss\u00e4. Yhteistreenit vet\u00e4\u00e4 Antti Jylh\u00e4.<\/p>\r\n\r\n\r\n\r\n<p>Treenit toteutuvat Kuopio-hallin varaustilanteen salliessa. Tarkista etusivun kalenteri.<\/p>\r\n\r\n\r\n\r\n<p>Lis\u00e4tietoa: Antti Jylh\u00e4, antti.jylha(at)gmail.com<\/p>\r\n\r\n\r\n\r\n<p>Huom! Harjoituksiin osallistuvat maksavat Kuopio-Hallin sis\u00e4\u00e4np\u00e4\u00e4symaksun itse. Kertamaksu 5,70\u20ac , Terve-Kuopio kuukausi-passi 36\u20ac (sis\u00e4lt\u00e4\u00e4 rajattoman p\u00e4\u00e4syn Kuopion kaupungin kuntosaleille, uimahalleille ja Kuopio-Halliin.)\u00a0kts. lis\u00e4\u00e4 <a href=\"https:\/\/www.kuopio.fi\/liikuntakortit\">t\u00e4\u00e4lt\u00e4<\/a><\/p>\r\n","protected":false},"excerpt":{"rendered":"<p>Kes\u00e4ajan yhteistreenit! Kes\u00e4ll\u00e4 yhteistreenit j\u00e4rjestet\u00e4\u00e4n V\u00e4in\u00f6l\u00e4nniemen stadionilla ja sen l\u00e4hiymp\u00e4rist\u00f6ss\u00e4 klo 18.00 alkaen. Tapaaminen V\u00e4in\u00f6l\u00e4nniemen katsomon takana klo 18.00. Katso ajankohtainen ohjelma ja mahdolliset muutokset etusivun kalenterista. &nbsp; Hallikauden yhteistreenit Tiistain yhteistreenit Kuopio-Hallissa klo 19.00 Rauhalahti Road Runnersin j\u00e4senille. Hallille kannattaa saapua hieman ajoissa itsen\u00e4isen l\u00e4mmittelyn merkeiss\u00e4. Yhteistreenit vet\u00e4\u00e4 Antti Jylh\u00e4. Treenit toteutuvat Kuopio-hallin varaustilanteen &#8230; <a title=\"Toiminta-Yhteistreenit\" class=\"read-more\" href=\"https:\/\/www.rauhalahtiroadrunners.com\/?page_id=4646\" aria-label=\"Lue lis\u00e4\u00e4 aiheesta Toiminta-Yhteistreenit\">Lue lis\u00e4\u00e4<\/a><\/p>\n","protected":false},"author":3,"featured_media":0,"parent":0,"menu_order":0,"comment_status":"closed","ping_status":"closed","template":"","meta":{"footnotes":""},"class_list":["post-4646","page","type-page","status-publish"],"_links":{"self":[{"href":"https:\/\/www.rauhalahtiroadrunners.com\/index.php?rest_route=\/wp\/v2\/pages\/4646","targetHints":{"allow":["GET"]}}],"collection":[{"href":"https:\/\/www.rauhalahtiroadrunners.com\/index.php?rest_route=\/wp\/v2\/pages"}],"about":[{"href":"https:\/\/www.rauhalahtiroadrunners.com\/index.php?rest_route=\/wp\/v2\/types\/page"}],"author":[{"embeddable":true,"href":"https:\/\/www.rauhalahtiroadrunners.com\/index.php?rest_route=\/wp\/v2\/users\/3"}],"replies":[{"embeddable":true,"href":"https:\/\/www.rauhalahtiroadrunners.com\/index.php?rest_route=%2Fwp%2Fv2%2Fcomments&post=4646"}],"version-history":[{"count":6,"href":"https:\/\/www.rauhalahtiroadrunners.com\/index.php?rest_route=\/wp\/v2\/pages\/4646\/revisions"}],"predecessor-version":[{"id":6851,"href":"https:\/\/www.rauhalahtiroadrunners.com\/index.php?rest_route=\/wp\/v2\/pages\/4646\/revisions\/6851"}],"wp:attachment":[{"href":"https:\/\/www.rauhalahtiroadrunners.com\/index.php?rest_route=%2Fwp%2Fv2%2Fmedia&parent=4646"}],"curies":[{"name":"wp","href":"https:\/\/api.w.org\/{rel}","templated":true}]}}