{"id":4636,"date":"2020-02-21T19:39:52","date_gmt":"2020-02-21T17:39:52","guid":{"rendered":"http:\/\/www.rauhalahtiroadrunners.com\/?page_id=4636"},"modified":"2024-01-17T08:55:18","modified_gmt":"2024-01-17T06:55:18","slug":"toiminta-juoksuleirit","status":"publish","type":"page","link":"https:\/\/www.rauhalahtiroadrunners.com\/?page_id=4636","title":{"rendered":"Toiminta-Juoksuleirit"},"content":{"rendered":"\r\n\r\n\r\n<p>Seuraava <strong>juoksuleiri<\/strong> Tanhuvaaran urheiluopistolla\u00a0<b>26.-28.4.2024<\/b><\/p>\r\n<p><br \/>HINTA: pe-su 196 \u20ac\/ hl\u00f6\u00a0<\/p>\r\n<p>Hintoihin sis\u00e4ltyy majoituksen lis\u00e4ksi:<br \/>T\u00e4ysihoito:<br \/>&#8211; perjantaina p\u00e4iv\u00e4llinen, lauantaina aamiainen, lounas &amp; p\u00e4iv\u00e4llinen, sunnuntaina aamiainen &amp; lounas<br \/>Voidaan k\u00e4ytt\u00e4\u00e4 Liikunta- ja luentotiloja sek\u00e4 Sport Spa-kylpyl\u00e4\u00e4 &amp; kuntosalia .<\/p>\r\n<div>Ohjelmassa perinteisti nelj\u00e4 erilaista juoksutreeni\u00e4, v\u00e4h\u00e4n oheistreeni\u00e4, kylpyl\u00e4ss\u00e4 oloa, asiaa valmennuksesta,\u00a0 kivaa yhdess\u00e4 oloa, jne.<\/div>\r\n<div>\u00a0<\/div>\r\n<div>Kysy lis\u00e4\u00e4: antti.jylha@gmail.com<\/div>\r\n","protected":false},"excerpt":{"rendered":"<p>Seuraava juoksuleiri Tanhuvaaran urheiluopistolla\u00a026.-28.4.2024 HINTA: pe-su 196 \u20ac\/ hl\u00f6\u00a0 Hintoihin sis\u00e4ltyy majoituksen lis\u00e4ksi:T\u00e4ysihoito:&#8211; perjantaina p\u00e4iv\u00e4llinen, lauantaina aamiainen, lounas &amp; p\u00e4iv\u00e4llinen, sunnuntaina aamiainen &amp; lounasVoidaan k\u00e4ytt\u00e4\u00e4 Liikunta- ja luentotiloja sek\u00e4 Sport Spa-kylpyl\u00e4\u00e4 &amp; kuntosalia . Ohjelmassa perinteisti nelj\u00e4 erilaista juoksutreeni\u00e4, v\u00e4h\u00e4n oheistreeni\u00e4, kylpyl\u00e4ss\u00e4 oloa, asiaa valmennuksesta,\u00a0 kivaa yhdess\u00e4 oloa, jne. \u00a0 Kysy lis\u00e4\u00e4: antti.jylha@gmail.com<\/p>\n","protected":false},"author":3,"featured_media":0,"parent":0,"menu_order":0,"comment_status":"closed","ping_status":"closed","template":"","meta":{"footnotes":""},"class_list":["post-4636","page","type-page","status-publish"],"_links":{"self":[{"href":"https:\/\/www.rauhalahtiroadrunners.com\/index.php?rest_route=\/wp\/v2\/pages\/4636","targetHints":{"allow":["GET"]}}],"collection":[{"href":"https:\/\/www.rauhalahtiroadrunners.com\/index.php?rest_route=\/wp\/v2\/pages"}],"about":[{"href":"https:\/\/www.rauhalahtiroadrunners.com\/index.php?rest_route=\/wp\/v2\/types\/page"}],"author":[{"embeddable":true,"href":"https:\/\/www.rauhalahtiroadrunners.com\/index.php?rest_route=\/wp\/v2\/users\/3"}],"replies":[{"embeddable":true,"href":"https:\/\/www.rauhalahtiroadrunners.com\/index.php?rest_route=%2Fwp%2Fv2%2Fcomments&post=4636"}],"version-history":[{"count":9,"href":"https:\/\/www.rauhalahtiroadrunners.com\/index.php?rest_route=\/wp\/v2\/pages\/4636\/revisions"}],"predecessor-version":[{"id":6853,"href":"https:\/\/www.rauhalahtiroadrunners.com\/index.php?rest_route=\/wp\/v2\/pages\/4636\/revisions\/6853"}],"wp:attachment":[{"href":"https:\/\/www.rauhalahtiroadrunners.com\/index.php?rest_route=%2Fwp%2Fv2%2Fmedia&parent=4636"}],"curies":[{"name":"wp","href":"https:\/\/api.w.org\/{rel}","templated":true}]}}