{"id":4559,"date":"2020-02-19T16:16:50","date_gmt":"2020-02-19T14:16:50","guid":{"rendered":"http:\/\/www.rauhalahtiroadrunners.com\/?page_id=4559"},"modified":"2026-04-01T21:04:45","modified_gmt":"2026-04-01T18:04:45","slug":"toiminta","status":"publish","type":"page","link":"https:\/\/www.rauhalahtiroadrunners.com\/?page_id=4559","title":{"rendered":"Toiminta"},"content":{"rendered":"\r\n<p><a href=\"https:\/\/www.rauhalahtiroadrunners.com\/?page_id=4646\">Yhteistreenit tiistaisin<\/a><\/p>\r\n\r\n\r\n\r\n<p><a href=\"http:\/\/www.rauhalahtiroadrunners.com\/?page_id=4628\">Juoksijan lihaskunto ja -huolto treenit <\/a><\/p>\r\n\r\n\r\n\r\n\r\n\r\n<p><a href=\"https:\/\/www.rauhalahtiroadrunners.com\/?page_id=4636\">Juoksuleirit<\/a><\/p>\r\n\r\n\r\n\r\n<p><a href=\"http:\/\/www.rauhalahtiroadrunners.com\/?page_id=4897\">Yhteismaratonmatkat<\/a><\/p>\r\n\r\n\r\n\r\n<p><a href=\"http:\/\/www.rauhalahtiroadrunners.com\/?page_id=4654\">Yhteislenkit<\/a><\/p>\r\n<p><a href=\"https:\/\/www.rauhalahtiroadrunners.com\/?page_id=7779\">N\u00e4in aloitat kehitt\u00e4m\u00e4\u00e4n juoksukuntoa<\/a> (Reino Holopaisen ja Antti Jylh\u00e4n vinkit)<\/p>\r\n\r\n\r\n\r\n<p><a href=\"https:\/\/www.rauhalahtiroadrunners.com\/?page_id=7373\">RRR:n toimintakertomus 2024<\/a><\/p>\r\n\r\n\r\n\r\n<p><a href=\"https:\/\/www.rauhalahtiroadrunners.com\/ry\/RRR-toimintasuunnitelma_2026.pdf\">RRR:n toimintasuunnitelma 2026<\/a><\/p>\r\n\r\n\r\n\r\n\r\n\r\n<p>&nbsp;<\/p>\r\n","protected":false},"excerpt":{"rendered":"<p>Yhteistreenit tiistaisin Juoksijan lihaskunto ja -huolto treenit Juoksuleirit Yhteismaratonmatkat Yhteislenkit N\u00e4in aloitat kehitt\u00e4m\u00e4\u00e4n juoksukuntoa (Reino Holopaisen ja Antti Jylh\u00e4n vinkit) RRR:n toimintakertomus 2024 RRR:n toimintasuunnitelma 2026 &nbsp;<\/p>\n","protected":false},"author":3,"featured_media":0,"parent":0,"menu_order":0,"comment_status":"closed","ping_status":"closed","template":"","meta":{"footnotes":""},"class_list":["post-4559","page","type-page","status-publish"],"_links":{"self":[{"href":"https:\/\/www.rauhalahtiroadrunners.com\/index.php?rest_route=\/wp\/v2\/pages\/4559","targetHints":{"allow":["GET"]}}],"collection":[{"href":"https:\/\/www.rauhalahtiroadrunners.com\/index.php?rest_route=\/wp\/v2\/pages"}],"about":[{"href":"https:\/\/www.rauhalahtiroadrunners.com\/index.php?rest_route=\/wp\/v2\/types\/page"}],"author":[{"embeddable":true,"href":"https:\/\/www.rauhalahtiroadrunners.com\/index.php?rest_route=\/wp\/v2\/users\/3"}],"replies":[{"embeddable":true,"href":"https:\/\/www.rauhalahtiroadrunners.com\/index.php?rest_route=%2Fwp%2Fv2%2Fcomments&post=4559"}],"version-history":[{"count":32,"href":"https:\/\/www.rauhalahtiroadrunners.com\/index.php?rest_route=\/wp\/v2\/pages\/4559\/revisions"}],"predecessor-version":[{"id":8124,"href":"https:\/\/www.rauhalahtiroadrunners.com\/index.php?rest_route=\/wp\/v2\/pages\/4559\/revisions\/8124"}],"wp:attachment":[{"href":"https:\/\/www.rauhalahtiroadrunners.com\/index.php?rest_route=%2Fwp%2Fv2%2Fmedia&parent=4559"}],"curies":[{"name":"wp","href":"https:\/\/api.w.org\/{rel}","templated":true}]}}