{"id":4546,"date":"2020-02-19T16:04:45","date_gmt":"2020-02-19T14:04:45","guid":{"rendered":"http:\/\/www.rauhalahtiroadrunners.com\/?page_id=4546"},"modified":"2025-12-16T00:48:14","modified_gmt":"2025-12-15T21:48:14","slug":"jaseneksi","status":"publish","type":"page","link":"https:\/\/www.rauhalahtiroadrunners.com\/?page_id=4546","title":{"rendered":"J\u00e4seneksi"},"content":{"rendered":"\r\n<p>RRR on p\u00e4\u00e4tt\u00e4nyt ulkoistaa j\u00e4seneksi liittymisen, j\u00e4sentietojen hallinnan ja j\u00e4senmaksujen laskutuksen <a href=\"https:\/\/info.suomisport.fi\/\"><strong>SuomiSport<\/strong> -portaaliin<\/a>. J\u00e4seneksi haluavan on ensin rekister\u00f6idytt\u00e4v\u00e4 (eli luotava tili) SuomiSport -portaaliin ja sen j\u00e4lkeen liitett\u00e4v\u00e4 t\u00e4m\u00e4 tili RRR:n j\u00e4seneksi. J\u00e4senyydess\u00e4 on kaksi luokkaa: <strong>normaali j\u00e4sen<\/strong> (j\u00e4senmaksu <strong>25 \u20ac\/v<\/strong>) ja <strong>nuorisoj\u00e4sen<\/strong> (alle 23v, <strong>ei j\u00e4senmaksua<\/strong>). T\u00e4ss\u00e4 ohjeet:<\/p>\r\n<ul>\r\n<li>K\u00e4ynnist\u00e4 kirjautuminen SuomiSport&#8217;iin toisella seuraavista, j\u00e4senyysluokkaasi vastaavalla linkill\u00e4:<br \/><a href=\"https:\/\/seurat.suomisport.fi\/invite\/65bd0f60-ede0-4dc9-a5a9-778f5af834ba\">normaali j\u00e4sen<\/a>\u00a0 \u00a0 \u00a0 \u00a0 \u00a0 \u00a0 \u00a0 \u00a0 \u00a0 \u00a0 \u00a0<a href=\"https:\/\/seurat.suomisport.fi\/invite\/ce57e046-35b7-4311-b2ea-859a7a8a6674\">nuorisoj\u00e4sen<\/a><\/li>\r\n<li>Anna puhelinnumerosi tai s\u00e4hk\u00f6postiosoitteesi avautuvaan ikkunaan ja paina &#8221;L\u00e4het\u00e4 minulle kirjautumiskoodi&#8221;<\/li>\r\n<li>Saatuasi koodin joko puhelimeesi tai s\u00e4hk\u00f6postiisi, kirjoita se avautuvaan sivuun.<\/li>\r\n<li>Jos sinulla jo oli tili SuomiSportissa, p\u00e4\u00e4set suoraan hakemaan RRR:n j\u00e4senyytt\u00e4. Jos tili\u00e4 ei l\u00f6ytynyt, p\u00e4\u00e4set ensin rekister\u00f6itym\u00e4\u00e4n ja luomaan tilin.<\/li>\r\n<li>Odota, ett\u00e4 RRR:n j\u00e4sensihteeri hyv\u00e4ksyy hakemuksesi. T\u00e4st\u00e4 ei viel\u00e4 toistaiseksi tule sinulle kuittausviesti\u00e4 (on SuomiSportin kehityslistalla), mutta voit k\u00e4yd\u00e4 katsomassa tililt\u00e4si, josko uusi j\u00e4senyys jo n\u00e4kyy siell\u00e4.<\/li>\r\n<\/ul>\r\n<p>Kun j\u00e4senyytesi on hyv\u00e4ksytty SuomiSportissa, voit liitty\u00e4 RRR:n j\u00e4senten postituslistalle &#8221;<strong>jasenet<\/strong>&#8221;, mink\u00e4 kautta saat j\u00e4senille tarkoitettua ajankohtaista tietoa.\u00a0<\/p>\r\n<p><strong>jasenet<\/strong>-listalle liityt seuraavasti:<\/p>\r\n<ul>\r\n<li>L\u00e4het\u00e4 s\u00e4hk\u00f6postiviesti osoitteeseen: <strong><a href=\"mailto:jasenet-join@rauhalahtiroadrunners.com\">jasenet-join@rauhalahtiroadrunners.com<\/a><\/strong>. Viestin Aihe-kentt\u00e4\u00e4n ei tarvitse pist\u00e4\u00e4 mit\u00e4\u00e4n, eik\u00e4 my\u00f6sk\u00e4\u00e4n viestin sis\u00e4lt\u00f6-kentt\u00e4\u00e4n.<\/li>\r\n<li>Saat paluuviestin\u00e4 pyynn\u00f6n vahvistaa s\u00e4hk\u00f6postiosoitteesi. My\u00f6s listan yll\u00e4pit\u00e4j\u00e4n pit\u00e4\u00e4 vahvistaa liittymisesi.<\/li>\r\n<\/ul>\r\n<p>Jos haluat poistua <strong>jasenet<\/strong>-listalta, se k\u00e4y seuraavasti:<\/p>\r\n<ul>\r\n<li>L\u00e4het\u00e4 s\u00e4hk\u00f6postiviesti osoitteeseen: <strong><a href=\"mailto:jasenet-leave@rauhalahtiroadrunners.com\">jasenet-leave@rauhalahtiroadrunners.com<\/a><\/strong>. Nytk\u00e4\u00e4n ei tarvitse t\u00e4ytt\u00e4\u00e4 Aihe- eik\u00e4 sis\u00e4lt\u00f6-kentti\u00e4.<\/li>\r\n<li>Saat paluuviestin\u00e4 pyynn\u00f6n vahvistaa s\u00e4hk\u00f6postiosoitteesi.<\/li>\r\n<\/ul>\r\n<p>Liityth\u00e4n my\u00f6s j\u00e4senten Facebook-ryhm\u00e4\u00e4n<a href=\"https:\/\/www.facebook.com\/groups\/rauhalahtiroadrunners\/?ref=bookmarks\"> t\u00e4st\u00e4<\/a>.<\/p>\r\n<p>\r\n\r\n<\/p>\r\n<p>RRR julkiset Facebook-sivut l\u00f6ytyv\u00e4t <a href=\"https:\/\/www.facebook.com\/Rauhalahti-Road-Runners-1964938813767939\/\">t\u00e4\u00e4lt\u00e4<\/a>.<\/p>\r\n<p>RRR:n Instagram-sivut l\u00f6yd\u00e4t <a href=\"https:\/\/www.instagram.com\/rauhalahti_road_runners\/\">t\u00e4\u00e4lt\u00e4<\/a>.<\/p>\r\n","protected":false},"excerpt":{"rendered":"<p>RRR on p\u00e4\u00e4tt\u00e4nyt ulkoistaa j\u00e4seneksi liittymisen, j\u00e4sentietojen hallinnan ja j\u00e4senmaksujen laskutuksen SuomiSport -portaaliin. J\u00e4seneksi haluavan on ensin rekister\u00f6idytt\u00e4v\u00e4 (eli luotava tili) SuomiSport -portaaliin ja sen j\u00e4lkeen liitett\u00e4v\u00e4 t\u00e4m\u00e4 tili RRR:n j\u00e4seneksi. J\u00e4senyydess\u00e4 on kaksi luokkaa: normaali j\u00e4sen (j\u00e4senmaksu 25 \u20ac\/v) ja nuorisoj\u00e4sen (alle 23v, ei j\u00e4senmaksua). T\u00e4ss\u00e4 ohjeet: K\u00e4ynnist\u00e4 kirjautuminen SuomiSport&#8217;iin toisella seuraavista, j\u00e4senyysluokkaasi vastaavalla &#8230; <a title=\"J\u00e4seneksi\" class=\"read-more\" href=\"https:\/\/www.rauhalahtiroadrunners.com\/?page_id=4546\" aria-label=\"Lue lis\u00e4\u00e4 aiheesta J\u00e4seneksi\">Lue lis\u00e4\u00e4<\/a><\/p>\n","protected":false},"author":3,"featured_media":0,"parent":0,"menu_order":0,"comment_status":"closed","ping_status":"closed","template":"","meta":{"footnotes":""},"class_list":["post-4546","page","type-page","status-publish"],"_links":{"self":[{"href":"https:\/\/www.rauhalahtiroadrunners.com\/index.php?rest_route=\/wp\/v2\/pages\/4546","targetHints":{"allow":["GET"]}}],"collection":[{"href":"https:\/\/www.rauhalahtiroadrunners.com\/index.php?rest_route=\/wp\/v2\/pages"}],"about":[{"href":"https:\/\/www.rauhalahtiroadrunners.com\/index.php?rest_route=\/wp\/v2\/types\/page"}],"author":[{"embeddable":true,"href":"https:\/\/www.rauhalahtiroadrunners.com\/index.php?rest_route=\/wp\/v2\/users\/3"}],"replies":[{"embeddable":true,"href":"https:\/\/www.rauhalahtiroadrunners.com\/index.php?rest_route=%2Fwp%2Fv2%2Fcomments&post=4546"}],"version-history":[{"count":29,"href":"https:\/\/www.rauhalahtiroadrunners.com\/index.php?rest_route=\/wp\/v2\/pages\/4546\/revisions"}],"predecessor-version":[{"id":7939,"href":"https:\/\/www.rauhalahtiroadrunners.com\/index.php?rest_route=\/wp\/v2\/pages\/4546\/revisions\/7939"}],"wp:attachment":[{"href":"https:\/\/www.rauhalahtiroadrunners.com\/index.php?rest_route=%2Fwp%2Fv2%2Fmedia&parent=4546"}],"curies":[{"name":"wp","href":"https:\/\/api.w.org\/{rel}","templated":true}]}}