{"id":4544,"date":"2020-02-19T16:03:55","date_gmt":"2020-02-19T14:03:55","guid":{"rendered":"http:\/\/www.rauhalahtiroadrunners.com\/?page_id=4544"},"modified":"2026-02-08T15:00:46","modified_gmt":"2026-02-08T13:00:46","slug":"rrrry","status":"publish","type":"page","link":"https:\/\/www.rauhalahtiroadrunners.com\/?page_id=4544","title":{"rendered":"RRRry"},"content":{"rendered":"\r\n<p><strong>Yhteystiedot<\/strong><br \/>Email: info(at)rauhalahtiroadrunners.com<br \/>Kotisivut: <strong>Markku Rantama,<\/strong> webmaster(at)rauhalahtiroadrunners.com<br \/>Tilinumero: <strong>FI20 5482 5420 0055 76<\/strong><br \/><br \/><strong>Hallitus<\/strong><br \/>Puheenjohtaja: <strong>Marjatta R\u00e4s\u00e4nen<\/strong>, marjatta.rasanen1(at)gmail.com<br \/>Varapuheenjohtaja: <strong>Tomi Lipponen, <\/strong>tomi_lipponen78(at)hotmail.com<strong><br \/><\/strong>Sihteeri: <strong>Merja Korhonen, <\/strong>merja.korhonen17(at)gmail.com<\/p>\r\n<p>Valmennusasiat: <strong>Antti Jylh\u00e4<\/strong>, antti.jylha(at)gmail.com<br \/>J\u00e4senasiat: <strong>Vilma Rauramaa P\u00e4\u00e4kk\u00f6<\/strong>, vilma.rauramaapaakko(at)gmail.com<br \/>Talous ja laskutus: <strong>Pia Ross<\/strong><strong><br \/><\/strong>Tapahtumat:<strong> Juha Tuononen, <\/strong>juha.k.tuononen(at)gmail.com<\/p>\r\n\r\n\r\n\r\n<p><a href=\"\/ry\/RRR-esite.jpg\">RRR:n esite<\/a><\/p>\r\n<p><a href=\"\/ry\/RRR-toimintasuunnitelma_2026.pdf\">RRR:n toimintasuunnitelma 2026<\/a><\/p>\r\n\r\n\r\n\r\n<p><a href=\"https:\/\/www.rauhalahtiroadrunners.com\/?page_id=5442\" data-type=\"page\" data-id=\"5442\">RRR:n s\u00e4\u00e4nn\u00f6t<\/a><\/p>\r\n\r\n\r\n\r\n<p><a href=\"https:\/\/www.rauhalahtiroadrunners.com\/?page_id=4664\">Vuoden Runneri<\/a><\/p>\r\n<p><a href=\"https:\/\/www.rauhalahtiroadrunners.com\/?page_id=7647\">Ari J\u00e4rvel\u00e4isen muistosivu<\/a><\/p>\r\n\r\n\r\n\r\n\r\n\r\n<p><a href=\"https:\/\/www.rauhalahtiroadrunners.com\/?page_id=5394\">Tietosuojaseloste<\/a><\/p>\r\n<p><a href=\"https:\/\/www.rauhalahtiroadrunners.com\/?page_id=6348\">Toimintaohje h\u00e4irint\u00e4\u00e4 kohdatessa<\/a><\/p>\r\n","protected":false},"excerpt":{"rendered":"<p>YhteystiedotEmail: info(at)rauhalahtiroadrunners.comKotisivut: Markku Rantama, webmaster(at)rauhalahtiroadrunners.comTilinumero: FI20 5482 5420 0055 76 HallitusPuheenjohtaja: Marjatta R\u00e4s\u00e4nen, marjatta.rasanen1(at)gmail.comVarapuheenjohtaja: Tomi Lipponen, tomi_lipponen78(at)hotmail.comSihteeri: Merja Korhonen, merja.korhonen17(at)gmail.com Valmennusasiat: Antti Jylh\u00e4, antti.jylha(at)gmail.comJ\u00e4senasiat: Vilma Rauramaa P\u00e4\u00e4kk\u00f6, vilma.rauramaapaakko(at)gmail.comTalous ja laskutus: Pia RossTapahtumat: Juha Tuononen, juha.k.tuononen(at)gmail.com RRR:n esite RRR:n toimintasuunnitelma 2026 RRR:n s\u00e4\u00e4nn\u00f6t Vuoden Runneri Ari J\u00e4rvel\u00e4isen muistosivu Tietosuojaseloste Toimintaohje h\u00e4irint\u00e4\u00e4 kohdatessa<\/p>\n","protected":false},"author":3,"featured_media":0,"parent":0,"menu_order":0,"comment_status":"closed","ping_status":"closed","template":"","meta":{"footnotes":""},"class_list":["post-4544","page","type-page","status-publish"],"_links":{"self":[{"href":"https:\/\/www.rauhalahtiroadrunners.com\/index.php?rest_route=\/wp\/v2\/pages\/4544","targetHints":{"allow":["GET"]}}],"collection":[{"href":"https:\/\/www.rauhalahtiroadrunners.com\/index.php?rest_route=\/wp\/v2\/pages"}],"about":[{"href":"https:\/\/www.rauhalahtiroadrunners.com\/index.php?rest_route=\/wp\/v2\/types\/page"}],"author":[{"embeddable":true,"href":"https:\/\/www.rauhalahtiroadrunners.com\/index.php?rest_route=\/wp\/v2\/users\/3"}],"replies":[{"embeddable":true,"href":"https:\/\/www.rauhalahtiroadrunners.com\/index.php?rest_route=%2Fwp%2Fv2%2Fcomments&post=4544"}],"version-history":[{"count":27,"href":"https:\/\/www.rauhalahtiroadrunners.com\/index.php?rest_route=\/wp\/v2\/pages\/4544\/revisions"}],"predecessor-version":[{"id":8033,"href":"https:\/\/www.rauhalahtiroadrunners.com\/index.php?rest_route=\/wp\/v2\/pages\/4544\/revisions\/8033"}],"wp:attachment":[{"href":"https:\/\/www.rauhalahtiroadrunners.com\/index.php?rest_route=%2Fwp%2Fv2%2Fmedia&parent=4544"}],"curies":[{"name":"wp","href":"https:\/\/api.w.org\/{rel}","templated":true}]}}