{"id":4540,"date":"2020-02-19T16:02:18","date_gmt":"2020-02-19T14:02:18","guid":{"rendered":"http:\/\/www.rauhalahtiroadrunners.com\/?page_id=4540"},"modified":"2020-02-19T17:24:13","modified_gmt":"2020-02-19T15:24:13","slug":"uutisia","status":"publish","type":"page","link":"https:\/\/www.rauhalahtiroadrunners.com\/?page_id=4540","title":{"rendered":"Uutiset"},"content":{"rendered":"<ul class=\"wp-block-latest-posts__list wp-block-latest-posts\"><li><a class=\"wp-block-latest-posts__post-title\" href=\"https:\/\/www.rauhalahtiroadrunners.com\/?p=8220\">Pentin Pinkaisu 2026<\/a><\/li>\n<li><a class=\"wp-block-latest-posts__post-title\" href=\"https:\/\/www.rauhalahtiroadrunners.com\/?p=8216\">L\u00e4nsiv\u00e4yl\u00e4juoksu 2026<\/a><\/li>\n<li><a class=\"wp-block-latest-posts__post-title\" href=\"https:\/\/www.rauhalahtiroadrunners.com\/?p=8214\">Rodoksen maraton 2026<\/a><\/li>\n<li><a class=\"wp-block-latest-posts__post-title\" href=\"https:\/\/www.rauhalahtiroadrunners.com\/?p=8210\">SAUL SM-puolimaraton 2026<\/a><\/li>\n<li><a class=\"wp-block-latest-posts__post-title\" href=\"https:\/\/www.rauhalahtiroadrunners.com\/?p=8207\">Bostonin maraton 2026<\/a><\/li>\n<li><a class=\"wp-block-latest-posts__post-title\" href=\"https:\/\/www.rauhalahtiroadrunners.com\/?p=8197\">Z\u00fcrichin maraton 2026<\/a><\/li>\n<li><a class=\"wp-block-latest-posts__post-title\" href=\"https:\/\/www.rauhalahtiroadrunners.com\/?p=8183\">KKK 11.4.2026<\/a><\/li>\n<li><a class=\"wp-block-latest-posts__post-title\" href=\"https:\/\/www.rauhalahtiroadrunners.com\/?p=8170\">Pyh\u00e4sel\u00e4n Malmijuoksu 2026<\/a><\/li>\n<li><a class=\"wp-block-latest-posts__post-title\" href=\"https:\/\/www.rauhalahtiroadrunners.com\/?p=8147\">Kes\u00e4juoksukoulu 2026<\/a><\/li>\n<li><a class=\"wp-block-latest-posts__post-title\" href=\"https:\/\/www.rauhalahtiroadrunners.com\/?p=8087\">\u00bd Maraton de Malaga 2026<\/a><\/li>\n<li><a class=\"wp-block-latest-posts__post-title\" href=\"https:\/\/www.rauhalahtiroadrunners.com\/?p=8085\">KPMG Lentemarathon 2026<\/a><\/li>\n<li><a class=\"wp-block-latest-posts__post-title\" href=\"https:\/\/www.rauhalahtiroadrunners.com\/?p=8055\">FIM 2026<\/a><\/li>\n<li><a class=\"wp-block-latest-posts__post-title\" href=\"https:\/\/www.rauhalahtiroadrunners.com\/?p=8049\">SAUL SM-hallit 2026<\/a><\/li>\n<li><a class=\"wp-block-latest-posts__post-title\" href=\"https:\/\/www.rauhalahtiroadrunners.com\/?p=8018\">Toimintasuunnitelma 2026<\/a><\/li>\n<li><a class=\"wp-block-latest-posts__post-title\" href=\"https:\/\/www.rauhalahtiroadrunners.com\/?p=8011\">Funchal Marathon 2026<\/a><\/li>\n<li><a class=\"wp-block-latest-posts__post-title\" href=\"https:\/\/www.rauhalahtiroadrunners.com\/?p=8008\">Hallitonnit 13.1.2026<\/a><\/li>\n<li><a class=\"wp-block-latest-posts__post-title\" href=\"https:\/\/www.rauhalahtiroadrunners.com\/?p=8004\">Uudenvuodenjuoksu 2025<\/a><\/li>\n<li><a class=\"wp-block-latest-posts__post-title\" href=\"https:\/\/www.rauhalahtiroadrunners.com\/?p=8000\">Cooperin testi pe 2.1.2026<\/a><\/li>\n<li><a class=\"wp-block-latest-posts__post-title\" href=\"https:\/\/www.rauhalahtiroadrunners.com\/?p=7934\">Valencian maraton 2025<\/a><\/li>\n<li><a class=\"wp-block-latest-posts__post-title\" href=\"https:\/\/www.rauhalahtiroadrunners.com\/?p=7931\">Lanzaroten maraton 2025<\/a><\/li>\n<\/ul>","protected":false},"excerpt":{"rendered":"","protected":false},"author":3,"featured_media":0,"parent":0,"menu_order":0,"comment_status":"closed","ping_status":"closed","template":"","meta":{"footnotes":""},"class_list":["post-4540","page","type-page","status-publish"],"_links":{"self":[{"href":"https:\/\/www.rauhalahtiroadrunners.com\/index.php?rest_route=\/wp\/v2\/pages\/4540","targetHints":{"allow":["GET"]}}],"collection":[{"href":"https:\/\/www.rauhalahtiroadrunners.com\/index.php?rest_route=\/wp\/v2\/pages"}],"about":[{"href":"https:\/\/www.rauhalahtiroadrunners.com\/index.php?rest_route=\/wp\/v2\/types\/page"}],"author":[{"embeddable":true,"href":"https:\/\/www.rauhalahtiroadrunners.com\/index.php?rest_route=\/wp\/v2\/users\/3"}],"replies":[{"embeddable":true,"href":"https:\/\/www.rauhalahtiroadrunners.com\/index.php?rest_route=%2Fwp%2Fv2%2Fcomments&post=4540"}],"version-history":[{"count":3,"href":"https:\/\/www.rauhalahtiroadrunners.com\/index.php?rest_route=\/wp\/v2\/pages\/4540\/revisions"}],"predecessor-version":[{"id":4577,"href":"https:\/\/www.rauhalahtiroadrunners.com\/index.php?rest_route=\/wp\/v2\/pages\/4540\/revisions\/4577"}],"wp:attachment":[{"href":"https:\/\/www.rauhalahtiroadrunners.com\/index.php?rest_route=%2Fwp%2Fv2%2Fmedia&parent=4540"}],"curies":[{"name":"wp","href":"https:\/\/api.w.org\/{rel}","templated":true}]}}