{"id":3873,"date":"2018-12-07T17:40:01","date_gmt":"2018-12-07T15:40:01","guid":{"rendered":"http:\/\/www.rauhalahtiroadrunners.com\/?page_id=3873"},"modified":"2019-02-26T15:46:57","modified_gmt":"2019-02-26T13:46:57","slug":"hiihtokalenteri-2019","status":"publish","type":"page","link":"https:\/\/www.rauhalahtiroadrunners.com\/?page_id=3873","title":{"rendered":"Hiihtokalenteri 2019"},"content":{"rendered":"<h6 align=\"left\"><span style=\"font-size: 16pt;\"><strong>Hiihto- ja luistelutapahtumia talvella 2019<\/strong><\/span><\/h6>\n<p align=\"left\">P\u00e4ivitetty 17.2.2019<\/p>\n<p><a title=\"Kuopion latutilanne\" href=\"https:\/\/kunto.fluentprogress.fi\/LATUKUOPIO\/latu_responsive.html;jsessionid=0CEAD76810A980B8CD9E2A0A8A4E1398\" target=\"_blank\" rel=\"noopener noreferrer\">Kuopion latujen kunnostustilanne<\/a><\/p>\n<p><strong>Helmikuu<\/strong><strong><br \/>\n<\/strong>la-su 16.-17.2.2019\u00a0<a href=\"https:\/\/www.mikkelinklassikot.fi\/savonia-hiihto\/\" target=\"_blank\" rel=\"noopener noreferrer\">Savonia-hiihto\u00a0<\/a>Mikkeliss\u00e4<strong><br \/>\n<\/strong>ke-la 20.-23.2.2019\u00a0<a href=\"http:\/\/www.finlandicemarathon.com\/\" target=\"_blank\" rel=\"noopener noreferrer\">Finland Ice Marathon<\/a>, Kuopion matkustajasatama<br \/>\nla-su 23.-24.2.2019\u00a0<a title=\"Finlandia Hiihto\" href=\"http:\/\/www.finlandiahiihto.fi\/\" target=\"_blank\" rel=\"noopener noreferrer\">Finlandia Hiihto<\/a><\/p>\n<p><strong>Maaliskuu<br \/>\n<\/strong>la 2.3.2019\u00a0<a href=\"https:\/\/www.riikinvoimahiihto.fi\/\">Riikinvoimahiihto<\/a> (laturetki Varkaus-Sorsakoski-Lepp\u00e4virta)<strong><br \/>\n<\/strong>la 2.3.2019\u00a0<a href=\"http:\/\/www.tervahiihto.fi\/\" target=\"_blank\" rel=\"noopener noreferrer\">Terwahiihto<\/a>\u00a0Utaj\u00e4rvelt\u00e4 Ouluun<strong><br \/>\n<\/strong>la-su 2.-3.3.2019\u00a0<a href=\"https:\/\/www.facebook.com\/events\/548976088956429\/\">R\u00e4s\u00e4-Ukon laturetki<\/a>, Siilinj\u00e4rvi Patakukkula,\u00a0<a href=\"..\/..\/rasa_ukko_kartta.pdf\" target=\"_blank\" rel=\"noopener noreferrer\">latukartta<\/a>,\u00a0<a title=\"lis\u00e4tietoa\" href=\"http:\/\/www.rauhalahtiroadrunners.com\/?page_id=1018\" target=\"_blank\" rel=\"noopener noreferrer\">lis\u00e4tiedot<\/a>\u00a0(vuodelta 2013)<br \/>\npe-su 1.-3.3.2019\u00a0<a title=\"Kolin Maisemahiihto\" href=\"http:\/\/www.maisemahiihto.fi\" target=\"_blank\" rel=\"noopener noreferrer\">Kolin Maisemahiihto<\/a><strong><br \/>\n<\/strong>su 3.3.2019\u00a0<a title=\"Pirkan Hiihto\" href=\"https:\/\/www.pirkankierros.fi\/pirkan-hiihto\/\" target=\"_blank\" rel=\"noopener noreferrer\">Pirkan Hiihto\u00a0<\/a>(Kankaanp\u00e4\u00e4st\u00e4 Tampereelle 90 km)<br \/>\npe-la 8.-9.3.2019\u00a0<a title=\"Ahmanhiihto\" href=\"http:\/\/www.ahmanhiihto.fi\" target=\"_blank\" rel=\"noopener noreferrer\">Ahmanhiihto\u00a0<\/a>Kolilla<br \/>\nsu 10.3.2019\u00a0<a title=\"Paulintaival\" href=\"http:\/\/www.paulintaival.fi\" target=\"_blank\" rel=\"noopener noreferrer\">Paulintaival<\/a><br \/>\nla 16.3.2019\u00a0<a title=\"Pogostan Hiihto\" href=\"http:\/\/www.pogostanhiihto.fi\/\" target=\"_blank\" rel=\"noopener noreferrer\">Pogostan Hiihto Ilomantsissa<\/a><br \/>\nla 16.3.2019\u00a0<a href=\"http:\/\/vuokattihiihto.endurancekainuu.fi\/fi\/\" target=\"_blank\" rel=\"noopener noreferrer\">Vuokatti Hiihto<\/a><\/p>\n<p><strong>Huhtikuu<br \/>\n<\/strong>13.4.2019 <a href=\"http:\/\/yllas.levi.com\">Yll\u00e4s-Levi<\/a>\u00a0(70\/55 km)<strong><br \/>\n<\/strong><\/p>\n<p>Lis\u00e4tietoa:<br \/>\n<a href=\"http:\/\/www.suomenlatu.fi\" target=\"_blank\" rel=\"noopener noreferrer\">Suomen Latu<\/a><\/p>\n","protected":false},"excerpt":{"rendered":"<p>Hiihto- ja luistelutapahtumia talvella 2019 P\u00e4ivitetty 17.2.2019 Kuopion latujen kunnostustilanne Helmikuu la-su 16.-17.2.2019\u00a0Savonia-hiihto\u00a0Mikkeliss\u00e4 ke-la 20.-23.2.2019\u00a0Finland Ice Marathon, Kuopion matkustajasatama la-su 23.-24.2.2019\u00a0Finlandia Hiihto Maaliskuu la 2.3.2019\u00a0Riikinvoimahiihto (laturetki Varkaus-Sorsakoski-Lepp\u00e4virta) la 2.3.2019\u00a0Terwahiihto\u00a0Utaj\u00e4rvelt\u00e4 Ouluun la-su 2.-3.3.2019\u00a0R\u00e4s\u00e4-Ukon laturetki, Siilinj\u00e4rvi Patakukkula,\u00a0latukartta,\u00a0lis\u00e4tiedot\u00a0(vuodelta 2013) pe-su 1.-3.3.2019\u00a0Kolin Maisemahiihto su 3.3.2019\u00a0Pirkan Hiihto\u00a0(Kankaanp\u00e4\u00e4st\u00e4 Tampereelle 90 km) pe-la 8.-9.3.2019\u00a0Ahmanhiihto\u00a0Kolilla su 10.3.2019\u00a0Paulintaival la 16.3.2019\u00a0Pogostan Hiihto Ilomantsissa la 16.3.2019\u00a0Vuokatti &#8230; <a title=\"Hiihtokalenteri 2019\" class=\"read-more\" href=\"https:\/\/www.rauhalahtiroadrunners.com\/?page_id=3873\" aria-label=\"Lue lis\u00e4\u00e4 aiheesta Hiihtokalenteri 2019\">Lue lis\u00e4\u00e4<\/a><\/p>\n","protected":false},"author":3,"featured_media":0,"parent":0,"menu_order":0,"comment_status":"closed","ping_status":"closed","template":"","meta":{"footnotes":""},"class_list":["post-3873","page","type-page","status-publish"],"_links":{"self":[{"href":"https:\/\/www.rauhalahtiroadrunners.com\/index.php?rest_route=\/wp\/v2\/pages\/3873","targetHints":{"allow":["GET"]}}],"collection":[{"href":"https:\/\/www.rauhalahtiroadrunners.com\/index.php?rest_route=\/wp\/v2\/pages"}],"about":[{"href":"https:\/\/www.rauhalahtiroadrunners.com\/index.php?rest_route=\/wp\/v2\/types\/page"}],"author":[{"embeddable":true,"href":"https:\/\/www.rauhalahtiroadrunners.com\/index.php?rest_route=\/wp\/v2\/users\/3"}],"replies":[{"embeddable":true,"href":"https:\/\/www.rauhalahtiroadrunners.com\/index.php?rest_route=%2Fwp%2Fv2%2Fcomments&post=3873"}],"version-history":[{"count":19,"href":"https:\/\/www.rauhalahtiroadrunners.com\/index.php?rest_route=\/wp\/v2\/pages\/3873\/revisions"}],"predecessor-version":[{"id":4009,"href":"https:\/\/www.rauhalahtiroadrunners.com\/index.php?rest_route=\/wp\/v2\/pages\/3873\/revisions\/4009"}],"wp:attachment":[{"href":"https:\/\/www.rauhalahtiroadrunners.com\/index.php?rest_route=%2Fwp%2Fv2%2Fmedia&parent=3873"}],"curies":[{"name":"wp","href":"https:\/\/api.w.org\/{rel}","templated":true}]}}