{"id":3527,"date":"2018-03-09T13:57:57","date_gmt":"2018-03-09T10:57:57","guid":{"rendered":"http:\/\/www.rauhalahtiroadrunners.com\/?page_id=3527"},"modified":"2018-05-28T11:49:31","modified_gmt":"2018-05-28T08:49:31","slug":"hyvantekevaisyysjuoksu-2018","status":"publish","type":"page","link":"https:\/\/www.rauhalahtiroadrunners.com\/?page_id=3527","title":{"rendered":"Hyv\u00e4ntekev\u00e4isyysjuoksu 2018"},"content":{"rendered":"<h4 style=\"text-align: center;\"><span style=\"color: #ff6600; font-size: 24pt;\"><span style=\"font-family: comic sans ms,sans-serif;\">HYV\u00c4NTEKEV\u00c4ISYYSJUOKSU<br \/>\n<span style=\"font-size: 18pt;\">&#8221;Oikeus liikkua vapaasti&#8221;<\/span><\/span><\/span><\/h4>\n<h4 style=\"text-align: center;\"><span style=\"font-size: 12pt;\">Suomen L\u00e4hetysseura, Kuopion ev.lut. seurakunnat ja RRR j\u00e4rjest\u00e4v\u00e4t hyv\u00e4ntekev\u00e4isyysjuoksun teemalla &#8221;Oikeus liikkua vapaasti&#8221; seuraavasti:<\/span><\/h4>\n<p><strong>Aika<\/strong>: Lauantaina\u00a0<strong>26.5.2018<\/strong>\u00a0klo 10:00 alkaen.<\/p>\n<p><strong>L\u00e4ht\u00f6paikka<\/strong>: Kuopio, Valkeisenlampi, Alavan kirkon l\u00e4hettyvill\u00e4.<\/p>\n<p><strong>Reitti<\/strong>: Hiekkatiet\u00e4 Valkeisenlampea kiert\u00e4en, kierroksen pituus n. 1,4 km, juostaan 4 kertaa.<\/p>\n<p><strong><span style=\"font-family: courier new,courier,monospace;\"><span style=\"text-decoration: underline;\">Matka<\/span>\u00a0 \u00a0 \u00a0 \u00a0<span style=\"text-decoration: underline;\">Sarjat<\/span><\/span><\/strong><\/p>\n<p><span style=\"font-family: courier new,courier,monospace; font-size: 12pt;\">5,6 km\u00a0 \u00a0 \u00a0M\/N,M50\/N50 (kilpasarjat, ajanotto)<br \/>\n5,6 km\u00a0 \u00a0 \u00a0Kuntosarja (ei ajanottoa)<br \/>\n1,4 km\u00a0 \u00a0 \u00a0Liikuntarajoitteisten sarja (ei ajanottoa)<\/span><\/p>\n<p><strong>L\u00e4ht\u00f6aikataulu: <\/strong>startti klo 10:00<\/p>\n<p><strong>Palvelut<\/strong>: Mehutarjoilu, ajanotto.<\/p>\n<p><strong>Osanottomaksu<\/strong>:\u00a010 \u20ac .\u00a0Maksu paikan p\u00e4\u00e4ll\u00e4.<\/p>\n<p><strong>Palkinnot<\/strong>: Tuotepalkintoja, kilpasarjoissa 3 parhaalle, muissa arvotaan 1 palkinto<\/p>\n<p><strong>Muuta<\/strong>: Tapahtuman tuotto ohjataan Suomen L\u00e4hetysseuran yhteisty\u00f6kumppanin <a href=\"https:\/\/defenceforchildren.org\/\">Defence for Children Internationalin<\/a> ty\u00f6h\u00f6n lastensuojelussa ja lasten oikeuksien puolustamisessa.<\/p>\n<p><strong>Ilmoittautuminen ja lis\u00e4tietoja<\/strong>:<\/p>\n<p>Kilpasarjat ajanotolla: Tuula Hoffren,\u00a0 <a href=\"mailto:tuula.hoffren@evl.fi\">tuula.hoffren(at)evl.fi<\/a>. Ilmoita: nimi, sarja, yhteystiedot<br \/>\nKuntosarja, liikuntarajoitteisten sarja ja kilpasarjat paikanp\u00e4\u00e4ll\u00e4 klo 9-9:30.<\/p>\n<p><strong>Tulokset<\/strong>: l\u00f6yd\u00e4t <a href=\"http:\/\/www.rauhalahtiroadrunners.com\/?p=3644\">t\u00e4\u00e4lt\u00e4<\/a>.<\/p>\n","protected":false},"excerpt":{"rendered":"<p>HYV\u00c4NTEKEV\u00c4ISYYSJUOKSU &#8221;Oikeus liikkua vapaasti&#8221; Suomen L\u00e4hetysseura, Kuopion ev.lut. seurakunnat ja RRR j\u00e4rjest\u00e4v\u00e4t hyv\u00e4ntekev\u00e4isyysjuoksun teemalla &#8221;Oikeus liikkua vapaasti&#8221; seuraavasti: Aika: Lauantaina\u00a026.5.2018\u00a0klo 10:00 alkaen. L\u00e4ht\u00f6paikka: Kuopio, Valkeisenlampi, Alavan kirkon l\u00e4hettyvill\u00e4. Reitti: Hiekkatiet\u00e4 Valkeisenlampea kiert\u00e4en, kierroksen pituus n. 1,4 km, juostaan 4 kertaa. Matka\u00a0 \u00a0 \u00a0 \u00a0Sarjat 5,6 km\u00a0 \u00a0 \u00a0M\/N,M50\/N50 (kilpasarjat, ajanotto) 5,6 km\u00a0 \u00a0 \u00a0Kuntosarja (ei &#8230; <a title=\"Hyv\u00e4ntekev\u00e4isyysjuoksu 2018\" class=\"read-more\" href=\"https:\/\/www.rauhalahtiroadrunners.com\/?page_id=3527\" aria-label=\"Lue lis\u00e4\u00e4 aiheesta Hyv\u00e4ntekev\u00e4isyysjuoksu 2018\">Lue lis\u00e4\u00e4<\/a><\/p>\n","protected":false},"author":3,"featured_media":0,"parent":0,"menu_order":0,"comment_status":"closed","ping_status":"closed","template":"","meta":{"footnotes":""},"class_list":["post-3527","page","type-page","status-publish"],"_links":{"self":[{"href":"https:\/\/www.rauhalahtiroadrunners.com\/index.php?rest_route=\/wp\/v2\/pages\/3527","targetHints":{"allow":["GET"]}}],"collection":[{"href":"https:\/\/www.rauhalahtiroadrunners.com\/index.php?rest_route=\/wp\/v2\/pages"}],"about":[{"href":"https:\/\/www.rauhalahtiroadrunners.com\/index.php?rest_route=\/wp\/v2\/types\/page"}],"author":[{"embeddable":true,"href":"https:\/\/www.rauhalahtiroadrunners.com\/index.php?rest_route=\/wp\/v2\/users\/3"}],"replies":[{"embeddable":true,"href":"https:\/\/www.rauhalahtiroadrunners.com\/index.php?rest_route=%2Fwp%2Fv2%2Fcomments&post=3527"}],"version-history":[{"count":9,"href":"https:\/\/www.rauhalahtiroadrunners.com\/index.php?rest_route=\/wp\/v2\/pages\/3527\/revisions"}],"predecessor-version":[{"id":3648,"href":"https:\/\/www.rauhalahtiroadrunners.com\/index.php?rest_route=\/wp\/v2\/pages\/3527\/revisions\/3648"}],"wp:attachment":[{"href":"https:\/\/www.rauhalahtiroadrunners.com\/index.php?rest_route=%2Fwp%2Fv2%2Fmedia&parent=3527"}],"curies":[{"name":"wp","href":"https:\/\/api.w.org\/{rel}","templated":true}]}}