{"id":3478,"date":"2018-02-18T21:23:30","date_gmt":"2018-02-18T18:23:30","guid":{"rendered":"http:\/\/www.rauhalahtiroadrunners.com\/?page_id=3478"},"modified":"2018-02-18T21:28:26","modified_gmt":"2018-02-18T18:28:26","slug":"kivennapa-juoksu-2018","status":"publish","type":"page","link":"https:\/\/www.rauhalahtiroadrunners.com\/?page_id=3478","title":{"rendered":"Kivennapa-juoksu 2018"},"content":{"rendered":"<h1 class=\"posttitle\">Kivennapa-juoksu 2018<span class=\"post-format-icon\">\u00a0<\/span><\/h1>\n<div class=\"entry-container fix\">\n<div class=\"entry fix\">\n<div>\n<div>\n<h2>Ajankohta<\/h2>\n<p>keskiviikko 4.7.2018 klo 18:00<\/p>\n<\/div>\n<\/div>\n<h2>Sarjat<\/h2>\n<p><strong>8 km<\/strong> P15, M, M40, M50, M60, M70; T15, N, N40, N50, N60<\/p>\n<h2>Paikkakunta, l\u00e4ht\u00f6paikka ja kellonaika<\/h2>\n<p>Juankoski, Matkailukartano Kivennapa (Kuonantie 280) klo 18:00<\/p>\n<h2>Osanottomaksut ja ilmoittautuminen<\/h2>\n<p>Osanottomaksu 15 \u20ac, maksu tuntia ennen paikan p\u00e4\u00e4ll\u00e4.<\/p>\n<h2>Palkinnot<\/h2>\n<p>Sarjojen kolme parasta palkitaan.<\/p>\n<p><strong><span style=\"font-size: 18pt;\">Lis\u00e4tiedot<\/span><\/strong><\/p>\n<p>Savusauna kaikille. Uusi reitti, kumpuilevaa soratiet\u00e4.<\/p>\n<p><strong><span style=\"font-size: 18pt;\">Yhteystiedot<\/span><\/strong><\/p>\n<p>Martti K\u00e4h\u00f6nen 0400 765 525<\/p>\n<p><strong><span style=\"font-size: 18pt;\">J\u00e4rjest\u00e4j\u00e4<\/span><\/strong><\/p>\n<p>Matkailukartano Kivennapa<\/p>\n<\/div>\n<\/div>\n","protected":false},"excerpt":{"rendered":"<p>Kivennapa-juoksu 2018\u00a0 Ajankohta keskiviikko 4.7.2018 klo 18:00 Sarjat 8 km P15, M, M40, M50, M60, M70; T15, N, N40, N50, N60 Paikkakunta, l\u00e4ht\u00f6paikka ja kellonaika Juankoski, Matkailukartano Kivennapa (Kuonantie 280) klo 18:00 Osanottomaksut ja ilmoittautuminen Osanottomaksu 15 \u20ac, maksu tuntia ennen paikan p\u00e4\u00e4ll\u00e4. Palkinnot Sarjojen kolme parasta palkitaan. Lis\u00e4tiedot Savusauna kaikille. Uusi reitti, kumpuilevaa soratiet\u00e4. &#8230; <a title=\"Kivennapa-juoksu 2018\" class=\"read-more\" href=\"https:\/\/www.rauhalahtiroadrunners.com\/?page_id=3478\" aria-label=\"Lue lis\u00e4\u00e4 aiheesta Kivennapa-juoksu 2018\">Lue lis\u00e4\u00e4<\/a><\/p>\n","protected":false},"author":3,"featured_media":0,"parent":0,"menu_order":0,"comment_status":"closed","ping_status":"closed","template":"","meta":{"footnotes":""},"class_list":["post-3478","page","type-page","status-publish"],"_links":{"self":[{"href":"https:\/\/www.rauhalahtiroadrunners.com\/index.php?rest_route=\/wp\/v2\/pages\/3478","targetHints":{"allow":["GET"]}}],"collection":[{"href":"https:\/\/www.rauhalahtiroadrunners.com\/index.php?rest_route=\/wp\/v2\/pages"}],"about":[{"href":"https:\/\/www.rauhalahtiroadrunners.com\/index.php?rest_route=\/wp\/v2\/types\/page"}],"author":[{"embeddable":true,"href":"https:\/\/www.rauhalahtiroadrunners.com\/index.php?rest_route=\/wp\/v2\/users\/3"}],"replies":[{"embeddable":true,"href":"https:\/\/www.rauhalahtiroadrunners.com\/index.php?rest_route=%2Fwp%2Fv2%2Fcomments&post=3478"}],"version-history":[{"count":4,"href":"https:\/\/www.rauhalahtiroadrunners.com\/index.php?rest_route=\/wp\/v2\/pages\/3478\/revisions"}],"predecessor-version":[{"id":3482,"href":"https:\/\/www.rauhalahtiroadrunners.com\/index.php?rest_route=\/wp\/v2\/pages\/3478\/revisions\/3482"}],"wp:attachment":[{"href":"https:\/\/www.rauhalahtiroadrunners.com\/index.php?rest_route=%2Fwp%2Fv2%2Fmedia&parent=3478"}],"curies":[{"name":"wp","href":"https:\/\/api.w.org\/{rel}","templated":true}]}}