{"id":3446,"date":"2018-01-02T14:37:25","date_gmt":"2018-01-02T11:37:25","guid":{"rendered":"http:\/\/www.rauhalahtiroadrunners.com\/?page_id=3446"},"modified":"2018-02-20T13:51:13","modified_gmt":"2018-02-20T10:51:13","slug":"kolmen-kylpylan-kirmaisu-2018","status":"publish","type":"page","link":"https:\/\/www.rauhalahtiroadrunners.com\/?page_id=3446","title":{"rendered":"Kolmen Kylpyl\u00e4n Kirmaisu 2018"},"content":{"rendered":"<p style=\"text-align: center;\"><strong>TULE\u00a0 AVAAMAAN KES\u00c4JUOKSUKAUTESI MUKAVALLA YHTEISLENKILL\u00c4<\/strong><\/p>\n<p style=\"text-align: center;\"><span style=\"font-size: 20pt;\"><strong>\u00a0<span style=\"color: #ff0000; font-family: comic sans ms,sans-serif;\">KOLMEN KYLPYL\u00c4N KIRMAISUSSA<\/span><\/strong><\/span><\/p>\n<p style=\"text-align: center;\"><span style=\"font-size: 14pt;\"><strong>lauantaina 21.4.2018 klo 12:00 alkaen<\/strong><\/span><\/p>\n<p><span style=\"font-size: 12pt;\">Kutsumme kest\u00e4vyysjuoksun harrastajat ja h\u00f6lkk\u00e4\u00e4j\u00e4t jo <strong>11. kerran<\/strong> j\u00e4rjestett\u00e4v\u00e4\u00e4n\u00a0<strong>Kolmen Kylpyl\u00e4n Kirmaisuun (KKK)<\/strong>, joka starttaa <strong>lauantaina 21.4.2018 klo 12:00 Siilinj\u00e4rven keskustasta virkistyskylpyl\u00e4 <\/strong><a href=\"http:\/\/www.fontanella.fi\/\">Fontanellan<\/a><strong> edustalta<\/strong>.<\/span><\/p>\n<p><strong>Rauhalahti Road Runners<\/strong> ry:n (<strong>RRR<\/strong>) j\u00e4rjest\u00e4m\u00e4 juoksu etenee vanhan viitostien viert\u00e4 <a href=\"http:\/\/www.kunnonpaikka.com\/\">Kylpyl\u00e4hotelli Kunnonpaikan<\/a> edustalle Vuorelaan, minne matkaa kertyy n. 13 km.\u00a0Sielt\u00e4 matka jatkuu huoltotauon j\u00e4lkeen viitostien laitaa P\u00e4iv\u00e4rantaan, mist\u00e4 se k\u00e4\u00e4ntyy Julkulaan, kulkien Puijonlaakson ja Savilahden kautta S\u00e4rkiniemeen ja maaliin <a href=\"http:\/\/www.rauhalahti.fi\/\">Kylpyl\u00e4hotelli Rauhalahteen<\/a>.<\/p>\n<p>Matkaa kertyy yhteens\u00e4 n. 31 km. Reitin voit juosta my\u00f6s vain osittain, esim. Fontanella &#8211; Kunnonpaikka tai Kunnonpaikka &#8211; Rauhalahti. Juoksun suositeltu ja zoomattava reittikartta l\u00f6ytyy\u00a0<a title=\"KKK:n reittikartta\" href=\"http:\/\/www.rauhalahtiroadrunners.com\/?page_id=2005\">t\u00e4\u00e4lt\u00e4<\/a>. Tiet\u00f6iden vuoksi reitti saattaa paikoitellen poiketa suunnitellusta reitist\u00e4.<\/p>\n<p><span style=\"color: #ff0000;\"><strong>HUOM! T\u00e4n\u00e4 vuonna emme merkkaa reitti\u00e4 ollenkaan. Tutustu siis etuk\u00e4teen reittikarttaan ja tulosta se tarvittaessa mukaasi. Reittikartta on vain suositus, voit aivan hyvin juosta muutakin reitti\u00e4, jos haluat.<\/strong><\/span><\/p>\n<p>Kolmen Kylpyl\u00e4n Kirmaisu <strong><span style=\"color: #ff0000;\">EI OLE KILPAILU<\/span> <\/strong>eli siin\u00e4 ei oteta aikaa, ei lasketa sijoituksia eik\u00e4 jaeta mitaleita. Kaikkien osallistujien kesken arvotaan useita palkintoja maalipaikassa Rauhalahdessa. Kyseess\u00e4 on siis leppoisa ja sosiaalinen yhteislenkki, jossa voit testata kev\u00e4ist\u00e4 juoksukuntoasi\u00a0 ja kest\u00e4vyytt\u00e4si.<\/p>\n<p>V\u00e4lietapissa Kunnonpaikassa ja\u00a0maalissa Rauhalahdessa on\u00a0neste- ja energiatankkaushuolto. Matkan varrella juoksijoiden huolto on\u00a0jokaisen omalla vastuulla, mutta tukena on my\u00f6s\u00a0liikkuva huoltoauto. Siten kukaan ei j\u00e4\u00e4 oman onnensa nojaan. RRR ei ole vakuuttanut juoksijoita, jokainen juoksee omalla vastuullaan.<\/p>\n<p>RRR j\u00e4rjest\u00e4\u00e4 <strong>linja-autokyydin <\/strong>l\u00e4ht\u00f6paikalle Fontanellaan <strong>klo 11:00<\/strong> Rauhalahdesta. Bussikyyti maksaa\u00a0<strong>10 euroa<\/strong>. Ilmoittaudu kyytiin ennakkoon Merja Korhoselle\u00a0 1<strong>5.4.2018 menness\u00e4<\/strong>, bussiin mahtuu 49 henkil\u00f6\u00e4. Ole paikalla jo hyviss\u00e4 ajoin ennen bussin l\u00e4ht\u00f6\u00e4.<\/p>\n<p>Tarjoamme el\u00e4myksellisen, kev\u00e4isen Kolmen Kylpyl\u00e4n Kirmaisun\u00a0hintaan<strong>\u00a010 \u20ac<\/strong>,\u00a0 RRR:n j\u00e4senille osanotto on ilmainen. Suorita maksu (+mahdollinen kyytimaksu) 1<strong>5.4.2018 menness\u00e4<\/strong> tilille\u00a0<strong>IBAN FI20 5482 5420 0055 76<\/strong>, saaja Rauhalahti Road Runners ry.\u00a0Mahdollista on tulla mukaan juoksup\u00e4iv\u00e4n\u00e4kin j\u00e4lki-ilmoittautujana klo 11:15-11:45 Fontanellassa. Turvallisen juoksuel\u00e4myksen lis\u00e4ksi saat maksulla diplomin, jolla p\u00e4\u00e4set <strong>puoleen hintaan <\/strong>ajalla la 21.4. &#8211; pe 27.4.2018<strong>\u00a0joko Rauhalahden,\u00a0Kunnonpaikan tai<\/strong><strong>\u00a0Fontanellan <\/strong>kylpyl\u00e4\u00e4n.<\/p>\n<p><strong>RRR haastaa<\/strong> ty\u00f6paikat, urheiluseurat, kaveriporukat ja muut yhteis\u00f6t h\u00f6lkk\u00e4\u00e4m\u00e4\u00e4n Kolmen Kylpyl\u00e4n Kirmaisun. Jos matka tuntuu liian pitk\u00e4lt\u00e4, sen voi jakaa viestiosuuksiin, takavuosien Suomi Juoksee -viestin tapaan.<\/p>\n<p><strong>Ilmoittautumiset ja tiedustelut<\/strong>: <em>Merja Korhonen, p. 050 466 3553<\/em>, <a href=\"mailto:merja.korhonen2@luukku.com\">merja.korhonen2(at)luukku.com.<\/a><em>\u00a0<\/em><\/p>\n<p><strong>Muita y<\/strong><em><strong>hteyshenkil\u00f6it\u00e4<\/strong>:\u00a0\u00a0<\/em><em>Antti Jylh\u00e4, p. 044 531 9894, <\/em><a href=\"mailto:antti.jylha@kunnonpaikka.com\">antti.jylha(at)kunnonpaikka.com<\/a>, <em>Marjatta R\u00e4s\u00e4nen, p. 0400 124 897<\/em>, <a href=\"mailto:marjatta.rasanen1@gmail.com\">marjatta.rasanen1(at)gmail.com<\/a><\/p>\n<p>Huom ! Korvaa yll\u00e4olevissa s\u00e4hk\u00f6postiosoitteissa (at) @-merkill\u00e4.<\/p>\n<p>Lataa tapahtuman esite <a href=\"http:\/\/www.rauhalahtiroadrunners.com\/KKK_kutsu_2018_A4.pdf\">t\u00e4\u00e4lt\u00e4<\/a>.<\/p>\n<p>Juoksuterveisin<\/p>\n<h1><strong><em>RAUHALAHTI ROAD RUNNERS ry<\/em><\/strong><\/h1>\n","protected":false},"excerpt":{"rendered":"<p>TULE\u00a0 AVAAMAAN KES\u00c4JUOKSUKAUTESI MUKAVALLA YHTEISLENKILL\u00c4 \u00a0KOLMEN KYLPYL\u00c4N KIRMAISUSSA lauantaina 21.4.2018 klo 12:00 alkaen Kutsumme kest\u00e4vyysjuoksun harrastajat ja h\u00f6lkk\u00e4\u00e4j\u00e4t jo 11. kerran j\u00e4rjestett\u00e4v\u00e4\u00e4n\u00a0Kolmen Kylpyl\u00e4n Kirmaisuun (KKK), joka starttaa lauantaina 21.4.2018 klo 12:00 Siilinj\u00e4rven keskustasta virkistyskylpyl\u00e4 Fontanellan edustalta. Rauhalahti Road Runners ry:n (RRR) j\u00e4rjest\u00e4m\u00e4 juoksu etenee vanhan viitostien viert\u00e4 Kylpyl\u00e4hotelli Kunnonpaikan edustalle Vuorelaan, minne matkaa kertyy n. &#8230; <a title=\"Kolmen Kylpyl\u00e4n Kirmaisu 2018\" class=\"read-more\" href=\"https:\/\/www.rauhalahtiroadrunners.com\/?page_id=3446\" aria-label=\"Lue lis\u00e4\u00e4 aiheesta Kolmen Kylpyl\u00e4n Kirmaisu 2018\">Lue lis\u00e4\u00e4<\/a><\/p>\n","protected":false},"author":3,"featured_media":0,"parent":0,"menu_order":0,"comment_status":"closed","ping_status":"closed","template":"","meta":{"footnotes":""},"class_list":["post-3446","page","type-page","status-publish"],"_links":{"self":[{"href":"https:\/\/www.rauhalahtiroadrunners.com\/index.php?rest_route=\/wp\/v2\/pages\/3446","targetHints":{"allow":["GET"]}}],"collection":[{"href":"https:\/\/www.rauhalahtiroadrunners.com\/index.php?rest_route=\/wp\/v2\/pages"}],"about":[{"href":"https:\/\/www.rauhalahtiroadrunners.com\/index.php?rest_route=\/wp\/v2\/types\/page"}],"author":[{"embeddable":true,"href":"https:\/\/www.rauhalahtiroadrunners.com\/index.php?rest_route=\/wp\/v2\/users\/3"}],"replies":[{"embeddable":true,"href":"https:\/\/www.rauhalahtiroadrunners.com\/index.php?rest_route=%2Fwp%2Fv2%2Fcomments&post=3446"}],"version-history":[{"count":5,"href":"https:\/\/www.rauhalahtiroadrunners.com\/index.php?rest_route=\/wp\/v2\/pages\/3446\/revisions"}],"predecessor-version":[{"id":3507,"href":"https:\/\/www.rauhalahtiroadrunners.com\/index.php?rest_route=\/wp\/v2\/pages\/3446\/revisions\/3507"}],"wp:attachment":[{"href":"https:\/\/www.rauhalahtiroadrunners.com\/index.php?rest_route=%2Fwp%2Fv2%2Fmedia&parent=3446"}],"curies":[{"name":"wp","href":"https:\/\/api.w.org\/{rel}","templated":true}]}}