{"id":3418,"date":"2017-12-25T19:40:35","date_gmt":"2017-12-25T16:40:35","guid":{"rendered":"http:\/\/www.rauhalahtiroadrunners.com\/?page_id=3418"},"modified":"2019-01-02T15:01:28","modified_gmt":"2019-01-02T13:01:28","slug":"juoksukalenteri-2018","status":"publish","type":"page","link":"https:\/\/www.rauhalahtiroadrunners.com\/?page_id=3418","title":{"rendered":"Juoksukalenteri 2018"},"content":{"rendered":"<p><span style=\"font-size: 14pt;\"><strong>JUOKSUKALENTERI 2018<\/strong><\/span><br \/>\nP\u00e4ivitetty 2.1.2019<\/p>\n<p><strong>TAMMIKUU<\/strong><\/p>\n<p>su 21.1.2018\u00a0<a href=\"http:\/\/www.grancanariamaraton.com\/\" target=\"_blank\" rel=\"noopener noreferrer\">Gran Canaria Maraton<\/a>, Las Palmas, <a href=\"http:\/\/www.rauhalahtiroadrunners.com\/?p=3454\">raportti<\/a><br \/>\nsu 28.1.2018 klo 9:00 <a href=\"http:\/\/seponkotisivut.dreamhosters.com\/public_html\/kotirataultra\/kotirataultra.php\" target=\"_blank\" rel=\"noopener noreferrer\">Kotirataultra<\/a> (1-2 x 25 km), l\u00e4ht\u00f6 <a href=\"http:\/\/www.rauhalahti.fi\/\" target=\"_blank\" rel=\"noopener noreferrer\">Kylpyl\u00e4hotelli Rauhalahdesta<\/a>, katso <a href=\"..\/..\/2009_kotirataultrareitit.htm\" target=\"_blank\" rel=\"noopener noreferrer\">reitti<\/a> V\u00e4n\u00e4rin ja Saaristokaupungin kautta, ilmoita tuloksesi <a title=\"Ilmoita tulokset\" href=\"http:\/\/seponkotisivut.dreamhosters.com\/public_html\/kotirataultra\/kotirata18\/sign.php\" target=\"_blank\" rel=\"noopener noreferrer\">t\u00e4nne<\/a>.<\/p>\n<p><strong>HELMIKUU<\/strong><\/p>\n<p>la 24. &#8211; su 25.2.2018 klo 12:00\u00a0<a href=\"http:\/\/endurance.fi\/e24\/\" target=\"_blank\" rel=\"noopener noreferrer\">\u00a011. ENDURANCE 24h<\/a> Espoossa Esport Ratiopharm Arenalla<br \/>\nsu 25.2.2018 klo 9:00 <a href=\"http:\/\/seponkotisivut.dreamhosters.com\/public_html\/kotirataultra\/kotirataultra.php\" target=\"_blank\" rel=\"noopener noreferrer\">Kotirataultra<\/a> (1-2 x 25 km), l\u00e4ht\u00f6 <a href=\"http:\/\/www.rauhalahti.fi\/\" target=\"_blank\" rel=\"noopener noreferrer\">Kylpyl\u00e4hotelli Rauhalahdesta<\/a>, sama <a href=\"..\/..\/2009_kotirataultrareitit.htm\" target=\"_blank\" rel=\"noopener noreferrer\">reitti<\/a> kuin tammikuussa, ilmoita tuloksesi <a title=\"Ilmoita tulokset\" href=\"http:\/\/seponkotisivut.dreamhosters.com\/public_html\/kotirataultra\/kotirata18\/sign.php\" target=\"_blank\" rel=\"noopener noreferrer\">t\u00e4nne<\/a><\/p>\n<p><strong>MAALISKUU<\/strong><\/p>\n<p>su 11.3.2018\u00a0Barcelonan Maraton<\/p>\n<p><strong>HUHTIKUU<\/strong><\/p>\n<p>su 8.4.2018\u00a0<a href=\"http:\/\/www.schneiderelectricparismarathon.com\/us\/cookie#content\" target=\"_blank\" rel=\"noopener noreferrer\">Pariisin maraton<\/a><br \/>\nsu 8.4.2018\u00a0<a href=\"http:\/\/www.nnmarathonrotterdam.org\/\" target=\"_blank\" rel=\"noopener noreferrer\">Rotterdamin maraton<\/a>, Hollanti<br \/>\nla 14.4.2018 <a href=\"http:\/\/www.lahdenahkera.fi\/sm-maantie\/ohjeita-osallistujille\/\">SAUL SM-puolimaraton<\/a>, Vierum\u00e4ki, <a href=\"http:\/\/www.rauhalahtiroadrunners.com\/?p=3549\">tulokset<\/a><br \/>\nsu 15.4.2018 klo 13:00\u00a0Rane-Sport -maantiejuoksu, Lepp\u00e4virta, <a href=\"http:\/\/www.rauhalahtiroadrunners.com\/?p=3557\">tulokset<\/a><br \/>\nma 16.4.2018\u00a0<a title=\"Bostonin maraton\" href=\"http:\/\/www.baa.org\" target=\"_blank\" rel=\"noopener noreferrer\">Bostonin maraton<\/a>, USA, <a href=\"http:\/\/www.rauhalahtiroadrunners.com\/?p=3561\">tuloksia<\/a><br \/>\nla 21.4.2018 <a href=\"http:\/\/www.bgdmarathon.org\/home.aspx\">Belgradin maraton<\/a>, Serbia, <a href=\"http:\/\/www.rauhalahtiroadrunners.com\/?p=3572\">raportti<\/a><br \/>\nla 21.4..2018 klo 12:00\u00a0<a href=\"http:\/\/www.rauhalahtiroadrunners.com\/?page_id=3446\" target=\"_blank\" rel=\"noopener noreferrer\">Kolmen Kylpyl\u00e4n Kirmaisu<\/a>,\u00a0<a title=\"KKK:n reittikartta\" href=\"http:\/\/www.rauhalahtiroadrunners.com\/?page_id=2005\" target=\"_blank\" rel=\"noopener noreferrer\">zoomattava reittikartta<\/a>, <a href=\"http:\/\/www.rauhalahtiroadrunners.com\/?p=3590\">kuvat<\/a><br \/>\nla 21.4.2018 klo 12:00 <a title=\"Maaninka-h\u00f6lkk\u00e4\" href=\"https:\/\/maaninganmahti.sporttisaitti.com\/yleisurheilu\/xlii-maaninka-holkka-22-4-2017\/\" target=\"_blank\" rel=\"noopener noreferrer\">Maaninka H\u00f6lkk\u00e4<\/a>, Maaninka urheilutalo, <a href=\"http:\/\/www.rauhalahtiroadrunners.com\/?p=3582\">tulokset<\/a><br \/>\nsu 22.4.2018 klo 11:00 alkaen <a href=\"http:\/\/www.helsinkispringmarathon.net\/etusivu\">Helsinki Spring Marathon<\/a>, <a href=\"http:\/\/www.rauhalahtiroadrunners.com\/?p=3567\">tuloksia<\/a><br \/>\nla 28.4.2018 klo 12:00 <a href=\"http:\/\/www.kyronjokimaraton.com\/\" target=\"_blank\" rel=\"noopener noreferrer\">Kyr\u00f6njoki-maraton<\/a> Ylistarossa, <a href=\"http:\/\/www.kyronjokimaraton.com\/kjm280418.htm\">tulokset<\/a><br \/>\nla 28.4.2018 klo 13:00 <a title=\"Asics-katujuoksu\" href=\"https:\/\/karttu.sporttisaitti.com\/asics-katujuoksu-28-4-2018\/\" target=\"_blank\" rel=\"noopener noreferrer\">Asics -katujuoksu<\/a>, Karttula, Kissakuusen koulu, <a href=\"http:\/\/www.rauhalahtiroadrunners.com\/?p=3585\">tulokset<\/a><br \/>\nsu 29.4.2018\u00a0<a href=\"http:\/\/www.haspa-marathon-hamburg.de\/en\/\" target=\"_blank\" rel=\"noopener noreferrer\">Hampurin maraton<\/a>, Saksa<\/p>\n<p><strong>TOUKOKUU<br \/>\n<\/strong><br \/>\nla 5.5.2018 klo 12:00 <a href=\"http:\/\/varkkv.sporttisaitti.com\/kilpailut\/varkauspuolikas\/\" target=\"_blank\" rel=\"noopener noreferrer\">Varkaus Puolikas<\/a>, Uimahalli Ilopisara, <a href=\"http:\/\/www.rauhalahtiroadrunners.com\/?p=3594\">tulokset<\/a><br \/>\nto 10.5.2018 klo 11:00\u00a0<a href=\"http:\/\/www.rauhalahtiroadrunners.com\/kallavesj\/\" target=\"_blank\" rel=\"noopener noreferrer\">Kallavesj-Kymppi<\/a> Kylpyl\u00e4hotelli Rauhalahdessa, <a href=\"http:\/\/www.rauhalahtiroadrunners.com\/?p=3604\">tulokset<\/a><br \/>\nla 12.5.2018 klo 10:00 alkaen <a href=\"http:\/\/www.joensuurun.fi\/\" target=\"_blank\" rel=\"noopener noreferrer\">Joensuu Run<\/a>, <a href=\"http:\/\/www.rauhalahtiroadrunners.com\/?p=3609\">tulokset<\/a><br \/>\nsu 13.5.2018\u00a0<a href=\"http:\/\/copenhagenmarathon.dk\/en\/\" target=\"_blank\" rel=\"noopener noreferrer\">K\u00f6\u00f6penhaminan maraton<\/a>, Tanska<br \/>\nla 19.5.2018 klo 11:30 <a href=\"http:\/\/www.helsinkicityrun.fi\/\" target=\"_blank\" rel=\"noopener noreferrer\">Helsinki City Run<\/a>, <a href=\"http:\/\/www.rauhalahtiroadrunners.com\/?p=3617\">tulokset<\/a><br \/>\nla 19.5.2018 klo 15:00 <a href=\"http:\/\/www.helsinkicitymarathon.fi\/\">Helsinki City Marathon<\/a>, <a href=\"http:\/\/www.rauhalahtiroadrunners.com\/?p=3625\">tulokset<\/a><a href=\"http:\/\/www.joensuurun.fi\/\" target=\"_blank\" rel=\"noopener noreferrer\"><br \/>\n<\/a>la-su 19.-20.5.2018\u00a0<a href=\"http:\/\/www.lattelecomrigasmaratons.lv\/fi\/\" target=\"_blank\" rel=\"noopener noreferrer\">Riian maraton<\/a><a href=\"http:\/\/www.joensuurun.fi\/\" target=\"_blank\" rel=\"noopener noreferrer\">, <\/a>Latvia<br \/>\nla 26.5.2018 klo 10:00 <a href=\"http:\/\/www.rauhalahtiroadrunners.com\/?page_id=3527\">Hyv\u00e4ntekev\u00e4isyysjuoksu<\/a>, Valkeisenlampi, Kuopio, <a href=\"http:\/\/www.rauhalahtiroadrunners.com\/?p=3644\">tulokset<\/a><br \/>\nla 26.5.2018 klo 11:00 &amp; 14:00\u00a0<a href=\"http:\/\/www.terwamaraton.fi\/\" target=\"_blank\" rel=\"noopener noreferrer\">Terwah\u00f6lkk\u00e4 ja -maraton<\/a>\u00a0Oulussa, <a href=\"http:\/\/www.rauhalahtiroadrunners.com\/?p=3634\">tulokset<\/a><\/p>\n<p><strong>KES\u00c4KUU<br \/>\n<\/strong><br \/>\nla 2.6.2018 klo 12:00 <a href=\"https:\/\/www.stockholmmarathon.se\/fi\/\" target=\"_blank\" rel=\"noopener noreferrer\">Tukholman maraton<\/a>, <a href=\"http:\/\/www.rauhalahtiroadrunners.com\/?p=3652\">tuloksia<\/a><br \/>\nla 9.6.2018 klo 08:45 <a href=\"http:\/\/www.helsinkihalfmarathon.fi\/\" target=\"_blank\" rel=\"noopener noreferrer\">Helsinki Half Marathon<\/a>, <a href=\"http:\/\/www.rauhalahtiroadrunners.com\/?p=3663\">tuloksia<\/a><br \/>\nla 9.6.2018 klo 11:30\/11:45 <a href=\"http:\/\/pullukka.com\/\" target=\"_blank\" rel=\"noopener noreferrer\">Pullukka Run<\/a>, V\u00e4in\u00f6l\u00e4nniemi Kuopio, <a href=\"http:\/\/www.rauhalahtiroadrunners.com\/?p=3670\">tuloksia<\/a><br \/>\nla 16.6.2018 klo 12:00 <a href=\"https:\/\/www.vieskamaraton.fi\/\" target=\"_blank\" rel=\"noopener\">VieskaMaraton<\/a> Ylivieskassa, <a href=\"http:\/\/www.rauhalahtiroadrunners.com\/?p=3677\">tulokset<\/a><br \/>\nla 16.6.2018 klo 15:00 <a href=\"http:\/\/www.alajarvenankkurit.fi\/hiihto\/alajarvi-maraton\/\" target=\"_blank\" rel=\"noopener noreferrer\">Alaj\u00e4rvi Maraton<\/a><br \/>\nla 16.6.2018 klo 16:00 <a href=\"http:\/\/www.suvi-ilta.fi\/\" target=\"_blank\" rel=\"noopener noreferrer\">Forssan Suvi-Ilta<\/a>, tuloksia<br \/>\npe 22.6.2018 klo 11:00 <a title=\"VALIO-maitojuoksu\" href=\"https:\/\/kiuruvedenurheilijat.sporttisaitti.com\/yleisurheilu\/juhannusjuoksu-22-6-2018\/\" target=\"_blank\" rel=\"noopener noreferrer\">KiurU:n Juhannusjuoksu \/ VALIO-maitojuoksu<\/a><a href=\"http:\/\/www.rauhalahtiroadrunners.com\/?p=3680\">, Kiuruvesi<\/a>, <a href=\"http:\/\/www.rauhalahtiroadrunners.com\/?p=3692\">tuloksia<\/a><br \/>\npe 22.6.2018 klo 12:00\u00a0<a href=\"http:\/\/www.lannevesi.fi\/kiimasen-savulenkki\/\" target=\"_blank\" rel=\"noopener noreferrer\">Kiimasen Savulenkki <\/a>Saarij\u00e4rven Lannevedell\u00e4, <a href=\"http:\/\/www.rauhalahtiroadrunners.com\/?p=3702\">tuloksia<\/a><\/p>\n<p><strong>HEIN\u00c4KUU<\/strong><\/p>\n<p>ke 4.7.2018 klo 18:00 <a href=\"http:\/\/www.rauhalahtiroadrunners.com\/?page_id=3478\">Kivennapa-juoksu<\/a>, Juankoski (Kuonantie 280), <a href=\"http:\/\/www.rauhalahtiroadrunners.com\/?p=3706\">tulokset<\/a><br \/>\npe 6.7.2018 klo 19:00\u00a0<a title=\"Y\u00f6maraton\" href=\"https:\/\/varpaisjarvenvire.sporttisaitti.com\/\" target=\"_blank\" rel=\"noopener noreferrer\">Varpaisj\u00e4rven Y\u00f6puolimaraton<\/a>, <a href=\"http:\/\/www.rauhalahtiroadrunners.com\/?p=3711\">tulokset<\/a><br \/>\nla 7.7.2018 klo 11:00 <a href=\"https:\/\/sonkajarvenpahka.sporttisaitti.com\/yleisurheilu\/eukon-ja-ukon-holkka\/\">Eukon ja ukon h\u00f6lkk\u00e4<\/a> Sonkaj\u00e4rvell\u00e4 (peruttu v\u00e4h\u00e4isen osanottajam\u00e4\u00e4r\u00e4n vuoksi)<br \/>\nla 7.7.2018 klo 15:00 <a title=\"Mikkeli Juoksu\" href=\"http:\/\/www.mikkelinklassikot.fi\/mikkeli-juoksu\/\" target=\"_blank\" rel=\"noopener noreferrer\">Mikkeli Juoksu<\/a>, <a href=\"http:\/\/www.rauhalahtiroadrunners.com\/?p=3714\">tulokset<\/a><br \/>\nla 7.7.2018 klo 12:30\/16:00 alkaen <a href=\"http:\/\/www.kuopiotriathlon.com\/\" target=\"_blank\" rel=\"noopener noreferrer\">Kuopio Triathlon<\/a><br \/>\nsu 15.7.2018 klo 12:00 <a title=\"Pyh\u00e4n Olavin maraton\" href=\"http:\/\/www.savonlinnanseudunliikunta.fi\/pyhan-olavin-maraton\/pyhan-olavin-maraton\/\" target=\"_blank\" rel=\"noopener noreferrer\">Pyh\u00e4n Olavin\u00a0maraton\u00a0Savonlinnassa<\/a>, <a href=\"http:\/\/www.rauhalahtiroadrunners.com\/?p=3720\">tulokset<\/a><br \/>\nla 21.7.2018 klo 12:00\u00a0<a href=\"http:\/\/suomi-juoksu.fi\/\" target=\"_blank\" rel=\"noopener noreferrer\"> SUOMI-juoksu\u00a0<\/a>\u00a0Joensuussa, <a href=\"https:\/\/my1.raceresult.com\/90134\/?lang=fi\">tulokset<\/a><\/p>\n<p><strong>ELOKUU<br \/>\n<\/strong><br \/>\nla 4.8.2018 klo 13:00 <a href=\"http:\/\/kuusaa.com\/maraton\/\" target=\"_blank\" rel=\"noopener noreferrer\">Kuusaa Marathon<\/a>, Haapaj\u00e4rvi, Kuusaan kyl\u00e4talo<br \/>\nla 4.8.2018 klo 10:00 <a href=\"http:\/\/www.kempelemaraton.net\/kempelezmaraton\/\" target=\"_blank\" rel=\"noopener noreferrer\">Kempele Z-maraton \/ SAUL SM-maraton<\/a>, <a href=\"http:\/\/www.rauhalahtiroadrunners.com\/?p=3729\">tulokset<\/a><br \/>\nla 11.8.2018 klo 08:00 <a href=\"http:\/\/www.perakylanponnistus.fi\/\" target=\"_blank\" rel=\"noopener noreferrer\">Masokistin Unelma (mm. 100 km) Helsingin Palohein\u00e4ss\u00e4<\/a>, <a href=\"http:\/\/www.perakylanponnistus.fi\/tulokset\/maso2018.php\">tulokset<\/a><br \/>\nla 18.8.2018 klo 12:30 <a href=\"http:\/\/paavonurmimarathon.fi\/\" target=\"_blank\" rel=\"noopener noreferrer\">Paavo Nurmi Marathon<\/a>, Turku, <a href=\"http:\/\/www.rauhalahtiroadrunners.com\/?p=3744\">tulokset<\/a><br \/>\nti 21.8.2018 klo 18:00 Puijon Mahti <a href=\"http:\/\/www.puijonmahti.fi\/kuopiotrailcup\/\">Trail Cup Osakilpailu 1<\/a>, Poukaman leirikeskus, <a href=\"http:\/\/www.rauhalahtiroadrunners.com\/?p=3748\">tulokset<\/a><br \/>\nla 25.8.2018 klo 09:00 <a href=\"http:\/\/www.helsinkimarathon.fi\/\">Helsinki Marathon<\/a>, <a href=\"http:\/\/live.ultimate.dk\/desktop\/front\/index.php?eventid=3849&amp;ignoreuseragent=true\">tulokset<\/a><br \/>\nla 25.8.2018 klo 12:00\u00a0<a title=\"Tampere Maraton\" href=\"http:\/\/www.varalamaraton.net\/\" target=\"_blank\" rel=\"noopener noreferrer\">Tampere Maraton<\/a>, <a href=\"http:\/\/www.rauhalahtiroadrunners.com\/?p=3756\">tulokset<\/a><br \/>\nla 25.8.2018 klo 13:00 Niilon Kymppi, Suonenjoki, urheilukentt\u00e4, <a href=\"http:\/\/www.rauhalahtiroadrunners.com\/?p=3759\">tulokset<\/a><br \/>\nla 25.8.2018 klo 12:00 <a title=\"Sukevan h\u00f6lkk\u00e4\" href=\"https:\/\/sukevankisa.sporttisaitti.com\/\" target=\"_blank\" rel=\"noopener noreferrer\">Sukevan h\u00f6lkk\u00e4<\/a>, Sukeva<br \/>\nti 28.8.2018 klo 18:00 Puijon Mahti <a href=\"http:\/\/www.puijonmahti.fi\/kuopiotrailcup\/\">Trail Cup Osakilpailu 2<\/a>, Lippum\u00e4ki\/Jynk\u00e4nvuori, <a href=\"http:\/\/www.rauhalahtiroadrunners.com\/?p=3774\">tulokset ja kuvat<\/a><\/p>\n<p><strong>SYYSKUU<br \/>\n<\/strong><br \/>\nla 1.9.2018 klo 11:00\u00a0\u00a0<a href=\"http:\/\/www.kuopiomaraton.com\/\" target=\"_blank\" rel=\"noopener noreferrer\">Kuopio Maraton<\/a>, <a href=\"http:\/\/www.rauhalahtiroadrunners.com\/?p=3780\">kuvaraportti<\/a><br \/>\npe-su 7.-9.9.2018\u00a0<a href=\"http:\/\/www.outdoorweekend.fi\/\">Halti Outdoor Weekend <\/a>Vuokatissa<br \/>\nla 1.9.2018 klo 12:00 <a href=\"http:\/\/www.ruskamaraton.com\" target=\"_blank\" rel=\"noopener noreferrer\">Ruskamaraton<\/a> Kittil\u00e4n Levill\u00e4, <a href=\"http:\/\/resultservice.fi\/2018\/ruska\/\">tulokset<\/a><br \/>\nti 4.9.2018 klo 18:00 Puijon Mahti <a href=\"http:\/\/www.puijonmahti.fi\/kuopiotrailcup\/\">Trail Cup Osakilpailu 3<\/a>, Patakukkula Siilinj\u00e4rvi, <a href=\"http:\/\/www.racetecresults.com\/Results.aspx?CId=16587&amp;RId=132\">tulokset<\/a><br \/>\nti 4.9. &#8211; su 16.9.2018 <a href=\"https:\/\/malaga2018.com\/GO\/eng_index.htm\">World Masters Athletics Championships<\/a> Malagassa, <a href=\"https:\/\/wmamalaga2018.com\/results\/\">tulokset<\/a><br \/>\npe-su 7.-9.9.2018\u00a0<a href=\"http:\/\/www.jooks.ee\/fi\/tallinn-marathon\/info\" target=\"_blank\" rel=\"noopener noreferrer\">Tallinnan maraton<\/a>, Viro, <a href=\"http:\/\/www.championchip.ee\/results\/1175\">tulokset<\/a><br \/>\nti 11.9.2018 klo 18:00 Puijon Mahti <a href=\"http:\/\/www.puijonmahti.fi\/kuopiotrailcup\/\">Trail Cup Osakilpailu 4<\/a>, Neulam\u00e4en koulu, <a href=\"http:\/\/www.racetecresults.com\/Results.aspx?CId=16587&amp;RId=133\">tulokset<\/a><br \/>\nke 12.9.2018 klo 18:30 <a href=\"http:\/\/www.kilpailukalenteri.fi\/?cs=16&amp;nid=18916\" target=\"_blank\" rel=\"noopener noreferrer\">Puijon puserrus<\/a>, Kuopio Puijon hiihtostadion, <a href=\"https:\/\/www.juoksija-lehti.fi\/puijon-puserrus-kuopio-12-9-2018\/\">tulokset<\/a><br \/>\npe-la 14.-15.9.2018\u00a0<a href=\"http:\/\/www.finlandiamarathon.fi\/\">Finlandia Marathon<\/a> Jyv\u00e4skyl\u00e4ss\u00e4, <a href=\"http:\/\/www.rauhalahtiroadrunners.com\/?p=3801\">tulokset<\/a><br \/>\nsu 16.9.2018\u00a0<a href=\"https:\/\/www.bmw-berlin-marathon.com\/en\/\" target=\"_blank\" rel=\"noopener noreferrer\">Berliinin maraton<\/a><a href=\"http:\/\/www.finlandiamarathon.fi\/\" target=\"_blank\" rel=\"noopener noreferrer\">, Saksa<\/a>, <a href=\"http:\/\/results.scc-events.com\/2018\/?lang=EN&amp;pid=start\">tulokset<\/a><br \/>\nsu 16.9.2017 klo 13:00 <a title=\"Petosen h\u00f6lkk\u00e4\" href=\"http:\/\/www.petosennallet.fi\/holkkakutsu.html\" target=\"_blank\" rel=\"noopener noreferrer\">Petosen h\u00f6lkk\u00e4 Kuopiossa Litmasen kent\u00e4ll\u00e4<\/a>, <a href=\"http:\/\/www.petosennallet.fi\/2018.html\">tulokset<\/a><br \/>\nla 22.9.2018 klo 10:30\u00a0<a href=\"http:\/\/www.jaskalehtonen.fi\/37-kullervo-maraton-ja-sm-maraton-22-9-2018\/\">Kullervo -maraton <\/a>\u00a0Joutsenossa, <a href=\"http:\/\/www.rauhalahtiroadrunners.com\/?p=3810\">tulokset<\/a><br \/>\nla 22.9.2018 klo 11:00 <a href=\"https:\/\/karttu.sporttisaitti.com\/maakuntaviestijuoksu-22-9-2018\/\" target=\"_blank\" rel=\"noopener noreferrer\">Pohjois-Savon maakuntaviestijuoksu <\/a>Karttulassa, <a href=\"https:\/\/karttu.sporttisaitti.com\/maakuntaviestijuoksu-22-9-2018\/tulokset-v-2018\/\">tulokset<\/a><br \/>\nsu 23.9.2018 klo 12:00\u00a0<a title=\"Voivakka-juoksu\" href=\"https:\/\/leppavirranviri.sporttisaitti.com\/?x118457=438597\" target=\"_blank\" rel=\"noopener noreferrer\">Voivakkajuoksu<\/a> (16,6\/8,3 km) Lepp\u00e4virta, Kotalahti-talo, <a href=\"http:\/\/www.rauhalahtiroadrunners.com\/?p=3815\">kuvaraportti<\/a><br \/>\npe-su 28.-30.9.2018\u00a0<a href=\"http:\/\/www.lidingoloppet.se\/sv\/site\/tcs-lidingoloppshelgen\/\" target=\"_blank\" rel=\"noopener noreferrer\">Liding\u00f6loppet <\/a>Tukholmassa<\/p>\n<p><strong>LOKAKUU<\/strong><\/p>\n<p>pe-la 5.-6.10.2018\u00a0<a href=\"http:\/\/www.vaarojenmaraton.fi\" target=\"_blank\" rel=\"noopener noreferrer\">Vaarojen maraton<\/a> Kolilla, <a href=\"http:\/\/www.rauhalahtiroadrunners.com\/?p=3827\">tulokset<\/a><br \/>\nla-su 6.-8.10.2018\u00a0<a href=\"http:\/\/www.budapestmarathon.com\/\" target=\"_blank\" rel=\"noopener noreferrer\">Budapestin maraton<\/a>, Unkari<br \/>\nsu 7.10.2018 klo 10:30\u00a0<a href=\"http:\/\/www.maraton.osmotex.com\/osh\/maraton.html\" target=\"_blank\" rel=\"noopener noreferrer\"> Osmon Superh\u00f6lkk\u00e4 ja Maraton <\/a>Pieks\u00e4m\u00e4ell\u00e4, <a href=\"http:\/\/www.rauhalahtiroadrunners.com\/?p=3829\">tulokset<\/a><br \/>\nla 13.10.2018 klo 11:00 <a href=\"http:\/\/www.vantaanmaraton.net\/\" target=\"_blank\" rel=\"noopener noreferrer\">Vantaan maraton<\/a>, Tikkurilan uimahalli, <a href=\"http:\/\/www.rauhalahtiroadrunners.com\/?p=3831\">tulokset<\/a><br \/>\nsu 14.10.2018 alkaen klo 09:00 ja 15:00 <a href=\"https:\/\/wihankilometrit.sporttisaitti.com\/\" target=\"_blank\" rel=\"noopener noreferrer\">Wihan kilometrit<\/a> Tampereella, <a href=\"http:\/\/www.rauhalahtiroadrunners.com\/?p=3836\">tulokset<\/a><br \/>\nsu 14.10.2018\u00a0<a href=\"http:\/\/www.muenchenmarathon.de\/en\/\">M\u00fcnchenin maraton<\/a>, Saksa, <a href=\"https:\/\/www.generalimuenchenmarathon.de\/en\/results\/#1_CF28C6\">tulokset<\/a><br \/>\nsu 21.10.2018\u00a0<a href=\"http:\/\/www.tcsamsterdammarathon.nl\/en\/\" target=\"_blank\" rel=\"noopener noreferrer\">Amsterdamin maraton<\/a>, Hollanti, <a href=\"https:\/\/results.sporthive.com\/events\/6457579627025192192\">tulokset<\/a><br \/>\nla 20.10.2018 klo 10:30\/10:45\/12:30 <a href=\"http:\/\/kankaanpaanmaraton.com\/\" target=\"_blank\" rel=\"noopener noreferrer\">Kankaanp\u00e4\u00e4n maraton<\/a>, <a href=\"http:\/\/online4.tulospalvelu.fi\/tulokset-new\/fi\/2018_kpaa\/lopputulokset\/\">tulokset<\/a><br \/>\nla 20.10.2018 klo 12:00 <a href=\"http:\/\/www.tahkovuorijuoksu.fi\/\" target=\"_blank\" rel=\"noopener noreferrer\">Tahko Vuorijuoksu <\/a>Tahkovuorella, <a href=\"http:\/\/www.racetecresults.com\/Results.aspx?CId=16587&amp;RId=135&amp;EId=2\">tulokset<\/a><br \/>\nsu 28.10.2018 klo 12:00\u00a0<a href=\"http:\/\/www.lepu.fi\/?Kilpailukalenteri:Kilpailukalenteri_2018\">Vesileppish\u00f6lkk\u00e4<\/a>, Lepp\u00e4virran urheilukentt\u00e4, <a href=\"http:\/\/www.rauhalahtiroadrunners.com\/?p=3845\">tulokset<\/a><\/p>\n<p><strong>MARRASKUU<br \/>\n<\/strong><br \/>\nsu 4.11.2018\u00a0<a title=\"NYC Marathon\" href=\"http:\/\/www.tcsnycmarathon.org\/\" target=\"_blank\" rel=\"noopener noreferrer\"> TCS New York City Marathon<\/a>, USA, <a href=\"http:\/\/www.rauhalahtiroadrunners.com\/?p=3848\">tulokset<\/a><br \/>\nla-su 17.-18.11.2018 alkaen klo 20:00 <a href=\"http:\/\/joensuu12h.wordpress.com\/\" target=\"_blank\" rel=\"noopener noreferrer\">Joensuu Night Run 12\/6H<\/a>, <a href=\"http:\/\/www.rauhalahtiroadrunners.com\/?p=3855\">tulokset<\/a><\/p>\n<p><strong>JOULUKUU<\/strong><\/p>\n<p>to 6.12.2018 klo 09:00 alkaen <a title=\"Itsen\u00e4isyysmaraton 2015\" href=\"http:\/\/www.kuopionreipas.fi\/kilpailut-ja-tapahtumat\/itsenaisyysmaraton-6-12\/\" target=\"_blank\" rel=\"noopener noreferrer\">Itsen\u00e4isyysmaraton<\/a> Kuopiossa, <a href=\"http:\/\/www.rauhalahtiroadrunners.com\/?p=3866\">kuvaraportti<\/a><br \/>\nma 31.12.2018 klo 18:00 <a href=\"https:\/\/karttu.sporttisaitti.com\/?x118281=551314\">Uudenvuodenjuoksu<\/a> (5\/2 km), <strong>Karttula, <\/strong><a href=\"https:\/\/www.juoksija-lehti.fi\/karttulan-uudenvuodenjuoksu-31-12-2018\/\">tulokset<\/a><\/p>\n<p><strong>Muita linkkej\u00e4:<\/strong><\/p>\n<p>Juoksijalehden <a href=\"https:\/\/www.juoksija-lehti.fi\/juoksukalenteri\/\" target=\"_blank\" rel=\"noopener noreferrer\">juoksukalenteri<\/a> <a href=\"http:\/\/www.kilpailukalenteri.fi\/\" target=\"_blank\" rel=\"noopener noreferrer\">Kilpailukalenteri<\/a><\/p>\n<p><strong>Vanhat juoksukalenterit<\/strong>: <a title=\"Juoksukalenteri 2007\" href=\"http:\/\/www.rauhalahtiroadrunners.com\/?page_id=259\" target=\"_blank\" rel=\"noopener noreferrer\">2007<\/a>, <a title=\"Juoksukalenteri 2008\" href=\"http:\/\/www.rauhalahtiroadrunners.com\/?page_id=244\" target=\"_blank\" rel=\"noopener noreferrer\">2008<\/a>, <a title=\"Juoksukalenteri 2009\" href=\"http:\/\/www.rauhalahtiroadrunners.com\/?page_id=238\" target=\"_blank\" rel=\"noopener noreferrer\">2009<\/a>, <a title=\"Juoksukalenteri 2010\" href=\"http:\/\/www.rauhalahtiroadrunners.com\/?page_id=235\" target=\"_blank\" rel=\"noopener noreferrer\">2010<\/a>, <a title=\"Juoksukalenteri 2011\" href=\"http:\/\/www.rauhalahtiroadrunners.com\/?page_id=218\">2011<\/a>, <a title=\"Juoksukalenteri 2012\" href=\"http:\/\/www.rauhalahtiroadrunners.com\/?page_id=412\">2012<\/a>, <a title=\"Juoksukalenteri 2013\" href=\"http:\/\/www.rauhalahtiroadrunners.com\/?page_id=975\">2013<\/a>, <a title=\"Juoksukalenteri 2014\" href=\"http:\/\/www.rauhalahtiroadrunners.com\/?page_id=1349\">2014<\/a>, <a href=\"http:\/\/www.rauhalahtiroadrunners.com\/?page_id=1848\" target=\"_blank\" rel=\"noopener noreferrer\">2015<\/a>, <a href=\"http:\/\/www.rauhalahtiroadrunners.com\/?page_id=2438\">2016<\/a>, <a href=\"http:\/\/www.rauhalahtiroadrunners.com\/?page_id=2901\">2017<\/a><\/p>\n<p>Kommentit\/korjaukset s\u00e4hk\u00f6postiin <a href=\"mailto:kalenteri@rauhalahtiroadrunners.com\"><strong>kalenteri(at)rauhalahtiroadrunners.com<\/strong><\/a><\/p>\n","protected":false},"excerpt":{"rendered":"<p>JUOKSUKALENTERI 2018 P\u00e4ivitetty 2.1.2019 TAMMIKUU su 21.1.2018\u00a0Gran Canaria Maraton, Las Palmas, raportti su 28.1.2018 klo 9:00 Kotirataultra (1-2 x 25 km), l\u00e4ht\u00f6 Kylpyl\u00e4hotelli Rauhalahdesta, katso reitti V\u00e4n\u00e4rin ja Saaristokaupungin kautta, ilmoita tuloksesi t\u00e4nne. HELMIKUU la 24. &#8211; su 25.2.2018 klo 12:00\u00a0\u00a011. ENDURANCE 24h Espoossa Esport Ratiopharm Arenalla su 25.2.2018 klo 9:00 Kotirataultra (1-2 x 25 &#8230; <a title=\"Juoksukalenteri 2018\" class=\"read-more\" href=\"https:\/\/www.rauhalahtiroadrunners.com\/?page_id=3418\" aria-label=\"Lue lis\u00e4\u00e4 aiheesta Juoksukalenteri 2018\">Lue lis\u00e4\u00e4<\/a><\/p>\n","protected":false},"author":3,"featured_media":0,"parent":0,"menu_order":0,"comment_status":"closed","ping_status":"closed","template":"","meta":{"footnotes":""},"class_list":["post-3418","page","type-page","status-publish"],"_links":{"self":[{"href":"https:\/\/www.rauhalahtiroadrunners.com\/index.php?rest_route=\/wp\/v2\/pages\/3418","targetHints":{"allow":["GET"]}}],"collection":[{"href":"https:\/\/www.rauhalahtiroadrunners.com\/index.php?rest_route=\/wp\/v2\/pages"}],"about":[{"href":"https:\/\/www.rauhalahtiroadrunners.com\/index.php?rest_route=\/wp\/v2\/types\/page"}],"author":[{"embeddable":true,"href":"https:\/\/www.rauhalahtiroadrunners.com\/index.php?rest_route=\/wp\/v2\/users\/3"}],"replies":[{"embeddable":true,"href":"https:\/\/www.rauhalahtiroadrunners.com\/index.php?rest_route=%2Fwp%2Fv2%2Fcomments&post=3418"}],"version-history":[{"count":139,"href":"https:\/\/www.rauhalahtiroadrunners.com\/index.php?rest_route=\/wp\/v2\/pages\/3418\/revisions"}],"predecessor-version":[{"id":3925,"href":"https:\/\/www.rauhalahtiroadrunners.com\/index.php?rest_route=\/wp\/v2\/pages\/3418\/revisions\/3925"}],"wp:attachment":[{"href":"https:\/\/www.rauhalahtiroadrunners.com\/index.php?rest_route=%2Fwp%2Fv2%2Fmedia&parent=3418"}],"curies":[{"name":"wp","href":"https:\/\/api.w.org\/{rel}","templated":true}]}}