{"id":3286,"date":"2017-08-20T19:14:29","date_gmt":"2017-08-20T16:14:29","guid":{"rendered":"http:\/\/www.rauhalahtiroadrunners.com\/?page_id=3286"},"modified":"2017-08-20T19:14:29","modified_gmt":"2017-08-20T16:14:29","slug":"hyvantekevaisyysholkka-2017-tulokset","status":"publish","type":"page","link":"https:\/\/www.rauhalahtiroadrunners.com\/?page_id=3286","title":{"rendered":"Hyv\u00e4ntekev\u00e4isyysh\u00f6lkk\u00e4 2017, tulokset"},"content":{"rendered":"<p><strong>HYV\u00c4NTEKEV\u00c4ISYYSH\u00d6LKK\u00c4<\/strong><br \/>\n20.8.2017<br \/>\nKuopio<\/p>\n<p><strong>TULOKSET<\/strong><\/p>\n<p><strong>Lapset alle 10 v, matka 500m<\/strong><\/p>\n<p><span style=\"font-size: 10pt; text-decoration: underline;\"><span style=\"font-family: courier new,courier,monospace;\">Sij.\u00a0\u00a0\u00a0Nro\u00a0\u00a0\u00a0\u00a0Nimi\u00a0\u00a0\u00a0\u00a0\u00a0\u00a0\u00a0\u00a0\u00a0\u00a0\u00a0\u00a0\u00a0\u00a0\u00a0\u00a0Aika<\/span><\/span><\/p>\n<p><span style=\"font-family: courier new,courier,monospace; font-size: 10pt;\">1.\u00a0\u00a0\u00a0\u00a0\u00a090\u00a0\u00a0\u00a0\u00a0\u00a0Kukkonen Arttu\u00a0\u00a0\u00a0\u00a0\u00a0\u00a02:19<\/span><br \/>\n<span style=\"font-family: courier new,courier,monospace; font-size: 10pt;\"> 1.\u00a0\u00a0\u00a0\u00a0\u00a089\u00a0\u00a0\u00a0\u00a0\u00a0Viitanen Mikael\u00a0\u00a0\u00a0\u00a0\u00a02:19<\/span><br \/>\n<span style=\"font-family: courier new,courier,monospace; font-size: 10pt;\"> 3.\u00a0\u00a0\u00a0\u00a0\u00a0117\u00a0\u00a0\u00a0\u00a0H\u00e4m\u00e4l\u00e4inen Luukas\u00a0\u00a0\u00a02:23<\/span><br \/>\n<span style=\"font-family: courier new,courier,monospace; font-size: 10pt;\"> 4.\u00a0\u00a0\u00a0\u00a0\u00a087\u00a0\u00a0\u00a0\u00a0\u00a0Hoffr\u00e9n Jami\u00a0\u00a0\u00a0\u00a0\u00a0\u00a0\u00a0\u00a02:30<\/span><br \/>\n<span style=\"font-family: courier new,courier,monospace; font-size: 10pt;\"> 5\u00a0\u00a0\u00a0\u00a0\u00a0\u00a0106\u00a0\u00a0\u00a0\u00a0Siimes Sara\u00a0\u00a0\u00a0\u00a0\u00a0\u00a0\u00a0\u00a0\u00a02:31<\/span><br \/>\n<span style=\"font-family: courier new,courier,monospace; font-size: 10pt;\"> 6.\u00a0\u00a0\u00a0\u00a0\u00a086\u00a0\u00a0\u00a0\u00a0\u00a0Hoffr\u00e9n Max\u00a0\u00a0\u00a0\u00a0\u00a0\u00a0\u00a0\u00a0\u00a02:42<\/span><br \/>\n<span style=\"font-family: courier new,courier,monospace; font-size: 10pt;\"> 7.\u00a0\u00a0\u00a0\u00a0\u00a0124\u00a0\u00a0\u00a0 Honkala Jami\u00a0\u00a0\u00a0\u00a0\u00a0\u00a0\u00a0\u00a03:00<\/span><br \/>\n<span style=\"font-family: courier new,courier,monospace; font-size: 10pt;\"> 8.\u00a0\u00a0\u00a0\u00a0\u00a088\u00a0\u00a0\u00a0\u00a0\u00a0Hoffr\u00e9n Sandra\u00a0\u00a0\u00a0\u00a0\u00a0\u00a03:05<\/span><br \/>\n<span style=\"font-family: courier new,courier,monospace; font-size: 10pt;\"> 9.\u00a0\u00a0\u00a0\u00a0\u00a0105\u00a0\u00a0\u00a0\u00a0Hyttinen Justiina\u00a0\u00a0\u00a03:29<\/span><br \/>\n<span style=\"font-family: courier new,courier,monospace; font-size: 10pt;\"> 10.\u00a0\u00a0\u00a0 125\u00a0\u00a0\u00a0\u00a0Honkala Miko\u00a0\u00a0\u00a0\u00a0\u00a0\u00a0\u00a0\u00a05:17<\/span><\/p>\n<p>&nbsp;<\/p>\n<p><strong>Lapset 10-15 v, matka 500 m<\/strong><\/p>\n<p><span style=\"font-size: 10pt; text-decoration: underline;\"><span style=\"font-family: courier new,courier,monospace;\">Sij.\u00a0\u00a0\u00a0Nro\u00a0\u00a0\u00a0 Nimi\u00a0\u00a0\u00a0\u00a0\u00a0\u00a0\u00a0\u00a0\u00a0\u00a0\u00a0\u00a0\u00a0\u00a0\u00a0\u00a0\u00a0Aika<\/span><\/span><\/p>\n<p><span style=\"font-family: courier new,courier,monospace; font-size: 10pt;\">1.\u00a0\u00a0\u00a0\u00a0\u00a094\u00a0\u00a0\u00a0\u00a0\u00a0Saastamoinen Victor\u00a0\u00a02:12<\/span><br \/>\n<span style=\"font-family: courier new,courier,monospace; font-size: 10pt;\"> 2.\u00a0\u00a0\u00a0\u00a0 100\u00a0\u00a0\u00a0 Hyttinen Juulia\u00a0\u00a0\u00a0\u00a0\u00a0\u00a02:13<\/span><br \/>\n<span style=\"font-family: courier new,courier,monospace; font-size: 10pt;\"> 3.\u00a0\u00a0\u00a0\u00a0 104\u00a0\u00a0\u00a0 Kukkonen Lilli\u00a0\u00a0\u00a0\u00a0\u00a0\u00a0\u00a02:18<\/span><br \/>\n<span style=\"font-family: courier new,courier,monospace; font-size: 10pt;\"> 4.\u00a0\u00a0\u00a0\u00a0 91\u00a0\u00a0\u00a0\u00a0 Kukkonen Juho\u00a0\u00a0\u00a0\u00a0\u00a0\u00a0\u00a0\u00a03:21<\/span><\/p>\n<p>&nbsp;<\/p>\n<p><strong>Naiset Yleinen, matka 5 km<\/strong><\/p>\n<p><span style=\"font-family: courier new,courier,monospace; font-size: 10pt; text-decoration: underline;\">Sij.\u00a0\u00a0 Nro\u00a0\u00a0\u00a0 Nimi\u00a0\u00a0\u00a0\u00a0\u00a0\u00a0\u00a0\u00a0\u00a0\u00a0\u00a0\u00a0\u00a0\u00a0\u00a0\u00a0\u00a0Seura\u00a0\u00a0\u00a0\u00a0\u00a0\u00a0\u00a0\u00a0\u00a0\u00a0 Aika<\/span><\/p>\n<p><span style=\"font-family: courier new,courier,monospace; font-size: 10pt;\">1.\u00a0\u00a0\u00a0\u00a0\u00a0115\u00a0\u00a0\u00a0 Puustinen Piia\u00a0\u00a0\u00a0\u00a0\u00a0\u00a0\u00a0RRR\u00a0\u00a0\u00a0\u00a0\u00a0\u00a0\u00a0\u00a0\u00a0\u00a0\u00a0\u00a0 21:32<\/span><br \/>\n<span style=\"font-family: courier new,courier,monospace; font-size: 10pt;\"> 2.\u00a0\u00a0\u00a0\u00a0\u00a05\u00a0\u00a0\u00a0\u00a0\u00a0\u00a0Lasarov Satu\u00a0\u00a0\u00a0\u00a0\u00a0\u00a0\u00a0\u00a0\u00a0\u00a0\u00a0\u00a0\u00a0\u00a0\u00a0\u00a0\u00a0\u00a0\u00a0\u00a0\u00a0\u00a0\u00a0\u00a0 24:41<\/span><br \/>\n<span style=\"font-family: courier new,courier,monospace; font-size: 10pt;\"> 3.\u00a0\u00a0\u00a0\u00a0 130\u00a0\u00a0\u00a0 Kokki Merja\u00a0\u00a0\u00a0\u00a0\u00a0\u00a0\u00a0\u00a0\u00a0\u00a0\u00a0\u00a0\u00a0\u00a0\u00a0\u00a0\u00a0\u00a0\u00a0\u00a0\u00a0\u00a0\u00a0\u00a0\u00a0\u00a029:36<\/span><br \/>\n<span style=\"font-family: courier new,courier,monospace; font-size: 10pt;\"> 4.\u00a0\u00a0\u00a0\u00a0 96\u00a0\u00a0\u00a0\u00a0 Saarelainen Sini\u00a0\u00a0\u00a0\u00a0\u00a0\u00a0\u00a0\u00a0\u00a0\u00a0\u00a0\u00a0\u00a0\u00a0\u00a0\u00a0\u00a0\u00a0\u00a0\u00a0\u00a038:06<\/span><br \/>\n<span style=\"font-family: courier new,courier,monospace; font-size: 10pt;\"> 4.\u00a0\u00a0\u00a0\u00a0 98\u00a0\u00a0\u00a0\u00a0 Silvasvuori Riikka\u00a0\u00a0\u00a0\u00a0\u00a0\u00a0\u00a0\u00a0\u00a0\u00a0\u00a0\u00a0\u00a0\u00a0\u00a0\u00a0\u00a0\u00a0 38:06<\/span><\/p>\n<p>&nbsp;<\/p>\n<p><strong>Miehet Yleinen, matka 5 km<\/strong><\/p>\n<p><span style=\"font-size: 10pt; text-decoration: underline;\"><span style=\"font-family: courier new,courier,monospace;\">Sij.\u00a0\u00a0 Nro\u00a0\u00a0\u00a0\u00a0Nimi\u00a0\u00a0\u00a0\u00a0\u00a0\u00a0\u00a0\u00a0\u00a0\u00a0\u00a0\u00a0\u00a0\u00a0\u00a0\u00a0\u00a0\u00a0\u00a0\u00a0\u00a0Seura\u00a0\u00a0\u00a0\u00a0\u00a0\u00a0\u00a0\u00a0\u00a0\u00a0\u00a0\u00a0\u00a0\u00a0 Aika<\/span><\/span><\/p>\n<p><span style=\"font-family: courier new,courier,monospace; font-size: 10pt;\">1.\u00a0\u00a0\u00a0\u00a0 110\u00a0\u00a0\u00a0\u00a0Airila Hannu\u00a0\u00a0\u00a0\u00a0\u00a0\u00a0\u00a0\u00a0\u00a0\u00a0\u00a0\u00a0 Ketjun Kirist\u00e4j\u00e4t\u00a0\u00a0\u00a016:56<\/span><br \/>\n<span style=\"font-family: courier new,courier,monospace; font-size: 10pt;\"> 2.\u00a0\u00a0\u00a0\u00a0 120\u00a0\u00a0\u00a0 Parkkonen Harri\u00a0\u00a0\u00a0\u00a0\u00a0\u00a0\u00a0\u00a0\u00a0 RRR\u00a0\u00a0\u00a0\u00a0\u00a0\u00a0\u00a0\u00a0\u00a0\u00a0\u00a0\u00a0\u00a0\u00a0\u00a0\u00a0 17:25<\/span><br \/>\n<span style=\"font-family: courier new,courier,monospace; font-size: 10pt;\"> 3.\u00a0\u00a0\u00a0\u00a0 109\u00a0\u00a0\u00a0 Hyt\u00f6nen Juha\u00a0\u00a0\u00a0\u00a0\u00a0\u00a0\u00a0\u00a0\u00a0\u00a0\u00a0\u00a0\u00a0\u00a0\u00a0\u00a0\u00a0\u00a0\u00a0\u00a0\u00a0\u00a0\u00a0\u00a0\u00a0\u00a0\u00a0\u00a0\u00a0\u00a0\u00a0\u00a0 19:23<\/span><br \/>\n<span style=\"font-family: courier new,courier,monospace; font-size: 10pt;\"> 4.\u00a0\u00a0\u00a0\u00a0 95\u00a0\u00a0\u00a0\u00a0 Valta Eric\u00a0\u00a0\u00a0\u00a0\u00a0\u00a0\u00a0\u00a0\u00a0\u00a0\u00a0\u00a0\u00a0\u00a0\u00a0\u00a0\u00a0\u00a0\u00a0\u00a0\u00a0\u00a0\u00a0\u00a0\u00a0\u00a0\u00a0\u00a0\u00a0\u00a0\u00a0\u00a0\u00a0\u00a0\u00a022:51<\/span><br \/>\n<span style=\"font-family: courier new,courier,monospace; font-size: 10pt;\"> 4.\u00a0\u00a0\u00a0\u00a0\u00a0111\u00a0\u00a0\u00a0 Sutinen Lauri\u00a0\u00a0\u00a0\u00a0\u00a0\u00a0\u00a0\u00a0\u00a0\u00a0\u00a0\u00a0\u00a0\u00a0\u00a0\u00a0\u00a0\u00a0\u00a0\u00a0\u00a0\u00a0\u00a0\u00a0\u00a0\u00a0\u00a0\u00a0\u00a0\u00a0\u00a0 22:51<\/span><br \/>\n<span style=\"font-family: courier new,courier,monospace; font-size: 10pt;\"> 6.\u00a0\u00a0\u00a0\u00a0 85\u00a0\u00a0\u00a0\u00a0 Lyytik\u00e4inen Tomi\u00a0\u00a0\u00a0\u00a0\u00a0\u00a0\u00a0\u00a0\u00a0\u00a0\u00a0\u00a0\u00a0\u00a0\u00a0\u00a0\u00a0\u00a0\u00a0\u00a0\u00a0\u00a0\u00a0\u00a0\u00a0\u00a0\u00a0\u00a0 25:07<\/span><br \/>\n<span style=\"font-family: courier new,courier,monospace; font-size: 10pt;\"> 7.\u00a0\u00a0\u00a0\u00a0 99\u00a0\u00a0\u00a0\u00a0\u00a0Nicholls Richard\u00a0\u00a0\u00a0\u00a0\u00a0\u00a0\u00a0\u00a0\u00a0\u00a0\u00a0\u00a0\u00a0\u00a0\u00a0\u00a0\u00a0\u00a0\u00a0\u00a0\u00a0\u00a0\u00a0\u00a0\u00a0\u00a0\u00a0\u00a0 25:55<\/span><br \/>\n<span style=\"font-family: courier new,courier,monospace; font-size: 10pt;\"> 8.\u00a0\u00a0\u00a0\u00a0 97\u00a0\u00a0\u00a0\u00a0\u00a0Kr\u00f6ger Eemeli\u00a0\u00a0\u00a0\u00a0\u00a0 (alle 10 v)\u00a0\u00a0\u00a0\u00a0\u00a0\u00a0\u00a0\u00a0\u00a0\u00a0\u00a0\u00a0\u00a0\u00a0 29:28<\/span><\/p>\n<p>&nbsp;<\/p>\n<p><strong>Naiset yli 50 v, matka 5 km<\/strong><\/p>\n<p><span style=\"font-family: courier new,courier,monospace; font-size: 10pt; text-decoration: underline;\">Sij.\u00a0\u00a0 Nro\u00a0\u00a0\u00a0 Nimi\u00a0\u00a0\u00a0\u00a0\u00a0\u00a0\u00a0\u00a0\u00a0\u00a0\u00a0\u00a0\u00a0\u00a0\u00a0\u00a0\u00a0\u00a0\u00a0\u00a0\u00a0Seura\u00a0\u00a0\u00a0\u00a0\u00a0\u00a0\u00a0\u00a0\u00a0\u00a0\u00a0\u00a0\u00a0\u00a0\u00a0Aika<\/span><\/p>\n<p><span style=\"font-family: courier new,courier,monospace; font-size: 10pt;\">1.\u00a0\u00a0\u00a0\u00a0\u00a043\u00a0\u00a0\u00a0\u00a0\u00a0Putkonen Birgi\u00a0\u00a0\u00a0\u00a0\u00a0\u00a0\u00a0\u00a0\u00a0\u00a0\u00a0RRR\u00a0\u00a0\u00a0\u00a0\u00a0\u00a0\u00a0\u00a0\u00a0\u00a0\u00a0\u00a0\u00a0\u00a0\u00a0\u00a0\u00a022:54<\/span><br \/>\n<span style=\"font-family: courier new,courier,monospace; font-size: 10pt;\"> 2.\u00a0\u00a0\u00a0\u00a0 11\u00a0\u00a0\u00a0\u00a0 Savolainen Niina\u00a0\u00a0\u00a0\u00a0\u00a0\u00a0\u00a0\u00a0 RRR\u00a0\u00a0\u00a0\u00a0\u00a0\u00a0\u00a0\u00a0\u00a0\u00a0\u00a0\u00a0\u00a0\u00a0\u00a0\u00a0\u00a025:13<\/span><br \/>\n<span style=\"font-family: courier new,courier,monospace; font-size: 10pt;\"> 3.\u00a0\u00a0\u00a0\u00a0 83\u00a0\u00a0\u00a0\u00a0 Niiranen Eija\u00a0\u00a0\u00a0\u00a0\u00a0\u00a0\u00a0\u00a0\u00a0\u00a0\u00a0\u00a0\u00a0\u00a0\u00a0\u00a0\u00a0\u00a0\u00a0\u00a0\u00a0\u00a0\u00a0\u00a0\u00a0\u00a0\u00a0\u00a0\u00a0\u00a0\u00a0\u00a026:33<\/span><br \/>\n<span style=\"font-family: courier new,courier,monospace; font-size: 10pt;\"> 4.\u00a0\u00a0\u00a0\u00a0 122\u00a0\u00a0\u00a0\u00a0Runko Kaisa-Maria\u00a0\u00a0\u00a0\u00a0\u00a0\u00a0\u00a0\u00a0\u00a0\u00a0\u00a0\u00a0\u00a0\u00a0\u00a0\u00a0\u00a0\u00a0\u00a0\u00a0\u00a0\u00a0\u00a0\u00a0\u00a0\u00a0\u00a0 32:27<\/span><\/p>\n<p>&nbsp;<\/p>\n<p><strong>Miehet yli 50 v, matka 5 km<\/strong><\/p>\n<p><span style=\"font-size: 10pt; text-decoration: underline;\"><span style=\"font-family: courier new,courier,monospace;\">Sij.\u00a0\u00a0 Nro\u00a0\u00a0\u00a0 Nimi\u00a0\u00a0\u00a0\u00a0\u00a0\u00a0\u00a0\u00a0\u00a0\u00a0\u00a0\u00a0\u00a0\u00a0\u00a0\u00a0\u00a0\u00a0\u00a0\u00a0\u00a0Seura\u00a0\u00a0\u00a0\u00a0\u00a0\u00a0\u00a0\u00a0\u00a0\u00a0\u00a0\u00a0\u00a0\u00a0 Aika<\/span><\/span><\/p>\n<p><span style=\"font-family: courier new,courier,monospace; font-size: 10pt;\">1.\u00a0\u00a0\u00a0\u00a0\u00a0128\u00a0\u00a0\u00a0 Kotij\u00e4rvi Ismo\u00a0\u00a0\u00a0\u00a0\u00a0\u00a0\u00a0\u00a0\u00a0\u00a0\u00a0\u00a0\u00a0\u00a0\u00a0\u00a0\u00a0\u00a0\u00a0\u00a0\u00a0\u00a0\u00a0\u00a0\u00a0\u00a0\u00a0\u00a0\u00a0\u00a0 19:52<\/span><br \/>\n<span style=\"font-family: courier new,courier,monospace; font-size: 10pt;\"> 2.\u00a0\u00a0\u00a0\u00a0 31\u00a0\u00a0\u00a0\u00a0 Mustonen Juhani\u00a0\u00a0\u00a0\u00a0\u00a0\u00a0\u00a0\u00a0\u00a0\u00a0\u00a0\u00a0\u00a0\u00a0\u00a0\u00a0\u00a0\u00a0\u00a0\u00a0\u00a0\u00a0\u00a0\u00a0\u00a0\u00a0\u00a0\u00a0\u00a0 20:30<\/span><br \/>\n<span style=\"font-family: courier new,courier,monospace; font-size: 10pt;\"> 3.\u00a0\u00a0\u00a0\u00a0 27\u00a0\u00a0\u00a0\u00a0 Tuononen Juha\u00a0\u00a0\u00a0\u00a0\u00a0\u00a0\u00a0\u00a0\u00a0\u00a0\u00a0 RRR\u00a0\u00a0\u00a0\u00a0\u00a0\u00a0\u00a0\u00a0\u00a0\u00a0\u00a0\u00a0\u00a0\u00a0\u00a0\u00a0 21:00<\/span><br \/>\n<span style=\"font-family: courier new,courier,monospace; font-size: 10pt;\"> 4.\u00a0\u00a0\u00a0\u00a0 93\u00a0\u00a0\u00a0\u00a0 Laitinen Matti\u00a0\u00a0\u00a0\u00a0\u00a0\u00a0\u00a0\u00a0\u00a0\u00a0 RRR\u00a0\u00a0\u00a0\u00a0\u00a0\u00a0\u00a0\u00a0\u00a0\u00a0\u00a0\u00a0\u00a0\u00a0\u00a0\u00a0\u00a021:22<\/span><br \/>\n<span style=\"font-family: courier new,courier,monospace; font-size: 10pt;\"> 5.\u00a0\u00a0\u00a0\u00a0 2\u00a0\u00a0\u00a0\u00a0\u00a0\u00a0Valkeap\u00e4\u00e4 Oula\u00a0\u00a0\u00a0\u00a0\u00a0\u00a0\u00a0\u00a0\u00a0\u00a0\u00a0\u00a0\u00a0\u00a0\u00a0\u00a0\u00a0\u00a0\u00a0\u00a0\u00a0\u00a0\u00a0\u00a0\u00a0\u00a0\u00a0\u00a0\u00a0\u00a0\u00a022:20<\/span><br \/>\n<span style=\"font-family: courier new,courier,monospace; font-size: 10pt;\"> 6.\u00a0\u00a0\u00a0\u00a0 92\u00a0\u00a0\u00a0\u00a0 R\u00f6nkk\u00f6 Kari\u00a0\u00a0\u00a0\u00a0\u00a0\u00a0\u00a0\u00a0\u00a0\u00a0\u00a0\u00a0\u00a0 RRR\u00a0\u00a0\u00a0\u00a0\u00a0\u00a0\u00a0\u00a0\u00a0\u00a0\u00a0\u00a0\u00a0\u00a0\u00a0\u00a0 25:43<\/span><br \/>\n<span style=\"font-family: courier new,courier,monospace; font-size: 10pt;\"> 7.\u00a0\u00a0\u00a0 \u00a0129\u00a0\u00a0\u00a0 Kokki Hannu\u00a0\u00a0\u00a0\u00a0\u00a0\u00a0\u00a0\u00a0\u00a0\u00a0\u00a0\u00a0\u00a0 Kerim\u00e4en Urheilijat\u00a022:48<\/span><br \/>\n<span style=\"font-family: courier new,courier,monospace; font-size: 10pt;\"> 8.\u00a0\u00a0\u00a0\u00a0 84\u00a0\u00a0\u00a0\u00a0\u00a0Salonen Aarno\u00a0\u00a0\u00a0\u00a0\u00a0\u00a0\u00a0\u00a0\u00a0\u00a0\u00a0 Spove\u00a0\u00a0\u00a0\u00a0\u00a0\u00a0\u00a0\u00a0\u00a0\u00a0\u00a0\u00a0\u00a0\u00a0 33:00<\/span><\/p>\n<p>&nbsp;<\/p>\n<p>&nbsp;<\/p>\n<p>&nbsp;<\/p>\n","protected":false},"excerpt":{"rendered":"<p>HYV\u00c4NTEKEV\u00c4ISYYSH\u00d6LKK\u00c4 20.8.2017 Kuopio TULOKSET Lapset alle 10 v, matka 500m Sij.\u00a0\u00a0\u00a0Nro\u00a0\u00a0\u00a0\u00a0Nimi\u00a0\u00a0\u00a0\u00a0\u00a0\u00a0\u00a0\u00a0\u00a0\u00a0\u00a0\u00a0\u00a0\u00a0\u00a0\u00a0Aika 1.\u00a0\u00a0\u00a0\u00a0\u00a090\u00a0\u00a0\u00a0\u00a0\u00a0Kukkonen Arttu\u00a0\u00a0\u00a0\u00a0\u00a0\u00a02:19 1.\u00a0\u00a0\u00a0\u00a0\u00a089\u00a0\u00a0\u00a0\u00a0\u00a0Viitanen Mikael\u00a0\u00a0\u00a0\u00a0\u00a02:19 3.\u00a0\u00a0\u00a0\u00a0\u00a0117\u00a0\u00a0\u00a0\u00a0H\u00e4m\u00e4l\u00e4inen Luukas\u00a0\u00a0\u00a02:23 4.\u00a0\u00a0\u00a0\u00a0\u00a087\u00a0\u00a0\u00a0\u00a0\u00a0Hoffr\u00e9n Jami\u00a0\u00a0\u00a0\u00a0\u00a0\u00a0\u00a0\u00a02:30 5\u00a0\u00a0\u00a0\u00a0\u00a0\u00a0106\u00a0\u00a0\u00a0\u00a0Siimes Sara\u00a0\u00a0\u00a0\u00a0\u00a0\u00a0\u00a0\u00a0\u00a02:31 6.\u00a0\u00a0\u00a0\u00a0\u00a086\u00a0\u00a0\u00a0\u00a0\u00a0Hoffr\u00e9n Max\u00a0\u00a0\u00a0\u00a0\u00a0\u00a0\u00a0\u00a0\u00a02:42 7.\u00a0\u00a0\u00a0\u00a0\u00a0124\u00a0\u00a0\u00a0 Honkala Jami\u00a0\u00a0\u00a0\u00a0\u00a0\u00a0\u00a0\u00a03:00 8.\u00a0\u00a0\u00a0\u00a0\u00a088\u00a0\u00a0\u00a0\u00a0\u00a0Hoffr\u00e9n Sandra\u00a0\u00a0\u00a0\u00a0\u00a0\u00a03:05 9.\u00a0\u00a0\u00a0\u00a0\u00a0105\u00a0\u00a0\u00a0\u00a0Hyttinen Justiina\u00a0\u00a0\u00a03:29 10.\u00a0\u00a0\u00a0 125\u00a0\u00a0\u00a0\u00a0Honkala Miko\u00a0\u00a0\u00a0\u00a0\u00a0\u00a0\u00a0\u00a05:17 &nbsp; Lapset 10-15 v, matka 500 m Sij.\u00a0\u00a0\u00a0Nro\u00a0\u00a0\u00a0 Nimi\u00a0\u00a0\u00a0\u00a0\u00a0\u00a0\u00a0\u00a0\u00a0\u00a0\u00a0\u00a0\u00a0\u00a0\u00a0\u00a0\u00a0Aika 1.\u00a0\u00a0\u00a0\u00a0\u00a094\u00a0\u00a0\u00a0\u00a0\u00a0Saastamoinen Victor\u00a0\u00a02:12 2.\u00a0\u00a0\u00a0\u00a0 100\u00a0\u00a0\u00a0 Hyttinen Juulia\u00a0\u00a0\u00a0\u00a0\u00a0\u00a02:13 3.\u00a0\u00a0\u00a0\u00a0 104\u00a0\u00a0\u00a0 Kukkonen Lilli\u00a0\u00a0\u00a0\u00a0\u00a0\u00a0\u00a02:18 4.\u00a0\u00a0\u00a0\u00a0 91\u00a0\u00a0\u00a0\u00a0 Kukkonen &#8230; <a title=\"Hyv\u00e4ntekev\u00e4isyysh\u00f6lkk\u00e4 2017, tulokset\" class=\"read-more\" href=\"https:\/\/www.rauhalahtiroadrunners.com\/?page_id=3286\" aria-label=\"Lue lis\u00e4\u00e4 aiheesta Hyv\u00e4ntekev\u00e4isyysh\u00f6lkk\u00e4 2017, tulokset\">Lue lis\u00e4\u00e4<\/a><\/p>\n","protected":false},"author":3,"featured_media":0,"parent":0,"menu_order":0,"comment_status":"closed","ping_status":"closed","template":"","meta":{"footnotes":""},"class_list":["post-3286","page","type-page","status-publish"],"_links":{"self":[{"href":"https:\/\/www.rauhalahtiroadrunners.com\/index.php?rest_route=\/wp\/v2\/pages\/3286","targetHints":{"allow":["GET"]}}],"collection":[{"href":"https:\/\/www.rauhalahtiroadrunners.com\/index.php?rest_route=\/wp\/v2\/pages"}],"about":[{"href":"https:\/\/www.rauhalahtiroadrunners.com\/index.php?rest_route=\/wp\/v2\/types\/page"}],"author":[{"embeddable":true,"href":"https:\/\/www.rauhalahtiroadrunners.com\/index.php?rest_route=\/wp\/v2\/users\/3"}],"replies":[{"embeddable":true,"href":"https:\/\/www.rauhalahtiroadrunners.com\/index.php?rest_route=%2Fwp%2Fv2%2Fcomments&post=3286"}],"version-history":[{"count":2,"href":"https:\/\/www.rauhalahtiroadrunners.com\/index.php?rest_route=\/wp\/v2\/pages\/3286\/revisions"}],"predecessor-version":[{"id":3288,"href":"https:\/\/www.rauhalahtiroadrunners.com\/index.php?rest_route=\/wp\/v2\/pages\/3286\/revisions\/3288"}],"wp:attachment":[{"href":"https:\/\/www.rauhalahtiroadrunners.com\/index.php?rest_route=%2Fwp%2Fv2%2Fmedia&parent=3286"}],"curies":[{"name":"wp","href":"https:\/\/api.w.org\/{rel}","templated":true}]}}