{"id":2907,"date":"2016-11-20T10:48:59","date_gmt":"2016-11-20T08:48:59","guid":{"rendered":"http:\/\/www.rauhalahtiroadrunners.com\/?page_id=2907"},"modified":"2017-02-28T00:03:58","modified_gmt":"2017-02-27T22:03:58","slug":"hiihtokalenteri-2017","status":"publish","type":"page","link":"https:\/\/www.rauhalahtiroadrunners.com\/?page_id=2907","title":{"rendered":"Hiihtokalenteri 2017"},"content":{"rendered":"<h6 align=\"left\"><span style=\"font-size: 16pt;\"><strong>Hiihto- ja luistelutapahtumia talvella 2017<\/strong><\/span><\/h6>\n<p align=\"left\">P\u00e4ivitetty 19.02.2017<\/p>\n<p align=\"left\"><a title=\"Kuopion latutilanne\" href=\"https:\/\/kunto.softroi.fi\/LATUKUOPIO\/latu_01.html\" target=\"_blank\">Kuopion latujen kunnostustilanne<\/a><\/p>\n<p><strong>Helmikuu<br \/>\n<\/strong>la-su 4.-5.2.2017 <a title=\"Finlandia Hiihto\" href=\"http:\/\/www.finlandiahiihto.fi\/\" target=\"_blank\">Finlandia Hiih<\/a><a title=\"Finlandia Hiihto\" href=\"http:\/\/www.finlandiahiihto.fi\/\" target=\"_blank\">to<\/a><strong><br \/>\n<\/strong>11.-12.2.2017 <a href=\"http:\/\/mikkelinhiihtajat.sporttisaitti.com\/savonia\/\" target=\"_blank\">Savonia-hiihto <\/a>Mikkeliss\u00e4<strong><br \/>\n<\/strong>22.-25.2.2017 <a href=\"http:\/\/www.finlandicemarathon.com\/\" target=\"_blank\">Finland Ice Marathon<\/a>, Kuopion matkustajasatama<br \/>\nla 25.2.2017 <a href=\"http:\/\/www.tervahiihto.fi\/index.php?p=thetusivu\" target=\"_blank\">Terwahiihto<\/a> Utaj\u00e4rvelt\u00e4 Ouluun<br \/>\n??? la 20.2.2016 <a href=\"http:\/\/www.vesileppis.fi\/aktiviteetit\/vesileppis-hiihto\/\" target=\"_blank\">Vesileppishiihto<\/a> Lepp\u00e4virralla, <span style=\"color: #ff9900;\">ei j\u00e4rjestet\u00e4 t\u00e4n\u00e4 vuonna<\/span><\/p>\n<p><strong>Maaliskuu<br \/>\n<\/strong>la-su 4.-5.3.2017 <a href=\"http:\/\/www.siilinjarvi.fi\/kunta\/fi\/kuntainfo\/ajankohtaista\/tapahtumat.php?we_objectID=15217\" target=\"_blank\">R\u00e4s\u00e4-Ukon laturetki<\/a>, Siilinj\u00e4rvi Patakukkula, <a href=\"..\/..\/rasa_ukko_kartta.pdf\" target=\"_blank\">latukartta<\/a>, <a title=\"lis\u00e4tietoa\" href=\"http:\/\/www.rauhalahtiroadrunners.com\/?page_id=1018\" target=\"_blank\">lis\u00e4tiedot<\/a>\u00a0(juttu vuodelta 2013),\u00a0Siilin Latu \/ Olavi Oinonen, puh. 044 210 3316<br \/>\nla-su 4.-5.3.2017 <a href=\"http:\/\/www.iisalmenlatu.fi\/tulevia-tapahtumia\/lasten-lajes-4-3\/\" target=\"_blank\">Lasten Lajes (la)<\/a> ja <a href=\"http:\/\/www.iisalmenlatu.fi\/tulevia-tapahtumia\/lajes-5-3\/\" target=\"_blank\">Lajeksen Latu (su)<\/a>\u00a0Iisalmessa<br \/>\nla-su 4.-5.3.2017 <a title=\"Kolin Maisemahiihto\" href=\"http:\/\/www.maisemahiihto.fi\" target=\"_blank\">Kolin Maisemahiihto<\/a><strong><br \/>\n<\/strong>su 5.3.2017 <a title=\"Pirkan Hiihto\" href=\"http:\/\/www.pirkankierros.fi\/pages\/index.php\/hiihto\" target=\"_blank\">Pirkan Hiihto <\/a>(Kankaanp\u00e4\u00e4st\u00e4 Tampereelle 90 km)<br \/>\npe-la 10.-11.3.2017 <a title=\"Ahmanhiihto\" href=\"http:\/\/www.ahmanhiihto.fi\" target=\"_blank\">Ahmanhiihto <\/a>Kolilla<br \/>\n<a title=\"Puijon Laturetki\" href=\"http:\/\/www.puijonlaturetki.com\/\" target=\"_blank\">Puijon laturetki<\/a>\u00a0(PHS), <span style=\"color: #ff6600;\">ei j\u00e4rjestet\u00e4 t\u00e4n\u00e4k\u00e4\u00e4n vuonna<\/span><br \/>\nsu 12.3.2017 <a title=\"Paulintaival\" href=\"http:\/\/www.paulintaival.fi\" target=\"_blank\">Paulintaival<\/a><br \/>\nla-su 18.-19.3.2017 <a title=\"Pogostan Hiihto\" href=\"http:\/\/www.pogostanhiihto.fi\/\" target=\"_blank\">Pogostan Hiihto Ilomantsissa<\/a><br \/>\nla-su \u00a025.-26.3.2017 <a href=\"http:\/\/www.haastaitsesikunnolla.fi\/vuokatti+hiihto\/\" target=\"_blank\">Vuokatti Hiihto<\/a><\/p>\n<p>Lis\u00e4tietoa:<br \/>\n<a href=\"http:\/\/www.suomenlatu.fi\" target=\"_blank\">Suomen Latu<\/a><\/p>\n","protected":false},"excerpt":{"rendered":"<p>Hiihto- ja luistelutapahtumia talvella 2017 P\u00e4ivitetty 19.02.2017 Kuopion latujen kunnostustilanne Helmikuu la-su 4.-5.2.2017 Finlandia Hiihto 11.-12.2.2017 Savonia-hiihto Mikkeliss\u00e4 22.-25.2.2017 Finland Ice Marathon, Kuopion matkustajasatama la 25.2.2017 Terwahiihto Utaj\u00e4rvelt\u00e4 Ouluun ??? la 20.2.2016 Vesileppishiihto Lepp\u00e4virralla, ei j\u00e4rjestet\u00e4 t\u00e4n\u00e4 vuonna Maaliskuu la-su 4.-5.3.2017 R\u00e4s\u00e4-Ukon laturetki, Siilinj\u00e4rvi Patakukkula, latukartta, lis\u00e4tiedot\u00a0(juttu vuodelta 2013),\u00a0Siilin Latu \/ Olavi Oinonen, puh. 044 &#8230; <a title=\"Hiihtokalenteri 2017\" class=\"read-more\" href=\"https:\/\/www.rauhalahtiroadrunners.com\/?page_id=2907\" aria-label=\"Lue lis\u00e4\u00e4 aiheesta Hiihtokalenteri 2017\">Lue lis\u00e4\u00e4<\/a><\/p>\n","protected":false},"author":3,"featured_media":0,"parent":0,"menu_order":0,"comment_status":"closed","ping_status":"closed","template":"","meta":{"footnotes":""},"class_list":["post-2907","page","type-page","status-publish"],"_links":{"self":[{"href":"https:\/\/www.rauhalahtiroadrunners.com\/index.php?rest_route=\/wp\/v2\/pages\/2907","targetHints":{"allow":["GET"]}}],"collection":[{"href":"https:\/\/www.rauhalahtiroadrunners.com\/index.php?rest_route=\/wp\/v2\/pages"}],"about":[{"href":"https:\/\/www.rauhalahtiroadrunners.com\/index.php?rest_route=\/wp\/v2\/types\/page"}],"author":[{"embeddable":true,"href":"https:\/\/www.rauhalahtiroadrunners.com\/index.php?rest_route=\/wp\/v2\/users\/3"}],"replies":[{"embeddable":true,"href":"https:\/\/www.rauhalahtiroadrunners.com\/index.php?rest_route=%2Fwp%2Fv2%2Fcomments&post=2907"}],"version-history":[{"count":12,"href":"https:\/\/www.rauhalahtiroadrunners.com\/index.php?rest_route=\/wp\/v2\/pages\/2907\/revisions"}],"predecessor-version":[{"id":3026,"href":"https:\/\/www.rauhalahtiroadrunners.com\/index.php?rest_route=\/wp\/v2\/pages\/2907\/revisions\/3026"}],"wp:attachment":[{"href":"https:\/\/www.rauhalahtiroadrunners.com\/index.php?rest_route=%2Fwp%2Fv2%2Fmedia&parent=2907"}],"curies":[{"name":"wp","href":"https:\/\/api.w.org\/{rel}","templated":true}]}}