{"id":2340,"date":"2015-09-21T22:20:46","date_gmt":"2015-09-21T19:20:46","guid":{"rendered":"http:\/\/www.rauhalahtiroadrunners.com\/?page_id=2340"},"modified":"2015-09-25T20:11:04","modified_gmt":"2015-09-25T17:11:04","slug":"maastojuoksun-2015-reittikartta","status":"publish","type":"page","link":"https:\/\/www.rauhalahtiroadrunners.com\/?page_id=2340","title":{"rendered":"Maastojuoksun 2015 reittikartta"},"content":{"rendered":"<p>T\u00e4ss\u00e4\u00a0 maastojuoksun reittikartta. Yhden kierroksen pituus on 3517 m eli kuudesta kierroksesta kertyy puolimaraton. L\u00e4ht\u00f6 ja maali ovat Rauhalahden kes\u00e4teatterin vieress\u00e4 ja sen kautta juostaan joka kierroksella.<\/p>\n<p>[map style=&#8221;width: auto; height:600px; margin:20px 0px 20px 0px; border: 1px solid black;&#8221; maptype=&#8221;HYBRID&#8221; z=&#8221;0&#8243;\u00a0gpx=&#8221;http:\/\/www.rauhalahtiroadrunners.com\/wordpress_rrr\/wp-content\/uploads\/reitti_25092015.gpx&#8221;]<\/p>\n","protected":false},"excerpt":{"rendered":"<p>T\u00e4ss\u00e4\u00a0 maastojuoksun reittikartta. Yhden kierroksen pituus on 3517 m eli kuudesta kierroksesta kertyy puolimaraton. L\u00e4ht\u00f6 ja maali ovat Rauhalahden kes\u00e4teatterin vieress\u00e4 ja sen kautta juostaan joka kierroksella. [map style=&#8221;width: auto; height:600px; margin:20px 0px 20px 0px; border: 1px solid black;&#8221; maptype=&#8221;HYBRID&#8221; z=&#8221;0&#8243;\u00a0gpx=&#8221;http:\/\/www.rauhalahtiroadrunners.com\/wordpress_rrr\/wp-content\/uploads\/reitti_25092015.gpx&#8221;]<\/p>\n","protected":false},"author":3,"featured_media":0,"parent":0,"menu_order":0,"comment_status":"closed","ping_status":"open","template":"","meta":{"footnotes":""},"class_list":["post-2340","page","type-page","status-publish"],"_links":{"self":[{"href":"https:\/\/www.rauhalahtiroadrunners.com\/index.php?rest_route=\/wp\/v2\/pages\/2340","targetHints":{"allow":["GET"]}}],"collection":[{"href":"https:\/\/www.rauhalahtiroadrunners.com\/index.php?rest_route=\/wp\/v2\/pages"}],"about":[{"href":"https:\/\/www.rauhalahtiroadrunners.com\/index.php?rest_route=\/wp\/v2\/types\/page"}],"author":[{"embeddable":true,"href":"https:\/\/www.rauhalahtiroadrunners.com\/index.php?rest_route=\/wp\/v2\/users\/3"}],"replies":[{"embeddable":true,"href":"https:\/\/www.rauhalahtiroadrunners.com\/index.php?rest_route=%2Fwp%2Fv2%2Fcomments&post=2340"}],"version-history":[{"count":11,"href":"https:\/\/www.rauhalahtiroadrunners.com\/index.php?rest_route=\/wp\/v2\/pages\/2340\/revisions"}],"predecessor-version":[{"id":2358,"href":"https:\/\/www.rauhalahtiroadrunners.com\/index.php?rest_route=\/wp\/v2\/pages\/2340\/revisions\/2358"}],"wp:attachment":[{"href":"https:\/\/www.rauhalahtiroadrunners.com\/index.php?rest_route=%2Fwp%2Fv2%2Fmedia&parent=2340"}],"curies":[{"name":"wp","href":"https:\/\/api.w.org\/{rel}","templated":true}]}}