{"id":2291,"date":"2015-08-24T22:54:56","date_gmt":"2015-08-24T19:54:56","guid":{"rendered":"http:\/\/www.rauhalahtiroadrunners.com\/?page_id=2291"},"modified":"2015-09-21T23:43:50","modified_gmt":"2015-09-21T20:43:50","slug":"rrrn-maastojuoksukisa-2015","status":"publish","type":"page","link":"https:\/\/www.rauhalahtiroadrunners.com\/?page_id=2291","title":{"rendered":"RRR:n maastojuoksukisa 2015"},"content":{"rendered":"<h4><span style=\"font-size: 14pt;\">RRR j\u00e4rjest\u00e4\u00e4 <span style=\"color: #ff00ff;\"><em><strong>avoimen<\/strong><\/em><\/span> seuranmestaruuskisan seuraavasti:<\/span><\/h4>\n<p><strong>Aika<\/strong>: lauantaina 31.10.2015 klo 11:00 alkaen<\/p>\n<p><strong>L\u00e4ht\u00f6paikka<\/strong>: kokoontuminen klo 10:40 Rauhalahden kes\u00e4teatterin luona\u00a0leirint\u00e4alueen kupeessa. Hotellilta matkaa n. 250 m, katso reittikartta alta.<\/p>\n<p><strong>Reitti<\/strong>: maastossa Rauhalahden ja Jynk\u00e4n latupohjilla ja poluilla, 1-6 kierrosta oman valinnan mukaan, yksi t\u00e4ysi kierros = n. 3.5 km eli kuudesta kierroksesta tulee puolimaraton t\u00e4yteen.<\/p>\n<p>T\u00e4ss\u00e4 zoomattava <a href=\"http:\/\/www.rauhalahtiroadrunners.com\/?page_id=2340\">reittikartta<\/a>.<\/p>\n<p><strong>Matkat<\/strong>: 3.5 km (1k), 7.0 km (2k), 10.5 km (3k), 14.0 km (4k), 17.5 km (5k)\u00a0ja <strong>puolimaraton (6k)<\/strong>. Mestaruus ratkaistaan vain puolimaratonilla ja vain sille otetaan aika j\u00e4rjest\u00e4jien puolesta. Omatoimisesti voi ilmoittaa ajan muillekin matkoille.<\/p>\n<p><strong>Sarjat<\/strong>: <strong>M<\/strong>iehet, <strong>N<\/strong>aiset<\/p>\n<p><strong>Palvelut<\/strong>: Juomahuolto, ajanotto\/ajankirjaus, pient\u00e4 suolaista. Osallistujat p\u00e4\u00e4sev\u00e4t Rauhalahden kylpyl\u00e4\u00e4n puolella hinnalla samana p\u00e4iv\u00e4n\u00e4.<\/p>\n<p><strong>Osanottomaksut<\/strong>: RRR:n j\u00e4senille ilmainen.\u00a0Seuran ulkopuoliset ovat my\u00f6s\u00a0tervetulleita tapahtumaan, he eiv\u00e4t osallistu mestaruuskisaan, osanottomaksu heille 10 euroa, maksu paikan p\u00e4\u00e4ll\u00e4 tasarahalla.<\/p>\n<p><strong>Ilmoittautuminen<\/strong>:\u00a0Merja Korhonen\u00a028.10.2015 menness\u00e4: <a href=\"mailto:merja.korhonen2@luukku.com\">merja.korhonen2@luukku.com<\/a><\/p>\n<p>Tervetuloa mukaan!<\/p>\n","protected":false},"excerpt":{"rendered":"<p>RRR j\u00e4rjest\u00e4\u00e4 avoimen seuranmestaruuskisan seuraavasti: Aika: lauantaina 31.10.2015 klo 11:00 alkaen L\u00e4ht\u00f6paikka: kokoontuminen klo 10:40 Rauhalahden kes\u00e4teatterin luona\u00a0leirint\u00e4alueen kupeessa. Hotellilta matkaa n. 250 m, katso reittikartta alta. Reitti: maastossa Rauhalahden ja Jynk\u00e4n latupohjilla ja poluilla, 1-6 kierrosta oman valinnan mukaan, yksi t\u00e4ysi kierros = n. 3.5 km eli kuudesta kierroksesta tulee puolimaraton t\u00e4yteen. T\u00e4ss\u00e4 zoomattava &#8230; <a title=\"RRR:n maastojuoksukisa 2015\" class=\"read-more\" href=\"https:\/\/www.rauhalahtiroadrunners.com\/?page_id=2291\" aria-label=\"Lue lis\u00e4\u00e4 aiheesta RRR:n maastojuoksukisa 2015\">Lue lis\u00e4\u00e4<\/a><\/p>\n","protected":false},"author":3,"featured_media":0,"parent":0,"menu_order":0,"comment_status":"closed","ping_status":"open","template":"","meta":{"footnotes":""},"class_list":["post-2291","page","type-page","status-publish"],"_links":{"self":[{"href":"https:\/\/www.rauhalahtiroadrunners.com\/index.php?rest_route=\/wp\/v2\/pages\/2291","targetHints":{"allow":["GET"]}}],"collection":[{"href":"https:\/\/www.rauhalahtiroadrunners.com\/index.php?rest_route=\/wp\/v2\/pages"}],"about":[{"href":"https:\/\/www.rauhalahtiroadrunners.com\/index.php?rest_route=\/wp\/v2\/types\/page"}],"author":[{"embeddable":true,"href":"https:\/\/www.rauhalahtiroadrunners.com\/index.php?rest_route=\/wp\/v2\/users\/3"}],"replies":[{"embeddable":true,"href":"https:\/\/www.rauhalahtiroadrunners.com\/index.php?rest_route=%2Fwp%2Fv2%2Fcomments&post=2291"}],"version-history":[{"count":9,"href":"https:\/\/www.rauhalahtiroadrunners.com\/index.php?rest_route=\/wp\/v2\/pages\/2291\/revisions"}],"predecessor-version":[{"id":2355,"href":"https:\/\/www.rauhalahtiroadrunners.com\/index.php?rest_route=\/wp\/v2\/pages\/2291\/revisions\/2355"}],"wp:attachment":[{"href":"https:\/\/www.rauhalahtiroadrunners.com\/index.php?rest_route=%2Fwp%2Fv2%2Fmedia&parent=2291"}],"curies":[{"name":"wp","href":"https:\/\/api.w.org\/{rel}","templated":true}]}}