{"id":2288,"date":"2015-08-24T22:41:28","date_gmt":"2015-08-24T19:41:28","guid":{"rendered":"http:\/\/www.rauhalahtiroadrunners.com\/?page_id=2288"},"modified":"2015-08-24T22:41:28","modified_gmt":"2015-08-24T19:41:28","slug":"kansa-kavelee-ja-holkkaa-2015","status":"publish","type":"page","link":"https:\/\/www.rauhalahtiroadrunners.com\/?page_id=2288","title":{"rendered":"Kansa k\u00e4velee ja h\u00f6lkk\u00e4\u00e4 2015"},"content":{"rendered":"<h3>Kansa k\u00e4velee ja h\u00f6lkk\u00e4\u00e4 Valkeisenlammen ymp\u00e4ri jo kahdeksannen kerran<\/h3>\n<p>Pohjois-Savossa sek\u00e4 koko maassa j\u00e4rjestet\u00e4\u00e4n syyskuun lopulla jo kahdeksannen kerran Yhdistyneiden Kansakuntien kansainv\u00e4lisen rauhanp\u00e4iv\u00e4n (21.9.) kunniaksi Kansa k\u00e4velee -tapahtuma. Sen rinnalla on Kuopiossa j\u00e4lleen Kansa h\u00f6lkk\u00e4\u00e4 -juoksu. Kummatkin tapahtumat ovat <strong>Kuopiossa 20. syyskuuta klo 12-15 Sotaveteraanimuseolla ja Valkeisenlammen<\/strong> ymp\u00e4rill\u00e4.<\/p>\n<p>Kansa k\u00e4velee -tempaus on Maailman Veteraanij\u00e4rjest\u00f6jen aloitteesta vuodesta 2008 alkaen j\u00e4rjestetty liikuntatapahtuma ymp\u00e4ri maapalloa. Nykyisin se toteutetaan jo yli 80 valtiossa.<\/p>\n<p>Suomessa suojelijana on Tasavallan Presidentti Sauli Niinist\u00f6. Valtakunnallinen p\u00e4\u00e4tapahtuma on Salossa. Tapahtumien sis\u00e4ll\u00f6t vaihtelevat paikkakunnittain.<\/p>\n<p>Valkeisenlammen ymp\u00e4ri kulkevan k\u00e4vely- ja h\u00f6lkk\u00e4lenkin lis\u00e4ksi ohjelmassa on monia oheistapahtumia, musiikkia ja leikkimielisi\u00e4 kilpailuja. My\u00f6s ik\u00e4\u00e4ntyneille, liikuntavammaisille ja perheille l\u00f6ytyy vaihtoehtoja. Tarjolla on soppakanuunasta hernekeittoa, mehua sek\u00e4 sotilaskodin antimia, verenpaineen- ja kolesterolinmittausta sek\u00e4 ilmainen tutustuminen sotaveteraanimuseoon, kertoo tilaisuuden p\u00e4\u00e4koordinaattori <strong>Tuomas Oinonen<\/strong> Pohjois-Savon Rauhanturvaajista.<\/p>\n<p>H\u00e4nen mukaansa Pohjois-Savo ja erityisesti Kuopio on ollut tapahtumassa useana vuotena Suomen aktiivisinta aluetta. -Viime vuonna ylsimme Pohjois-Savossa yli 12\u00a0500 osallistujaan kymmenell\u00e4 paikkakunnilla koululaiset mukaan lukien. T\u00e4n\u00e4 vuonna tavoitteena on saada 15\u00a0000 ulkoilijaa liikkeelle. Veteraanit toivovat erityisesti perheit\u00e4 ja koululaisia liikkumaan kanssaan. Koululaiset voivat suorittaa osuutensa my\u00f6s oppilaitostensa liikuntap\u00e4ivin\u00e4, toteaa Oinonen.<\/p>\n<p>Rauhanh\u00f6lk\u00e4n j\u00e4rjest\u00e4\u00e4 kest\u00e4vyysjuoksuseura Rauhalahti Road Runners (RRR). Ei-kilpailullinen ja vapaavauhtinen sek\u00e4 -kestoinen h\u00f6lkk\u00e4 starttaa Valkeisenlammen Alavan kirkon etel\u00e4puoleisesta p\u00e4\u00e4dyst\u00e4 <strong>klo 13<\/strong>. Rauhank\u00e4velij\u00e4t kiert\u00e4v\u00e4t lampea ennen juoksijoita <strong>klo 12 <\/strong>alkaen yhteisl\u00e4hd\u00f6ll\u00e4 sotaveteraanimuseon edest\u00e4. Viime vuoden perusteella k\u00e4velij\u00f6it\u00e4 ja h\u00f6lkk\u00e4\u00e4ji\u00e4 liikkunee 1,4 km:n lampikierroksella ainakin 600\u20131000 henkil\u00f6\u00e4.<\/p>\n<p>Rauhalahti Road Runners haastaa j\u00e4senens\u00e4 ja kuopiolaiset urheiluseurat sek\u00e4 muutkin kuntoilijat rauhan puolesta terveysliikunnan pariin. Osallistujat saavat pirte\u00e4n mielen ja raittiin ilman lis\u00e4ksi muistopinssin suorituksestaan.<\/p>\n<p>Tapahtumien j\u00e4rjestelyihin osallistuu useita kansalaisj\u00e4rjest\u00f6j\u00e4, mm. kaikki valtakunnalliset veteraanij\u00e4rjest\u00f6t, Veteraanivastuu ry sek\u00e4 Suomen Rauhanturvaajaliitto.<\/p>\n<p>&#8212;&#8212;&#8212;&#8212;&#8212;&#8212;&#8212;&#8212;&#8212;&#8212;&#8212;&#8212;&#8212;&#8212;&#8212;&#8212;&#8212;&#8212;&#8212;&#8212;&#8212;&#8212;&#8212;&#8212;&#8212;&#8212;&#8212;&#8212;&#8212;&#8212;&#8212;&#8212;&#8212;&#8212;&#8212;&#8212;&#8212;&#8212;&#8212;-<\/p>\n<p><em>Lis\u00e4tietoa antavat: <\/em><\/p>\n<p><em> Suomen Rauhanturvaajaliiton koulutusp\u00e4\u00e4llikk\u00f6 Heikki Pietil\u00e4, p. 040 5345 696, email: heikki.pietila@rauhanturvaajaliitto.fi, Kuopion koordinaattori Tuomas Oinonen, p. 044 5180 937, tuomas.oinonen@josset.fi sek\u00e4 Rauhalahti Road Runnersin vastuuhenkil\u00f6t Marjatta R\u00e4s\u00e4nen, p. 0400 124 897, <a href=\"mailto:marjatta.rasanen1@gmail.com\">marjatta.rasanen1@gmail.com<\/a> ja Ilpo Lommi, <a href=\"mailto:ilpo.lommi@dnainternet.net\">ilpo.lommi@dnainternet.net<\/a>, p. 0440 675949.<\/em><\/p>\n","protected":false},"excerpt":{"rendered":"<p>Kansa k\u00e4velee ja h\u00f6lkk\u00e4\u00e4 Valkeisenlammen ymp\u00e4ri jo kahdeksannen kerran Pohjois-Savossa sek\u00e4 koko maassa j\u00e4rjestet\u00e4\u00e4n syyskuun lopulla jo kahdeksannen kerran Yhdistyneiden Kansakuntien kansainv\u00e4lisen rauhanp\u00e4iv\u00e4n (21.9.) kunniaksi Kansa k\u00e4velee -tapahtuma. Sen rinnalla on Kuopiossa j\u00e4lleen Kansa h\u00f6lkk\u00e4\u00e4 -juoksu. Kummatkin tapahtumat ovat Kuopiossa 20. syyskuuta klo 12-15 Sotaveteraanimuseolla ja Valkeisenlammen ymp\u00e4rill\u00e4. Kansa k\u00e4velee -tempaus on Maailman Veteraanij\u00e4rjest\u00f6jen aloitteesta &#8230; <a title=\"Kansa k\u00e4velee ja h\u00f6lkk\u00e4\u00e4 2015\" class=\"read-more\" href=\"https:\/\/www.rauhalahtiroadrunners.com\/?page_id=2288\" aria-label=\"Lue lis\u00e4\u00e4 aiheesta Kansa k\u00e4velee ja h\u00f6lkk\u00e4\u00e4 2015\">Lue lis\u00e4\u00e4<\/a><\/p>\n","protected":false},"author":3,"featured_media":0,"parent":0,"menu_order":0,"comment_status":"closed","ping_status":"open","template":"","meta":{"footnotes":""},"class_list":["post-2288","page","type-page","status-publish"],"_links":{"self":[{"href":"https:\/\/www.rauhalahtiroadrunners.com\/index.php?rest_route=\/wp\/v2\/pages\/2288","targetHints":{"allow":["GET"]}}],"collection":[{"href":"https:\/\/www.rauhalahtiroadrunners.com\/index.php?rest_route=\/wp\/v2\/pages"}],"about":[{"href":"https:\/\/www.rauhalahtiroadrunners.com\/index.php?rest_route=\/wp\/v2\/types\/page"}],"author":[{"embeddable":true,"href":"https:\/\/www.rauhalahtiroadrunners.com\/index.php?rest_route=\/wp\/v2\/users\/3"}],"replies":[{"embeddable":true,"href":"https:\/\/www.rauhalahtiroadrunners.com\/index.php?rest_route=%2Fwp%2Fv2%2Fcomments&post=2288"}],"version-history":[{"count":1,"href":"https:\/\/www.rauhalahtiroadrunners.com\/index.php?rest_route=\/wp\/v2\/pages\/2288\/revisions"}],"predecessor-version":[{"id":2289,"href":"https:\/\/www.rauhalahtiroadrunners.com\/index.php?rest_route=\/wp\/v2\/pages\/2288\/revisions\/2289"}],"wp:attachment":[{"href":"https:\/\/www.rauhalahtiroadrunners.com\/index.php?rest_route=%2Fwp%2Fv2%2Fmedia&parent=2288"}],"curies":[{"name":"wp","href":"https:\/\/api.w.org\/{rel}","templated":true}]}}