{"id":2180,"date":"2015-06-10T11:37:51","date_gmt":"2015-06-10T08:37:51","guid":{"rendered":"http:\/\/www.rauhalahtiroadrunners.com\/?page_id=2180"},"modified":"2015-06-15T11:16:04","modified_gmt":"2015-06-15T08:16:04","slug":"rrr-kesajuhla-9-6-2015","status":"publish","type":"page","link":"https:\/\/www.rauhalahtiroadrunners.com\/?page_id=2180","title":{"rendered":"RRR Kes\u00e4juhla 9.6.2015"},"content":{"rendered":"<p>&nbsp;<\/p>\n<p>RRR:n perinteist\u00e4 kes\u00e4juhlaa vietettiin ti 9.6.2015 JHL:n majalla Neulaniemess\u00e4. Ohjelmassa oli Arin ohjattu juoksuharjoitus, saunomista, iltapalaa ja kakkukahvit.<\/p>\n<p>T\u00e4ss\u00e4 muutama kuvamuisto tapahtumasta:<\/p>\n<p><a href=\"http:\/\/www.rauhalahtiroadrunners.com\/wordpress_rrr\/wp-content\/uploads\/2015\/06\/P1140316.jpg\"><img loading=\"lazy\" decoding=\"async\" class=\"alignleft size-large wp-image-2181\" src=\"http:\/\/www.rauhalahtiroadrunners.com\/wordpress_rrr\/wp-content\/uploads\/2015\/06\/P1140316-1024x683.jpg\" alt=\"P1140316\" width=\"695\" height=\"464\" srcset=\"https:\/\/www.rauhalahtiroadrunners.com\/wordpress_rrr\/wp-content\/uploads\/2015\/06\/P1140316-1024x683.jpg 1024w, https:\/\/www.rauhalahtiroadrunners.com\/wordpress_rrr\/wp-content\/uploads\/2015\/06\/P1140316-300x200.jpg 300w\" sizes=\"auto, (max-width: 695px) 100vw, 695px\" \/><\/a><a href=\"http:\/\/www.rauhalahtiroadrunners.com\/wordpress_rrr\/wp-content\/uploads\/2015\/06\/P1140317.jpg\"><img loading=\"lazy\" decoding=\"async\" class=\"alignleft size-large wp-image-2182\" src=\"http:\/\/www.rauhalahtiroadrunners.com\/wordpress_rrr\/wp-content\/uploads\/2015\/06\/P1140317-1024x683.jpg\" alt=\"P1140317\" width=\"695\" height=\"464\" srcset=\"https:\/\/www.rauhalahtiroadrunners.com\/wordpress_rrr\/wp-content\/uploads\/2015\/06\/P1140317-1024x683.jpg 1024w, https:\/\/www.rauhalahtiroadrunners.com\/wordpress_rrr\/wp-content\/uploads\/2015\/06\/P1140317-300x200.jpg 300w\" sizes=\"auto, (max-width: 695px) 100vw, 695px\" \/><\/a><a href=\"http:\/\/www.rauhalahtiroadrunners.com\/wordpress_rrr\/wp-content\/uploads\/2015\/06\/P1140319.jpg\"><img loading=\"lazy\" decoding=\"async\" class=\"alignleft size-large wp-image-2183\" src=\"http:\/\/www.rauhalahtiroadrunners.com\/wordpress_rrr\/wp-content\/uploads\/2015\/06\/P1140319-1024x683.jpg\" alt=\"P1140319\" width=\"695\" height=\"464\" srcset=\"https:\/\/www.rauhalahtiroadrunners.com\/wordpress_rrr\/wp-content\/uploads\/2015\/06\/P1140319-1024x683.jpg 1024w, https:\/\/www.rauhalahtiroadrunners.com\/wordpress_rrr\/wp-content\/uploads\/2015\/06\/P1140319-300x200.jpg 300w\" sizes=\"auto, (max-width: 695px) 100vw, 695px\" \/><\/a><a href=\"http:\/\/www.rauhalahtiroadrunners.com\/wordpress_rrr\/wp-content\/uploads\/2015\/06\/P1140320.jpg\"><img loading=\"lazy\" decoding=\"async\" class=\"alignleft size-large wp-image-2212\" src=\"http:\/\/www.rauhalahtiroadrunners.com\/wordpress_rrr\/wp-content\/uploads\/2015\/06\/P1140320-1024x683.jpg\" alt=\"P1140320\" width=\"695\" height=\"464\" srcset=\"https:\/\/www.rauhalahtiroadrunners.com\/wordpress_rrr\/wp-content\/uploads\/2015\/06\/P1140320-1024x683.jpg 1024w, https:\/\/www.rauhalahtiroadrunners.com\/wordpress_rrr\/wp-content\/uploads\/2015\/06\/P1140320-300x200.jpg 300w\" sizes=\"auto, (max-width: 695px) 100vw, 695px\" \/><\/a><a href=\"http:\/\/www.rauhalahtiroadrunners.com\/wordpress_rrr\/wp-content\/uploads\/2015\/06\/P1140321.jpg\"><img loading=\"lazy\" decoding=\"async\" class=\"alignleft size-large wp-image-2185\" src=\"http:\/\/www.rauhalahtiroadrunners.com\/wordpress_rrr\/wp-content\/uploads\/2015\/06\/P1140321-1024x683.jpg\" alt=\"P1140321\" width=\"695\" height=\"464\" srcset=\"https:\/\/www.rauhalahtiroadrunners.com\/wordpress_rrr\/wp-content\/uploads\/2015\/06\/P1140321-1024x683.jpg 1024w, https:\/\/www.rauhalahtiroadrunners.com\/wordpress_rrr\/wp-content\/uploads\/2015\/06\/P1140321-300x200.jpg 300w\" sizes=\"auto, (max-width: 695px) 100vw, 695px\" \/><\/a><a href=\"http:\/\/www.rauhalahtiroadrunners.com\/wordpress_rrr\/wp-content\/uploads\/2015\/06\/P1140322.jpg\"><img loading=\"lazy\" decoding=\"async\" class=\"alignleft size-large wp-image-2186\" src=\"http:\/\/www.rauhalahtiroadrunners.com\/wordpress_rrr\/wp-content\/uploads\/2015\/06\/P1140322-1024x683.jpg\" alt=\"P1140322\" width=\"695\" height=\"464\" srcset=\"https:\/\/www.rauhalahtiroadrunners.com\/wordpress_rrr\/wp-content\/uploads\/2015\/06\/P1140322-1024x683.jpg 1024w, https:\/\/www.rauhalahtiroadrunners.com\/wordpress_rrr\/wp-content\/uploads\/2015\/06\/P1140322-300x200.jpg 300w\" sizes=\"auto, (max-width: 695px) 100vw, 695px\" \/><\/a><a href=\"http:\/\/www.rauhalahtiroadrunners.com\/wordpress_rrr\/wp-content\/uploads\/2015\/06\/P1140323.jpg\"><img loading=\"lazy\" decoding=\"async\" class=\"alignleft size-large wp-image-2187\" src=\"http:\/\/www.rauhalahtiroadrunners.com\/wordpress_rrr\/wp-content\/uploads\/2015\/06\/P1140323-1024x683.jpg\" alt=\"P1140323\" width=\"695\" height=\"464\" srcset=\"https:\/\/www.rauhalahtiroadrunners.com\/wordpress_rrr\/wp-content\/uploads\/2015\/06\/P1140323-1024x683.jpg 1024w, https:\/\/www.rauhalahtiroadrunners.com\/wordpress_rrr\/wp-content\/uploads\/2015\/06\/P1140323-300x200.jpg 300w\" sizes=\"auto, (max-width: 695px) 100vw, 695px\" \/><\/a><a href=\"http:\/\/www.rauhalahtiroadrunners.com\/wordpress_rrr\/wp-content\/uploads\/2015\/06\/P1140324.jpg\"><img loading=\"lazy\" decoding=\"async\" class=\"alignleft size-large wp-image-2188\" src=\"http:\/\/www.rauhalahtiroadrunners.com\/wordpress_rrr\/wp-content\/uploads\/2015\/06\/P1140324-1024x683.jpg\" alt=\"P1140324\" width=\"695\" height=\"464\" srcset=\"https:\/\/www.rauhalahtiroadrunners.com\/wordpress_rrr\/wp-content\/uploads\/2015\/06\/P1140324-1024x683.jpg 1024w, https:\/\/www.rauhalahtiroadrunners.com\/wordpress_rrr\/wp-content\/uploads\/2015\/06\/P1140324-300x200.jpg 300w\" sizes=\"auto, (max-width: 695px) 100vw, 695px\" \/><\/a><a href=\"http:\/\/www.rauhalahtiroadrunners.com\/wordpress_rrr\/wp-content\/uploads\/2015\/06\/P1140325.jpg\"><img loading=\"lazy\" decoding=\"async\" class=\"alignleft size-large wp-image-2189\" src=\"http:\/\/www.rauhalahtiroadrunners.com\/wordpress_rrr\/wp-content\/uploads\/2015\/06\/P1140325-1024x683.jpg\" alt=\"P1140325\" width=\"695\" height=\"464\" srcset=\"https:\/\/www.rauhalahtiroadrunners.com\/wordpress_rrr\/wp-content\/uploads\/2015\/06\/P1140325-1024x683.jpg 1024w, https:\/\/www.rauhalahtiroadrunners.com\/wordpress_rrr\/wp-content\/uploads\/2015\/06\/P1140325-300x200.jpg 300w\" sizes=\"auto, (max-width: 695px) 100vw, 695px\" \/><\/a><a href=\"http:\/\/www.rauhalahtiroadrunners.com\/wordpress_rrr\/wp-content\/uploads\/2015\/06\/P1140326.jpg\"><img loading=\"lazy\" decoding=\"async\" class=\"alignleft size-large wp-image-2190\" src=\"http:\/\/www.rauhalahtiroadrunners.com\/wordpress_rrr\/wp-content\/uploads\/2015\/06\/P1140326-1024x683.jpg\" alt=\"P1140326\" width=\"695\" height=\"464\" srcset=\"https:\/\/www.rauhalahtiroadrunners.com\/wordpress_rrr\/wp-content\/uploads\/2015\/06\/P1140326-1024x683.jpg 1024w, https:\/\/www.rauhalahtiroadrunners.com\/wordpress_rrr\/wp-content\/uploads\/2015\/06\/P1140326-300x200.jpg 300w\" sizes=\"auto, (max-width: 695px) 100vw, 695px\" \/><\/a><a href=\"http:\/\/www.rauhalahtiroadrunners.com\/wordpress_rrr\/wp-content\/uploads\/2015\/06\/P1140327.jpg\"><img loading=\"lazy\" decoding=\"async\" class=\"alignleft size-large wp-image-2191\" src=\"http:\/\/www.rauhalahtiroadrunners.com\/wordpress_rrr\/wp-content\/uploads\/2015\/06\/P1140327-1024x683.jpg\" alt=\"P1140327\" width=\"695\" height=\"464\" srcset=\"https:\/\/www.rauhalahtiroadrunners.com\/wordpress_rrr\/wp-content\/uploads\/2015\/06\/P1140327-1024x683.jpg 1024w, https:\/\/www.rauhalahtiroadrunners.com\/wordpress_rrr\/wp-content\/uploads\/2015\/06\/P1140327-300x200.jpg 300w\" sizes=\"auto, (max-width: 695px) 100vw, 695px\" \/><\/a><a href=\"http:\/\/www.rauhalahtiroadrunners.com\/wordpress_rrr\/wp-content\/uploads\/2015\/06\/P1140328.jpg\"><img loading=\"lazy\" decoding=\"async\" class=\"alignleft size-large wp-image-2192\" src=\"http:\/\/www.rauhalahtiroadrunners.com\/wordpress_rrr\/wp-content\/uploads\/2015\/06\/P1140328-1024x683.jpg\" alt=\"P1140328\" width=\"695\" height=\"464\" srcset=\"https:\/\/www.rauhalahtiroadrunners.com\/wordpress_rrr\/wp-content\/uploads\/2015\/06\/P1140328-1024x683.jpg 1024w, https:\/\/www.rauhalahtiroadrunners.com\/wordpress_rrr\/wp-content\/uploads\/2015\/06\/P1140328-300x200.jpg 300w\" sizes=\"auto, (max-width: 695px) 100vw, 695px\" \/><\/a><a href=\"http:\/\/www.rauhalahtiroadrunners.com\/wordpress_rrr\/wp-content\/uploads\/2015\/06\/P1140331.jpg\"><img loading=\"lazy\" decoding=\"async\" class=\"alignleft size-large wp-image-2193\" src=\"http:\/\/www.rauhalahtiroadrunners.com\/wordpress_rrr\/wp-content\/uploads\/2015\/06\/P1140331-1024x683.jpg\" alt=\"P1140331\" width=\"695\" height=\"464\" srcset=\"https:\/\/www.rauhalahtiroadrunners.com\/wordpress_rrr\/wp-content\/uploads\/2015\/06\/P1140331-1024x683.jpg 1024w, https:\/\/www.rauhalahtiroadrunners.com\/wordpress_rrr\/wp-content\/uploads\/2015\/06\/P1140331-300x200.jpg 300w\" sizes=\"auto, (max-width: 695px) 100vw, 695px\" \/><\/a><a href=\"http:\/\/www.rauhalahtiroadrunners.com\/wordpress_rrr\/wp-content\/uploads\/2015\/06\/P1140332.jpg\"><img loading=\"lazy\" decoding=\"async\" class=\"alignleft size-large wp-image-2194\" src=\"http:\/\/www.rauhalahtiroadrunners.com\/wordpress_rrr\/wp-content\/uploads\/2015\/06\/P1140332-1024x683.jpg\" alt=\"P1140332\" width=\"695\" height=\"464\" srcset=\"https:\/\/www.rauhalahtiroadrunners.com\/wordpress_rrr\/wp-content\/uploads\/2015\/06\/P1140332-1024x683.jpg 1024w, https:\/\/www.rauhalahtiroadrunners.com\/wordpress_rrr\/wp-content\/uploads\/2015\/06\/P1140332-300x200.jpg 300w\" sizes=\"auto, (max-width: 695px) 100vw, 695px\" \/><\/a><a href=\"http:\/\/www.rauhalahtiroadrunners.com\/wordpress_rrr\/wp-content\/uploads\/2015\/06\/IMG_9867.jpg\"><img loading=\"lazy\" decoding=\"async\" class=\"alignleft size-large wp-image-2206\" src=\"http:\/\/www.rauhalahtiroadrunners.com\/wordpress_rrr\/wp-content\/uploads\/2015\/06\/IMG_9867-848x1024.jpg\" alt=\"IMG_9867\" width=\"695\" height=\"839\" srcset=\"https:\/\/www.rauhalahtiroadrunners.com\/wordpress_rrr\/wp-content\/uploads\/2015\/06\/IMG_9867-848x1024.jpg 848w, https:\/\/www.rauhalahtiroadrunners.com\/wordpress_rrr\/wp-content\/uploads\/2015\/06\/IMG_9867-249x300.jpg 249w\" sizes=\"auto, (max-width: 695px) 100vw, 695px\" \/><\/a><a href=\"http:\/\/www.rauhalahtiroadrunners.com\/wordpress_rrr\/wp-content\/uploads\/2015\/06\/IMG_9869.jpg\"><img loading=\"lazy\" decoding=\"async\" class=\"alignleft size-large wp-image-2207\" src=\"http:\/\/www.rauhalahtiroadrunners.com\/wordpress_rrr\/wp-content\/uploads\/2015\/06\/IMG_9869-1024x659.jpg\" alt=\"IMG_9869\" width=\"695\" height=\"447\" srcset=\"https:\/\/www.rauhalahtiroadrunners.com\/wordpress_rrr\/wp-content\/uploads\/2015\/06\/IMG_9869-1024x659.jpg 1024w, https:\/\/www.rauhalahtiroadrunners.com\/wordpress_rrr\/wp-content\/uploads\/2015\/06\/IMG_9869-300x193.jpg 300w\" sizes=\"auto, (max-width: 695px) 100vw, 695px\" \/><\/a><a href=\"http:\/\/www.rauhalahtiroadrunners.com\/wordpress_rrr\/wp-content\/uploads\/2015\/06\/IMG_9872.jpg\"><img loading=\"lazy\" decoding=\"async\" class=\"alignleft size-large wp-image-2209\" src=\"http:\/\/www.rauhalahtiroadrunners.com\/wordpress_rrr\/wp-content\/uploads\/2015\/06\/IMG_9872-1024x594.jpg\" alt=\"IMG_9872\" width=\"695\" height=\"403\" srcset=\"https:\/\/www.rauhalahtiroadrunners.com\/wordpress_rrr\/wp-content\/uploads\/2015\/06\/IMG_9872-1024x594.jpg 1024w, https:\/\/www.rauhalahtiroadrunners.com\/wordpress_rrr\/wp-content\/uploads\/2015\/06\/IMG_9872-300x174.jpg 300w\" sizes=\"auto, (max-width: 695px) 100vw, 695px\" \/><\/a><a href=\"http:\/\/www.rauhalahtiroadrunners.com\/wordpress_rrr\/wp-content\/uploads\/2015\/06\/IMG_98711.jpg\"><img loading=\"lazy\" decoding=\"async\" class=\"alignleft size-large wp-image-2211\" src=\"http:\/\/www.rauhalahtiroadrunners.com\/wordpress_rrr\/wp-content\/uploads\/2015\/06\/IMG_98711-1024x638.jpg\" alt=\"IMG_9871\" width=\"695\" height=\"433\" srcset=\"https:\/\/www.rauhalahtiroadrunners.com\/wordpress_rrr\/wp-content\/uploads\/2015\/06\/IMG_98711-1024x638.jpg 1024w, https:\/\/www.rauhalahtiroadrunners.com\/wordpress_rrr\/wp-content\/uploads\/2015\/06\/IMG_98711-300x187.jpg 300w\" sizes=\"auto, (max-width: 695px) 100vw, 695px\" \/><\/a><a href=\"http:\/\/www.rauhalahtiroadrunners.com\/wordpress_rrr\/wp-content\/uploads\/2015\/06\/IMG_9873.jpg\"><img loading=\"lazy\" decoding=\"async\" class=\"alignleft size-large wp-image-2210\" src=\"http:\/\/www.rauhalahtiroadrunners.com\/wordpress_rrr\/wp-content\/uploads\/2015\/06\/IMG_9873-1008x1024.jpg\" alt=\"IMG_9873\" width=\"695\" height=\"706\" srcset=\"https:\/\/www.rauhalahtiroadrunners.com\/wordpress_rrr\/wp-content\/uploads\/2015\/06\/IMG_9873-1008x1024.jpg 1008w, https:\/\/www.rauhalahtiroadrunners.com\/wordpress_rrr\/wp-content\/uploads\/2015\/06\/IMG_9873-295x300.jpg 295w, https:\/\/www.rauhalahtiroadrunners.com\/wordpress_rrr\/wp-content\/uploads\/2015\/06\/IMG_9873-24x24.jpg 24w, https:\/\/www.rauhalahtiroadrunners.com\/wordpress_rrr\/wp-content\/uploads\/2015\/06\/IMG_9873-36x36.jpg 36w, https:\/\/www.rauhalahtiroadrunners.com\/wordpress_rrr\/wp-content\/uploads\/2015\/06\/IMG_9873-48x48.jpg 48w, https:\/\/www.rauhalahtiroadrunners.com\/wordpress_rrr\/wp-content\/uploads\/2015\/06\/IMG_9873-64x64.jpg 64w\" sizes=\"auto, (max-width: 695px) 100vw, 695px\" \/><\/a><a href=\"http:\/\/www.rauhalahtiroadrunners.com\/wordpress_rrr\/wp-content\/uploads\/2015\/06\/P1140332.jpg\"><br \/>\n<\/a><\/p>\n","protected":false},"excerpt":{"rendered":"<p>&nbsp; RRR:n perinteist\u00e4 kes\u00e4juhlaa vietettiin ti 9.6.2015 JHL:n majalla Neulaniemess\u00e4. Ohjelmassa oli Arin ohjattu juoksuharjoitus, saunomista, iltapalaa ja kakkukahvit. T\u00e4ss\u00e4 muutama kuvamuisto tapahtumasta:<\/p>\n","protected":false},"author":3,"featured_media":0,"parent":0,"menu_order":0,"comment_status":"closed","ping_status":"open","template":"","meta":{"footnotes":""},"class_list":["post-2180","page","type-page","status-publish"],"_links":{"self":[{"href":"https:\/\/www.rauhalahtiroadrunners.com\/index.php?rest_route=\/wp\/v2\/pages\/2180","targetHints":{"allow":["GET"]}}],"collection":[{"href":"https:\/\/www.rauhalahtiroadrunners.com\/index.php?rest_route=\/wp\/v2\/pages"}],"about":[{"href":"https:\/\/www.rauhalahtiroadrunners.com\/index.php?rest_route=\/wp\/v2\/types\/page"}],"author":[{"embeddable":true,"href":"https:\/\/www.rauhalahtiroadrunners.com\/index.php?rest_route=\/wp\/v2\/users\/3"}],"replies":[{"embeddable":true,"href":"https:\/\/www.rauhalahtiroadrunners.com\/index.php?rest_route=%2Fwp%2Fv2%2Fcomments&post=2180"}],"version-history":[{"count":3,"href":"https:\/\/www.rauhalahtiroadrunners.com\/index.php?rest_route=\/wp\/v2\/pages\/2180\/revisions"}],"predecessor-version":[{"id":2213,"href":"https:\/\/www.rauhalahtiroadrunners.com\/index.php?rest_route=\/wp\/v2\/pages\/2180\/revisions\/2213"}],"wp:attachment":[{"href":"https:\/\/www.rauhalahtiroadrunners.com\/index.php?rest_route=%2Fwp%2Fv2%2Fmedia&parent=2180"}],"curies":[{"name":"wp","href":"https:\/\/api.w.org\/{rel}","templated":true}]}}