{"id":2044,"date":"2015-02-12T19:29:33","date_gmt":"2015-02-12T17:29:33","guid":{"rendered":"http:\/\/www.rauhalahtiroadrunners.com\/?page_id=2044"},"modified":"2015-02-12T19:29:33","modified_gmt":"2015-02-12T17:29:33","slug":"kivennavan-kierto-2015","status":"publish","type":"page","link":"https:\/\/www.rauhalahtiroadrunners.com\/?page_id=2044","title":{"rendered":"Kivennavan Kierto 2015"},"content":{"rendered":"<p><strong><span style=\"font-size: 22px;\">KIVENNAVAN KIERTO 2015<\/span><\/strong><\/p>\n<div>\n<div>\n<table>\n<tbody>\n<tr id=\"tr-date\">\n<th>Ajankohta<\/th>\n<td>1.7.2015<\/td>\n<\/tr>\n<tr id=\"tr-sarjat\">\n<th>Laji<\/th>\n<td>Juoksu<\/td>\n<\/tr>\n<\/tbody>\n<\/table>\n<\/div>\n<div><\/div>\n<\/div>\n<h2>Sarjat<\/h2>\n<p>9 km M, M40, M50, M60, M65, M70; N, N40, N50, N60.<\/p>\n<h2>Paikkakunta, l\u00e4ht\u00f6paikka ja kellonaika<\/h2>\n<p>Juankoski, Matkailukartano Kivennapa (Kuonantie 280) klo 19<\/p>\n<h2>Osanottomaksut ja ilmoittautuminen<\/h2>\n<p>Os.maksu 15 e (JK 13 e).\u00a0 Ilm. kivennapa@kivennapa.com. Maksu tilille (OP) 478730-27774.<br \/>\nJ\u00e4lki-ilm. paikan p\u00e4\u00e4ll\u00e4 viimeist\u00e4\u00e4n kello 18.<\/p>\n<h2>Palkinnot<\/h2>\n<p>Kunnon pokaalit sarjojen kolmelle parhaalle.<\/p>\n","protected":false},"excerpt":{"rendered":"<p>KIVENNAVAN KIERTO 2015 Ajankohta 1.7.2015 Laji Juoksu Sarjat 9 km M, M40, M50, M60, M65, M70; N, N40, N50, N60. Paikkakunta, l\u00e4ht\u00f6paikka ja kellonaika Juankoski, Matkailukartano Kivennapa (Kuonantie 280) klo 19 Osanottomaksut ja ilmoittautuminen Os.maksu 15 e (JK 13 e).\u00a0 Ilm. kivennapa@kivennapa.com. Maksu tilille (OP) 478730-27774. J\u00e4lki-ilm. paikan p\u00e4\u00e4ll\u00e4 viimeist\u00e4\u00e4n kello 18. Palkinnot Kunnon pokaalit &#8230; <a title=\"Kivennavan Kierto 2015\" class=\"read-more\" href=\"https:\/\/www.rauhalahtiroadrunners.com\/?page_id=2044\" aria-label=\"Lue lis\u00e4\u00e4 aiheesta Kivennavan Kierto 2015\">Lue lis\u00e4\u00e4<\/a><\/p>\n","protected":false},"author":3,"featured_media":0,"parent":0,"menu_order":0,"comment_status":"closed","ping_status":"open","template":"","meta":{"footnotes":""},"class_list":["post-2044","page","type-page","status-publish"],"_links":{"self":[{"href":"https:\/\/www.rauhalahtiroadrunners.com\/index.php?rest_route=\/wp\/v2\/pages\/2044","targetHints":{"allow":["GET"]}}],"collection":[{"href":"https:\/\/www.rauhalahtiroadrunners.com\/index.php?rest_route=\/wp\/v2\/pages"}],"about":[{"href":"https:\/\/www.rauhalahtiroadrunners.com\/index.php?rest_route=\/wp\/v2\/types\/page"}],"author":[{"embeddable":true,"href":"https:\/\/www.rauhalahtiroadrunners.com\/index.php?rest_route=\/wp\/v2\/users\/3"}],"replies":[{"embeddable":true,"href":"https:\/\/www.rauhalahtiroadrunners.com\/index.php?rest_route=%2Fwp%2Fv2%2Fcomments&post=2044"}],"version-history":[{"count":2,"href":"https:\/\/www.rauhalahtiroadrunners.com\/index.php?rest_route=\/wp\/v2\/pages\/2044\/revisions"}],"predecessor-version":[{"id":2046,"href":"https:\/\/www.rauhalahtiroadrunners.com\/index.php?rest_route=\/wp\/v2\/pages\/2044\/revisions\/2046"}],"wp:attachment":[{"href":"https:\/\/www.rauhalahtiroadrunners.com\/index.php?rest_route=%2Fwp%2Fv2%2Fmedia&parent=2044"}],"curies":[{"name":"wp","href":"https:\/\/api.w.org\/{rel}","templated":true}]}}